{"id":5529,"date":"2021-10-21T21:47:37","date_gmt":"2021-10-21T19:47:37","guid":{"rendered":"http:\/\/astehshop.com\/?post_type=product&#038;p=5529"},"modified":"2026-01-14T17:36:12","modified_gmt":"2026-01-14T16:36:12","slug":"2-mp-hd-analogna-ir-kamera-td-7421as2","status":"publish","type":"product","link":"http:\/\/astehshop.com\/index.php\/product\/2-mp-hd-analogna-ir-kamera-td-7421as2\/","title":{"rendered":"2 MP HD analogna IR kamera TD-7421AS2"},"content":{"rendered":"<p>1080P slika u stvarnom vremenu, visoke razlu\u010divosti, prava boja<\/p>\n<p>AHD \/ TVI \/ CVI \/ CVBS standard i video izlaz bez gubitaka<\/p>\n<p>Do 1000 TVL razlu\u010divosti<\/p>\n<p>CMOS progresivno skeniranje, savr\u0161eno snima objekt u pokretu<\/p>\n<p>Podr\u0161ka OSD izbornika<\/p>\n<p>Prijenos velike brzine, velike udaljenosti i u stvarnom vremenu<\/p>\n<p>Automatska boja u B \/ W pri slabom osvjetljenju<\/p>\n<p>Podr\u017eava ICR prekida\u010d, istinski dan \/ no\u0107, digitalni WDR<\/p>\n<p>Podr\u017eati funkciju smanjenja buke<\/p>\n<p>Udaljenost od no\u0107nog pogleda 20 ~ 30m IR<\/p>\n","protected":false},"excerpt":{"rendered":"<p>1080P slika u stvarnom vremenu, visoke razlu\u010divosti, prava boja<\/p>\n<p>AHD \/ TVI \/ CVI \/ CVBS standard i video izlaz bez gubitaka<\/p>\n<p>Do 1000 TVL razlu\u010divosti<\/p>\n<p>CMOS progresivno skeniranje, savr\u0161eno snima objekt u pokretu<\/p>\n<p>Podr\u0161ka OSD izbornika<\/p>\n<p>Prijenos velike brzine, velike udaljenosti i u stvarnom vremenu<\/p>\n<p>Automatska boja u B \/ W pri slabom osvjetljenju<\/p>\n<p>Podr\u017eava ICR prekida\u010d, istinski dan \/ no\u0107, digitalni WDR<\/p>\n<p>Podr\u017eati funkciju smanjenja buke<\/p>\n<p>Udaljenost od no\u0107nog pogleda 20 ~ 30m IR<\/p>\n","protected":false},"featured_media":5530,"comment_status":"open","ping_status":"closed","template":"","meta":{"_mi_skip_tracking":false,"_exactmetrics_sitenote_active":false,"_exactmetrics_sitenote_note":"","_exactmetrics_sitenote_category":0,"spay_email":""},"product_cat":[6356,132],"product_tag":[435,598,483,3334,2768,2534],"brands":[{"id":2528,"name":"tvt","slug":"tvt"}],"df_price":49,"df_sale_price":49,"df_regular_price":89,"df_image_link":"https:\/\/i2.wp.com\/astehshop.com\/wp-content\/uploads\/2021\/10\/td-7421as2.jpg?fit=300%2C233","jetpack_publicize_connections":[],"jetpack_sharing_enabled":true,"jetpack_likes_enabled":true,"jetpack-related-posts":[{"id":5524,"url":"http:\/\/astehshop.com\/index.php\/product\/hd-analogna-dome-kamera-2mp-td-7524as2s\/","url_meta":{"origin":5529,"position":0},"title":"HD analogna dome kamera 2MP TD-7524AS2S","date":"21. listopada 2021.","format":false,"excerpt":"1080P slika u stvarnom vremenu, visoke razlu\u010divosti, prava boja AHD \/ TVI \/ CVI \/ CVBS standard i video izlaz bez gubitaka Do 1000 TVL razlu\u010divosti CMOS progresivno skeniranje, savr\u0161eno snima objekt u pokretu Podr\u0161ka OSD izbornika Prijenos velike brzine, velike udaljenosti i u stvarnom vremenu Automatska boja u B\u2026","rel":"","context":"Srodne objave","img":{"alt_text":"","src":"https:\/\/i2.wp.com\/astehshop.com\/wp-content\/uploads\/2021\/10\/td-7524as2s-cd47b.jpg?fit=400%2C310&resize=350%2C200","width":350,"height":200},"classes":[]},{"id":5526,"url":"http:\/\/astehshop.com\/index.php\/product\/hd-analogna-dome-kamera-2mp-td-7524as2\/","url_meta":{"origin":5529,"position":1},"title":"HD analogna dome kamera 2MP TD-7524AS2","date":"21. listopada 2021.","format":false,"excerpt":"1080P slika u stvarnom vremenu, visoke razlu\u010divosti, prava boja AHD \/ TVI \/ CVI \/ CVBS standard i video izlaz bez gubitaka Do 1000 TVL razlu\u010divosti CMOS progresivno skeniranje, savr\u0161eno snima objekt u pokretu Podr\u0161ka OSD izbornika Prijenos velike brzine, velike udaljenosti i u stvarnom vremenu Automatska boja u B\u2026","rel":"","context":"Srodne objave","img":{"alt_text":"","src":"https:\/\/i1.wp.com\/astehshop.com\/wp-content\/uploads\/2021\/10\/TD7524AS2.jpg?fit=400%2C310&resize=350%2C200","width":350,"height":200},"classes":[]},{"id":5535,"url":"http:\/\/astehshop.com\/index.php\/product\/2mp-hd-analog-ir-dome-camera-td-7524ae3\/","url_meta":{"origin":5529,"position":2},"title":"2MP HD Analog IR Dome Camera TD-7524AE3","date":"21. listopada 2021.","format":false,"excerpt":"1080P slika u stvarnom vremenu, visoke razlu\u010divosti, prava boja AHD \/ TVI \/ CVI \/ CVBS standard i video izlaz bez gubitaka Do 1000 TVL razlu\u010divosti CMOS progresivno skeniranje, savr\u0161eno snima objekt u pokretu Podr\u0161ka OSD izbornika Prijenos velike brzine, velike udaljenosti i u stvarnom vremenu Automatska boja u B\u2026","rel":"","context":"Srodne objave","img":{"alt_text":"","src":"https:\/\/i1.wp.com\/astehshop.com\/wp-content\/uploads\/2021\/10\/TD7524AS2.jpg?fit=400%2C310&resize=350%2C200","width":350,"height":200},"classes":[]},{"id":5537,"url":"http:\/\/astehshop.com\/index.php\/product\/2mp-hd-analogna-ir-dome-kamera-td-7525ae3\/","url_meta":{"origin":5529,"position":3},"title":"2MP HD Analogna IR Dome kamera TD-7525AE3","date":"21. listopada 2021.","format":false,"excerpt":"1080P slika u stvarnom vremenu, visoke razlu\u010divosti, prava boja AHD \/ TVI \/ CVI \/ CVBS standard i video izlaz bez gubitaka Do 1000 TVL razlu\u010divosti CMOS progresivno skeniranje, savr\u0161eno snima objekt u pokretu Podr\u0161ka OSD izbornika Prijenos velike brzine, velike udaljenosti i u stvarnom vremenu Automatska boja u B\u2026","rel":"","context":"Srodne objave","img":{"alt_text":"","src":"https:\/\/i1.wp.com\/astehshop.com\/wp-content\/uploads\/2021\/10\/TD7524AS2.jpg?fit=400%2C310&resize=350%2C200","width":350,"height":200},"classes":[]},{"id":5539,"url":"http:\/\/astehshop.com\/index.php\/product\/2-mp-analogna-kamera-tvt-td-7421ae3\/","url_meta":{"origin":5529,"position":4},"title":"2 MP analogna kamera TVT TD-7421AE3","date":"21. listopada 2021.","format":false,"excerpt":"1080P slika u stvarnom vremenu, visoke razlu\u010divosti, prava boja AHD \/ TVI \/ CVI \/ CVBS standard i video izlaz bez gubitaka Do 1000 TVL razlu\u010divosti CMOS progresivno skeniranje, savr\u0161eno snima objekt u pokretu Podr\u0161ka OSD izbornika Prijenos velike brzine, velike udaljenosti i u stvarnom vremenu Automatska boja u B\u2026","rel":"","context":"Srodne objave","img":{"alt_text":"","src":"https:\/\/i0.wp.com\/astehshop.com\/wp-content\/uploads\/2021\/10\/td-9451s3.jpg?fit=400%2C310&resize=350%2C200","width":350,"height":200},"classes":[]},{"id":5532,"url":"http:\/\/astehshop.com\/index.php\/product\/2mp-hd-analogna-ir-kamera-td-7422as2\/","url_meta":{"origin":5529,"position":5},"title":"2MP HD analogna IR kamera TD-7422AS2","date":"21. listopada 2021.","format":false,"excerpt":"080P slika u stvarnom vremenu, visoke razlu\u010divosti, prava boja AHD \/ TVI \/ CVI \/ CVBS standard i video izlaz bez gubitaka Do 1000 TVL razlu\u010divosti CMOS progresivno skeniranje, savr\u0161eno snima objekt u pokretu Podr\u0161ka OSD izbornika Prijenos velike brzine, velike udaljenosti i u stvarnom vremenu Automatska boja u B\u2026","rel":"","context":"Srodne objave","img":{"alt_text":"","src":"https:\/\/i0.wp.com\/astehshop.com\/wp-content\/uploads\/2021\/10\/td-7452as1-cr25553530.png?fit=400%2C310&resize=350%2C200","width":350,"height":200},"classes":[]}],"_links":{"self":[{"href":"http:\/\/astehshop.com\/index.php\/wp-json\/wp\/v2\/product\/5529"}],"collection":[{"href":"http:\/\/astehshop.com\/index.php\/wp-json\/wp\/v2\/product"}],"about":[{"href":"http:\/\/astehshop.com\/index.php\/wp-json\/wp\/v2\/types\/product"}],"replies":[{"embeddable":true,"href":"http:\/\/astehshop.com\/index.php\/wp-json\/wp\/v2\/comments?post=5529"}],"wp:featuredmedia":[{"embeddable":true,"href":"http:\/\/astehshop.com\/index.php\/wp-json\/wp\/v2\/media\/5530"}],"wp:attachment":[{"href":"http:\/\/astehshop.com\/index.php\/wp-json\/wp\/v2\/media?parent=5529"}],"wp:term":[{"taxonomy":"product_cat","embeddable":true,"href":"http:\/\/astehshop.com\/index.php\/wp-json\/wp\/v2\/product_cat?post=5529"},{"taxonomy":"product_tag","embeddable":true,"href":"http:\/\/astehshop.com\/index.php\/wp-json\/wp\/v2\/product_tag?post=5529"}],"curies":[{"name":"wp","href":"https:\/\/api.w.org\/{rel}","templated":true}]}}