{"id":5493,"date":"2021-10-17T10:44:26","date_gmt":"2021-10-17T08:44:26","guid":{"rendered":"http:\/\/astehshop.com\/?post_type=product&#038;p=5493"},"modified":"2025-10-05T09:37:51","modified_gmt":"2025-10-05T07:37:51","slug":"dahua-4-kanalni-4k-nvr-do-8mp-nvr2104hs-4ks2","status":"publish","type":"product","link":"http:\/\/astehshop.com\/index.php\/product\/dahua-4-kanalni-4k-nvr-do-8mp-nvr2104hs-4ks2\/","title":{"rendered":"DAHUA 4 KANALNI 4K NVR DO 8MP NVR2104HS-4KS2"},"content":{"rendered":"<p>* PRIHVAT DO 4 IP KAMERE MAKSIMALNE REZOLUCIJE 8MP<br \/>\n* H.265 \/H.264 + KOMPRESIJA<br \/>\n* HDMI\/VGA ISTOVREMENI VIDEO IZLAZI<br \/>\n* PRIHVAT KAMERA DO 8MP REZOLUCIJE<br \/>\n* PRIHVAT 1 X SATA HDD DO 6TB<br \/>\n* PODR\u0160KA ZA UDALJENI PRISTUP:SMARTPHONE + CMS<br \/>\n* 80Mbps MAKSIMALNI DOLAZNI BANDWITH<\/p>\n","protected":false},"excerpt":{"rendered":"<p>* PRIHVAT DO 4 IP KAMERE MAKSIMALNE REZOLUCIJE 8MP<br \/>\n* H.265 \/H.264 + KOMPRESIJA<br \/>\n* HDMI\/VGA ISTOVREMENI VIDEO IZLAZI<br \/>\n* PRIHVAT KAMERA DO 8MP REZOLUCIJE<br \/>\n* PRIHVAT 1 X SATA HDD DO 6TB<br \/>\n* PODR\u0160KA ZA UDALJENI PRISTUP:SMARTPHONE + CMS<br \/>\n* 80Mbps MAKSIMALNI DOLAZNI BANDWITH<\/p>\n","protected":false},"featured_media":5450,"comment_status":"open","ping_status":"closed","template":"","meta":{"_mi_skip_tracking":false,"_exactmetrics_sitenote_active":false,"_exactmetrics_sitenote_note":"","_exactmetrics_sitenote_category":0,"spay_email":""},"product_cat":[1558],"product_tag":[933,3299,1957,3298,1584,3297],"brands":[{"id":2045,"name":"Dahua","slug":"dahua"}],"df_price":250,"df_sale_price":"","df_regular_price":250,"df_image_link":"https:\/\/i2.wp.com\/astehshop.com\/wp-content\/uploads\/2021\/10\/dahua-xvr5104hs-4kl-i2_0.jpg?fit=450%2C253","jetpack_publicize_connections":[],"jetpack_sharing_enabled":true,"jetpack_likes_enabled":true,"jetpack-related-posts":[{"id":8557,"url":"http:\/\/astehshop.com\/index.php\/product\/unv-32-kanalni-mrezni-snimac-nvr304-32e2\/","url_meta":{"origin":5493,"position":0},"title":"UNV 32 kanalni mre\u017eni snima\u010d NVR304-32E2","date":"10. studenoga 2023.","format":false,"excerpt":"Podr\u017eava Ultra H.265\/H.265\/H.264 video formate 16\/32-kanalni ulaz Podr\u017eava glavne kamere ONVIF uskla\u0111enosti (profil S, profil G, profil T) i RTSP protokole Podr\u017eava 1-kanalni HDMI, 1-kanalni VGA. HDMI do 4K (3840x2160) rezolucije Obezbe\u0111eni HDMI i VGA nezavisni izlazi Snimanje rezolucije do 12 megapiksela 4 SATA HDD-a, do 8TB za svaki HDD\u2026","rel":"","context":"Srodne objave","img":{"alt_text":"","src":"https:\/\/i2.wp.com\/astehshop.com\/wp-content\/uploads\/2023\/11\/NVR304-32E2.jpg?fit=510%2C348&resize=350%2C200","width":350,"height":200},"classes":[]},{"id":3728,"url":"http:\/\/astehshop.com\/index.php\/product\/dahua-4-kanalni-poe-nvr-4k-nvr4104hs-p-4ks2\/","url_meta":{"origin":5493,"position":1},"title":"Dahua 4 kanalni POE NVR 4K NVR4104HS-P-4KS2","date":"28. rujna 2019.","format":false,"excerpt":"> Smart H.265 + \/ H.265 \/ Smart H.264 + \/ H.264 > Maks. 80Mbps dolazne propusne \u0161irine > Rezolucija do 8MP za pregled i reprodukciju > Do 2ch @ 4K \/ 8ch @ 1080P dekodiranje > HDMI \/ VGA istovremeno video izlaz > Podr\u0161ka IPC UPnP, 4PoE porta","rel":"","context":"Srodne objave","img":{"alt_text":"","src":"https:\/\/i0.wp.com\/astehshop.com\/wp-content\/uploads\/2019\/09\/NVR4104HS-P-4KS2.png?fit=400%2C400&resize=350%2C200","width":350,"height":200},"classes":[]},{"id":3730,"url":"http:\/\/astehshop.com\/index.php\/product\/dahua-8-kanalni-nvr-8poe-4k-snimac-nvr4108-8p-4ks2\/","url_meta":{"origin":5493,"position":2},"title":"Dahua 8 kanalni NVR 8POE 4K snima\u010d NVR4108-8P-4KS2","date":"28. rujna 2019.","format":false,"excerpt":"> Smart H.265 + \/ H.265 \/ Smart H.264 + \/ H.264 > Maks. 80Mbps dolazne propusne \u0161irine > Rezolucija do 8MP za pregled i reprodukciju > Do 2ch @ 4K \/ 8ch @ 1080P dekodiranje > HDMI \/ VGA istovremeno video izlaz > Podr\u0161ka IPC UPnP, 8PoE portova","rel":"","context":"Srodne objave","img":{"alt_text":"","src":"https:\/\/i1.wp.com\/astehshop.com\/wp-content\/uploads\/2019\/09\/NVR4108-8P-4KS2.png?fit=400%2C400&resize=350%2C200","width":350,"height":200},"classes":[]},{"id":3726,"url":"http:\/\/astehshop.com\/index.php\/product\/dahua-4-kanalni-nvr-1u-nvr4104hs-4ks2\/","url_meta":{"origin":5493,"position":3},"title":"Dahua 4 Kanalni NVR 1U NVR4104HS-4KS2","date":"28. rujna 2019.","format":false,"excerpt":"> Smart H.265 + \/ H.265 \/ Smart H.264 + \/ H.264 > Maks. 80Mbps dolazne propusne \u0161irine > Rezolucija do 8MP za pregled i reprodukciju > Do 2ch @ 4K \/ 8ch @ 1080P dekodiranje > HDMI \/ VGA istovremeno video izlaz","rel":"","context":"Srodne objave","img":{"alt_text":"","src":"https:\/\/i2.wp.com\/astehshop.com\/wp-content\/uploads\/2019\/09\/NVR4104HS-4KS2.png?fit=400%2C400&resize=350%2C200","width":350,"height":200},"classes":[]},{"id":3732,"url":"http:\/\/astehshop.com\/index.php\/product\/dahua-8-kanalni-nvr-lite-nvr4108hs-4ks2\/","url_meta":{"origin":5493,"position":4},"title":"Dahua 8 Kanalni NVR Lite NVR4108HS-4KS2","date":"28. rujna 2019.","format":false,"excerpt":"> Smart H.265 + \/ H.265 \/ Smart H.264 + \/ H.264 > Maks. 80Mbps dolazne propusne \u0161irine > Rezolucija do 8MP za pregled i reprodukciju > Do 2ch @ 4K \/ 8ch @ 1080P dekodiranje > HDMI \/ VGA istovremeno video izlaz","rel":"","context":"Srodne objave","img":{"alt_text":"","src":"https:\/\/i2.wp.com\/astehshop.com\/wp-content\/uploads\/2019\/09\/NVR4108HS-4KS2.png?fit=400%2C400&resize=350%2C200","width":350,"height":200},"classes":[]},{"id":3734,"url":"http:\/\/astehshop.com\/index.php\/product\/dahua-16-kanalni-nvr-4k-lite-nvr4116hs-4ks2\/","url_meta":{"origin":5493,"position":5},"title":"Dahua 16 kanalni NVR  4K lite NVR4116HS-4KS2","date":"28. rujna 2019.","format":false,"excerpt":"> Smart H.265 + \/ H.265 \/ Smart H.264 + \/ H.264 > Maks. 80Mbps dolazne propusne \u0161irine > Rezolucija do 8MP za pregled i reprodukciju > Do 2ch @ 4K \/ 8ch @ 1080P dekodiranje > HDMI \/ VGA istovremeno video izlaz","rel":"","context":"Srodne objave","img":{"alt_text":"","src":"https:\/\/i1.wp.com\/astehshop.com\/wp-content\/uploads\/2019\/09\/NVR4108HS-4KS2-1.png?fit=400%2C400&resize=350%2C200","width":350,"height":200},"classes":[]}],"_links":{"self":[{"href":"http:\/\/astehshop.com\/index.php\/wp-json\/wp\/v2\/product\/5493"}],"collection":[{"href":"http:\/\/astehshop.com\/index.php\/wp-json\/wp\/v2\/product"}],"about":[{"href":"http:\/\/astehshop.com\/index.php\/wp-json\/wp\/v2\/types\/product"}],"replies":[{"embeddable":true,"href":"http:\/\/astehshop.com\/index.php\/wp-json\/wp\/v2\/comments?post=5493"}],"wp:featuredmedia":[{"embeddable":true,"href":"http:\/\/astehshop.com\/index.php\/wp-json\/wp\/v2\/media\/5450"}],"wp:attachment":[{"href":"http:\/\/astehshop.com\/index.php\/wp-json\/wp\/v2\/media?parent=5493"}],"wp:term":[{"taxonomy":"product_cat","embeddable":true,"href":"http:\/\/astehshop.com\/index.php\/wp-json\/wp\/v2\/product_cat?post=5493"},{"taxonomy":"product_tag","embeddable":true,"href":"http:\/\/astehshop.com\/index.php\/wp-json\/wp\/v2\/product_tag?post=5493"}],"curies":[{"name":"wp","href":"https:\/\/api.w.org\/{rel}","templated":true}]}}