{"id":5444,"date":"2021-10-16T20:40:59","date_gmt":"2021-10-16T18:40:59","guid":{"rendered":"http:\/\/astehshop.com\/?post_type=product&#038;p=5444"},"modified":"2025-09-17T21:59:51","modified_gmt":"2025-09-17T19:59:51","slug":"kamera-dahua-5-mpx-hac-hfw1500c-0280b-1500c","status":"publish","type":"product","link":"http:\/\/astehshop.com\/index.php\/product\/kamera-dahua-5-mpx-hac-hfw1500c-0280b-1500c\/","title":{"rendered":"Kamera Dahua 5 MPX HAC-HFW1500C-0280B 1500c StarLight"},"content":{"rendered":"<p>4u1 5MP D\/N bullet IC kamera; Lite serija; Smart IC 30m; 2.8mm objektiv; IP67; 16:9 real-time 5MP, Starlight. 4u1 (analogna, HDCVI, AHD, TVI) 5MP bullet IC kamera. 1\/2.7\u201d 5MP CMOS, progresivno skeniranje. Lite serija. Starlight. Efektivni broj piksela 2880(H) \u00d7 1620(V). Frame rate \/ rezolucija 25fps@ 2880\u00d71620, 25fps@ 4MP, 25fps@ 1080P. 2.8mm F1.6 fiksni objektiv. Vidni ugao 111\u00b0 horizontalno. Opciono 3.6mm (vidni ugao 92\u00b0). Osetljivost 0.005 Lux \/F1.6, 0Lux (IC uklju\u010d.). True day\/night (ICR). Smart IC LE diode dometa cca. 30m. DWDR, BLC, HLC, 2D DNR, OSD, masking (do 8 zona). Izbor moda rada putem UTC OSD kontrolera ili sa XVR ure\u0111aja. Dimenzije 161.3mm \u00d769.7mm \u00d770.0mmMasa 190g. IP67 sertifikovana. Ku\u0107i\u0161te od plastike. Radna temperatura -40\u00b0C~+60\u00b0C. Napajanje 12VDc \u00b130%\/3.7W.<\/p>\n<iframe  id=\"_ytid_71679\"  width=\"480\" height=\"270\"  data-origwidth=\"480\" data-origheight=\"270\"  src=\"https:\/\/www.youtube.com\/embed\/TckTLrQiIfM?enablejsapi=1&autoplay=0&cc_load_policy=0&cc_lang_pref=&iv_load_policy=1&loop=0&modestbranding=0&rel=1&fs=1&playsinline=0&autohide=2&theme=dark&color=red&controls=1&\" class=\"__youtube_prefs__  no-lazyload\" title=\"YouTube player\"  allow=\"autoplay; encrypted-media\" allowfullscreen data-no-lazy=\"1\" data-skipgform_ajax_framebjll=\"\"><\/iframe>\n<p>&nbsp;<\/p>\n<p><a href=\"https:\/\/shopdelta.eu\/pdf.php?page=shop\/datasheet&amp;product_id=17302\">Sve informacije o kameri<\/a><\/p>\n<p><a href=\"https:\/\/shopdelta.eu\/pdf\/HAC-HFW1500C-0280B-S2%20-%20V1.001.0000000.0.R.pdf\">Kompletan OSD meni sa kamere<\/a><\/p>\n<p><a href=\"https:\/\/shopdelta.eu\/pdf\/hac-hfw1500c__ii_en.pdf\">Uputstvo za instalaciju<\/a><\/p>\n<p><a href=\"https:\/\/shopdelta.eu\/pdf.php?page=shop\/instruction&amp;product_id=17302\">Korisni\u010dko uputstvo ENG<\/a><\/p>\n<p><img data-attachment-id=\"6158\" data-permalink=\"http:\/\/astehshop.com\/?attachment_id=6158\" data-orig-file=\"https:\/\/i2.wp.com\/astehshop.com\/wp-content\/uploads\/2021\/10\/hac-hfw1500c-0280b-s2-prednja-strana.jpg?fit=390%2C367\" data-orig-size=\"390,367\" data-comments-opened=\"1\" data-image-meta=\"{&quot;aperture&quot;:&quot;20&quot;,&quot;credit&quot;:&quot;www.delta.poznan.pl&quot;,&quot;camera&quot;:&quot;Canon EOS 600D&quot;,&quot;caption&quot;:&quot;&quot;,&quot;created_timestamp&quot;:&quot;1614100794&quot;,&quot;copyright&quot;:&quot;www.delta.poznan.pl&quot;,&quot;focal_length&quot;:&quot;76&quot;,&quot;iso&quot;:&quot;100&quot;,&quot;shutter_speed&quot;:&quot;0.005&quot;,&quot;title&quot;:&quot;&quot;,&quot;orientation&quot;:&quot;1&quot;}\" data-image-title=\"hac-hfw1500c-0280b-s2 prednja strana\" data-image-description=\"\" data-image-caption=\"\" data-medium-file=\"https:\/\/i2.wp.com\/astehshop.com\/wp-content\/uploads\/2021\/10\/hac-hfw1500c-0280b-s2-prednja-strana.jpg?fit=300%2C282\" data-large-file=\"https:\/\/i2.wp.com\/astehshop.com\/wp-content\/uploads\/2021\/10\/hac-hfw1500c-0280b-s2-prednja-strana.jpg?fit=390%2C367\" decoding=\"async\" loading=\"lazy\" class=\"alignnone size-medium wp-image-6158\" src=\"https:\/\/i2.wp.com\/astehshop.com\/wp-content\/uploads\/2021\/10\/hac-hfw1500c-0280b-s2-prednja-strana.jpg?resize=300%2C282\" alt=\"\" width=\"300\" height=\"282\" srcset=\"https:\/\/i2.wp.com\/astehshop.com\/wp-content\/uploads\/2021\/10\/hac-hfw1500c-0280b-s2-prednja-strana.jpg?resize=300%2C282 300w, https:\/\/i2.wp.com\/astehshop.com\/wp-content\/uploads\/2021\/10\/hac-hfw1500c-0280b-s2-prednja-strana.jpg?w=390 390w\" sizes=\"(max-width: 300px) 100vw, 300px\" data-recalc-dims=\"1\" \/><\/p>\n<p>Prednja strana kamere Dahua<br \/>\n<img data-attachment-id=\"6159\" data-permalink=\"http:\/\/astehshop.com\/?attachment_id=6159\" data-orig-file=\"https:\/\/i2.wp.com\/astehshop.com\/wp-content\/uploads\/2021\/10\/prednja-strana-kamere-1500c.jpg?fit=390%2C350\" data-orig-size=\"390,350\" data-comments-opened=\"1\" data-image-meta=\"{&quot;aperture&quot;:&quot;20&quot;,&quot;credit&quot;:&quot;www.delta.poznan.pl&quot;,&quot;camera&quot;:&quot;Canon EOS 600D&quot;,&quot;caption&quot;:&quot;&quot;,&quot;created_timestamp&quot;:&quot;1614101147&quot;,&quot;copyright&quot;:&quot;www.delta.poznan.pl&quot;,&quot;focal_length&quot;:&quot;35&quot;,&quot;iso&quot;:&quot;100&quot;,&quot;shutter_speed&quot;:&quot;0.005&quot;,&quot;title&quot;:&quot;&quot;,&quot;orientation&quot;:&quot;1&quot;}\" data-image-title=\"prednja strana kamere 1500c\" data-image-description=\"\" data-image-caption=\"\" data-medium-file=\"https:\/\/i2.wp.com\/astehshop.com\/wp-content\/uploads\/2021\/10\/prednja-strana-kamere-1500c.jpg?fit=300%2C269\" data-large-file=\"https:\/\/i2.wp.com\/astehshop.com\/wp-content\/uploads\/2021\/10\/prednja-strana-kamere-1500c.jpg?fit=390%2C350\" decoding=\"async\" loading=\"lazy\" class=\"alignnone size-medium wp-image-6159\" src=\"https:\/\/i2.wp.com\/astehshop.com\/wp-content\/uploads\/2021\/10\/prednja-strana-kamere-1500c.jpg?resize=300%2C269\" alt=\"\" width=\"300\" height=\"269\" srcset=\"https:\/\/i2.wp.com\/astehshop.com\/wp-content\/uploads\/2021\/10\/prednja-strana-kamere-1500c.jpg?resize=300%2C269 300w, https:\/\/i2.wp.com\/astehshop.com\/wp-content\/uploads\/2021\/10\/prednja-strana-kamere-1500c.jpg?w=390 390w\" sizes=\"(max-width: 300px) 100vw, 300px\" data-recalc-dims=\"1\" \/><\/p>\n<p>Slika sa strane Dahua 1500c<br \/>\n<img data-attachment-id=\"6160\" data-permalink=\"http:\/\/astehshop.com\/?attachment_id=6160\" data-orig-file=\"https:\/\/i1.wp.com\/astehshop.com\/wp-content\/uploads\/2021\/10\/slika-sa-strane.jpg?fit=390%2C178\" data-orig-size=\"390,178\" data-comments-opened=\"1\" data-image-meta=\"{&quot;aperture&quot;:&quot;20&quot;,&quot;credit&quot;:&quot;www.delta.poznan.pl&quot;,&quot;camera&quot;:&quot;Canon EOS 600D&quot;,&quot;caption&quot;:&quot;&quot;,&quot;created_timestamp&quot;:&quot;1614101259&quot;,&quot;copyright&quot;:&quot;www.delta.poznan.pl&quot;,&quot;focal_length&quot;:&quot;103&quot;,&quot;iso&quot;:&quot;100&quot;,&quot;shutter_speed&quot;:&quot;0.005&quot;,&quot;title&quot;:&quot;&quot;,&quot;orientation&quot;:&quot;1&quot;}\" data-image-title=\"slika sa strane\" data-image-description=\"\" data-image-caption=\"\" data-medium-file=\"https:\/\/i1.wp.com\/astehshop.com\/wp-content\/uploads\/2021\/10\/slika-sa-strane.jpg?fit=300%2C137\" data-large-file=\"https:\/\/i1.wp.com\/astehshop.com\/wp-content\/uploads\/2021\/10\/slika-sa-strane.jpg?fit=390%2C178\" decoding=\"async\" loading=\"lazy\" class=\"alignnone size-medium wp-image-6160\" src=\"https:\/\/i1.wp.com\/astehshop.com\/wp-content\/uploads\/2021\/10\/slika-sa-strane.jpg?resize=300%2C137\" alt=\"\" width=\"300\" height=\"137\" srcset=\"https:\/\/i1.wp.com\/astehshop.com\/wp-content\/uploads\/2021\/10\/slika-sa-strane.jpg?resize=300%2C137 300w, https:\/\/i1.wp.com\/astehshop.com\/wp-content\/uploads\/2021\/10\/slika-sa-strane.jpg?w=390 390w\" sizes=\"(max-width: 300px) 100vw, 300px\" data-recalc-dims=\"1\" \/><\/p>\n<p>Nosa\u010d kamere Dahua 1500C<br \/>\n<img data-attachment-id=\"6161\" data-permalink=\"http:\/\/astehshop.com\/?attachment_id=6161\" data-orig-file=\"https:\/\/i2.wp.com\/astehshop.com\/wp-content\/uploads\/2021\/10\/nosac-kamere-1500c.jpg?fit=317%2C360\" data-orig-size=\"317,360\" data-comments-opened=\"1\" data-image-meta=\"{&quot;aperture&quot;:&quot;18&quot;,&quot;credit&quot;:&quot;www.delta.poznan.pl&quot;,&quot;camera&quot;:&quot;Canon EOS 600D&quot;,&quot;caption&quot;:&quot;&quot;,&quot;created_timestamp&quot;:&quot;1614101277&quot;,&quot;copyright&quot;:&quot;www.delta.poznan.pl&quot;,&quot;focal_length&quot;:&quot;103&quot;,&quot;iso&quot;:&quot;100&quot;,&quot;shutter_speed&quot;:&quot;0.005&quot;,&quot;title&quot;:&quot;&quot;,&quot;orientation&quot;:&quot;1&quot;}\" data-image-title=\"nosac kamere 1500c\" data-image-description=\"\" data-image-caption=\"\" data-medium-file=\"https:\/\/i2.wp.com\/astehshop.com\/wp-content\/uploads\/2021\/10\/nosac-kamere-1500c.jpg?fit=264%2C300\" data-large-file=\"https:\/\/i2.wp.com\/astehshop.com\/wp-content\/uploads\/2021\/10\/nosac-kamere-1500c.jpg?fit=317%2C360\" decoding=\"async\" loading=\"lazy\" class=\"alignnone size-medium wp-image-6161\" src=\"https:\/\/i2.wp.com\/astehshop.com\/wp-content\/uploads\/2021\/10\/nosac-kamere-1500c.jpg?resize=264%2C300\" alt=\"\" width=\"264\" height=\"300\" srcset=\"https:\/\/i2.wp.com\/astehshop.com\/wp-content\/uploads\/2021\/10\/nosac-kamere-1500c.jpg?resize=264%2C300 264w, https:\/\/i2.wp.com\/astehshop.com\/wp-content\/uploads\/2021\/10\/nosac-kamere-1500c.jpg?w=317 317w\" sizes=\"(max-width: 264px) 100vw, 264px\" data-recalc-dims=\"1\" \/><\/p>\n<p>Dimenzije kamere Dahua 1500c<\/p>\n<p><img data-attachment-id=\"6162\" data-permalink=\"http:\/\/astehshop.com\/?attachment_id=6162\" data-orig-file=\"https:\/\/i1.wp.com\/astehshop.com\/wp-content\/uploads\/2021\/10\/dimenzije-kamere-1500c.jpg?fit=390%2C261\" data-orig-size=\"390,261\" data-comments-opened=\"1\" data-image-meta=\"{&quot;aperture&quot;:&quot;0&quot;,&quot;credit&quot;:&quot;&quot;,&quot;camera&quot;:&quot;&quot;,&quot;caption&quot;:&quot;&quot;,&quot;created_timestamp&quot;:&quot;0&quot;,&quot;copyright&quot;:&quot;&quot;,&quot;focal_length&quot;:&quot;0&quot;,&quot;iso&quot;:&quot;0&quot;,&quot;shutter_speed&quot;:&quot;0&quot;,&quot;title&quot;:&quot;&quot;,&quot;orientation&quot;:&quot;0&quot;}\" data-image-title=\"dimenzije kamere 1500c\" data-image-description=\"\" data-image-caption=\"\" data-medium-file=\"https:\/\/i1.wp.com\/astehshop.com\/wp-content\/uploads\/2021\/10\/dimenzije-kamere-1500c.jpg?fit=300%2C201\" data-large-file=\"https:\/\/i1.wp.com\/astehshop.com\/wp-content\/uploads\/2021\/10\/dimenzije-kamere-1500c.jpg?fit=390%2C261\" decoding=\"async\" loading=\"lazy\" class=\"alignnone size-medium wp-image-6162\" src=\"https:\/\/i1.wp.com\/astehshop.com\/wp-content\/uploads\/2021\/10\/dimenzije-kamere-1500c.jpg?resize=300%2C201\" alt=\"\" width=\"300\" height=\"201\" srcset=\"https:\/\/i1.wp.com\/astehshop.com\/wp-content\/uploads\/2021\/10\/dimenzije-kamere-1500c.jpg?resize=300%2C201 300w, https:\/\/i1.wp.com\/astehshop.com\/wp-content\/uploads\/2021\/10\/dimenzije-kamere-1500c.jpg?w=390 390w\" sizes=\"(max-width: 300px) 100vw, 300px\" data-recalc-dims=\"1\" \/><\/p>\n","protected":false},"excerpt":{"rendered":"<p>4u1 5MP D\/N bullet IC kamera; Lite serija; Smart IC 30m; 2.8mm objektiv; IP67; 16:9 real-time 5MP, Starlight. 4u1 (analogna, HDCVI, AHD, TVI) 5MP bullet IC kamera. 1\/2.7\u201d 5MP CMOS, progresivno skeniranje. Lite serija. Starlight. Efektivni broj piksela 2880(H) \u00d7 1620(V). Frame rate \/ rezolucija 25fps@ 2880\u00d71620, 25fps@ 4MP, 25fps@ 1080P. 2.8mm F1.6 fiksni objektiv. Vidni ugao 111\u00b0 horizontalno. Opciono 3.6mm (vidni ugao 92\u00b0). Osetljivost 0.005 Lux \/F1.6, 0Lux (IC uklju\u010d.). True day\/night (ICR). Smart IC LE diode dometa cca. 30m. DWDR, BLC, HLC, 2D DNR, OSD, masking (do 8 zona). Izbor moda rada putem UTC OSD kontrolera ili sa XVR ure\u0111aja. Dimenzije 161.3mm \u00d769.7mm \u00d770.0mmMasa 190g. IP67 sertifikovana. Ku\u0107i\u0161te od plastike. Radna temperatura -40\u00b0C~+60\u00b0C. Napajanje 12VDc \u00b130%\/3.7W.<\/p>\n[embedyt] https:\/\/www.youtube.com\/watch?v=TckTLrQiIfM[\/embedyt]\n<p>&nbsp;<\/p>\n<p><a href=\"https:\/\/shopdelta.eu\/pdf.php?page=shop\/datasheet&amp;product_id=17302\">Sve informacije o kameri<\/a><\/p>\n<p><a href=\"https:\/\/shopdelta.eu\/pdf\/HAC-HFW1500C-0280B-S2%20-%20V1.001.0000000.0.R.pdf\">Kompletan OSD meni sa kamere<\/a><\/p>\n<p><a href=\"https:\/\/shopdelta.eu\/pdf\/hac-hfw1500c__ii_en.pdf\">Uputstvo za instalaciju<\/a><\/p>\n<p><a href=\"https:\/\/shopdelta.eu\/pdf.php?page=shop\/instruction&amp;product_id=17302\">Korisni\u010dko uputstvo ENG<\/a><\/p>\n<p><img decoding=\"async\" loading=\"lazy\" class=\"alignnone size-medium wp-image-6158\" src=\"http:\/\/astehshop.com\/wp-content\/uploads\/2021\/10\/hac-hfw1500c-0280b-s2-prednja-strana-300x282.jpg\" alt=\"\" width=\"300\" height=\"282\" srcset=\"https:\/\/i2.wp.com\/astehshop.com\/wp-content\/uploads\/2021\/10\/hac-hfw1500c-0280b-s2-prednja-strana.jpg?resize=300%2C282 300w, https:\/\/i2.wp.com\/astehshop.com\/wp-content\/uploads\/2021\/10\/hac-hfw1500c-0280b-s2-prednja-strana.jpg?w=390 390w\" sizes=\"(max-width: 300px) 100vw, 300px\" \/><\/p>\n<p>Prednja strana kamere Dahua<br \/>\n<img decoding=\"async\" loading=\"lazy\" class=\"alignnone size-medium wp-image-6159\" src=\"http:\/\/astehshop.com\/wp-content\/uploads\/2021\/10\/prednja-strana-kamere-1500c-300x269.jpg\" alt=\"\" width=\"300\" height=\"269\" srcset=\"https:\/\/i2.wp.com\/astehshop.com\/wp-content\/uploads\/2021\/10\/prednja-strana-kamere-1500c.jpg?resize=300%2C269 300w, https:\/\/i2.wp.com\/astehshop.com\/wp-content\/uploads\/2021\/10\/prednja-strana-kamere-1500c.jpg?w=390 390w\" sizes=\"(max-width: 300px) 100vw, 300px\" \/><\/p>\n<p>Slika sa strane Dahua 1500c<br \/>\n<img decoding=\"async\" loading=\"lazy\" class=\"alignnone size-medium wp-image-6160\" src=\"http:\/\/astehshop.com\/wp-content\/uploads\/2021\/10\/slika-sa-strane-300x137.jpg\" alt=\"\" width=\"300\" height=\"137\" srcset=\"https:\/\/i1.wp.com\/astehshop.com\/wp-content\/uploads\/2021\/10\/slika-sa-strane.jpg?resize=300%2C137 300w, https:\/\/i1.wp.com\/astehshop.com\/wp-content\/uploads\/2021\/10\/slika-sa-strane.jpg?w=390 390w\" sizes=\"(max-width: 300px) 100vw, 300px\" \/><\/p>\n<p>Nosa\u010d kamere Dahua 1500C<br \/>\n<img decoding=\"async\" loading=\"lazy\" class=\"alignnone size-medium wp-image-6161\" src=\"http:\/\/astehshop.com\/wp-content\/uploads\/2021\/10\/nosac-kamere-1500c-264x300.jpg\" alt=\"\" width=\"264\" height=\"300\" srcset=\"https:\/\/i2.wp.com\/astehshop.com\/wp-content\/uploads\/2021\/10\/nosac-kamere-1500c.jpg?resize=264%2C300 264w, https:\/\/i2.wp.com\/astehshop.com\/wp-content\/uploads\/2021\/10\/nosac-kamere-1500c.jpg?w=317 317w\" sizes=\"(max-width: 264px) 100vw, 264px\" \/><\/p>\n<p>Dimenzije kamere Dahua 1500c<\/p>\n<p><img decoding=\"async\" loading=\"lazy\" class=\"alignnone size-medium wp-image-6162\" src=\"http:\/\/astehshop.com\/wp-content\/uploads\/2021\/10\/dimenzije-kamere-1500c-300x201.jpg\" alt=\"\" width=\"300\" height=\"201\" srcset=\"https:\/\/i1.wp.com\/astehshop.com\/wp-content\/uploads\/2021\/10\/dimenzije-kamere-1500c.jpg?resize=300%2C201 300w, https:\/\/i1.wp.com\/astehshop.com\/wp-content\/uploads\/2021\/10\/dimenzije-kamere-1500c.jpg?w=390 390w\" sizes=\"(max-width: 300px) 100vw, 300px\" \/><\/p>\n","protected":false},"featured_media":5445,"comment_status":"open","ping_status":"closed","template":"","meta":{"_mi_skip_tracking":false,"_exactmetrics_sitenote_active":false,"_exactmetrics_sitenote_note":"","_exactmetrics_sitenote_category":0,"spay_email":""},"product_cat":[132,4415],"product_tag":[272,435,4007,2663,933,4005,3245,3246,1039,548,626,4008,4004,1931,1605,1383,1384,474,251,461,462,4006],"brands":[{"id":2045,"name":"Dahua","slug":"dahua"}],"df_price":"","df_sale_price":"","df_regular_price":"","df_image_link":"https:\/\/i2.wp.com\/astehshop.com\/wp-content\/uploads\/2021\/10\/HAC-HFW1500C-0280B.png?fit=450%2C450","jetpack_publicize_connections":[],"jetpack_sharing_enabled":true,"jetpack_likes_enabled":true,"jetpack-related-posts":[{"id":7830,"url":"http:\/\/astehshop.com\/index.php\/product\/dahua-ipc-hfw1530s-0280b-s6-ip-kamera-5-mpx\/","url_meta":{"origin":5444,"position":0},"title":"Dahua IPC-HFW1530S-0280B-S6 IP kamera 5 MPX EOL Istek zaliha","date":"23. svibnja 2023.","format":false,"excerpt":"IP 5MP bullet IC kamera; Entry serija; 2.8mm; IC 30m; Mikrofon; IP67. IP bullet IC kamera 5MP. 1\/2.7\u201d progressive scan low illuminance CMOS (2880\u00d71620 piksela). Osetljivost 0.03Lux \/F2.0(kolor), 0Lux (IC aktivan). IC LE diode dometa cca. 30m, Smart IR. Objektiv 2.8mm F2.0 (Vidni ugao 106\u00b0 horizontalno), 3.6mm opciono (92\u00b0). True\u2026","rel":"","context":"Srodne objave","img":{"alt_text":"","src":"https:\/\/i2.wp.com\/astehshop.com\/wp-content\/uploads\/2023\/05\/dahua-ipc-hfw1530s-0280b-s6.jpg?fit=1200%2C1158&resize=350%2C200","width":350,"height":200},"classes":[]},{"id":5279,"url":"http:\/\/astehshop.com\/index.php\/product\/dahua-hac-hdw1200trq-0280b-s5\/","url_meta":{"origin":5444,"position":1},"title":"Dahua HAC-HDW1200TRQ-0280B-S5","date":"9. listopada 2021.","format":false,"excerpt":"4u1 2MP D\/N dome IC kamera; Lite serija; Smart IC 25m; 2.8mm objektiv; Plasti\u010dno ku\u0107i\u0161te, IP50. 4u1 (analogna, HDCVI, AHD, TVI) 2MP dome IC kamera. 1\/2.7\u201d 2MP CMOS. Efektivni broj piksela 1920(H) x 1080(V)Rezolucija 1920\u00d71080@25\/30 fps ili 1280\u00d7720@25\/50 fps. 2.8mm F1.9 fiksni objektiv, vidni ugao 101\u00b0 horizontalno. Opciono 3.6mm (vidni\u2026","rel":"","context":"Srodne objave","img":{"alt_text":"","src":"https:\/\/i0.wp.com\/astehshop.com\/wp-content\/uploads\/2021\/10\/HAC-HDW1200TRQ-0280B.png?fit=400%2C400&resize=350%2C200","width":350,"height":200},"classes":[]},{"id":5268,"url":"http:\/\/astehshop.com\/index.php\/product\/dahua-hac-b3a21-z-2712\/","url_meta":{"origin":5444,"position":2},"title":"Dahua HAC-B3A21-Z-2712","date":"9. listopada 2021.","format":false,"excerpt":"4u1 2MP D\/N bullet IC kamera; Cooper serija; Smart IC 40m; MZ AF objektiv 2.7-12mm; IP67. 4u1 (analogna, HDCVI, AHD, TVI) 2MP dome IC kamera. 1\/2.7\u201d 2MP CMOS, progresivno skeniranje. Efektivni broj piksela 1920(H) x 1080(V). Rezolucija \/frame rate 1080P@25\/30fps, do 60fps u 720P. 2.7~12mm F1.7 objektiv, motorizovani zum, daljinski\u2026","rel":"","context":"Srodne objave","img":{"alt_text":"","src":"https:\/\/i1.wp.com\/astehshop.com\/wp-content\/uploads\/2021\/10\/HAC-B3A21-Z-2712_09316_0.png?fit=800%2C800&resize=350%2C200","width":350,"height":200},"classes":[]},{"id":3698,"url":"http:\/\/astehshop.com\/index.php\/product\/dahua-5mp-starlight-hdcvi-dome-kamera-hac-hdw2501tp-a-0280\/","url_meta":{"origin":5444,"position":3},"title":"Dahua 5MP StarLight HDCVI dome kamera HAC-HDW2501TP-A-0280","date":"27. rujna 2019.","format":false,"excerpt":"> Zvjezdana svjetlost, 120dB istinski WDR, 3DNR > Maks. 20fps @ 5MP > HD \/ SD izlaz se mo\u017ee mijenjati > Audio u interfejsu, ugra\u0111eni mikrofon > 3.6mm fiksna le\u0107a (2.8mm, 6mm opcionalno) > Maks. IC du\u017eina 50m, Smart IR > IP67, DC12V \u00b1 30%","rel":"","context":"Srodne objave","img":{"alt_text":"","src":"https:\/\/i1.wp.com\/astehshop.com\/wp-content\/uploads\/2019\/09\/HAC-HDW2501TP-A-0280.png?fit=400%2C400&resize=350%2C200","width":350,"height":200},"classes":[]},{"id":5426,"url":"http:\/\/astehshop.com\/index.php\/product\/dahua-hac-hfw1200c-2-mp-hdcvi-kamera\/","url_meta":{"origin":5444,"position":4},"title":"Dahua HAC-HFW1200C 2 MP HDCVI kamera","date":"16. listopada 2021.","format":false,"excerpt":"4u1 (analogna, HDCVI, AHD, TVI) 2MP bullet IC kamera. 1\/2.7\u201d 2MP CMOS. Efektivni broj piksela 1920(H) x 1080(V). Rezolucija 1920\u00d71080@25\/30 fps ili 1280\u00d7720@25\/50 fps. 2.8mm F1.9 fiksni objektiv. Vidni ugao 101\u00b0 horizontalno. Opciono 3.6mm (vidni ugao 84\u00b0). Osetljivost 0.02Lux\/F1.9, 0Lux (IC uklju\u010d.). True day\/night (ICR). Smart IC LE diode dometa\u2026","rel":"","context":"Srodne objave","img":{"alt_text":"","src":"https:\/\/i2.wp.com\/astehshop.com\/wp-content\/uploads\/2021\/10\/Dahua-HAC-HFW1200C-2-MP-HDCVI-kamera.png?fit=400%2C400&resize=350%2C200","width":350,"height":200},"classes":[]},{"id":3801,"url":"http:\/\/astehshop.com\/index.php\/product\/dahua-kamera-2-mp-hac-hfw1200dp\/","url_meta":{"origin":5444,"position":5},"title":"Dahua kamera 2 MP HAC-HFW1200DP","date":"15. velja\u010de 2020.","format":false,"excerpt":"4u1 (analogna, HDCVI, AHD, TVI) 2 megapixela bullet IC True D\/N kamera; 1\/2.7\u201d 2 Megapixela CMOS; Efektivni broj piksela 1920(H) x 1080(V); Rezolucija 1920\u00d71080@25 fps ili 1280\u00d7720@25\/50 fps; 3.6mm fiksni objektiv; Vidni ugao 89.9\u00b0; Opciono 6mm ili 8mm (vidni ugao 59.4\u00b0ili 41.4\u00b0); Osetljivost 0.02Lux\/F2.0 (AGC On), 0Lux (IC uklju\u010d.); True\u2026","rel":"","context":"Srodne objave","img":{"alt_text":"","src":"https:\/\/i0.wp.com\/astehshop.com\/wp-content\/uploads\/2020\/02\/HAC-HFW1200DP-0360-S-removebg-preview.png?fit=715%2C350&resize=350%2C200","width":350,"height":200},"classes":[]}],"_links":{"self":[{"href":"http:\/\/astehshop.com\/index.php\/wp-json\/wp\/v2\/product\/5444"}],"collection":[{"href":"http:\/\/astehshop.com\/index.php\/wp-json\/wp\/v2\/product"}],"about":[{"href":"http:\/\/astehshop.com\/index.php\/wp-json\/wp\/v2\/types\/product"}],"replies":[{"embeddable":true,"href":"http:\/\/astehshop.com\/index.php\/wp-json\/wp\/v2\/comments?post=5444"}],"wp:featuredmedia":[{"embeddable":true,"href":"http:\/\/astehshop.com\/index.php\/wp-json\/wp\/v2\/media\/5445"}],"wp:attachment":[{"href":"http:\/\/astehshop.com\/index.php\/wp-json\/wp\/v2\/media?parent=5444"}],"wp:term":[{"taxonomy":"product_cat","embeddable":true,"href":"http:\/\/astehshop.com\/index.php\/wp-json\/wp\/v2\/product_cat?post=5444"},{"taxonomy":"product_tag","embeddable":true,"href":"http:\/\/astehshop.com\/index.php\/wp-json\/wp\/v2\/product_tag?post=5444"}],"curies":[{"name":"wp","href":"https:\/\/api.w.org\/{rel}","templated":true}]}}