{"id":5443,"date":"2021-10-16T20:33:56","date_gmt":"2021-10-16T18:33:56","guid":{"rendered":"http:\/\/astehshop.com\/?post_type=product&#038;p=5443"},"modified":"2025-09-17T21:59:52","modified_gmt":"2025-09-17T19:59:52","slug":"dahua-hac-hfw1200tl-a-0360b-s4-2mp-hdcvi-ir-bullet-camera","status":"publish","type":"product","link":"http:\/\/astehshop.com\/index.php\/product\/dahua-hac-hfw1200tl-a-0360b-s4-2mp-hdcvi-ir-bullet-camera\/","title":{"rendered":"DAHUA HAC-HFW1200TL-A-0360B-S4 2MP HDCVI IR Bullet  Kamera sa mikrofonom ISTEK ZALIHA"},"content":{"rendered":"<table class=\"table table-condensed table-bordered table-striped\">\n<tbody>\n<tr>\n<td>Tip kamere<\/td>\n<td>HDCVI<\/td>\n<\/tr>\n<tr>\n<td>Rezolucija senzora<\/td>\n<td>2 Megapiksela<\/td>\n<\/tr>\n<tr>\n<td>Veli\u010dina<\/td>\n<td>1\/2.7\u2033<\/td>\n<\/tr>\n<tr>\n<td>Tip senzora<\/td>\n<td>CMOS<\/td>\n<\/tr>\n<tr>\n<td>Uglovi snimanja<\/td>\n<td>87.5\u00b0 horizontalni<\/td>\n<\/tr>\n<tr>\n<td>Osvetljenje<\/td>\n<td>0 Lux sa IR on, 0.02Lux\/F1.85<\/td>\n<\/tr>\n<\/tbody>\n<thead>\n<tr>\n<th colspan=\"2\">So\u010divo<\/th>\n<\/tr>\n<\/thead>\n<tbody>\n<tr>\n<td>Fokusna daljina<\/td>\n<td>3.6mm<\/td>\n<\/tr>\n<tr>\n<td>Fokusni koeficijent<\/td>\n<td>F1.85<\/td>\n<\/tr>\n<\/tbody>\n<thead>\n<tr>\n<th colspan=\"2\">Snimanje videa<\/th>\n<\/tr>\n<\/thead>\n<tbody>\n<tr>\n<td>Rezolucija videa<\/td>\n<td>1.920 x 1.080<\/td>\n<\/tr>\n<tr>\n<td>Frame rate<\/td>\n<td>25\/30\/50\/60fps@720P, 25\/30fps@1080P<\/td>\n<\/tr>\n<\/tbody>\n<thead>\n<tr>\n<th colspan=\"2\">Audio<\/th>\n<\/tr>\n<\/thead>\n<tbody>\n<tr>\n<td>Zvu\u010dnici<\/td>\n<td>Ugra\u0111eni<\/td>\n<\/tr>\n<tr>\n<td>Mikrofon<\/td>\n<td>Ugra\u0111en<\/td>\n<\/tr>\n<\/tbody>\n<thead>\n<tr>\n<th colspan=\"2\">Fizi\u010dke karakteristike<\/th>\n<\/tr>\n<\/thead>\n<tbody>\n<tr>\n<td>Dimenzije<\/td>\n<td>198.9mm x 80.2mm x 76.2mm<\/td>\n<\/tr>\n<tr>\n<td>Masa<\/td>\n<td>0.27kg<\/td>\n<\/tr>\n<tr>\n<td>Boja<\/td>\n<td>Bela<\/td>\n<\/tr>\n<tr>\n<td>Napomena<\/td>\n<td>IP67 sertifikovano vodootporno ku\u0107i\u0161te<\/td>\n<\/tr>\n<tr>\n<td>Tip ku\u0107i\u0161ta<\/td>\n<td>Bullit<\/td>\n<\/tr>\n<\/tbody>\n<thead>\n<tr>\n<th colspan=\"2\">Reklamacioni period<\/th>\n<\/tr>\n<\/thead>\n<tbody>\n<tr>\n<td>Reklamacioni period<\/td>\n<td>24 meseca<\/td>\n<\/tr>\n<\/tbody>\n<\/table>\n<p>&nbsp;<\/p>\n<p>Kompletna slika kamere Dahua Technology<br \/>\n<img data-attachment-id=\"6173\" data-permalink=\"http:\/\/astehshop.com\/?attachment_id=6173\" data-orig-file=\"https:\/\/i2.wp.com\/astehshop.com\/wp-content\/uploads\/2021\/10\/kompletna-slika.jpg?fit=390%2C329\" data-orig-size=\"390,329\" data-comments-opened=\"1\" data-image-meta=\"{&quot;aperture&quot;:&quot;20&quot;,&quot;credit&quot;:&quot;www.delta.poznan.pl&quot;,&quot;camera&quot;:&quot;Canon EOS 600D&quot;,&quot;caption&quot;:&quot;&quot;,&quot;created_timestamp&quot;:&quot;1544203822&quot;,&quot;copyright&quot;:&quot;www.delta.poznan.pl&quot;,&quot;focal_length&quot;:&quot;101&quot;,&quot;iso&quot;:&quot;100&quot;,&quot;shutter_speed&quot;:&quot;0.005&quot;,&quot;title&quot;:&quot;&quot;,&quot;orientation&quot;:&quot;1&quot;}\" data-image-title=\"kompletna slika\" data-image-description=\"\" data-image-caption=\"\" data-medium-file=\"https:\/\/i2.wp.com\/astehshop.com\/wp-content\/uploads\/2021\/10\/kompletna-slika.jpg?fit=300%2C253\" data-large-file=\"https:\/\/i2.wp.com\/astehshop.com\/wp-content\/uploads\/2021\/10\/kompletna-slika.jpg?fit=390%2C329\" decoding=\"async\" loading=\"lazy\" class=\"alignnone size-medium wp-image-6173\" src=\"https:\/\/i2.wp.com\/astehshop.com\/wp-content\/uploads\/2021\/10\/kompletna-slika.jpg?resize=300%2C253\" alt=\"\" width=\"300\" height=\"253\" srcset=\"https:\/\/i2.wp.com\/astehshop.com\/wp-content\/uploads\/2021\/10\/kompletna-slika.jpg?resize=300%2C253 300w, https:\/\/i2.wp.com\/astehshop.com\/wp-content\/uploads\/2021\/10\/kompletna-slika.jpg?w=390 390w\" sizes=\"(max-width: 300px) 100vw, 300px\" data-recalc-dims=\"1\" \/><\/p>\n<p>Slika sa prednje strane HAC-HFW1200TL<br \/>\n<img data-attachment-id=\"6175\" data-permalink=\"http:\/\/astehshop.com\/?attachment_id=6175\" data-orig-file=\"https:\/\/i0.wp.com\/astehshop.com\/wp-content\/uploads\/2021\/10\/slika-naprijed-dahua-HAC-HFW1200TL.jpg?fit=390%2C346\" data-orig-size=\"390,346\" data-comments-opened=\"1\" data-image-meta=\"{&quot;aperture&quot;:&quot;16&quot;,&quot;credit&quot;:&quot;www.delta.poznan.pl&quot;,&quot;camera&quot;:&quot;Canon EOS 600D&quot;,&quot;caption&quot;:&quot;&quot;,&quot;created_timestamp&quot;:&quot;1544203867&quot;,&quot;copyright&quot;:&quot;www.delta.poznan.pl&quot;,&quot;focal_length&quot;:&quot;35&quot;,&quot;iso&quot;:&quot;100&quot;,&quot;shutter_speed&quot;:&quot;0.005&quot;,&quot;title&quot;:&quot;&quot;,&quot;orientation&quot;:&quot;1&quot;}\" data-image-title=\"slika naprijed dahua HAC-HFW1200TL\" data-image-description=\"\" data-image-caption=\"\" data-medium-file=\"https:\/\/i0.wp.com\/astehshop.com\/wp-content\/uploads\/2021\/10\/slika-naprijed-dahua-HAC-HFW1200TL.jpg?fit=300%2C266\" data-large-file=\"https:\/\/i0.wp.com\/astehshop.com\/wp-content\/uploads\/2021\/10\/slika-naprijed-dahua-HAC-HFW1200TL.jpg?fit=390%2C346\" decoding=\"async\" loading=\"lazy\" class=\"alignnone size-medium wp-image-6175\" src=\"https:\/\/i0.wp.com\/astehshop.com\/wp-content\/uploads\/2021\/10\/slika-naprijed-dahua-HAC-HFW1200TL.jpg?resize=300%2C266\" alt=\"\" width=\"300\" height=\"266\" srcset=\"https:\/\/i0.wp.com\/astehshop.com\/wp-content\/uploads\/2021\/10\/slika-naprijed-dahua-HAC-HFW1200TL.jpg?resize=300%2C266 300w, https:\/\/i0.wp.com\/astehshop.com\/wp-content\/uploads\/2021\/10\/slika-naprijed-dahua-HAC-HFW1200TL.jpg?w=390 390w\" sizes=\"(max-width: 300px) 100vw, 300px\" data-recalc-dims=\"1\" \/><\/p>\n<p>Slika sa strane Dahua HAC-HFW1200TL<br \/>\n<img data-attachment-id=\"6176\" data-permalink=\"http:\/\/astehshop.com\/?attachment_id=6176\" data-orig-file=\"https:\/\/i0.wp.com\/astehshop.com\/wp-content\/uploads\/2021\/10\/slika-sa-strane-HAC-HFW1200TL.jpg?fit=390%2C148\" data-orig-size=\"390,148\" data-comments-opened=\"1\" data-image-meta=\"{&quot;aperture&quot;:&quot;18&quot;,&quot;credit&quot;:&quot;www.delta.poznan.pl&quot;,&quot;camera&quot;:&quot;Canon EOS 600D&quot;,&quot;caption&quot;:&quot;&quot;,&quot;created_timestamp&quot;:&quot;1544203907&quot;,&quot;copyright&quot;:&quot;www.delta.poznan.pl&quot;,&quot;focal_length&quot;:&quot;106&quot;,&quot;iso&quot;:&quot;100&quot;,&quot;shutter_speed&quot;:&quot;0.005&quot;,&quot;title&quot;:&quot;&quot;,&quot;orientation&quot;:&quot;1&quot;}\" data-image-title=\"slika sa strane HAC-HFW1200TL\" data-image-description=\"\" data-image-caption=\"\" data-medium-file=\"https:\/\/i0.wp.com\/astehshop.com\/wp-content\/uploads\/2021\/10\/slika-sa-strane-HAC-HFW1200TL.jpg?fit=300%2C114\" data-large-file=\"https:\/\/i0.wp.com\/astehshop.com\/wp-content\/uploads\/2021\/10\/slika-sa-strane-HAC-HFW1200TL.jpg?fit=390%2C148\" decoding=\"async\" loading=\"lazy\" class=\"alignnone size-medium wp-image-6176\" src=\"https:\/\/i0.wp.com\/astehshop.com\/wp-content\/uploads\/2021\/10\/slika-sa-strane-HAC-HFW1200TL.jpg?resize=300%2C114\" alt=\"\" width=\"300\" height=\"114\" srcset=\"https:\/\/i0.wp.com\/astehshop.com\/wp-content\/uploads\/2021\/10\/slika-sa-strane-HAC-HFW1200TL.jpg?resize=300%2C114 300w, https:\/\/i0.wp.com\/astehshop.com\/wp-content\/uploads\/2021\/10\/slika-sa-strane-HAC-HFW1200TL.jpg?w=390 390w\" sizes=\"(max-width: 300px) 100vw, 300px\" data-recalc-dims=\"1\" \/><\/p>\n<p>Kompletne dimenzije kamere Dahua HAC-HFW1200TL<br \/>\n<img data-attachment-id=\"6177\" data-permalink=\"http:\/\/astehshop.com\/?attachment_id=6177\" data-orig-file=\"https:\/\/i0.wp.com\/astehshop.com\/wp-content\/uploads\/2021\/10\/dimenzije-kamere-HAC-HFW1200TL.jpg?fit=390%2C130\" data-orig-size=\"390,130\" data-comments-opened=\"1\" data-image-meta=\"{&quot;aperture&quot;:&quot;0&quot;,&quot;credit&quot;:&quot;&quot;,&quot;camera&quot;:&quot;&quot;,&quot;caption&quot;:&quot;&quot;,&quot;created_timestamp&quot;:&quot;0&quot;,&quot;copyright&quot;:&quot;&quot;,&quot;focal_length&quot;:&quot;0&quot;,&quot;iso&quot;:&quot;0&quot;,&quot;shutter_speed&quot;:&quot;0&quot;,&quot;title&quot;:&quot;&quot;,&quot;orientation&quot;:&quot;0&quot;}\" data-image-title=\"dimenzije kamere HAC-HFW1200TL\" data-image-description=\"\" data-image-caption=\"\" data-medium-file=\"https:\/\/i0.wp.com\/astehshop.com\/wp-content\/uploads\/2021\/10\/dimenzije-kamere-HAC-HFW1200TL.jpg?fit=300%2C100\" data-large-file=\"https:\/\/i0.wp.com\/astehshop.com\/wp-content\/uploads\/2021\/10\/dimenzije-kamere-HAC-HFW1200TL.jpg?fit=390%2C130\" decoding=\"async\" loading=\"lazy\" class=\"alignnone size-medium wp-image-6177\" src=\"https:\/\/i0.wp.com\/astehshop.com\/wp-content\/uploads\/2021\/10\/dimenzije-kamere-HAC-HFW1200TL.jpg?resize=300%2C100\" alt=\"\" width=\"300\" height=\"100\" srcset=\"https:\/\/i0.wp.com\/astehshop.com\/wp-content\/uploads\/2021\/10\/dimenzije-kamere-HAC-HFW1200TL.jpg?resize=300%2C100 300w, https:\/\/i0.wp.com\/astehshop.com\/wp-content\/uploads\/2021\/10\/dimenzije-kamere-HAC-HFW1200TL.jpg?w=390 390w\" sizes=\"(max-width: 300px) 100vw, 300px\" data-recalc-dims=\"1\" \/><\/p>\n<p>&nbsp;<\/p>\n<iframe  id=\"_ytid_64285\"  width=\"480\" height=\"270\"  data-origwidth=\"480\" data-origheight=\"270\"  src=\"https:\/\/www.youtube.com\/embed\/YsmboIzTdYw?enablejsapi=1&autoplay=0&cc_load_policy=0&cc_lang_pref=&iv_load_policy=1&loop=0&modestbranding=0&rel=1&fs=1&playsinline=0&autohide=2&theme=dark&color=red&controls=1&\" class=\"__youtube_prefs__  no-lazyload\" title=\"YouTube player\"  allow=\"autoplay; encrypted-media\" allowfullscreen data-no-lazy=\"1\" data-skipgform_ajax_framebjll=\"\"><\/iframe>\n","protected":false},"excerpt":{"rendered":"<table class=\"table table-condensed table-bordered table-striped\">\n<tbody>\n<tr>\n<td>Tip kamere<\/td>\n<td>HDCVI<\/td>\n<\/tr>\n<tr>\n<td>Rezolucija senzora<\/td>\n<td>2 Megapiksela<\/td>\n<\/tr>\n<tr>\n<td>Veli\u010dina<\/td>\n<td>1\/2.7\u2033<\/td>\n<\/tr>\n<tr>\n<td>Tip senzora<\/td>\n<td>CMOS<\/td>\n<\/tr>\n<tr>\n<td>Uglovi snimanja<\/td>\n<td>87.5\u00b0 horizontalni<\/td>\n<\/tr>\n<tr>\n<td>Osvetljenje<\/td>\n<td>0 Lux sa IR on, 0.02Lux\/F1.85<\/td>\n<\/tr>\n<\/tbody>\n<thead>\n<tr>\n<th colspan=\"2\">So\u010divo<\/th>\n<\/tr>\n<\/thead>\n<tbody>\n<tr>\n<td>Fokusna daljina<\/td>\n<td>3.6mm<\/td>\n<\/tr>\n<tr>\n<td>Fokusni koeficijent<\/td>\n<td>F1.85<\/td>\n<\/tr>\n<\/tbody>\n<thead>\n<tr>\n<th colspan=\"2\">Snimanje videa<\/th>\n<\/tr>\n<\/thead>\n<tbody>\n<tr>\n<td>Rezolucija videa<\/td>\n<td>1.920 x 1.080<\/td>\n<\/tr>\n<tr>\n<td>Frame rate<\/td>\n<td>25\/30\/50\/60fps@720P, 25\/30fps@1080P<\/td>\n<\/tr>\n<\/tbody>\n<thead>\n<tr>\n<th colspan=\"2\">Audio<\/th>\n<\/tr>\n<\/thead>\n<tbody>\n<tr>\n<td>Zvu\u010dnici<\/td>\n<td>Ugra\u0111eni<\/td>\n<\/tr>\n<tr>\n<td>Mikrofon<\/td>\n<td>Ugra\u0111en<\/td>\n<\/tr>\n<\/tbody>\n<thead>\n<tr>\n<th colspan=\"2\">Fizi\u010dke karakteristike<\/th>\n<\/tr>\n<\/thead>\n<tbody>\n<tr>\n<td>Dimenzije<\/td>\n<td>198.9mm x 80.2mm x 76.2mm<\/td>\n<\/tr>\n<tr>\n<td>Masa<\/td>\n<td>0.27kg<\/td>\n<\/tr>\n<tr>\n<td>Boja<\/td>\n<td>Bela<\/td>\n<\/tr>\n<tr>\n<td>Napomena<\/td>\n<td>IP67 sertifikovano vodootporno ku\u0107i\u0161te<\/td>\n<\/tr>\n<tr>\n<td>Tip ku\u0107i\u0161ta<\/td>\n<td>Bullit<\/td>\n<\/tr>\n<\/tbody>\n<thead>\n<tr>\n<th colspan=\"2\">Reklamacioni period<\/th>\n<\/tr>\n<\/thead>\n<tbody>\n<tr>\n<td>Reklamacioni period<\/td>\n<td>24 meseca<\/td>\n<\/tr>\n<\/tbody>\n<\/table>\n<p>&nbsp;<\/p>\n<p>Kompletna slika kamere Dahua Technology<br \/>\n<img decoding=\"async\" loading=\"lazy\" class=\"alignnone size-medium wp-image-6173\" src=\"http:\/\/astehshop.com\/wp-content\/uploads\/2021\/10\/kompletna-slika-300x253.jpg\" alt=\"\" width=\"300\" height=\"253\" srcset=\"https:\/\/i2.wp.com\/astehshop.com\/wp-content\/uploads\/2021\/10\/kompletna-slika.jpg?resize=300%2C253 300w, https:\/\/i2.wp.com\/astehshop.com\/wp-content\/uploads\/2021\/10\/kompletna-slika.jpg?w=390 390w\" sizes=\"(max-width: 300px) 100vw, 300px\" \/><\/p>\n<p>Slika sa prednje strane HAC-HFW1200TL<br \/>\n<img decoding=\"async\" loading=\"lazy\" class=\"alignnone size-medium wp-image-6175\" src=\"http:\/\/astehshop.com\/wp-content\/uploads\/2021\/10\/slika-naprijed-dahua-HAC-HFW1200TL-300x266.jpg\" alt=\"\" width=\"300\" height=\"266\" srcset=\"https:\/\/i0.wp.com\/astehshop.com\/wp-content\/uploads\/2021\/10\/slika-naprijed-dahua-HAC-HFW1200TL.jpg?resize=300%2C266 300w, https:\/\/i0.wp.com\/astehshop.com\/wp-content\/uploads\/2021\/10\/slika-naprijed-dahua-HAC-HFW1200TL.jpg?w=390 390w\" sizes=\"(max-width: 300px) 100vw, 300px\" \/><\/p>\n<p>Slika sa strane Dahua HAC-HFW1200TL<br \/>\n<img decoding=\"async\" loading=\"lazy\" class=\"alignnone size-medium wp-image-6176\" src=\"http:\/\/astehshop.com\/wp-content\/uploads\/2021\/10\/slika-sa-strane-HAC-HFW1200TL-300x114.jpg\" alt=\"\" width=\"300\" height=\"114\" srcset=\"https:\/\/i0.wp.com\/astehshop.com\/wp-content\/uploads\/2021\/10\/slika-sa-strane-HAC-HFW1200TL.jpg?resize=300%2C114 300w, https:\/\/i0.wp.com\/astehshop.com\/wp-content\/uploads\/2021\/10\/slika-sa-strane-HAC-HFW1200TL.jpg?w=390 390w\" sizes=\"(max-width: 300px) 100vw, 300px\" \/><\/p>\n<p>Kompletne dimenzije kamere Dahua HAC-HFW1200TL<br \/>\n<img decoding=\"async\" loading=\"lazy\" class=\"alignnone size-medium wp-image-6177\" src=\"http:\/\/astehshop.com\/wp-content\/uploads\/2021\/10\/dimenzije-kamere-HAC-HFW1200TL-300x100.jpg\" alt=\"\" width=\"300\" height=\"100\" srcset=\"https:\/\/i0.wp.com\/astehshop.com\/wp-content\/uploads\/2021\/10\/dimenzije-kamere-HAC-HFW1200TL.jpg?resize=300%2C100 300w, https:\/\/i0.wp.com\/astehshop.com\/wp-content\/uploads\/2021\/10\/dimenzije-kamere-HAC-HFW1200TL.jpg?w=390 390w\" sizes=\"(max-width: 300px) 100vw, 300px\" \/><\/p>\n<p>&nbsp;<\/p>\n[embedyt] https:\/\/www.youtube.com\/watch?v=YsmboIzTdYw[\/embedyt]\n","protected":false},"featured_media":5441,"comment_status":"open","ping_status":"closed","template":"","meta":{"_mi_skip_tracking":false,"_exactmetrics_sitenote_active":false,"_exactmetrics_sitenote_note":"","_exactmetrics_sitenote_category":0,"spay_email":""},"product_cat":[132],"product_tag":[2663,4016,933,4017,2665,4018,4014,4015,3016,4012,3244,4011,574,3237,4013,474,540,3241],"brands":[{"id":2045,"name":"Dahua","slug":"dahua"}],"df_price":"","df_sale_price":"","df_regular_price":"","df_image_link":"https:\/\/i2.wp.com\/astehshop.com\/wp-content\/uploads\/2021\/10\/HAC-HFW1200TL-0360B.png?fit=300%2C300","jetpack_publicize_connections":[],"jetpack_sharing_enabled":true,"jetpack_likes_enabled":true,"jetpack-related-posts":[{"id":8290,"url":"http:\/\/astehshop.com\/index.php\/product\/ip-kamera-imou-ipc-t22eap-turret\/","url_meta":{"origin":5443,"position":0},"title":"IP kamera IMOU IPC-T22EAP Turret","date":"19. listopada 2023.","format":false,"excerpt":"\u00a0Tip kamere: IP \u00a0\u00a0\u00a0Rezolucija senzora: 2 Megapiksela \u00a0\u00a0\u00a0Veli\u010dina: 1\/2.8\" \u00a0\u00a0\u00a0Tip senzora: CMOS \u00a0\u00a0\u00a0Digitalni zum: 8x \u00a0\u00a0\u00a0Uglovi snimanja: 2.8mm: 107\u00b0 x92\u00b0 x50\u00b0 (diagonal x horizontal x vertical), 3.6mm: 97\u00b0 x78\u00b0 x40\u00b0 (diagonal x horizontal x vertical) \u00a0 SO\u010cIVO \u00a0\u00a0\u00a0Fokusna daljina: 2.8mm~3.6mm \u00a0 SNIMANJE VIDEA \u00a0\u00a0\u00a0Rezolucija videa: 1920 x 1080 \u00a0\u00a0\u00a0Frame rate:\u2026","rel":"","context":"Srodne objave","img":{"alt_text":"","src":"https:\/\/i0.wp.com\/astehshop.com\/wp-content\/uploads\/2023\/10\/b-IPC-T22EAPimg.jpg?fit=720%2C660&resize=350%2C200","width":350,"height":200},"classes":[]},{"id":5440,"url":"http:\/\/astehshop.com\/index.php\/product\/dahua-hac-hfw1200tl-0360b\/","url_meta":{"origin":5443,"position":1},"title":"Dahua HAC-HFW1200TL-0360B","date":"16. listopada 2021.","format":false,"excerpt":"2MP HDCVI kamera u bullet ku\u0107i\u0161tu 4 u 1 TVI\/AHD\/CVI\/CVBS re\u017eim. 0.02Lux\/F1.85, 30IRE, 0Lux IR on. Maksimalna rezolucija 1920x1080. Fiksna optika 3.6mm. Nivo za\u0161tite IP67. DWDR. Domet IC dioda 80 metara. 12v napajanje. Odgovaraju\u0107a dozna je PFA130-E.","rel":"","context":"Srodne objave","img":{"alt_text":"","src":"https:\/\/i2.wp.com\/astehshop.com\/wp-content\/uploads\/2021\/10\/HAC-HFW1200TL-0360B.png?fit=400%2C400&resize=350%2C200","width":350,"height":200},"classes":[]},{"id":5447,"url":"http:\/\/astehshop.com\/index.php\/product\/dahua-hdcvi-kamera-5-mp-starlight-hac-hfw1500th-i8\/","url_meta":{"origin":5443,"position":2},"title":"Dahua HDCVI kamera 5 MP StarLight HAC-HFW1500TH-I8","date":"16. listopada 2021.","format":false,"excerpt":"5MP HDCVI kamera u bullet ku\u0107i\u0161tu 4 u 1 TVI\/AHD\/CVI\/CVBS re\u017eim. 0.02Lux\/F1.85, 30IRE, 0Lux IR on. Maksimalna rezolucija 2592x1944. Fiksna optika 3.6mm. Nivo za\u0161tite IP67. DWDR. Domet IC dioda 80 metara. 12v napajanje. Odgovaraju\u0107a dozna je PFA130-E. Nosa\u010d za banderu je PFA152-E.","rel":"","context":"Srodne objave","img":{"alt_text":"","src":"https:\/\/i1.wp.com\/astehshop.com\/wp-content\/uploads\/2021\/10\/HAC-HFW1500TH-I4-1-21_thumb.png?fit=400%2C400&resize=350%2C200","width":350,"height":200},"classes":[]},{"id":5435,"url":"http:\/\/astehshop.com\/index.php\/product\/dahua-hac-hfw1200t-a-0280b-sa-mikrofonom-1080p\/","url_meta":{"origin":5443,"position":3},"title":"Dahua HAC-HFW1200T-A-0280B sa mikrofonom 1080p","date":"16. listopada 2021.","format":false,"excerpt":"2MP HDCVI kamera u bullet ku\u0107i\u0161tu 4 u 1 TVI\/AHD\/CVI\/CVBS re\u017eim. 0.02Lux\/F1.85, 30IRE, 0Lux IR on. Maksimalna rezolucija 1920x1080. Fiksna optika 2.8mm. Nivo za\u0161tite IP67. DWDR. Domet IC dioda 30 metara. Integrisan mikrofon. 12v napajanje. Odgovaraju\u0107a dozna je PFA134.","rel":"","context":"Srodne objave","img":{"alt_text":"","src":"https:\/\/i1.wp.com\/astehshop.com\/wp-content\/uploads\/2021\/10\/Dahua-2MP-HDCVI-IR-Bullet-Camera-28mm-HAC-HFW1200T-0280B.png?fit=400%2C400&resize=350%2C200","width":350,"height":200},"classes":[]},{"id":5432,"url":"http:\/\/astehshop.com\/index.php\/product\/dahua-2mp-hdcvi-ir-bullet-camera-28mm-hac-hfw1200t-0280b\/","url_meta":{"origin":5443,"position":4},"title":"Dahua 2MP HDCVI IR Bullet Camera, 2,8mm HAC-HFW1200T-0280B","date":"16. listopada 2021.","format":false,"excerpt":"2MP HDCVI kamera u bullet ku\u0107i\u0161tu 4 u 1 TVI\/AHD\/CVI\/CVBS re\u017eim. 0.02Lux\/F1.9, 30IRE, 0Lux IR on. Maksimalna rezolucija 1920x1080. Fiksna optika 2.8mm. Nivo za\u0161tite IP67. DWDR. Domet IC dioda 30 metara. 12v napajanje. Odgovaraju\u0107a dozna je PFA134. Nosa\u010d za banderu je PFA152-E.","rel":"","context":"Srodne objave","img":{"alt_text":"","src":"https:\/\/i1.wp.com\/astehshop.com\/wp-content\/uploads\/2021\/10\/Dahua-2MP-HDCVI-IR-Bullet-Camera-28mm-HAC-HFW1200T-0280B.png?fit=400%2C400&resize=350%2C200","width":350,"height":200},"classes":[]},{"id":4666,"url":"http:\/\/astehshop.com\/index.php\/product\/kamera-za-video-nadzor-hac-hfw1500tl-a\/","url_meta":{"origin":5443,"position":5},"title":"Kamera za video nadzor HAC-HFW1500TL-A 5 MPX ISTEK ZALIHA","date":"20. rujna 2020.","format":false,"excerpt":"4u1 (analogna, HDCVI, AHD, TVI) 5MP Bullet IC kamera 1\/2.7\u201d 5 Megapixela CMOS Efektivni broj piksela 2592(H)\u00d71944(V) Frame rate \/ rezolucija 20fps@ 2592\u00d71944, 25\/30fps@ 4MP, 25\/30fps@ 1080P Vidni ugao 98\u00b0 Osetljivost 0.02Lux\/F1.85, 0Lux (IC uklju\u010d.) True day\/night (ICR) Smart IC LE diode dometa cca. 80m Inkorporiran mikrofon DWDR BLC 2D\u2026","rel":"","context":"Srodne objave","img":{"alt_text":"","src":"https:\/\/i2.wp.com\/astehshop.com\/wp-content\/uploads\/2020\/09\/hac-hfw1500tl-a-5mp-hdcvi-ir-bullet-camera.jpg?fit=800%2C504&resize=350%2C200","width":350,"height":200},"classes":[]}],"_links":{"self":[{"href":"http:\/\/astehshop.com\/index.php\/wp-json\/wp\/v2\/product\/5443"}],"collection":[{"href":"http:\/\/astehshop.com\/index.php\/wp-json\/wp\/v2\/product"}],"about":[{"href":"http:\/\/astehshop.com\/index.php\/wp-json\/wp\/v2\/types\/product"}],"replies":[{"embeddable":true,"href":"http:\/\/astehshop.com\/index.php\/wp-json\/wp\/v2\/comments?post=5443"}],"wp:featuredmedia":[{"embeddable":true,"href":"http:\/\/astehshop.com\/index.php\/wp-json\/wp\/v2\/media\/5441"}],"wp:attachment":[{"href":"http:\/\/astehshop.com\/index.php\/wp-json\/wp\/v2\/media?parent=5443"}],"wp:term":[{"taxonomy":"product_cat","embeddable":true,"href":"http:\/\/astehshop.com\/index.php\/wp-json\/wp\/v2\/product_cat?post=5443"},{"taxonomy":"product_tag","embeddable":true,"href":"http:\/\/astehshop.com\/index.php\/wp-json\/wp\/v2\/product_tag?post=5443"}],"curies":[{"name":"wp","href":"https:\/\/api.w.org\/{rel}","templated":true}]}}