{"id":5426,"date":"2021-10-16T20:05:57","date_gmt":"2021-10-16T18:05:57","guid":{"rendered":"http:\/\/astehshop.com\/?post_type=product&#038;p=5426"},"modified":"2025-09-17T22:00:48","modified_gmt":"2025-09-17T20:00:48","slug":"dahua-hac-hfw1200c-2-mp-hdcvi-kamera","status":"publish","type":"product","link":"http:\/\/astehshop.com\/index.php\/product\/dahua-hac-hfw1200c-2-mp-hdcvi-kamera\/","title":{"rendered":"Dahua HAC-HFW1200C 2 MP HDCVI kamera"},"content":{"rendered":"<p>4u1 (analogna, HDCVI, AHD, TVI) 2MP bullet IC kamera. 1\/2.7\u201d 2MP CMOS. Efektivni broj piksela 1920(H) x 1080(V). Rezolucija 1920\u00d71080@25\/30 fps ili 1280\u00d7720@25\/50 fps. 2.8mm F1.9 fiksni objektiv. Vidni ugao 101\u00b0 horizontalno. Opciono 3.6mm (vidni ugao 84\u00b0). Osetljivost 0.02Lux\/F1.9, 0Lux (IC uklju\u010d.). True day\/night (ICR). Smart IC LE diode dometa cca. 30m. DWDR. BLC. 2D DNR. OSD. Izbor moda rada putem UTC OSD kontrolera ili sa XVR ure\u0111aja. Prenos signala koaksijalnim kablom 75\u03a9 na du\u017einama do 500m. Dimenzije 161.3mm \u00d769.7mm \u00d770.0mm. Masa 190g. Plasti\u010dno ku\u0107i\u0161te. IP67 sertifikovana. Radna temperatura -40\u00b0C~+60\u00b0C. Napajanje 12VDc \u00b130%\/2.7W. CE (EN55032:2015, EN 61000-3-2:2014, EN 61000-3-3:2013, EN55024:2010+A1:2015, EN 55035:2017, EN50130-4:2011+A1:2014).<\/p>\n","protected":false},"excerpt":{"rendered":"<p>4u1 (analogna, HDCVI, AHD, TVI) 2MP bullet IC kamera. 1\/2.7\u201d 2MP CMOS. Efektivni broj piksela 1920(H) x 1080(V). Rezolucija 1920\u00d71080@25\/30 fps ili 1280\u00d7720@25\/50 fps. 2.8mm F1.9 fiksni objektiv. Vidni ugao 101\u00b0 horizontalno. Opciono 3.6mm (vidni ugao 84\u00b0). Osetljivost 0.02Lux\/F1.9, 0Lux (IC uklju\u010d.). True day\/night (ICR). Smart IC LE diode dometa cca. 30m. DWDR. BLC. 2D DNR. OSD. Izbor moda rada putem UTC OSD kontrolera ili sa XVR ure\u0111aja. Prenos signala koaksijalnim kablom 75\u03a9 na du\u017einama do 500m. Dimenzije 161.3mm \u00d769.7mm \u00d770.0mm. Masa 190g. Plasti\u010dno ku\u0107i\u0161te. IP67 sertifikovana. Radna temperatura -40\u00b0C~+60\u00b0C. Napajanje 12VDc \u00b130%\/2.7W. CE (EN55032:2015, EN 61000-3-2:2014, EN 61000-3-3:2013, EN55024:2010+A1:2015, EN 55035:2017, EN50130-4:2011+A1:2014).<\/p>\n","protected":false},"featured_media":5427,"comment_status":"open","ping_status":"closed","template":"","meta":{"_mi_skip_tracking":false,"_exactmetrics_sitenote_active":false,"_exactmetrics_sitenote_note":"","_exactmetrics_sitenote_category":0,"spay_email":""},"product_cat":[132],"product_tag":[832,3229,392,3228,3232,3233,472,483,934,3195,3230,3231],"brands":[{"id":2045,"name":"Dahua","slug":"dahua"}],"df_price":"","df_sale_price":"","df_regular_price":"","df_image_link":"https:\/\/i2.wp.com\/astehshop.com\/wp-content\/uploads\/2021\/10\/Dahua-HAC-HFW1200C-2-MP-HDCVI-kamera.png?fit=300%2C300","jetpack_publicize_connections":[],"jetpack_sharing_enabled":true,"jetpack_likes_enabled":true,"jetpack-related-posts":[{"id":5279,"url":"http:\/\/astehshop.com\/index.php\/product\/dahua-hac-hdw1200trq-0280b-s5\/","url_meta":{"origin":5426,"position":0},"title":"Dahua HAC-HDW1200TRQ-0280B-S5","date":"9. listopada 2021.","format":false,"excerpt":"4u1 2MP D\/N dome IC kamera; Lite serija; Smart IC 25m; 2.8mm objektiv; Plasti\u010dno ku\u0107i\u0161te, IP50. 4u1 (analogna, HDCVI, AHD, TVI) 2MP dome IC kamera. 1\/2.7\u201d 2MP CMOS. Efektivni broj piksela 1920(H) x 1080(V)Rezolucija 1920\u00d71080@25\/30 fps ili 1280\u00d7720@25\/50 fps. 2.8mm F1.9 fiksni objektiv, vidni ugao 101\u00b0 horizontalno. Opciono 3.6mm (vidni\u2026","rel":"","context":"Srodne objave","img":{"alt_text":"","src":"https:\/\/i0.wp.com\/astehshop.com\/wp-content\/uploads\/2021\/10\/HAC-HDW1200TRQ-0280B.png?fit=400%2C400&resize=350%2C200","width":350,"height":200},"classes":[]},{"id":5272,"url":"http:\/\/astehshop.com\/index.php\/product\/dahua-dome-2-mpx-hac-hdw1200tmq-a-0280\/","url_meta":{"origin":5426,"position":1},"title":"Dahua dome 2 mpx HAC-HDW1200TMQ-A-0280","date":"9. listopada 2021.","format":false,"excerpt":"4u1 (analogna, HDCVI, AHD, TVI) 2MP dome IC kamera sa mikrofonom. 1\/2.7\u201d 2MP CMOS. Efektivni broj piksela 1920(H) x 1080(V). Rezolucija 1920\u00d71080@25\/30 fps ili 1280\u00d7720@25\/50 fps. 2.8mm F1.9 fiksni objektiv. Vidni ugao 101\u00b0 horizontalno. Opciono 3.6mm ili 6mm (vidni ugao 84\u00b0 ili 56\u00b0). Osetljivost 0.02Lux\/F1.9, 0Lux (IC uklju\u010d.). True day\/night\u2026","rel":"","context":"Srodne objave","img":{"alt_text":"","src":"https:\/\/i0.wp.com\/astehshop.com\/wp-content\/uploads\/2021\/10\/HAC-HDW1200TRQ-A_thumb.png?fit=400%2C400&resize=350%2C200","width":350,"height":200},"classes":[]},{"id":3801,"url":"http:\/\/astehshop.com\/index.php\/product\/dahua-kamera-2-mp-hac-hfw1200dp\/","url_meta":{"origin":5426,"position":2},"title":"Dahua kamera 2 MP HAC-HFW1200DP","date":"15. velja\u010de 2020.","format":false,"excerpt":"4u1 (analogna, HDCVI, AHD, TVI) 2 megapixela bullet IC True D\/N kamera; 1\/2.7\u201d 2 Megapixela CMOS; Efektivni broj piksela 1920(H) x 1080(V); Rezolucija 1920\u00d71080@25 fps ili 1280\u00d7720@25\/50 fps; 3.6mm fiksni objektiv; Vidni ugao 89.9\u00b0; Opciono 6mm ili 8mm (vidni ugao 59.4\u00b0ili 41.4\u00b0); Osetljivost 0.02Lux\/F2.0 (AGC On), 0Lux (IC uklju\u010d.); True\u2026","rel":"","context":"Srodne objave","img":{"alt_text":"","src":"https:\/\/i0.wp.com\/astehshop.com\/wp-content\/uploads\/2020\/02\/HAC-HFW1200DP-0360-S-removebg-preview.png?fit=715%2C350&resize=350%2C200","width":350,"height":200},"classes":[]},{"id":5268,"url":"http:\/\/astehshop.com\/index.php\/product\/dahua-hac-b3a21-z-2712\/","url_meta":{"origin":5426,"position":3},"title":"Dahua HAC-B3A21-Z-2712","date":"9. listopada 2021.","format":false,"excerpt":"4u1 2MP D\/N bullet IC kamera; Cooper serija; Smart IC 40m; MZ AF objektiv 2.7-12mm; IP67. 4u1 (analogna, HDCVI, AHD, TVI) 2MP dome IC kamera. 1\/2.7\u201d 2MP CMOS, progresivno skeniranje. Efektivni broj piksela 1920(H) x 1080(V). Rezolucija \/frame rate 1080P@25\/30fps, do 60fps u 720P. 2.7~12mm F1.7 objektiv, motorizovani zum, daljinski\u2026","rel":"","context":"Srodne objave","img":{"alt_text":"","src":"https:\/\/i1.wp.com\/astehshop.com\/wp-content\/uploads\/2021\/10\/HAC-B3A21-Z-2712_09316_0.png?fit=800%2C800&resize=350%2C200","width":350,"height":200},"classes":[]},{"id":7676,"url":"http:\/\/astehshop.com\/index.php\/product\/dahua-hac-t3a21-z-2712-dome-kamera-motorizovani-zoom\/","url_meta":{"origin":5426,"position":4},"title":"Dahua HAC-T3A21-Z-2712 dome kamera motorizovani zoom","date":"9. svibnja 2023.","format":false,"excerpt":"4u1 (analogna, HDCVI, AHD, TVI) 2MP dome IC kamera 1\/2.7\u201d 2MP CMOS, progresivno skeniranje Efektivni broj piksela 1920(H) x 1080(V) Rezolucija \/frame rate 1080P@25\/30fps, do 60fps u 720P 2.7~12mm F1.7 objektiv, motorizovani zum, daljinski fokus, fiksni iris Podesivi vidni ugao 102\u00b0~33\u00b0 horizontalno Osetljivost 0.04Lux\/F1.7 30IRE, 0Lux (IC aktivan) True day\/night\u2026","rel":"","context":"Srodne objave","img":{"alt_text":"","src":"https:\/\/i2.wp.com\/astehshop.com\/wp-content\/uploads\/2023\/05\/HAC-T3A21-Z.png?fit=400%2C400&resize=350%2C200","width":350,"height":200},"classes":[]},{"id":4666,"url":"http:\/\/astehshop.com\/index.php\/product\/kamera-za-video-nadzor-hac-hfw1500tl-a\/","url_meta":{"origin":5426,"position":5},"title":"Kamera za video nadzor HAC-HFW1500TL-A 5 MPX ISTEK ZALIHA","date":"20. rujna 2020.","format":false,"excerpt":"4u1 (analogna, HDCVI, AHD, TVI) 5MP Bullet IC kamera 1\/2.7\u201d 5 Megapixela CMOS Efektivni broj piksela 2592(H)\u00d71944(V) Frame rate \/ rezolucija 20fps@ 2592\u00d71944, 25\/30fps@ 4MP, 25\/30fps@ 1080P Vidni ugao 98\u00b0 Osetljivost 0.02Lux\/F1.85, 0Lux (IC uklju\u010d.) True day\/night (ICR) Smart IC LE diode dometa cca. 80m Inkorporiran mikrofon DWDR BLC 2D\u2026","rel":"","context":"Srodne objave","img":{"alt_text":"","src":"https:\/\/i2.wp.com\/astehshop.com\/wp-content\/uploads\/2020\/09\/hac-hfw1500tl-a-5mp-hdcvi-ir-bullet-camera.jpg?fit=800%2C504&resize=350%2C200","width":350,"height":200},"classes":[]}],"_links":{"self":[{"href":"http:\/\/astehshop.com\/index.php\/wp-json\/wp\/v2\/product\/5426"}],"collection":[{"href":"http:\/\/astehshop.com\/index.php\/wp-json\/wp\/v2\/product"}],"about":[{"href":"http:\/\/astehshop.com\/index.php\/wp-json\/wp\/v2\/types\/product"}],"replies":[{"embeddable":true,"href":"http:\/\/astehshop.com\/index.php\/wp-json\/wp\/v2\/comments?post=5426"}],"wp:featuredmedia":[{"embeddable":true,"href":"http:\/\/astehshop.com\/index.php\/wp-json\/wp\/v2\/media\/5427"}],"wp:attachment":[{"href":"http:\/\/astehshop.com\/index.php\/wp-json\/wp\/v2\/media?parent=5426"}],"wp:term":[{"taxonomy":"product_cat","embeddable":true,"href":"http:\/\/astehshop.com\/index.php\/wp-json\/wp\/v2\/product_cat?post=5426"},{"taxonomy":"product_tag","embeddable":true,"href":"http:\/\/astehshop.com\/index.php\/wp-json\/wp\/v2\/product_tag?post=5426"}],"curies":[{"name":"wp","href":"https:\/\/api.w.org\/{rel}","templated":true}]}}