{"id":5422,"date":"2021-10-16T19:43:14","date_gmt":"2021-10-16T17:43:14","guid":{"rendered":"http:\/\/astehshop.com\/?post_type=product&#038;p=5422"},"modified":"2025-09-17T22:00:50","modified_gmt":"2025-09-17T20:00:50","slug":"dahua-hac-hdw1500tmq-a-0280b-5-mpx","status":"publish","type":"product","link":"http:\/\/astehshop.com\/index.php\/product\/dahua-hac-hdw1500tmq-a-0280b-5-mpx\/","title":{"rendered":"Dahua HAC-HDW1500TMQ-A-0280B 5 MPX"},"content":{"rendered":"<p>5MP HDCVI kamera u eyeball ku\u0107i\u0161tu sa StarLight tehnologijom 4 u 1 TVI\/AHD\/CVI\/CVBS re\u017eim.<br \/>\n0.005 Lux\/F1.6, 30IRE, 0 Lux IR on. Maksimalna rezolucija 2880&#215;1620. Fiksna optika 2.8 mm. Nivo za\u0161tite IP67. DWDR. Domet IC dioda 60 metara. Integrisan mikrofon. 12v napajanje. Odgovaraju\u0107a dozna je PFA130-E. Nosa\u010d za banderu je PFA152-E.<\/p>\n","protected":false},"excerpt":{"rendered":"<p>5MP HDCVI kamera u eyeball ku\u0107i\u0161tu sa StarLight tehnologijom 4 u 1 TVI\/AHD\/CVI\/CVBS re\u017eim.<br \/>\n0.005 Lux\/F1.6, 30IRE, 0 Lux IR on. Maksimalna rezolucija 2880&#215;1620. Fiksna optika 2.8 mm. Nivo za\u0161tite IP67. DWDR. Domet IC dioda 60 metara. Integrisan mikrofon. 12v napajanje. Odgovaraju\u0107a dozna je PFA130-E. Nosa\u010d za banderu je PFA152-E.<\/p>\n","protected":false},"featured_media":5423,"comment_status":"open","ping_status":"closed","template":"","meta":{"_mi_skip_tracking":false,"_exactmetrics_sitenote_active":false,"_exactmetrics_sitenote_note":"","_exactmetrics_sitenote_category":0,"spay_email":""},"product_cat":[131,4415],"product_tag":[2230,1520,468,3225],"brands":[{"id":2045,"name":"Dahua","slug":"dahua"}],"df_price":"","df_sale_price":"","df_regular_price":"","df_image_link":"https:\/\/i2.wp.com\/astehshop.com\/wp-content\/uploads\/2021\/10\/HAC-HDW1500TMQ-A-0280B.png?fit=300%2C300","jetpack_publicize_connections":[],"jetpack_sharing_enabled":true,"jetpack_likes_enabled":true,"jetpack-related-posts":[{"id":7683,"url":"http:\/\/astehshop.com\/index.php\/product\/dahua-hac-hdw1500trq-0280b-s2-dome-kamera\/","url_meta":{"origin":5422,"position":0},"title":"Dahua HAC-HDW1500TRQ-0280B-S2 dome kamera","date":"9. svibnja 2023.","format":false,"excerpt":"5MP HDCVI kamera u eyeball ku\u0107i\u0161tu sa StarLight tehnologijom 4 u 1 TVI\/AHD\/CVI\/CVBS re\u017eim 0.005 Lux\/F1.6 30IRE 0 Lux IR on Maksimalna rezolucija 2880x1620 Fiksna optika 2.8 mm Nivo za\u0161tite IP50 DWDR Domet IC dioda 25 metara 12v napajanje Odgovaraju\u0107a dozna je PFA13G Nosa\u010d za banderu je PFA152-E Zidni nosa\u010d\u2026","rel":"","context":"Srodne objave","img":{"alt_text":"","src":"https:\/\/i1.wp.com\/astehshop.com\/wp-content\/uploads\/2023\/05\/HAC-HDW1500TRQ-0280B-S2_10197_0.png?fit=1194%2C1128&resize=350%2C200","width":350,"height":200},"classes":[]},{"id":9075,"url":"http:\/\/astehshop.com\/index.php\/product\/dahua-hac-hdbw1500e-0280b-s2-kamera\/","url_meta":{"origin":5422,"position":1},"title":"Dahua HAC-HDBW1500E-0280B-S2 kamera","date":"19. velja\u010de 2024.","format":false,"excerpt":"5MP HDCVI kamera u dome ku\u0107i\u0161tu 4 u 1 TVI\/AHD\/CVI\/CVBS re\u017eim. 0.01 Lux\/F1.6, 30IRE, 0 Lux IR on . Maksimalna rezolucija 2880x1620. Fiksna optika 2.8 mm. Nivo za\u0161tite IP67, IK10. DWDR. Domet IC dioda 30 metara. 12v napajanje. Odgovaraju\u0107a dozna je PFA136. Nosa\u010d za banderu je PFA152-E. Zidni nosa\u010d je\u2026","rel":"","context":"Srodne objave","img":{"alt_text":"","src":"https:\/\/i1.wp.com\/astehshop.com\/wp-content\/uploads\/2024\/02\/dahua-hac-hdbw1500e-0280b-s2-kamera_0.png?fit=1200%2C675&resize=350%2C200","width":350,"height":200},"classes":[]},{"id":5282,"url":"http:\/\/astehshop.com\/index.php\/product\/dahua-dome-full-color-kamera-hac-hdw1509t-a-led-0280b\/","url_meta":{"origin":5422,"position":2},"title":"Dahua dome FULL COLOR kamera HAC-HDW1509T-A-LED-0280B","date":"9. listopada 2021.","format":false,"excerpt":"5MP HDCVI kamera u eyeball ku\u0107i\u0161tu sa Full-color tehnologijom, 4 u 1 TVI\/AHD\/CVI\/CVBS re\u017eim. 0.001Lux\/F1.0, 30IRE, 0 Lux warm light on. Maksimalna rezolucija 2880x1620. Fiksna optika 2.8 mm. Nivo za\u0161tite IP67. 120dB WDR. Domet LED dioda 40 metara. Integrisan mikrofon. 12v napajanje. Odgovaraju\u0107a dozna je PFA139. Nosa\u010d za banderu je\u2026","rel":"","context":"Srodne objave","img":{"alt_text":"","src":"https:\/\/i2.wp.com\/astehshop.com\/wp-content\/uploads\/2021\/10\/HAC-HDW1509T-A-LED-0280B.jpg?fit=700%2C700&resize=350%2C200","width":350,"height":200},"classes":[]},{"id":5447,"url":"http:\/\/astehshop.com\/index.php\/product\/dahua-hdcvi-kamera-5-mp-starlight-hac-hfw1500th-i8\/","url_meta":{"origin":5422,"position":3},"title":"Dahua HDCVI kamera 5 MP StarLight HAC-HFW1500TH-I8","date":"16. listopada 2021.","format":false,"excerpt":"5MP HDCVI kamera u bullet ku\u0107i\u0161tu 4 u 1 TVI\/AHD\/CVI\/CVBS re\u017eim. 0.02Lux\/F1.85, 30IRE, 0Lux IR on. Maksimalna rezolucija 2592x1944. Fiksna optika 3.6mm. Nivo za\u0161tite IP67. DWDR. Domet IC dioda 80 metara. 12v napajanje. Odgovaraju\u0107a dozna je PFA130-E. Nosa\u010d za banderu je PFA152-E.","rel":"","context":"Srodne objave","img":{"alt_text":"","src":"https:\/\/i1.wp.com\/astehshop.com\/wp-content\/uploads\/2021\/10\/HAC-HFW1500TH-I4-1-21_thumb.png?fit=400%2C400&resize=350%2C200","width":350,"height":200},"classes":[]},{"id":5424,"url":"http:\/\/astehshop.com\/index.php\/product\/dahua-hac-hdw1500t-z-a-2712-varifokalna-optika-2-7-12-mm\/","url_meta":{"origin":5422,"position":4},"title":"Dahua HAC-HDW1500T-Z-A-2712 varifokalna optika 2.7 &#8211; 12 mm","date":"16. listopada 2021.","format":false,"excerpt":"5MP HDCVI kamera u eyeball ku\u0107i\u0161tu 4 u 1 TVI\/AHD\/CVI\/CVBS re\u017eim. 0.02Lux\/F1.8, 30IRE, 0Lux IR on. Maksimalna rezolucija 2592x1944. Varifokalna optika 2.7 - 12 mm. Nivo za\u0161tite IP67. DWDR. Domet IC dioda 50 metara. Integrisan mikrofon. 12v napajanje. Odgovaraju\u0107a dozna je PFA130-E. Nosa\u010d za banderu je PFA152-E.","rel":"","context":"Srodne objave","img":{"alt_text":"","src":"https:\/\/i2.wp.com\/astehshop.com\/wp-content\/uploads\/2021\/10\/HAC-HDW1500T-Z-A-0_thumb.png?fit=400%2C400&resize=350%2C200","width":350,"height":200},"classes":[]},{"id":5438,"url":"http:\/\/astehshop.com\/index.php\/product\/dahua-hac-hfw1200th-i8-0360b\/","url_meta":{"origin":5422,"position":5},"title":"Dahua HAC-HFW1200TH-I8-0360B","date":"16. listopada 2021.","format":false,"excerpt":"2MP HDCVI kamera u bullet ku\u0107i\u0161tu 4 u 1 TVI\/AHD\/CVI\/CVBS re\u017eim. 0.02Lux\/F1.9, 30IRE, 0Lux IR on. Maksimalna rezolucija 1920x1080. Fiksna optika 3.6mm. Nivo za\u0161tite IP67. DWDR. Domet IC dioda 80 metara. 12v napajanje. Odgovaraju\u0107a dozna je PFA130-E. Nosa\u010d za banderu je PFA152-E.","rel":"","context":"Srodne objave","img":{"alt_text":"","src":"https:\/\/i1.wp.com\/astehshop.com\/wp-content\/uploads\/2021\/10\/dahua-hac-hfw1200th-i8-0360b_0.jpg?fit=1200%2C675&resize=350%2C200","width":350,"height":200},"classes":[]}],"_links":{"self":[{"href":"http:\/\/astehshop.com\/index.php\/wp-json\/wp\/v2\/product\/5422"}],"collection":[{"href":"http:\/\/astehshop.com\/index.php\/wp-json\/wp\/v2\/product"}],"about":[{"href":"http:\/\/astehshop.com\/index.php\/wp-json\/wp\/v2\/types\/product"}],"replies":[{"embeddable":true,"href":"http:\/\/astehshop.com\/index.php\/wp-json\/wp\/v2\/comments?post=5422"}],"wp:featuredmedia":[{"embeddable":true,"href":"http:\/\/astehshop.com\/index.php\/wp-json\/wp\/v2\/media\/5423"}],"wp:attachment":[{"href":"http:\/\/astehshop.com\/index.php\/wp-json\/wp\/v2\/media?parent=5422"}],"wp:term":[{"taxonomy":"product_cat","embeddable":true,"href":"http:\/\/astehshop.com\/index.php\/wp-json\/wp\/v2\/product_cat?post=5422"},{"taxonomy":"product_tag","embeddable":true,"href":"http:\/\/astehshop.com\/index.php\/wp-json\/wp\/v2\/product_tag?post=5422"}],"curies":[{"name":"wp","href":"https:\/\/api.w.org\/{rel}","templated":true}]}}