{"id":5420,"date":"2021-10-16T19:34:54","date_gmt":"2021-10-16T17:34:54","guid":{"rendered":"http:\/\/astehshop.com\/?post_type=product&#038;p=5420"},"modified":"2025-09-17T22:00:51","modified_gmt":"2025-09-17T20:00:51","slug":"dahua-hac-hdw1500em-a-0280-dome-5-mpx","status":"publish","type":"product","link":"http:\/\/astehshop.com\/index.php\/product\/dahua-hac-hdw1500em-a-0280-dome-5-mpx\/","title":{"rendered":"Dahua HAC-HDW1500EM-A-0280 dome 5 MPX"},"content":{"rendered":"<p>HDCVI kamera, 5 megapiksela, Effective Pixels 2592(H)\u00d71944(V), vodootporna kamera u dome IP67 ku\u0107i\u0161tu, sa integrisanim mikrofonom<br \/>\nImage Sensor 1\/2.7&#8221; CMOS 5 megapikselni \u010dip Max 5MP, 20fps@5MP, 25\/30fps@4MP, 25\/30fps@1080P, Auto (ICR) \/ Manual, BLC \/ HLC \/ DWDR, DWDR, AGC, White Balance, Smart IR, fiksni megapikselni objektiv 2,8mm, Smart infracrvene diode maksimalnog dometa do 50m, mikrofon, IP67, IK10, DC12V. Odgovaraju\u0107a nazidna dozna je PFA130-E a nosa\u010d je PFB204W.<\/p>\n","protected":false},"excerpt":{"rendered":"<p>HDCVI kamera, 5 megapiksela, Effective Pixels 2592(H)\u00d71944(V), vodootporna kamera u dome IP67 ku\u0107i\u0161tu, sa integrisanim mikrofonom<br \/>\nImage Sensor 1\/2.7&#8221; CMOS 5 megapikselni \u010dip Max 5MP, 20fps@5MP, 25\/30fps@4MP, 25\/30fps@1080P, Auto (ICR) \/ Manual, BLC \/ HLC \/ DWDR, DWDR, AGC, White Balance, Smart IR, fiksni megapikselni objektiv 2,8mm, Smart infracrvene diode maksimalnog dometa do 50m, mikrofon, IP67, IK10, DC12V. Odgovaraju\u0107a nazidna dozna je PFA130-E a nosa\u010d je PFB204W.<\/p>\n","protected":false},"featured_media":5421,"comment_status":"open","ping_status":"closed","template":"","meta":{"_mi_skip_tracking":false,"_exactmetrics_sitenote_active":false,"_exactmetrics_sitenote_note":"","_exactmetrics_sitenote_category":0,"spay_email":""},"product_cat":[131,4415],"product_tag":[435,392,933,1937,1520,3224,3223,1383,1384,251,394,462],"brands":[],"df_price":"","df_sale_price":"","df_regular_price":"","df_image_link":"https:\/\/i1.wp.com\/astehshop.com\/wp-content\/uploads\/2021\/10\/HAC-HDW1500EM-A-0280.jpg?fit=450%2C450","jetpack_publicize_connections":[],"jetpack_sharing_enabled":true,"jetpack_likes_enabled":true,"jetpack-related-posts":[{"id":4666,"url":"http:\/\/astehshop.com\/index.php\/product\/kamera-za-video-nadzor-hac-hfw1500tl-a\/","url_meta":{"origin":5420,"position":0},"title":"Kamera za video nadzor HAC-HFW1500TL-A 5 MPX ISTEK ZALIHA","date":"20. rujna 2020.","format":false,"excerpt":"4u1 (analogna, HDCVI, AHD, TVI) 5MP Bullet IC kamera 1\/2.7\u201d 5 Megapixela CMOS Efektivni broj piksela 2592(H)\u00d71944(V) Frame rate \/ rezolucija 20fps@ 2592\u00d71944, 25\/30fps@ 4MP, 25\/30fps@ 1080P Vidni ugao 98\u00b0 Osetljivost 0.02Lux\/F1.85, 0Lux (IC uklju\u010d.) True day\/night (ICR) Smart IC LE diode dometa cca. 80m Inkorporiran mikrofon DWDR BLC 2D\u2026","rel":"","context":"Srodne objave","img":{"alt_text":"","src":"https:\/\/i2.wp.com\/astehshop.com\/wp-content\/uploads\/2020\/09\/hac-hfw1500tl-a-5mp-hdcvi-ir-bullet-camera.jpg?fit=800%2C504&resize=350%2C200","width":350,"height":200},"classes":[]},{"id":10101,"url":"http:\/\/astehshop.com\/index.php\/product\/hac-hfw1500cl-il-a-5-mpx-dual-light-dahua-kamera\/","url_meta":{"origin":5420,"position":1},"title":"HAC-HFW1500CL-IL-A 5 MPX Dual Light Dahua kamera","date":"30. o\u017eujka 2025.","format":false,"excerpt":"Dahua HAC-HFW1500CL-IL-A-0280B-S2 5MP HDCVI Smart Dual Light bullet kamera , DWDR, IR i LED dometa 20m, integrisanim mikrofonom, za\u0161titom IP67 i podr\u0161kom za 4-u-1 re\u017eime. https:\/\/www.youtube.com\/watch?v=TckTLrQiIfM \u00a0","rel":"","context":"Srodne objave","img":{"alt_text":"","src":"https:\/\/i0.wp.com\/astehshop.com\/wp-content\/uploads\/2025\/03\/1200cm.png?fit=400%2C400&resize=350%2C200","width":350,"height":200},"classes":[]},{"id":3959,"url":"http:\/\/astehshop.com\/index.php\/product\/hikvision-colorvu-kamera-5-mp-ds-2ce72hft-f28\/","url_meta":{"origin":5420,"position":2},"title":"HikVision ColorVu kamera 5 MP DS-2CE72HFT-F28 *","date":"17. velja\u010de 2020.","format":false,"excerpt":"ColorVu 5MP dan\/no\u0107 TVI kamera u dome ku\u0107i\u0161tu, 5 megapiksela, 4 u 1 (TVI, AHD, CVI ili analogna) sa IC diodama Slika u boji 24 sata, 5 megapiksela CMOS \u010dip, rezolucija 2560\u00d71944 piksela, fiksni objektiv 2.8mm, TVI video izlaz rezolucije 5MP (mogu\u0107e prebacivanje u TVI\/AHD\/CVI,CVBS re\u017eim), emitovanje 5MP u 20fps,\u2026","rel":"","context":"Srodne objave","img":{"alt_text":"","src":"https:\/\/i2.wp.com\/astehshop.com\/wp-content\/uploads\/2020\/02\/DS-2CE72HFT-F28.png?fit=1086%2C942&resize=350%2C200","width":350,"height":200},"classes":[]},{"id":3710,"url":"http:\/\/astehshop.com\/index.php\/product\/dahua-3mp-wifi-ip-kamera-ipc-hdbw1320e-w-0280\/","url_meta":{"origin":5420,"position":3},"title":"Dahua 3MP WiFi Ip kamera IPC-HDBW1320E-W-0280","date":"27. rujna 2019.","format":false,"excerpt":"> 1\/3 \u201d3Megapikselni progresivni CMOS > H.264 & MJPEG kodiranje dvostrukog toka > 20fps @ (2304x1296) & 25 \/ 30fps @ 2M (1920x1080) > DWDR, dan \/ no\u0107 (ICR), 3DNR, AWB, AGC, BLC > Wi-Fi podr\u0161ka > 2,8 mm fiksna le\u0107a (opcija 3,6 mm) > Max IR LED diode Du\u017eina\u2026","rel":"","context":"Srodne objave","img":{"alt_text":"","src":"https:\/\/i1.wp.com\/astehshop.com\/wp-content\/uploads\/2019\/09\/PC-HDBW1320E-W-0280.png?fit=400%2C400&resize=350%2C200","width":350,"height":200},"classes":[]},{"id":3698,"url":"http:\/\/astehshop.com\/index.php\/product\/dahua-5mp-starlight-hdcvi-dome-kamera-hac-hdw2501tp-a-0280\/","url_meta":{"origin":5420,"position":4},"title":"Dahua 5MP StarLight HDCVI dome kamera HAC-HDW2501TP-A-0280","date":"27. rujna 2019.","format":false,"excerpt":"> Zvjezdana svjetlost, 120dB istinski WDR, 3DNR > Maks. 20fps @ 5MP > HD \/ SD izlaz se mo\u017ee mijenjati > Audio u interfejsu, ugra\u0111eni mikrofon > 3.6mm fiksna le\u0107a (2.8mm, 6mm opcionalno) > Maks. IC du\u017eina 50m, Smart IR > IP67, DC12V \u00b1 30%","rel":"","context":"Srodne objave","img":{"alt_text":"","src":"https:\/\/i1.wp.com\/astehshop.com\/wp-content\/uploads\/2019\/09\/HAC-HDW2501TP-A-0280.png?fit=400%2C400&resize=350%2C200","width":350,"height":200},"classes":[]},{"id":3957,"url":"http:\/\/astehshop.com\/index.php\/product\/hikvision-colorvu-kamera-5-mp-ds-2ce10hft-f28\/","url_meta":{"origin":5420,"position":5},"title":"HikVision ColorVu kamera 5 MP DS-2CE10HFT-F28 *","date":"17. velja\u010de 2020.","format":false,"excerpt":"ColorVu 5MP dan\/no\u0107 TVI kamera u bullet ku\u0107i\u0161tu, 5 megapiksela, 4 u 1 (TVI, AHD, CVI ili analogna) sa IC diodama Slika u boji 24 sata, 5 megapiksela CMOS \u010dip, rezolucija 2560\u00d71944 piksela, fiksni objektiv 2.8mm, TVI video izlaz rezolucije 5MP (mogu\u0107e prebacivanje u TVI\/AHD\/CVI,CVBS re\u017eim), emitovanje 5MP u 20fps,\u2026","rel":"","context":"Srodne objave","img":{"alt_text":"","src":"https:\/\/i2.wp.com\/astehshop.com\/wp-content\/uploads\/2020\/02\/DS-2CE10HFT-F28.png?fit=984%2C888&resize=350%2C200","width":350,"height":200},"classes":[]}],"_links":{"self":[{"href":"http:\/\/astehshop.com\/index.php\/wp-json\/wp\/v2\/product\/5420"}],"collection":[{"href":"http:\/\/astehshop.com\/index.php\/wp-json\/wp\/v2\/product"}],"about":[{"href":"http:\/\/astehshop.com\/index.php\/wp-json\/wp\/v2\/types\/product"}],"replies":[{"embeddable":true,"href":"http:\/\/astehshop.com\/index.php\/wp-json\/wp\/v2\/comments?post=5420"}],"wp:featuredmedia":[{"embeddable":true,"href":"http:\/\/astehshop.com\/index.php\/wp-json\/wp\/v2\/media\/5421"}],"wp:attachment":[{"href":"http:\/\/astehshop.com\/index.php\/wp-json\/wp\/v2\/media?parent=5420"}],"wp:term":[{"taxonomy":"product_cat","embeddable":true,"href":"http:\/\/astehshop.com\/index.php\/wp-json\/wp\/v2\/product_cat?post=5420"},{"taxonomy":"product_tag","embeddable":true,"href":"http:\/\/astehshop.com\/index.php\/wp-json\/wp\/v2\/product_tag?post=5420"}],"curies":[{"name":"wp","href":"https:\/\/api.w.org\/{rel}","templated":true}]}}