{"id":5413,"date":"2021-10-15T16:25:02","date_gmt":"2021-10-15T14:25:02","guid":{"rendered":"http:\/\/astehshop.com\/?post_type=product&#038;p=5413"},"modified":"2022-11-19T14:14:57","modified_gmt":"2022-11-19T13:14:57","slug":"mi-smart-space-heater-s-pametna-grijalica","status":"publish","type":"product","link":"http:\/\/astehshop.com\/index.php\/product\/mi-smart-space-heater-s-pametna-grijalica\/","title":{"rendered":"Mi Smart Space Heater S | Pametna grijalica"},"content":{"rendered":"<h2>Zagrijte svoj dom<\/h2>\n<p>Ugodno i tiho zagrijava zrak u prostoriji uz mogu\u0107nost stalnog odr\u017eavanja topline.<\/p>\n<p>Grijalica <strong>Smart Space Heater<\/strong> je izvrstan ure\u0111aj za grijanje uredskog i stambenog prostora.<\/p>\n<p>Digitalni termostat ima <strong>6 temperaturnih postavki<\/strong><\/p>\n<p>\u2022 Pa\u017eljivo dizajniran<br \/>\n\u2022 Ne\u010dujna tehnologija s prirodnim grijanjem zraka<br \/>\n\u2022 Stalno odr\u017eavanje temperature izme\u0111u 18-28\u00baC<br \/>\n\u2022 Daljinsko upravljanje pametnim telefonom<\/p>\n","protected":false},"excerpt":{"rendered":"<h2>Zagrijte svoj dom<\/h2>\n<p>Ugodno i tiho zagrijava zrak u prostoriji uz mogu\u0107nost stalnog odr\u017eavanja topline.<\/p>\n<p>Grijalica <strong>Smart Space Heater<\/strong> je izvrstan ure\u0111aj za grijanje uredskog i stambenog prostora.<\/p>\n<p>Digitalni termostat ima <strong>6 temperaturnih postavki<\/strong><\/p>\n<p>\u2022 Pa\u017eljivo dizajniran<br \/>\n\u2022 Ne\u010dujna tehnologija s prirodnim grijanjem zraka<br \/>\n\u2022 Stalno odr\u017eavanje temperature izme\u0111u 18-28\u00baC<br \/>\n\u2022 Daljinsko upravljanje pametnim telefonom<\/p>\n","protected":false},"featured_media":5414,"comment_status":"open","ping_status":"closed","template":"","meta":{"_mi_skip_tracking":false,"_exactmetrics_sitenote_active":false,"_exactmetrics_sitenote_note":"","_exactmetrics_sitenote_category":0,"spay_email":""},"product_cat":[656,1847,4415],"product_tag":[3158,3220,3221,3222],"brands":[{"id":2356,"name":"xiaomi","slug":"xiaomi"}],"df_price":180,"df_sale_price":180,"df_regular_price":190,"df_image_link":"https:\/\/i0.wp.com\/astehshop.com\/wp-content\/uploads\/2021\/10\/mi-smart-space-heater-s-4.jpg?fit=450%2C290","jetpack_publicize_connections":[],"jetpack_sharing_enabled":true,"jetpack_likes_enabled":true,"jetpack-related-posts":[{"id":11792,"url":"http:\/\/astehshop.com\/index.php\/product\/xiaomi-mi-smart-space-heater-s-pametna-grijalica\/","url_meta":{"origin":5413,"position":0},"title":"Xiaomi Mi Smart Space Heater S &#8211; pametna grijalica","date":"28. rujna 2025.","format":false,"excerpt":"Xiaomi Mi Smart Space Heater S - pametna grijalica \/ konvektor, max. snaga 2200W, digitalni termostat sa 6 nivoa (18, 20, 22, 24, 26, 28 \u00b0C), timer za 1, 3, 5 i 12 h, za zagrijavanje prostora do 46 m\u00b2. Ugra\u0111en WiFi 2.4 GHz 802.11 b\/g\/n, daljinsko upravljanje putem pametnog\u2026","rel":"","context":"Srodne objave","img":{"alt_text":"","src":"https:\/\/i2.wp.com\/astehshop.com\/wp-content\/uploads\/2025\/09\/xiaomi-mi-heater.png?fit=1200%2C999&resize=350%2C200","width":350,"height":200},"classes":[]},{"id":9483,"url":"http:\/\/astehshop.com\/index.php\/product\/panel-elektricna-grijalica-smart-1000-w-wifi\/","url_meta":{"origin":5413,"position":1},"title":"Panel elektri\u010dna grijalica, smart, 1000 W, WiFi","date":"21. rujna 2024.","format":false,"excerpt":"Elektri\u010dni panel, konvektor, dva nivoa snage grija\u010da 500W \/ 1000W, multifunkcionalni display, timer, kontrola dodirnim tipkama ili pametnim telefonom, elektroni\u010dki termostat, IPX4 standard, samostoje\u0107a ili zidna, automatsko isklju\u010divanje u slu\u010daju prevrtanja ili pregrijavanja, dje\u010dja brava, Ugra\u0111en WiFi, mogu\u0107nost kontrole preko pametnog telefona ( iOS 9.0 i Android 4.4 ) Dimenzije\u2026","rel":"","context":"Srodne objave","img":{"alt_text":"","src":"https:\/\/i0.wp.com\/astehshop.com\/wp-content\/uploads\/2024\/09\/12226_16862278591s0maf89ns.png?fit=1200%2C1200&resize=350%2C200","width":350,"height":200},"classes":[]},{"id":9720,"url":"http:\/\/astehshop.com\/index.php\/product\/konvektorska-grijalica-kumtel-hc-2947-2500w-elektricna\/","url_meta":{"origin":5413,"position":2},"title":"Konvektorska grijalica Kumtel HC-2947 2500W, elektri\u010dna","date":"24. studenoga 2024.","format":false,"excerpt":"Snaga: 2500 W Napon: 220 - 240 V Podesivi termostat 2 postavke topline: 1250 W \/ 2500 W Mogu\u0107nost monta\u017ee na zid Pokrivenost grijanja na otvorenom: 20 m\u00b2 Pokrivenost grijanja u zatvorenom: 30 m\u00b2 Sigurna, tiha, lagana sa posebnim sustavom koji osigurava u\u010dinkovito grijanje Boja artikla: bijela","rel":"","context":"Srodne objave","img":{"alt_text":"","src":"https:\/\/i0.wp.com\/astehshop.com\/wp-content\/uploads\/2024\/11\/Konvektorska-grijalica-Kumtel-HC-2947-2500W-elektricna.png?fit=800%2C800&resize=350%2C200","width":350,"height":200},"classes":[]},{"id":6691,"url":"http:\/\/astehshop.com\/index.php\/product\/grijalica-konvektor-2000-w-zln6258\/","url_meta":{"origin":5413,"position":3},"title":"Grijalica, konvektor, 2000 W ZLN6258","date":"19. studenoga 2022.","format":false,"excerpt":"Elektri\u010dna panel grijalica, snaga 2000 W, samostoje\u0107i ili monta\u017ea na zid, sustav grijanja bez smanjivanja razine kisika u prostoriji, 2 opcije snage, podesivi termostat Siguran, tih, lagan, dekorativan","rel":"","context":"Srodne objave","img":{"alt_text":"","src":"https:\/\/i0.wp.com\/astehshop.com\/wp-content\/uploads\/2022\/11\/8682744806258.jpg?fit=1200%2C1128&resize=350%2C200","width":350,"height":200},"classes":[]},{"id":9725,"url":"http:\/\/astehshop.com\/index.php\/product\/kupaonska-grijalica-green-tech-2000w-elektricna\/","url_meta":{"origin":5413,"position":4},"title":"Kupaonska grijalica Green Tech 2000W, elektri\u010dna","date":"24. studenoga 2024.","format":false,"excerpt":"Snaga: 2000 W 2 postavke topline: 1000 W \/ 2000 W Mogu\u0107nost odabira zraka: hladan \/ topao \/ vru\u0107 IP stupanj za\u0161tite: IP23 LED zaslon osjetljiv na dodir Upravljanje pomo\u0107u daljinskog upravlja\u010da Za\u0161tita od pregrijavanja Vrsta kontrole: elektroni\u010dko Povr\u0161ina pokrivanja \/ zagrijavanja: 20 m\u00b2 Napon: AC 220 - 240 V\u2026","rel":"","context":"Srodne objave","img":{"alt_text":"","src":"https:\/\/i1.wp.com\/astehshop.com\/wp-content\/uploads\/2024\/11\/HBH-2005WB_10489.png?fit=1200%2C1200&resize=350%2C200","width":350,"height":200},"classes":[]},{"id":11790,"url":"http:\/\/astehshop.com\/index.php\/product\/konvektor-elektricna-panel-grijalica-2000w-wifi\/","url_meta":{"origin":5413,"position":5},"title":"Konvektor, elektri\u010dna panel grijalica, 2000W, WiFi","date":"28. rujna 2025.","format":false,"excerpt":"Grija\u0107i modul serije ECH\/AG2 opremljen je modernim grija\u0107im elementom HEDGEHOG, koji br\u017ee posti\u017ee radnu temperaturu 20% i ima super kompaktnu veli\u010dinu zbog pove\u0107anog podru\u010dja prijenosa topline. 15% ni\u017ea temperatura elementa i ku\u0107i\u0161ta osigurava meku i ugodnu toplinu. Vijek trajanja grija\u0107eg elementa HEDGEHOG je 25 godina! Aerodinami\u010dki sustav Intelligent Air Dynamic\u2026","rel":"","context":"Srodne objave","img":{"alt_text":"","src":"https:\/\/i0.wp.com\/astehshop.com\/wp-content\/uploads\/2025\/09\/Konvektor-elektricna-panel-grijalica-2000W-WiFi.png?fit=1200%2C1051&resize=350%2C200","width":350,"height":200},"classes":[]}],"_links":{"self":[{"href":"http:\/\/astehshop.com\/index.php\/wp-json\/wp\/v2\/product\/5413"}],"collection":[{"href":"http:\/\/astehshop.com\/index.php\/wp-json\/wp\/v2\/product"}],"about":[{"href":"http:\/\/astehshop.com\/index.php\/wp-json\/wp\/v2\/types\/product"}],"replies":[{"embeddable":true,"href":"http:\/\/astehshop.com\/index.php\/wp-json\/wp\/v2\/comments?post=5413"}],"wp:featuredmedia":[{"embeddable":true,"href":"http:\/\/astehshop.com\/index.php\/wp-json\/wp\/v2\/media\/5414"}],"wp:attachment":[{"href":"http:\/\/astehshop.com\/index.php\/wp-json\/wp\/v2\/media?parent=5413"}],"wp:term":[{"taxonomy":"product_cat","embeddable":true,"href":"http:\/\/astehshop.com\/index.php\/wp-json\/wp\/v2\/product_cat?post=5413"},{"taxonomy":"product_tag","embeddable":true,"href":"http:\/\/astehshop.com\/index.php\/wp-json\/wp\/v2\/product_tag?post=5413"}],"curies":[{"name":"wp","href":"https:\/\/api.w.org\/{rel}","templated":true}]}}