{"id":5402,"date":"2021-10-12T08:26:56","date_gmt":"2021-10-12T06:26:56","guid":{"rendered":"http:\/\/astehshop.com\/?post_type=product&#038;p=5402"},"modified":"2022-11-19T14:14:58","modified_gmt":"2022-11-19T13:14:58","slug":"mobitel-xiaomi-poco-m3-4gb-128gb-zuti","status":"publish","type":"product","link":"http:\/\/astehshop.com\/index.php\/product\/mobitel-xiaomi-poco-m3-4gb-128gb-zuti\/","title":{"rendered":"Mobitel Xiaomi Poco M3 4GB 128GB \u017duti"},"content":{"rendered":"<p>6,53&#8243; 2340 x 1080 HD IPS, Qualcomm SM6115 Snapdragon 662 (11 nm) CPU Octa-core (4&#215;2.0 GHz Kryo 260 Gold &amp; 4&#215;1.8 GHz Kryo 260 Silver), 4GB RAM, 128GB Internal storage, microSD, up to 256 GB (uses SIM 2 slot),kamera: Triple 48 MP, f\/1.8, (wide), 1\/2.0&#8243;, 0.8\u00b5m, PDAF 2 MP, f\/2.4, (macro) 2 MP, f\/2.4, (depth) prednja: 8 MP, f\/2.2, (wide), 1\/3.4&#8243;, 0.8\u00b5m, 4G,3G, 2G, Wi-Fi, BT 2.0, GPS, Dual SIM, OS Android 10, Garancija 2 godine<\/p>\n","protected":false},"excerpt":{"rendered":"<p>6,53&#8243; 2340 x 1080 HD IPS, Qualcomm SM6115 Snapdragon 662 (11 nm) CPU Octa-core (4&#215;2.0 GHz Kryo 260 Gold &amp; 4&#215;1.8 GHz Kryo 260 Silver), 4GB RAM, 128GB Internal storage, microSD, up to 256 GB (uses SIM 2 slot),kamera: Triple 48 MP, f\/1.8, (wide), 1\/2.0&#8243;, 0.8\u00b5m, PDAF 2 MP, f\/2.4, (macro) 2 MP, f\/2.4, (depth) prednja: 8 MP, f\/2.2, (wide), 1\/3.4&#8243;, 0.8\u00b5m, 4G,3G, 2G, Wi-Fi, BT 2.0, GPS, Dual SIM, OS Android 10, Garancija 2 godine<\/p>\n","protected":false},"featured_media":5403,"comment_status":"open","ping_status":"closed","template":"","meta":{"_mi_skip_tracking":false,"_exactmetrics_sitenote_active":false,"_exactmetrics_sitenote_note":"","_exactmetrics_sitenote_category":0,"spay_email":""},"product_cat":[4415,2355],"product_tag":[3202,3204,3201,3203,2525,2359,3158],"brands":[{"id":2356,"name":"xiaomi","slug":"xiaomi"}],"df_price":349,"df_sale_price":"","df_regular_price":349,"df_image_link":"https:\/\/i0.wp.com\/astehshop.com\/wp-content\/uploads\/2021\/10\/MZB0867EU_1.jpg?fit=450%2C338","jetpack_publicize_connections":[],"jetpack_sharing_enabled":true,"jetpack_likes_enabled":true,"jetpack-related-posts":[{"id":5703,"url":"http:\/\/astehshop.com\/index.php\/product\/xiaomi-poco-f3-8gb-256gb\/","url_meta":{"origin":5402,"position":0},"title":"Xiaomi Poco F3 8GB 256GB","date":"5. prosinca 2021.","format":false,"excerpt":"Ekran: 6.67\u2033, AMOLED, 120 Hz, 1080 x 2400 px Chipset: Snapdragon 870 5G Procesor: Octa-core (1x 3.2 GHz, 3x 2.4 GHz i 4x 1.8 GHz, Kryo 585 jezgre) Grafika: Adreno 650 RAM memorija: 8 GB Interna memorija: 256 GB microSD slot: NEMA Stra\u017enje kamere: 48 MP, f\/1.8, 26mm, 1\/2\u2033, 0.8\u00b5m,\u2026","rel":"","context":"Srodne objave","img":{"alt_text":"","src":"https:\/\/i2.wp.com\/astehshop.com\/wp-content\/uploads\/2021\/12\/1621330596_0903517_003.jpg?fit=1000%2C1000&resize=350%2C200","width":350,"height":200},"classes":[]},{"id":5700,"url":"http:\/\/astehshop.com\/index.php\/product\/pametni-mobilni-telefon-realme-c21y-4gb-64gb\/","url_meta":{"origin":5402,"position":1},"title":"Pametni mobilni telefon Realme C21Y 4GB 64GB","date":"5. prosinca 2021.","format":false,"excerpt":"aunch Announced 2021, June 21 Status Available. Released 2021, July 02 Body Dimensions 164.5 x 76 x 9.1 mm (6.48 x 2.99 x 0.36 in) Weight 200 g (7.05 oz) Build Glass front, plastic back, plastic frame SIM Dual SIM (Nano-SIM, dual stand-by) Display Type IPS LCD, 400 nits (typ)\u2026","rel":"","context":"Srodne objave","img":{"alt_text":"","src":"https:\/\/i0.wp.com\/astehshop.com\/wp-content\/uploads\/2021\/12\/Realme-C21Y-specs.jpg?fit=1000%2C1000&resize=350%2C200","width":350,"height":200},"classes":[]},{"id":10310,"url":"http:\/\/astehshop.com\/index.php\/product\/tablet-blackview-tab-a6-kids-4gb-128gb-wifi-10-ocean-blue\/","url_meta":{"origin":5402,"position":2},"title":"Tablet Blackview Tab A6 kids 4GB 128GB WiFi 10&#8243; Ocean Blue","date":"2. svibnja 2025.","format":false,"excerpt":"Procesor (CPU) Allwinner A523 \/ Octa-Core \/ 1.80 GHz Memorija (RAM) 4GB Ekran (Display) 10.1'' \/ IPS LCD \/ 60Hz Operativni Sistem Android 14 Pohrana podataka (Storage) 128GB EMMC Grafi\u010dka karta (GPU) ARM Mali-G57 MP1 Zadnja kamera 8MP Prednja kamera 5MP Baterija 5100mAh","rel":"","context":"Srodne objave","img":{"alt_text":"","src":"https:\/\/i1.wp.com\/astehshop.com\/wp-content\/uploads\/2025\/05\/Tablet-Blackview-Tab-A6-kids-4GB-128GB-WiFi.png?fit=900%2C900&resize=350%2C200","width":350,"height":200},"classes":[]},{"id":11954,"url":"http:\/\/astehshop.com\/index.php\/product\/xiaomi-redmi-15c-4gb-128gb-blue-eu\/","url_meta":{"origin":5402,"position":3},"title":"Xiaomi Redmi 15C 4GB 128GB Blue EU","date":"7. prosinca 2025.","format":false,"excerpt":"Xiaomi Redmi 15C 4GB 128GB Blue EU Xiaomi Redmi 15C\u00a0u varijanti sa\u00a04 GB RAM\u2011a\u00a0i\u00a0128 GB interne memorije\u00a0nudi sve \u0161to je potrebno za svakodnevnu upotrebu \u2013 od pregledavanja sadr\u017eaja i komunikacije, do laganih aplikacija i multimedije. Pristupa\u010dan je i pouzdan izbor u svojoj klasi. Klju\u010dne Karakteristike: Ekran:\u00a06.9\u2011in\u010dni\u00a0IPS LCD\u00a0ekran sa HD+ rezolucijom\u2026","rel":"","context":"Srodne objave","img":{"alt_text":"","src":"https:\/\/i2.wp.com\/astehshop.com\/wp-content\/uploads\/2025\/12\/Xiaomi-Redmi-15C-4GB-128GB-Blue-EU.png?fit=800%2C800&resize=350%2C200","width":350,"height":200},"classes":[]},{"id":6826,"url":"http:\/\/astehshop.com\/index.php\/product\/xiaomi-redmi-9a-4gb-64gb-black\/","url_meta":{"origin":5402,"position":4},"title":"Xiaomi Redmi 9A 4GB 64GB Black","date":"25. studenoga 2022.","format":false,"excerpt":"Xiaomi Redmi 9A u crnoj boji. IPS LCD ekran veli\u010dine 6.53 in\u010da. Te\u017eina 196g. Zadnja kamera 13 MP, prednja kamera 5MP. Android 10 operativni sistem i octa-core procesor.Interna memorija iznosi 64GB. RAM 4GB. Baterija 5000 mAh. Dual SIM (Nano-SIM, dual stand-by).","rel":"","context":"Srodne objave","img":{"alt_text":"","src":"https:\/\/i1.wp.com\/astehshop.com\/wp-content\/uploads\/2022\/11\/xiaomi-redmi-9a-4gb-64gb-black-noeu.jpg?fit=800%2C800&resize=350%2C200","width":350,"height":200},"classes":[]},{"id":11525,"url":"http:\/\/astehshop.com\/index.php\/product\/mercusys-mrouter-mercusys-4g-mb130-4g-ac1200\/","url_meta":{"origin":5402,"position":5},"title":"Mercusys MROUTER MERCUSYS 4G MB130-4G AC1200","date":"19. kolovoza 2025.","format":false,"excerpt":"LAN\/WAN port:\u00a01\u00d7 10\/100Mbps LAN port:\u00a01\u00d7 10\/100Mbps Antene:\u00a02\u00d7 eksterni 4G\/3G priklju\u010dci SIM slot:\u00a01\u00d7 Nano SIM Taster:\u00a0WPS \/ Reset Wi-Fi standardi:\u00a0IEEE 802.11b\/g\/n Frekvencija:\u00a02.4 GHz i 5 GHz Brzina Wi-Fi:\u00a0300 Mbps (2.4 GHz), 867 Mbps (5 GHz)","rel":"","context":"Srodne objave","img":{"alt_text":"","src":"https:\/\/i2.wp.com\/astehshop.com\/wp-content\/uploads\/2025\/08\/37942-Mercusys-MB130-AC1200-4G-LTE-Wireless-Dual-Band-Router-1.webp?fit=450%2C450&resize=350%2C200","width":350,"height":200},"classes":[]}],"_links":{"self":[{"href":"http:\/\/astehshop.com\/index.php\/wp-json\/wp\/v2\/product\/5402"}],"collection":[{"href":"http:\/\/astehshop.com\/index.php\/wp-json\/wp\/v2\/product"}],"about":[{"href":"http:\/\/astehshop.com\/index.php\/wp-json\/wp\/v2\/types\/product"}],"replies":[{"embeddable":true,"href":"http:\/\/astehshop.com\/index.php\/wp-json\/wp\/v2\/comments?post=5402"}],"wp:featuredmedia":[{"embeddable":true,"href":"http:\/\/astehshop.com\/index.php\/wp-json\/wp\/v2\/media\/5403"}],"wp:attachment":[{"href":"http:\/\/astehshop.com\/index.php\/wp-json\/wp\/v2\/media?parent=5402"}],"wp:term":[{"taxonomy":"product_cat","embeddable":true,"href":"http:\/\/astehshop.com\/index.php\/wp-json\/wp\/v2\/product_cat?post=5402"},{"taxonomy":"product_tag","embeddable":true,"href":"http:\/\/astehshop.com\/index.php\/wp-json\/wp\/v2\/product_tag?post=5402"}],"curies":[{"name":"wp","href":"https:\/\/api.w.org\/{rel}","templated":true}]}}