{"id":5395,"date":"2021-10-11T22:24:19","date_gmt":"2021-10-11T20:24:19","guid":{"rendered":"http:\/\/astehshop.com\/?post_type=product&#038;p=5395"},"modified":"2025-09-17T21:30:42","modified_gmt":"2025-09-17T19:30:42","slug":"hikvision-snimac-do-8-mpx-4-kanalni-ids-7204huhi-m1-s","status":"publish","type":"product","link":"http:\/\/astehshop.com\/index.php\/product\/hikvision-snimac-do-8-mpx-4-kanalni-ids-7204huhi-m1-s\/","title":{"rendered":"HikVision snimac do 8 Mpx 4 kanalni ids-7204huhi-m1\/s"},"content":{"rendered":"<p>4-KANALNI TURBO ACUSENSE HD SNIMA\u010c HDTVI, IP, CVBS, CVI,<br \/>\nAHD<br \/>\n-Rezolucija snimanja: 8 MP@8fps\/5 MP@12fps\/4 MP@15fps<br \/>\n-Rezolucija snimanja IP kamera: do 8 megapiksela rezolucije (2 IP kamera ili ukupno 6) ili napredni IP mod 4 megapiksela (4 IP kamera ili ukupno 8)<br \/>\n-Smart funkcije: Podr\u017eava VCA funkcije za HDTVI i smart IP kamere, Detekcija upada u obele\u017eeni prostor i linija prolaza na svima kanalima, VCA informacije,<br \/>\n-Video kompresija: H.265+\/H.265\/H.264+\/H.264 video kompresija, -Video\/audio ulazi: 4ch BNC, 1ch RCA audio, podr\u017eava kamere sa integrisanim mikrofonom na svim kanalima.<br \/>\n-Video\/audio izlazi: HDMI (2K), VGA (FULL HD), CVBS, 1-ch RCA audio, dvosmjerni audio<br \/>\n-Dodatni ulazi: RJ45 gigabitni mre\u017eni ulaz, RS-485, 2 USB 2.O interfejsa<br \/>\n-Mre\u017eni protokoli: TCP\/IP, PPPoE, DHCP, Hik-Connect, DNS, DDNS, NTP, SADP, NFS, iSCSI, UPnP&#x2122;, HTTPS, ONVIF<br \/>\n-Hard disk prostor: 1 sata HDD do 10TB kapaciteta<br \/>\n-Op\u0161te: Napajanje 12V DC, Potro\u0161nja 10W bez HDD,<br \/>\n-Radna temperatura -10 \u00baC ~+55 \u00baC<br \/>\n-Dimenzije 315\u00d7242\u00d745mm, Te\u017eina 2Kg<\/p>\n<p>&nbsp;<\/p>\n","protected":false},"excerpt":{"rendered":"<p>4-KANALNI TURBO ACUSENSE HD SNIMA\u010c HDTVI, IP, CVBS, CVI,<br \/>\nAHD<br \/>\n-Rezolucija snimanja: 8 MP@8fps\/5 MP@12fps\/4 MP@15fps<br \/>\n-Rezolucija snimanja IP kamera: do 8 megapiksela rezolucije (2 IP kamera ili ukupno 6) ili napredni IP mod 4 megapiksela (4 IP kamera ili ukupno 8)<br \/>\n-Smart funkcije: Podr\u017eava VCA funkcije za HDTVI i smart IP kamere, Detekcija upada u obele\u017eeni prostor i linija prolaza na svima kanalima, VCA informacije,<br \/>\n-Video kompresija: H.265+\/H.265\/H.264+\/H.264 video kompresija, -Video\/audio ulazi: 4ch BNC, 1ch RCA audio, podr\u017eava kamere sa integrisanim mikrofonom na svim kanalima.<br \/>\n-Video\/audio izlazi: HDMI (2K), VGA (FULL HD), CVBS, 1-ch RCA audio, dvosmjerni audio<br \/>\n-Dodatni ulazi: RJ45 gigabitni mre\u017eni ulaz, RS-485, 2 USB 2.O interfejsa<br \/>\n-Mre\u017eni protokoli: TCP\/IP, PPPoE, DHCP, Hik-Connect, DNS, DDNS, NTP, SADP, NFS, iSCSI, UPnP&#x2122;, HTTPS, ONVIF<br \/>\n-Hard disk prostor: 1 sata HDD do 10TB kapaciteta<br \/>\n-Op\u0161te: Napajanje 12V DC, Potro\u0161nja 10W bez HDD,<br \/>\n-Radna temperatura -10 \u00baC ~+55 \u00baC<br \/>\n-Dimenzije 315\u00d7242\u00d745mm, Te\u017eina 2Kg<\/p>\n<p>&nbsp;<\/p>\n","protected":false},"featured_media":5396,"comment_status":"open","ping_status":"closed","template":"","meta":{"_mi_skip_tracking":false,"_exactmetrics_sitenote_active":false,"_exactmetrics_sitenote_note":"","_exactmetrics_sitenote_category":0,"spay_email":""},"product_cat":[133],"product_tag":[435,391,377,3036],"brands":[{"id":2044,"name":"HikVision","slug":"hikvision"}],"df_price":"","df_sale_price":"","df_regular_price":"","df_image_link":"https:\/\/i2.wp.com\/astehshop.com\/wp-content\/uploads\/2021\/10\/hikvision-ids-7204huhi-m1-s-acplus_0.jpg?fit=450%2C253","jetpack_publicize_connections":[],"jetpack_sharing_enabled":true,"jetpack_likes_enabled":true,"jetpack-related-posts":[{"id":12358,"url":"http:\/\/astehshop.com\/index.php\/product\/hikvision-dvr-208g-m1-t-hilook\/","url_meta":{"origin":5395,"position":0},"title":"HikVision DVR-208G-M1\/T HiLook","date":"28. velja\u010de 2026.","format":false,"excerpt":"8-kanalni 1080p Lite 1U H.265 DVR H.265+\/H.265\/H.264+\/H.264 video formati Podr\u017eava tehnologiju detekcije pokreta za sve kanale HDTVI\/AHD\/CVI\/CVBS\/IP video ulaz Do 10 IP ulaza za kamere (do 2 MP) Podr\u017eava dvosmjernu audio tehnologiju HDTVI za sve kanale","rel":"","context":"Srodne objave","img":{"alt_text":"","src":"https:\/\/i2.wp.com\/astehshop.com\/wp-content\/uploads\/2026\/02\/DVR-204G-K1.png?fit=700%2C700&resize=350%2C200","width":350,"height":200},"classes":[]},{"id":3890,"url":"http:\/\/astehshop.com\/index.php\/product\/mrezni-8-kanalni-snimac-ds-7608ni-k2-za-kamere-do-8-mpx\/","url_meta":{"origin":5395,"position":1},"title":"Mre\u017eni 8 kanalni snima\u010d DS-7608NXI-K2 za kamere do 8 MPX","date":"16. velja\u010de 2020.","format":false,"excerpt":"\u2022 IP video ulaz: 8ch \u2022 Do\u00a08 Mp rezolucija \u2022 BANDWITH SNIMANJA 80Mbps \u2022 Dual streams \u2022 2x SATA su\u010delje do 6tB \u2022 Dvosmjerni audio ulaz: 1-ch RCA (2.0Vp-p, 1k\u03a9) \u2022 Rezolucija snimanja i playbacka: \u2022 8MP\/6MP\/5MP\/4MP\/3MP\/1080p\/UXGA \u2022 HDMI izlaz: 4K (3840 \u00d7 2160) \u2022 Audio izlaz: 1-ch RCA linearni\u2026","rel":"","context":"Srodne objave","img":{"alt_text":"","src":"https:\/\/i0.wp.com\/astehshop.com\/wp-content\/uploads\/2020\/02\/DS-7608NI-K2.jpg?fit=1200%2C893&resize=350%2C200","width":350,"height":200},"classes":[]},{"id":2606,"url":"http:\/\/astehshop.com\/index.php\/product\/hikvision-dvr-16-kanala-ds-7216huhi-f2-s-5-mp\/","url_meta":{"origin":5395,"position":2},"title":"HikVision DVR 16 kanala DS-7216HUHI-M2 5 MP","date":"1. o\u017eujka 2018.","format":false,"excerpt":"HD-TVI video rekorder sa 16 kanala, kompresija H.264, H.264+, maksimalna rezolucija snimanja 5Mpx pri 12fps, podr\u017eava HD-TVI, AHD i CVBS kamere + 2 IP kamere do 4 Mpx, 16 BNC ulaza za HDTVI i analogne kamere","rel":"","context":"Srodne objave","img":{"alt_text":"","src":"https:\/\/i0.wp.com\/astehshop.com\/wp-content\/uploads\/2018\/03\/full-hd-dvr-metalno.jpg?fit=500%2C430&resize=350%2C200","width":350,"height":200},"classes":[]},{"id":3747,"url":"http:\/\/astehshop.com\/index.php\/product\/dahua-4-kanalni-xvr-snimac-xvr5104hs-4kl-x\/","url_meta":{"origin":5395,"position":3},"title":"Dahua 4 kanalni XVR snima\u010d XVR5104HS-4KL-X","date":"29. rujna 2019.","format":false,"excerpt":"> H.265 + \/ H.265 kompresija dvostrukog video zapisa > Podr\u017eava HDCVI \/ AHD \/ TVI \/ CVBS \/ IP video ulaze > Max 6 kanala IP kamera ulazi, svaki kanal do 8MP; Maksimalna \u0161irina dolazne \u0161irine od 24Mbps > Pametna pretraga i inteligentni video sistem","rel":"","context":"Srodne objave","img":{"alt_text":"","src":"https:\/\/i0.wp.com\/astehshop.com\/wp-content\/uploads\/2019\/09\/DH-XVR5104HS-4KL-X_thumb.png?fit=400%2C400&resize=350%2C200","width":350,"height":200},"classes":[]},{"id":2608,"url":"http:\/\/astehshop.com\/index.php\/product\/hikvision-dvr-ds-7608huhi-f2-n\/","url_meta":{"origin":5395,"position":4},"title":"HikVision DVR DS-7608HUHI-F2\/N","date":"1. o\u017eujka 2018.","format":false,"excerpt":"HD-TVI video rekorder sa 8 kanala, kompresija H.264, H.264+ i dual stream video kompresija, maksimalna rezolucija snimanja 3Mpx pri 15fps, podr\u017eava HD-TVI, AHD i CVBS kamere + 8 IP kamere do 8 Mpx, 4 BNC ulaza za HD-TVI i analogne kamere","rel":"","context":"Srodne objave","img":{"alt_text":"","src":"https:\/\/i0.wp.com\/astehshop.com\/wp-content\/uploads\/2018\/03\/full-hd-dvr-metalno.jpg?fit=500%2C430&resize=350%2C200","width":350,"height":200},"classes":[]},{"id":2605,"url":"http:\/\/astehshop.com\/index.php\/product\/hikvision-dvr-ds-7208huhi-f2-s-n-5-mp\/","url_meta":{"origin":5395,"position":5},"title":"HikVision DVR DS-7208HUHI-K2 5 MP","date":"1. o\u017eujka 2018.","format":false,"excerpt":"HD-TVI video rekorder sa 8 kanala, kompresija H.264, H.264+, maksimalna rezolucija snimanja 5Mpx pri 12fps (\/N rezolucija snimanja 3Mpx pri 15fps), podr\u017eava HD-TVI, AHD i CVBS kamere + 2 IP kamere do 4 Mpx, 4 BNC ulaza za HD-TVI i analogne kamere","rel":"","context":"Srodne objave","img":{"alt_text":"","src":"https:\/\/i0.wp.com\/astehshop.com\/wp-content\/uploads\/2018\/03\/full-hd-dvr-metalno.jpg?fit=500%2C430&resize=350%2C200","width":350,"height":200},"classes":[]}],"_links":{"self":[{"href":"http:\/\/astehshop.com\/index.php\/wp-json\/wp\/v2\/product\/5395"}],"collection":[{"href":"http:\/\/astehshop.com\/index.php\/wp-json\/wp\/v2\/product"}],"about":[{"href":"http:\/\/astehshop.com\/index.php\/wp-json\/wp\/v2\/types\/product"}],"replies":[{"embeddable":true,"href":"http:\/\/astehshop.com\/index.php\/wp-json\/wp\/v2\/comments?post=5395"}],"wp:featuredmedia":[{"embeddable":true,"href":"http:\/\/astehshop.com\/index.php\/wp-json\/wp\/v2\/media\/5396"}],"wp:attachment":[{"href":"http:\/\/astehshop.com\/index.php\/wp-json\/wp\/v2\/media?parent=5395"}],"wp:term":[{"taxonomy":"product_cat","embeddable":true,"href":"http:\/\/astehshop.com\/index.php\/wp-json\/wp\/v2\/product_cat?post=5395"},{"taxonomy":"product_tag","embeddable":true,"href":"http:\/\/astehshop.com\/index.php\/wp-json\/wp\/v2\/product_tag?post=5395"}],"curies":[{"name":"wp","href":"https:\/\/api.w.org\/{rel}","templated":true}]}}