{"id":5375,"date":"2021-10-11T18:16:16","date_gmt":"2021-10-11T16:16:16","guid":{"rendered":"http:\/\/astehshop.com\/?post_type=product&#038;p=5375"},"modified":"2025-09-17T22:00:52","modified_gmt":"2025-09-17T20:00:52","slug":"dahua-full-color-led-hac-hfw1509tlm-a-led-5-mpx-kamera","status":"publish","type":"product","link":"http:\/\/astehshop.com\/index.php\/product\/dahua-full-color-led-hac-hfw1509tlm-a-led-5-mpx-kamera\/","title":{"rendered":"Dahua Full Color LED HAC-HFW1509TLM-A-LED 5 MPX kamera"},"content":{"rendered":"<p class=\"text\" data-v-5fe8c490=\"\" data-gtm-vis-has-fired-10552706_195=\"1\" data-gtm-vis-has-fired-10552706_181=\"1\" data-gtm-vis-first-on-screen-10552706_194=\"65153\" data-gtm-vis-first-on-screen-10552706_192=\"65164\" data-gtm-vis-first-on-screen-10552706_193=\"65171\" data-gtm-vis-first-on-screen-10552706_196=\"65186\" data-gtm-vis-first-on-screen-10552706_184=\"65191\" data-gtm-vis-first-on-screen-10552706_217=\"65206\" data-gtm-vis-recent-on-screen-10552706_194=\"65904\" data-gtm-vis-total-visible-time-10552706_194=\"100\" data-gtm-vis-has-fired-10552706_194=\"1\" data-gtm-vis-recent-on-screen-10552706_192=\"65906\" data-gtm-vis-total-visible-time-10552706_192=\"100\" data-gtm-vis-has-fired-10552706_192=\"1\" data-gtm-vis-recent-on-screen-10552706_193=\"65907\" data-gtm-vis-total-visible-time-10552706_193=\"100\" data-gtm-vis-has-fired-10552706_193=\"1\" data-gtm-vis-recent-on-screen-10552706_196=\"65909\" data-gtm-vis-total-visible-time-10552706_196=\"100\" data-gtm-vis-has-fired-10552706_196=\"1\" data-gtm-vis-recent-on-screen-10552706_184=\"65910\" data-gtm-vis-total-visible-time-10552706_184=\"100\" data-gtm-vis-has-fired-10552706_184=\"1\" data-gtm-vis-recent-on-screen-10552706_217=\"65912\" data-gtm-vis-total-visible-time-10552706_217=\"100\" data-gtm-vis-has-fired-10552706_217=\"1\">5MP Full-color HDCVI Bullet Camera<\/p>\n<div data-v-5fe8c490=\"\">\n<p data-gtm-vis-has-fired-10552706_195=\"1\" data-gtm-vis-has-fired-10552706_181=\"1\" data-gtm-vis-first-on-screen-10552706_194=\"65156\" data-gtm-vis-first-on-screen-10552706_192=\"65164\" data-gtm-vis-first-on-screen-10552706_193=\"65179\" data-gtm-vis-first-on-screen-10552706_196=\"65187\" data-gtm-vis-first-on-screen-10552706_184=\"65192\" data-gtm-vis-first-on-screen-10552706_217=\"65208\" data-gtm-vis-recent-on-screen-10552706_194=\"65905\" data-gtm-vis-total-visible-time-10552706_194=\"100\" data-gtm-vis-has-fired-10552706_194=\"1\" data-gtm-vis-recent-on-screen-10552706_192=\"65906\" data-gtm-vis-total-visible-time-10552706_192=\"100\" data-gtm-vis-has-fired-10552706_192=\"1\" data-gtm-vis-recent-on-screen-10552706_193=\"65908\" data-gtm-vis-total-visible-time-10552706_193=\"100\" data-gtm-vis-has-fired-10552706_193=\"1\" data-gtm-vis-recent-on-screen-10552706_196=\"65910\" data-gtm-vis-total-visible-time-10552706_196=\"100\" data-gtm-vis-has-fired-10552706_196=\"1\" data-gtm-vis-recent-on-screen-10552706_184=\"65911\" data-gtm-vis-total-visible-time-10552706_184=\"100\" data-gtm-vis-has-fired-10552706_184=\"1\" data-gtm-vis-recent-on-screen-10552706_217=\"65913\" data-gtm-vis-total-visible-time-10552706_217=\"100\" data-gtm-vis-has-fired-10552706_217=\"1\">* The parameters and datasheets below can only be applied to1509-S2 series.<\/p>\n<p data-gtm-vis-has-fired-10552706_195=\"1\" data-gtm-vis-has-fired-10552706_181=\"1\" data-gtm-vis-first-on-screen-10552706_194=\"65158\" data-gtm-vis-first-on-screen-10552706_192=\"65166\" data-gtm-vis-first-on-screen-10552706_193=\"65182\" data-gtm-vis-first-on-screen-10552706_196=\"65189\" data-gtm-vis-first-on-screen-10552706_184=\"65193\" data-gtm-vis-first-on-screen-10552706_217=\"65209\" data-gtm-vis-recent-on-screen-10552706_194=\"65877\" data-gtm-vis-total-visible-time-10552706_194=\"100\" data-gtm-vis-has-fired-10552706_194=\"1\" data-gtm-vis-recent-on-screen-10552706_192=\"65878\" data-gtm-vis-total-visible-time-10552706_192=\"100\" data-gtm-vis-has-fired-10552706_192=\"1\" data-gtm-vis-recent-on-screen-10552706_193=\"65879\" data-gtm-vis-total-visible-time-10552706_193=\"100\" data-gtm-vis-has-fired-10552706_193=\"1\" data-gtm-vis-recent-on-screen-10552706_196=\"65880\" data-gtm-vis-total-visible-time-10552706_196=\"100\" data-gtm-vis-has-fired-10552706_196=\"1\" data-gtm-vis-recent-on-screen-10552706_184=\"65881\" data-gtm-vis-total-visible-time-10552706_184=\"100\" data-gtm-vis-has-fired-10552706_184=\"1\" data-gtm-vis-recent-on-screen-10552706_217=\"65882\" data-gtm-vis-total-visible-time-10552706_217=\"100\" data-gtm-vis-has-fired-10552706_217=\"1\">*In order to use the 5MP 16:9 HDCVI camera, the firmware of XVR must be upgraded to V4.001.0000001.0.R.200908 or later version.<\/p>\n<p data-gtm-vis-has-fired-10552706_195=\"1\" data-gtm-vis-has-fired-10552706_181=\"1\" data-gtm-vis-recent-on-screen-10552706_194=\"65161\" data-gtm-vis-first-on-screen-10552706_194=\"65161\" data-gtm-vis-total-visible-time-10552706_194=\"100\" data-gtm-vis-has-fired-10552706_194=\"1\" data-gtm-vis-recent-on-screen-10552706_192=\"65169\" data-gtm-vis-first-on-screen-10552706_192=\"65169\" data-gtm-vis-total-visible-time-10552706_192=\"100\" data-gtm-vis-has-fired-10552706_192=\"1\" data-gtm-vis-first-on-screen-10552706_193=\"65185\" data-gtm-vis-recent-on-screen-10552706_196=\"65191\" data-gtm-vis-first-on-screen-10552706_196=\"65191\" data-gtm-vis-total-visible-time-10552706_196=\"100\" data-gtm-vis-has-fired-10552706_196=\"1\" data-gtm-vis-recent-on-screen-10552706_184=\"65196\" data-gtm-vis-first-on-screen-10552706_184=\"65196\" data-gtm-vis-total-visible-time-10552706_184=\"100\" data-gtm-vis-has-fired-10552706_184=\"1\" data-gtm-vis-recent-on-screen-10552706_217=\"65211\" data-gtm-vis-first-on-screen-10552706_217=\"65211\" data-gtm-vis-total-visible-time-10552706_217=\"100\" data-gtm-vis-has-fired-10552706_217=\"1\" data-gtm-vis-recent-on-screen-10552706_193=\"65846\" data-gtm-vis-total-visible-time-10552706_193=\"100\" data-gtm-vis-has-fired-10552706_193=\"1\">&gt; Max 25 fps@5MP (16:9 video output)<\/p>\n<blockquote><p>120 dB true WDR, 3D NR<br \/>\n&gt; 24\/7 color imaging<br \/>\n&gt; 40 m illumination distance<br \/>\n&gt; CVI\/CVBS\/AHD\/TVI switchable<br \/>\n&gt; Built-in mic (-A)<br \/>\n&gt; 3.6 mm fixed lens (2.8 mm optional)<br \/>\n&gt; IP67, 12 V DC<\/p><\/blockquote>\n<blockquote class=\"wp-embedded-content\" data-secret=\"37CBthnbvg\"><p><a href=\"http:\/\/astehshop.com\/index.php\/product\/video-nadzor-dahua-komplet-sa-4-kamere-5-mpx-full-color-mikrofon\/\">Video nadzor Dahua komplet sa 4 kamere 5 MPX Full Color + mikrofon<\/a><\/p><\/blockquote>\n<p><iframe class=\"wp-embedded-content\" sandbox=\"allow-scripts\" security=\"restricted\" style=\"position: absolute; clip: rect(1px, 1px, 1px, 1px);\" title=\"&#8220;Video nadzor Dahua komplet sa 4 kamere 5 MPX Full Color + mikrofon&#8221; &#8212; Techno Shop Bijeljina\" src=\"http:\/\/astehshop.com\/index.php\/product\/video-nadzor-dahua-komplet-sa-4-kamere-5-mpx-full-color-mikrofon\/embed\/#?secret=37CBthnbvg\" data-secret=\"37CBthnbvg\" width=\"500\" height=\"282\" frameborder=\"0\" marginwidth=\"0\" marginheight=\"0\" scrolling=\"no\"><\/iframe><\/p>\n<p><iframe loading=\"lazy\"  id=\"_ytid_83003\"  width=\"480\" height=\"270\"  data-origwidth=\"480\" data-origheight=\"270\"  src=\"https:\/\/www.youtube.com\/embed\/5pf81vRZovY?enablejsapi=1&#038;autoplay=0&#038;cc_load_policy=0&#038;cc_lang_pref=&#038;iv_load_policy=1&#038;loop=0&#038;modestbranding=0&#038;rel=1&#038;fs=1&#038;playsinline=0&#038;autohide=2&#038;theme=dark&#038;color=red&#038;controls=1&#038;\" class=\"__youtube_prefs__  epyt-is-override  no-lazyload\" title=\"YouTube player\"  allow=\"autoplay; encrypted-media\" allowfullscreen data-no-lazy=\"1\" data-skipgform_ajax_framebjll=\"\"><\/iframe><\/p>\n<p><iframe loading=\"lazy\"  id=\"_ytid_90809\"  width=\"480\" height=\"270\"  data-origwidth=\"480\" data-origheight=\"270\"  src=\"https:\/\/www.youtube.com\/embed\/lD8KIhgYMmQ?enablejsapi=1&#038;autoplay=0&#038;cc_load_policy=0&#038;cc_lang_pref=&#038;iv_load_policy=1&#038;loop=0&#038;modestbranding=0&#038;rel=1&#038;fs=1&#038;playsinline=0&#038;autohide=2&#038;theme=dark&#038;color=red&#038;controls=1&#038;\" class=\"__youtube_prefs__  epyt-is-override  no-lazyload\" title=\"YouTube player\"  allow=\"autoplay; encrypted-media\" allowfullscreen data-no-lazy=\"1\" data-skipgform_ajax_framebjll=\"\"><\/iframe><\/p>\n<p>&nbsp;<\/p>\n<\/div>\n","protected":false},"excerpt":{"rendered":"<p class=\"text\" data-v-5fe8c490=\"\" data-gtm-vis-has-fired-10552706_195=\"1\" data-gtm-vis-has-fired-10552706_181=\"1\" data-gtm-vis-first-on-screen-10552706_194=\"65153\" data-gtm-vis-first-on-screen-10552706_192=\"65164\" data-gtm-vis-first-on-screen-10552706_193=\"65171\" data-gtm-vis-first-on-screen-10552706_196=\"65186\" data-gtm-vis-first-on-screen-10552706_184=\"65191\" data-gtm-vis-first-on-screen-10552706_217=\"65206\" data-gtm-vis-recent-on-screen-10552706_194=\"65904\" data-gtm-vis-total-visible-time-10552706_194=\"100\" data-gtm-vis-has-fired-10552706_194=\"1\" data-gtm-vis-recent-on-screen-10552706_192=\"65906\" data-gtm-vis-total-visible-time-10552706_192=\"100\" data-gtm-vis-has-fired-10552706_192=\"1\" data-gtm-vis-recent-on-screen-10552706_193=\"65907\" data-gtm-vis-total-visible-time-10552706_193=\"100\" data-gtm-vis-has-fired-10552706_193=\"1\" data-gtm-vis-recent-on-screen-10552706_196=\"65909\" data-gtm-vis-total-visible-time-10552706_196=\"100\" data-gtm-vis-has-fired-10552706_196=\"1\" data-gtm-vis-recent-on-screen-10552706_184=\"65910\" data-gtm-vis-total-visible-time-10552706_184=\"100\" data-gtm-vis-has-fired-10552706_184=\"1\" data-gtm-vis-recent-on-screen-10552706_217=\"65912\" data-gtm-vis-total-visible-time-10552706_217=\"100\" data-gtm-vis-has-fired-10552706_217=\"1\">5 MP Full-color HDCVI Bullet Camera<\/p>\n<div data-v-5fe8c490=\"\">\n<p data-gtm-vis-has-fired-10552706_195=\"1\" data-gtm-vis-has-fired-10552706_181=\"1\" data-gtm-vis-first-on-screen-10552706_194=\"65156\" data-gtm-vis-first-on-screen-10552706_192=\"65164\" data-gtm-vis-first-on-screen-10552706_193=\"65179\" data-gtm-vis-first-on-screen-10552706_196=\"65187\" data-gtm-vis-first-on-screen-10552706_184=\"65192\" data-gtm-vis-first-on-screen-10552706_217=\"65208\" data-gtm-vis-recent-on-screen-10552706_194=\"65905\" data-gtm-vis-total-visible-time-10552706_194=\"100\" data-gtm-vis-has-fired-10552706_194=\"1\" data-gtm-vis-recent-on-screen-10552706_192=\"65906\" data-gtm-vis-total-visible-time-10552706_192=\"100\" data-gtm-vis-has-fired-10552706_192=\"1\" data-gtm-vis-recent-on-screen-10552706_193=\"65908\" data-gtm-vis-total-visible-time-10552706_193=\"100\" data-gtm-vis-has-fired-10552706_193=\"1\" data-gtm-vis-recent-on-screen-10552706_196=\"65910\" data-gtm-vis-total-visible-time-10552706_196=\"100\" data-gtm-vis-has-fired-10552706_196=\"1\" data-gtm-vis-recent-on-screen-10552706_184=\"65911\" data-gtm-vis-total-visible-time-10552706_184=\"100\" data-gtm-vis-has-fired-10552706_184=\"1\" data-gtm-vis-recent-on-screen-10552706_217=\"65913\" data-gtm-vis-total-visible-time-10552706_217=\"100\" data-gtm-vis-has-fired-10552706_217=\"1\">* The parameters and datasheets below can only be applied to1509-S2 series.<\/p>\n<p data-gtm-vis-has-fired-10552706_195=\"1\" data-gtm-vis-has-fired-10552706_181=\"1\" data-gtm-vis-first-on-screen-10552706_194=\"65158\" data-gtm-vis-first-on-screen-10552706_192=\"65166\" data-gtm-vis-first-on-screen-10552706_193=\"65182\" data-gtm-vis-first-on-screen-10552706_196=\"65189\" data-gtm-vis-first-on-screen-10552706_184=\"65193\" data-gtm-vis-first-on-screen-10552706_217=\"65209\" data-gtm-vis-recent-on-screen-10552706_194=\"65877\" data-gtm-vis-total-visible-time-10552706_194=\"100\" data-gtm-vis-has-fired-10552706_194=\"1\" data-gtm-vis-recent-on-screen-10552706_192=\"65878\" data-gtm-vis-total-visible-time-10552706_192=\"100\" data-gtm-vis-has-fired-10552706_192=\"1\" data-gtm-vis-recent-on-screen-10552706_193=\"65879\" data-gtm-vis-total-visible-time-10552706_193=\"100\" data-gtm-vis-has-fired-10552706_193=\"1\" data-gtm-vis-recent-on-screen-10552706_196=\"65880\" data-gtm-vis-total-visible-time-10552706_196=\"100\" data-gtm-vis-has-fired-10552706_196=\"1\" data-gtm-vis-recent-on-screen-10552706_184=\"65881\" data-gtm-vis-total-visible-time-10552706_184=\"100\" data-gtm-vis-has-fired-10552706_184=\"1\" data-gtm-vis-recent-on-screen-10552706_217=\"65882\" data-gtm-vis-total-visible-time-10552706_217=\"100\" data-gtm-vis-has-fired-10552706_217=\"1\">*In order to use the 5MP 16:9 HDCVI camera, the firmware of XVR must be upgraded to V4.001.0000001.0.R.200908 or later version.<\/p>\n<p data-gtm-vis-has-fired-10552706_195=\"1\" data-gtm-vis-has-fired-10552706_181=\"1\" data-gtm-vis-recent-on-screen-10552706_194=\"65161\" data-gtm-vis-first-on-screen-10552706_194=\"65161\" data-gtm-vis-total-visible-time-10552706_194=\"100\" data-gtm-vis-has-fired-10552706_194=\"1\" data-gtm-vis-recent-on-screen-10552706_192=\"65169\" data-gtm-vis-first-on-screen-10552706_192=\"65169\" data-gtm-vis-total-visible-time-10552706_192=\"100\" data-gtm-vis-has-fired-10552706_192=\"1\" data-gtm-vis-first-on-screen-10552706_193=\"65185\" data-gtm-vis-recent-on-screen-10552706_196=\"65191\" data-gtm-vis-first-on-screen-10552706_196=\"65191\" data-gtm-vis-total-visible-time-10552706_196=\"100\" data-gtm-vis-has-fired-10552706_196=\"1\" data-gtm-vis-recent-on-screen-10552706_184=\"65196\" data-gtm-vis-first-on-screen-10552706_184=\"65196\" data-gtm-vis-total-visible-time-10552706_184=\"100\" data-gtm-vis-has-fired-10552706_184=\"1\" data-gtm-vis-recent-on-screen-10552706_217=\"65211\" data-gtm-vis-first-on-screen-10552706_217=\"65211\" data-gtm-vis-total-visible-time-10552706_217=\"100\" data-gtm-vis-has-fired-10552706_217=\"1\" data-gtm-vis-recent-on-screen-10552706_193=\"65846\" data-gtm-vis-total-visible-time-10552706_193=\"100\" data-gtm-vis-has-fired-10552706_193=\"1\">&gt; Max 25 fps@5MP (16:9 video output)<\/p>\n<p>&gt; 120 dB true WDR, 3D NR<br \/>\n&gt; 24\/7 color imaging<br \/>\n&gt; 40 m illumination distance<br \/>\n&gt; CVI\/CVBS\/AHD\/TVI switchable<br \/>\n&gt; Built-in mic (-A)<br \/>\n&gt; 3.6 mm fixed lens (2.8 mm optional)<br \/>\n&gt; IP67, 12 V DC<\/p>\n<p>Vise info na <a href=\"https:\/\/www.dahuasecurity.com\/products\/All-Products\/HDCVI-Cameras\/Lite-Series\/5MP\/Full-color\/HAC-HFW1509TLM(-A)-LED\">dahua technology<\/a><\/p>\n<\/div>\n<p>https:\/\/www.youtube.com\/watch?v=lD8KIhgYMmQ<\/p>\n<p>&nbsp;<\/p>\n<p>https:\/\/www.youtube.com\/watch?v=5pf81vRZovY<\/p>\n<p>http:\/\/astehshop.com\/index.php\/product\/video-nadzor-dahua-komplet-sa-4-kamere-5-mpx-full-color-mikrofon\/<\/p>\n<p>&nbsp;<\/p>\n","protected":false},"featured_media":5376,"comment_status":"open","ping_status":"closed","template":"","meta":{"_mi_skip_tracking":false,"_exactmetrics_sitenote_active":false,"_exactmetrics_sitenote_note":"","_exactmetrics_sitenote_category":0,"spay_email":""},"product_cat":[132],"product_tag":[839,435,392,3165,3164,3167,574,6306,3166,471,433,4835,549,251,4130,2981,394],"brands":[{"id":2045,"name":"Dahua","slug":"dahua"}],"df_price":"","df_sale_price":"","df_regular_price":"","df_image_link":"https:\/\/i0.wp.com\/astehshop.com\/wp-content\/uploads\/2021\/10\/HAC-HFW1509TLM-A-LED-1.png?fit=450%2C450","jetpack_publicize_connections":[],"jetpack_sharing_enabled":true,"jetpack_likes_enabled":true,"jetpack-related-posts":[{"id":10101,"url":"http:\/\/astehshop.com\/index.php\/product\/hac-hfw1500cl-il-a-5-mpx-dual-light-dahua-kamera\/","url_meta":{"origin":5375,"position":0},"title":"HAC-HFW1500CL-IL-A 5 MPX Dual Light Dahua kamera","date":"30. o\u017eujka 2025.","format":false,"excerpt":"Dahua HAC-HFW1500CL-IL-A-0280B-S2 5MP HDCVI Smart Dual Light bullet kamera , DWDR, IR i LED dometa 20m, integrisanim mikrofonom, za\u0161titom IP67 i podr\u0161kom za 4-u-1 re\u017eime. https:\/\/www.youtube.com\/watch?v=TckTLrQiIfM \u00a0","rel":"","context":"Srodne objave","img":{"alt_text":"","src":"https:\/\/i0.wp.com\/astehshop.com\/wp-content\/uploads\/2025\/03\/1200cm.png?fit=400%2C400&resize=350%2C200","width":350,"height":200},"classes":[]},{"id":7669,"url":"http:\/\/astehshop.com\/index.php\/product\/dahua-full-color-hac-hdw1239t-a-led-2-mpx\/","url_meta":{"origin":5375,"position":1},"title":"Dahua Full Color HAC-HDW1239T-A-LED 2 MPX","date":"9. svibnja 2023.","format":false,"excerpt":"2MP HDCVI kamera u eyeball ku\u0107i\u0161tu 4 u 1 TVI\/AHD\/CVI\/CVBS re\u017eim Full-color Starlight 0.001Lux\/F1.6 30IRE 0Lux white Light on Maksimalna rezolucija 1920x1080 Fiksna optika 2.8mm Nivo za\u0161tite IP67 130dB WDR Domet LED dioda 40 metara Integrisan mikrofon 12v napajanje Odgovaraju\u0107a dozna je PFA130-E PFA139 Nosa\u010d za banderu je PFA152-E Zidni\u2026","rel":"","context":"Srodne objave","img":{"alt_text":"","src":"https:\/\/i1.wp.com\/astehshop.com\/wp-content\/uploads\/2023\/05\/dahua-hac-hdw1239t-a-led-0280b-s2_0.jpg?fit=1200%2C888&resize=350%2C200","width":350,"height":200},"classes":[]},{"id":5519,"url":"http:\/\/astehshop.com\/index.php\/product\/dahua-full-color-tioc-5-mpx-kamera-hac-me1509th-pv\/","url_meta":{"origin":5375,"position":2},"title":"Dahua Full Color TIOC 5 MPX kamera HAC-ME1509TH-PV","date":"20. listopada 2021.","format":false,"excerpt":"5MP HDCVI Full-Color Active Deterrence Fixed Bullet Camera > 24\/7 color imaging > Active deterrence with red blue light, siren and alarm out interface > Max. 20 fps@5MP > 3.6 mm fixed lens (6 mm optional) > 40 m illumination distance > IP67, 12V\u00b130% DC Prednja strana kamere ME1509TH-PV Dahua\u2026","rel":"","context":"Srodne objave","img":{"alt_text":"","src":"https:\/\/i1.wp.com\/astehshop.com\/wp-content\/uploads\/2021\/10\/HAC-ME1509TH-A-PV.png?fit=643%2C295&resize=350%2C200","width":350,"height":200},"classes":[]},{"id":7672,"url":"http:\/\/astehshop.com\/index.php\/product\/dahua-full-color-hac-hfw1239tu-z-a-led-moto-zoom-kamera\/","url_meta":{"origin":5375,"position":3},"title":"Dahua Full Color HAC-HFW1239TU-Z-A-LED moto zoom kamera","date":"9. svibnja 2023.","format":false,"excerpt":"> * The parameters and datasheets below can only be applied to 1239-S2 series > 24\/7 color imaging, Max. 30 fps@1080p > Super Adapt, 130 dB true WDR, 3D NR > Auto focus, 2.7 mm\u201313.5 mm motorized lens > 60 m illumination distance > Built-in mic > CVI\/CVBS\/AHD\/TVI switchable >\u2026","rel":"","context":"Srodne objave","img":{"alt_text":"","src":"https:\/\/i0.wp.com\/astehshop.com\/wp-content\/uploads\/2023\/05\/HAC-HFW1239TU-Z-A-LED-500x500-1.png?fit=664%2C622&resize=350%2C200","width":350,"height":200},"classes":[]},{"id":5282,"url":"http:\/\/astehshop.com\/index.php\/product\/dahua-dome-full-color-kamera-hac-hdw1509t-a-led-0280b\/","url_meta":{"origin":5375,"position":4},"title":"Dahua dome FULL COLOR kamera HAC-HDW1509T-A-LED-0280B","date":"9. listopada 2021.","format":false,"excerpt":"5MP HDCVI kamera u eyeball ku\u0107i\u0161tu sa Full-color tehnologijom, 4 u 1 TVI\/AHD\/CVI\/CVBS re\u017eim. 0.001Lux\/F1.0, 30IRE, 0 Lux warm light on. Maksimalna rezolucija 2880x1620. Fiksna optika 2.8 mm. Nivo za\u0161tite IP67. 120dB WDR. Domet LED dioda 40 metara. Integrisan mikrofon. 12v napajanje. Odgovaraju\u0107a dozna je PFA139. Nosa\u010d za banderu je\u2026","rel":"","context":"Srodne objave","img":{"alt_text":"","src":"https:\/\/i2.wp.com\/astehshop.com\/wp-content\/uploads\/2021\/10\/HAC-HDW1509T-A-LED-0280B.jpg?fit=700%2C700&resize=350%2C200","width":350,"height":200},"classes":[]},{"id":5266,"url":"http:\/\/astehshop.com\/index.php\/product\/dahua-2-mpx-kamera-hac-b1a21-0360b\/","url_meta":{"origin":5375,"position":5},"title":"Dahua 2 MPx kamera HAC-B1A21-0360B","date":"9. listopada 2021.","format":false,"excerpt":"HAC-B2A21-0360B Dahua Cooper 4u1 kamera za video nadzor sa 2 Megapixela CMOS True D\/N, bullet IC kamera i Smart IC 20m.","rel":"","context":"Srodne objave","img":{"alt_text":"","src":"https:\/\/i2.wp.com\/astehshop.com\/wp-content\/uploads\/2021\/10\/HAC-B1A21_thumb.png?fit=400%2C400&resize=350%2C200","width":350,"height":200},"classes":[]}],"_links":{"self":[{"href":"http:\/\/astehshop.com\/index.php\/wp-json\/wp\/v2\/product\/5375"}],"collection":[{"href":"http:\/\/astehshop.com\/index.php\/wp-json\/wp\/v2\/product"}],"about":[{"href":"http:\/\/astehshop.com\/index.php\/wp-json\/wp\/v2\/types\/product"}],"replies":[{"embeddable":true,"href":"http:\/\/astehshop.com\/index.php\/wp-json\/wp\/v2\/comments?post=5375"}],"wp:featuredmedia":[{"embeddable":true,"href":"http:\/\/astehshop.com\/index.php\/wp-json\/wp\/v2\/media\/5376"}],"wp:attachment":[{"href":"http:\/\/astehshop.com\/index.php\/wp-json\/wp\/v2\/media?parent=5375"}],"wp:term":[{"taxonomy":"product_cat","embeddable":true,"href":"http:\/\/astehshop.com\/index.php\/wp-json\/wp\/v2\/product_cat?post=5375"},{"taxonomy":"product_tag","embeddable":true,"href":"http:\/\/astehshop.com\/index.php\/wp-json\/wp\/v2\/product_tag?post=5375"}],"curies":[{"name":"wp","href":"https:\/\/api.w.org\/{rel}","templated":true}]}}