{"id":5370,"date":"2021-10-10T21:00:52","date_gmt":"2021-10-10T19:00:52","guid":{"rendered":"http:\/\/astehshop.com\/?post_type=product&#038;p=5370"},"modified":"2021-10-10T21:00:53","modified_gmt":"2021-10-10T19:00:53","slug":"xiaomi-mi-router-ac2350","status":"publish","type":"product","link":"http:\/\/astehshop.com\/index.php\/product\/xiaomi-mi-router-ac2350\/","title":{"rendered":"Xiaomi Mi router AC2350"},"content":{"rendered":"<div id=\"detaljni-opis\" class=\"artikal_detaljniopis_tekst\">\n<p>Usmjeriva\u010d koji se isti\u010de po svojih 7 vanjskih antena s neovisnim poja\u010dalima, \u0161to garantuje odli\u010dnu pokrivenost be\u017ei\u010dne mre\u017ee.<br \/>\nPodr\u017eava do 128 ure\u0111aja spojenih istovremeno.<br \/>\nUklju\u010duje specifi\u010dnu antenu za AIoT ure\u0111aje.<\/p>\n<p>Model DVB4248GL<br \/>\nVrsta proizvoda Router<br \/>\nProcesor Qualcomm QCA9563 1-core 775MHz<br \/>\nROM memorija 16 MB<br \/>\nRAM memorija 128 MB<br \/>\nVrsta antene 7 vanjskih antena<br \/>\n2.4GHz Wi-Fi 2X2 (IEEE 802.11N)<br \/>\n5GHz Wi-Fi 2X2 (IEEE 802.11AC)<br \/>\nPovezivost IEEE 802.11 a\/b\/g\/n\/ac, IEEE 802.3\/3u\/3ab<br \/>\nBrzina signala 2.4GHz do 450 Mbps<br \/>\n5GHz do 1733 Mbps<br \/>\nSigurnost be\u017ei\u010dne mre\u017ee WPA-PSK \/ WPA-PSK2 enkripcija<br \/>\nkontrola be\u017ei\u010dnog pristupa (crna i bijela lista)<br \/>\nskrivanje SSID-a<br \/>\npametno sprije\u010davanje neovla\u0161tenog pristupa<br \/>\nUkupno ulaza 3\u00d7 RJ-45 (LAN) (10\/100\/1000 Mbps)<br \/>\n1\u00d7 RJ-45 (WAN) (10\/100\/1000 Mbps)<br \/>\nNapajanje 12V\/1.5A<br \/>\nDimenzije 268 mm x 177 mm x 179 mm<br \/>\nTe\u017eina 380g<br \/>\nBoja crna<br \/>\nOperativni sustav MiWiFi ROM baziran na OpenWRT<\/p>\n<\/div>\n","protected":false},"excerpt":{"rendered":"<div id=\"detaljni-opis\" class=\"artikal_detaljniopis_tekst\">\n<p>Usmjeriva\u010d koji se isti\u010de po svojih 7 vanjskih antena s neovisnim poja\u010dalima, \u0161to garantuje odli\u010dnu pokrivenost be\u017ei\u010dne mre\u017ee.<br \/>\nPodr\u017eava do 128 ure\u0111aja spojenih istovremeno.<br \/>\nUklju\u010duje specifi\u010dnu antenu za AIoT ure\u0111aje.<\/p>\n<p>Model DVB4248GL<br \/>\nVrsta proizvoda Router<br \/>\nProcesor Qualcomm QCA9563 1-core 775MHz<br \/>\nROM memorija 16 MB<br \/>\nRAM memorija 128 MB<br \/>\nVrsta antene 7 vanjskih antena<br \/>\n2.4GHz Wi-Fi 2X2 (IEEE 802.11N)<br \/>\n5GHz Wi-Fi 2X2 (IEEE 802.11AC)<br \/>\nPovezivost IEEE 802.11 a\/b\/g\/n\/ac, IEEE 802.3\/3u\/3ab<br \/>\nBrzina signala 2.4GHz do 450 Mbps<br \/>\n5GHz do 1733 Mbps<br \/>\nSigurnost be\u017ei\u010dne mre\u017ee WPA-PSK \/ WPA-PSK2 enkripcija<br \/>\nkontrola be\u017ei\u010dnog pristupa (crna i bijela lista)<br \/>\nskrivanje SSID-a<br \/>\npametno sprije\u010davanje neovla\u0161tenog pristupa<br \/>\nUkupno ulaza 3\u00d7 RJ-45 (LAN) (10\/100\/1000 Mbps)<br \/>\n1\u00d7 RJ-45 (WAN) (10\/100\/1000 Mbps)<br \/>\nNapajanje 12V\/1.5A<br \/>\nDimenzije 268 mm x 177 mm x 179 mm<br \/>\nTe\u017eina 380g<br \/>\nBoja crna<br \/>\nOperativni sustav MiWiFi ROM baziran na OpenWRT<\/p>\n<\/div>\n","protected":false},"featured_media":5371,"comment_status":"open","ping_status":"closed","template":"","meta":{"_mi_skip_tracking":false,"_exactmetrics_sitenote_active":false,"_exactmetrics_sitenote_note":"","_exactmetrics_sitenote_category":0,"spay_email":""},"product_cat":[164],"product_tag":[3160,3162,2359],"brands":[{"id":2356,"name":"xiaomi","slug":"xiaomi"}],"df_price":104,"df_sale_price":"","df_regular_price":104,"df_image_link":"https:\/\/i1.wp.com\/astehshop.com\/wp-content\/uploads\/2021\/10\/AC2350.jpg?fit=450%2C253","jetpack_publicize_connections":[],"jetpack_sharing_enabled":true,"jetpack_likes_enabled":true,"jetpack-related-posts":[{"id":8355,"url":"http:\/\/astehshop.com\/index.php\/product\/mercusys-ac12-ac1200-wireless-router-dual-band\/","url_meta":{"origin":5370,"position":0},"title":"Mercusys AC12 AC1200 Wireless Router Dual Band","date":"21. listopada 2023.","format":false,"excerpt":"300 Mbps on the 2.4 GHz band and 867 Mbps on the 5 GHz band, 3x 10\/100Mbps LAN Ports, 1x 10\/100Mbps WAN Port, IEEE 802.11a\/n\/ac 5GHz, IEEE 802.11b\/g\/n 2.4GHz","rel":"","context":"Srodne objave","img":{"alt_text":"","src":"https:\/\/i2.wp.com\/astehshop.com\/wp-content\/uploads\/2023\/10\/Mercusys-AC12-AC1200-Wireless-Router-Dual-Band.jpg?fit=450%2C450&resize=350%2C200","width":350,"height":200},"classes":[]},{"id":8357,"url":"http:\/\/astehshop.com\/index.php\/product\/mercusys-ac12g-ac1300-wireless-dual-band-gigabit-router\/","url_meta":{"origin":5370,"position":1},"title":"Mercusys AC12G AC1300 Wireless Dual Band Gigabit Router","date":"21. listopada 2023.","format":false,"excerpt":"1300 Mbps , 400 Mbps at 2.4GHz, 867 Mbps at 5 GHz, Interfaces: 1\u00d7 Gigabit WAN Port, 3\u00d7 Gigabit LAN Ports, Standards: IEEE 802.11a\/n\/ac 5 GHz, IEEE 802.11b\/g\/n 2.4 GHz, Security: WPA-PSK \/ WPA2-PSK \/ WPA3-Personal,","rel":"","context":"Srodne objave","img":{"alt_text":"","src":"https:\/\/i2.wp.com\/astehshop.com\/wp-content\/uploads\/2023\/10\/Mercusys-AC12G-AC1300-Wireless-Dual-Band-Gigabit-Router.jpg?fit=1000%2C800&resize=350%2C200","width":350,"height":200},"classes":[]},{"id":8384,"url":"http:\/\/astehshop.com\/index.php\/product\/tp-link-archer-c54-ac1200-wireless-dual-band-router\/","url_meta":{"origin":5370,"position":2},"title":"TP-Link Archer C54 AC1200 Wireless Dual Band Router","date":"21. listopada 2023.","format":false,"excerpt":"Wi-Fi 5 IEEE 802.11ac\/n\/a 5 GHz, IEEE 802.11n\/b\/g 2.4 GHz, 5 GHz: 867 Mbps (802.11ac), 2.4 GHz: 300 Mbps (802.11n), 4\u00d7 Fixed Antennas, Dual-Band, MU-MIMO, 1\u00d7 10\/100 Mbps WAN Port, 4\u00d7 10\/100 Mbps LAN Ports, WPA, WPA2, WPA3, WPA\/WPA2-Enterprise (802.1x)","rel":"","context":"Srodne objave","img":{"alt_text":"","src":"https:\/\/i2.wp.com\/astehshop.com\/wp-content\/uploads\/2023\/10\/29885-TP-Link-Archer-C54-AC1200-Wireless-Dual-Band-Router-1.jpg?fit=450%2C450&resize=350%2C200","width":350,"height":200},"classes":[]},{"id":5366,"url":"http:\/\/astehshop.com\/index.php\/product\/xiaomi-mi-aiot-router-ac2350\/","url_meta":{"origin":5370,"position":3},"title":"Xiaomi Mi AIoT Router AC2350","date":"10. listopada 2021.","format":false,"excerpt":"AC2350 R2350 ima Qualcomm QCA9563 1-jezgreni 775MHz CPU s 128 MB memorije za odr\u017eavanje veza s do 128 ure\u0111aja. Teoretski, router mo\u017ee emitirati do 2183 Mbps i ima 7 vanjskih antena za pru\u017eanje optimalne pokrivenosti. AC2350 R2350 nudi dva opsega od 2,4 GHz i 5 GHz. Dva opsega nude kombiniranu\u2026","rel":"","context":"Srodne objave","img":{"alt_text":"","src":"https:\/\/i0.wp.com\/astehshop.com\/wp-content\/uploads\/2021\/10\/Xiaomi-Mi-AIoT-Router-AC2350.jpg?fit=1200%2C675&resize=350%2C200","width":350,"height":200},"classes":[]},{"id":8102,"url":"http:\/\/astehshop.com\/index.php\/product\/cudy-ax3000-dual-band-wi-fi-6-range-extender-model-re3000\/","url_meta":{"origin":5370,"position":4},"title":"Cudy AX3000 Dual Band Wi-Fi 6 Range Extender, Model: RE3000","date":"24. kolovoza 2023.","format":false,"excerpt":"AX3000 Dual Band Wi-Fi 6 Range Extender, Model: RE3000 Extremely Fast AX3000 Wi-Fi 6 Technology 1.3GHz Dual Core Cortex-A53 Processor OFDMA, Beamforming and MU-MIMO Supported Work with any standard router or gateway Easily expand wireless coverage at a push of the WPS button Gigabit Ethernet ports to connect wired devices\u2026","rel":"","context":"Srodne objave","img":{"alt_text":"","src":"https:\/\/i1.wp.com\/astehshop.com\/wp-content\/uploads\/2023\/08\/re3000.jpg?fit=1200%2C1088&resize=350%2C200","width":350,"height":200},"classes":[]},{"id":8359,"url":"http:\/\/astehshop.com\/index.php\/product\/mercusys-mr30g-ac1200-wireless-dual-band-router\/","url_meta":{"origin":5370,"position":5},"title":"Mercusys MR30G AC1200 Wireless Dual Band Router","date":"21. listopada 2023.","format":false,"excerpt":"IEEE 802.11ac\/n\/a 5 GHz, IEEE 802.11b\/g\/n 2.4 GHz, 2.4 GHz, 5 GHz, 867 Mbps (5 GHz) + 300 Mbps (2.4 GHz), compatible with 11ac\/a\/b\/g\/n Wi-Fi standards, 2.4 GHz < 20dBm (EIRP), 5 GHz < 23dBm (EIRP), Wireless Security WPA-PSK \/ WPA2-PSK, Router Mode, Access Point Mode","rel":"","context":"Srodne objave","img":{"alt_text":"","src":"https:\/\/i2.wp.com\/astehshop.com\/wp-content\/uploads\/2023\/10\/Mercusys-MR30G-AC1200.jpg?fit=1000%2C1000&resize=350%2C200","width":350,"height":200},"classes":[]}],"_links":{"self":[{"href":"http:\/\/astehshop.com\/index.php\/wp-json\/wp\/v2\/product\/5370"}],"collection":[{"href":"http:\/\/astehshop.com\/index.php\/wp-json\/wp\/v2\/product"}],"about":[{"href":"http:\/\/astehshop.com\/index.php\/wp-json\/wp\/v2\/types\/product"}],"replies":[{"embeddable":true,"href":"http:\/\/astehshop.com\/index.php\/wp-json\/wp\/v2\/comments?post=5370"}],"wp:featuredmedia":[{"embeddable":true,"href":"http:\/\/astehshop.com\/index.php\/wp-json\/wp\/v2\/media\/5371"}],"wp:attachment":[{"href":"http:\/\/astehshop.com\/index.php\/wp-json\/wp\/v2\/media?parent=5370"}],"wp:term":[{"taxonomy":"product_cat","embeddable":true,"href":"http:\/\/astehshop.com\/index.php\/wp-json\/wp\/v2\/product_cat?post=5370"},{"taxonomy":"product_tag","embeddable":true,"href":"http:\/\/astehshop.com\/index.php\/wp-json\/wp\/v2\/product_tag?post=5370"}],"curies":[{"name":"wp","href":"https:\/\/api.w.org\/{rel}","templated":true}]}}