{"id":5368,"date":"2021-10-10T20:55:55","date_gmt":"2021-10-10T18:55:55","guid":{"rendered":"http:\/\/astehshop.com\/?post_type=product&#038;p=5368"},"modified":"2021-10-10T20:55:55","modified_gmt":"2021-10-10T18:55:55","slug":"xiaomi-mi-aiot-router-ax3600-ultra-brz","status":"publish","type":"product","link":"http:\/\/astehshop.com\/index.php\/product\/xiaomi-mi-aiot-router-ax3600-ultra-brz\/","title":{"rendered":"Xiaomi Mi AIoT Router AX3600 ULTRA BRZ"},"content":{"rendered":"<div id=\"detaljni-opis\" class=\"artikal_detaljniopis_tekst\">\n<p>Xiaomi Mi AIoT Router AX3600<\/p>\n<p>&nbsp;<\/p>\n<p>AX3600 ima \u010detverojezgreni ARM Cortex-A53 CPU s 512 MB memorije za odr\u017eavanje veza s do 248 ure\u0111aja.Teoretski, usmjeriva\u010d mo\u017ee emitirati do\u00a02976 Mbps i ima 6-kanalno vanjsko poja\u010dalo signala\u00a0visokih performansi za pru\u017eanje optimalne pokrivenosti<\/p>\n<p>Mi AIoT router AX3600 nudi dva obima od 2,4 GHz i 5 GHz, svaki s tehnologijom 802.11ax i bez me\u0111usobnih smetnji.<\/p>\n<p>Dva opsega nude kombiniranu dvopojasnu be\u017ei\u010dnu\u00a0brzinu do 2976 Mbps *.<\/p>\n<p>Frekvencijski opseg od 2,4 GHz ima du\u017ei prijenos za bolju pokrivenost i bolje performanse prodiranja u zid.<\/p>\n<p>Frekvencijski opseg od 5 GHz pru\u017ea male smetnje i veliku brzinu za glatku reprodukciju HD video zapisa i glatko iskustvo igranja velikih mre\u017enih igara.<\/p>\n<p>&nbsp;<\/p>\n<p>Model<br \/>\nMi AIoT Router AX3600<br \/>\nVisina<br \/>\n177mm<br \/>\nDu\u017eina<br \/>\n410mm<br \/>\n\u0160irina<br \/>\n134mm<br \/>\nBoja<br \/>\nCrna<br \/>\nProcesor<br \/>\nIPQ8071A 4-core A53 1.4 GHz CPU<br \/>\nROM<br \/>\n256MB<br \/>\nMemorija<br \/>\n512MB<br \/>\n5g WiFi<br \/>\n4 \u00d7 4 (maksimalna brzina 2976 Mbps)<br \/>\nDual band<br \/>\n2.4 GHz and 5 GHz<br \/>\nPodr\u017eava<br \/>\nWeb, Android, iOS<br \/>\nMre\u017ena sigurnost<br \/>\nBlacklist, whitelist, guest network, DoS, SPI firewall, IP and MAC adress binding &amp; filtering<br \/>\nRadna temperatura<br \/>\n0\u00b0C to 40\u00b0C<br \/>\nWiFi Enkripcija<br \/>\nWPA-PSK\/WPA2-PSK\/WPA3-SAE enkripcija<br \/>\nOS<br \/>\nMi Wi-Fi ROM inteligentni router koji se temelji na OpenWRT<br \/>\nSpojivo<br \/>\ndo 248 ure\u0111aja<br \/>\nTe\u017eina<br \/>\n0.5kg<br \/>\n5GHz kanali<br \/>\n36,40,44,48,149,153,157,161,165<br \/>\n2.4GHz kanali<br \/>\n1,2,3,4,5,6,7,8,9,10,11,12,13<br \/>\nSu\u010delje<br \/>\n1 x 10\/100\/1000 WAN\u00a0 &amp;\u00a0 3 x 10\/100\/1000 LAN<br \/>\nMre\u017eni priklju\u010dci<br \/>\n4<br \/>\nWireless Standard:<br \/>\nIEEE 802.11a\/b\/g\/n\/ac\/ax, IEEE802.3\/3u\/3ab<\/p>\n<\/div>\n","protected":false},"excerpt":{"rendered":"<div id=\"detaljni-opis\" class=\"artikal_detaljniopis_tekst\">\n<p>Xiaomi Mi AIoT Router AX3600<\/p>\n<p>&nbsp;<\/p>\n<p>AX3600 ima \u010detverojezgreni ARM Cortex-A53 CPU s 512 MB memorije za odr\u017eavanje veza s do 248 ure\u0111aja.Teoretski, usmjeriva\u010d mo\u017ee emitirati do\u00a02976 Mbps i ima 6-kanalno vanjsko poja\u010dalo signala\u00a0visokih performansi za pru\u017eanje optimalne pokrivenosti<\/p>\n<p>Mi AIoT router AX3600 nudi dva obima od 2,4 GHz i 5 GHz, svaki s tehnologijom 802.11ax i bez me\u0111usobnih smetnji.<\/p>\n<p>Dva opsega nude kombiniranu dvopojasnu be\u017ei\u010dnu\u00a0brzinu do 2976 Mbps *.<\/p>\n<p>Frekvencijski opseg od 2,4 GHz ima du\u017ei prijenos za bolju pokrivenost i bolje performanse prodiranja u zid.<\/p>\n<p>Frekvencijski opseg od 5 GHz pru\u017ea male smetnje i veliku brzinu za glatku reprodukciju HD video zapisa i glatko iskustvo igranja velikih mre\u017enih igara.<\/p>\n<p>&nbsp;<\/p>\n<p>Model<br \/>\nMi AIoT Router AX3600<br \/>\nVisina<br \/>\n177mm<br \/>\nDu\u017eina<br \/>\n410mm<br \/>\n\u0160irina<br \/>\n134mm<br \/>\nBoja<br \/>\nCrna<br \/>\nProcesor<br \/>\nIPQ8071A 4-core A53 1.4 GHz CPU<br \/>\nROM<br \/>\n256MB<br \/>\nMemorija<br \/>\n512MB<br \/>\n5g WiFi<br \/>\n4 \u00d7 4 (maksimalna brzina 2976 Mbps)<br \/>\nDual band<br \/>\n2.4 GHz and 5 GHz<br \/>\nPodr\u017eava<br \/>\nWeb, Android, iOS<br \/>\nMre\u017ena sigurnost<br \/>\nBlacklist, whitelist, guest network, DoS, SPI firewall, IP and MAC adress binding &amp; filtering<br \/>\nRadna temperatura<br \/>\n0\u00b0C to 40\u00b0C<br \/>\nWiFi Enkripcija<br \/>\nWPA-PSK\/WPA2-PSK\/WPA3-SAE enkripcija<br \/>\nOS<br \/>\nMi Wi-Fi ROM inteligentni router koji se temelji na OpenWRT<br \/>\nSpojivo<br \/>\ndo 248 ure\u0111aja<br \/>\nTe\u017eina<br \/>\n0.5kg<br \/>\n5GHz kanali<br \/>\n36,40,44,48,149,153,157,161,165<br \/>\n2.4GHz kanali<br \/>\n1,2,3,4,5,6,7,8,9,10,11,12,13<br \/>\nSu\u010delje<br \/>\n1 x 10\/100\/1000 WAN\u00a0 &amp;\u00a0 3 x 10\/100\/1000 LAN<br \/>\nMre\u017eni priklju\u010dci<br \/>\n4<br \/>\nWireless Standard:<br \/>\nIEEE 802.11a\/b\/g\/n\/ac\/ax, IEEE802.3\/3u\/3ab<\/p>\n<\/div>\n","protected":false},"featured_media":5369,"comment_status":"open","ping_status":"closed","template":"","meta":{"_mi_skip_tracking":false,"_exactmetrics_sitenote_active":false,"_exactmetrics_sitenote_note":"","_exactmetrics_sitenote_category":0,"spay_email":""},"product_cat":[164],"product_tag":[3161,435,502,2359],"brands":[{"id":2356,"name":"xiaomi","slug":"xiaomi"}],"df_price":209,"df_sale_price":"","df_regular_price":209,"df_image_link":"https:\/\/i2.wp.com\/astehshop.com\/wp-content\/uploads\/2021\/10\/mi_aiot_router_ax6000-.jpg?fit=450%2C450","jetpack_publicize_connections":[],"jetpack_sharing_enabled":true,"jetpack_likes_enabled":true,"jetpack-related-posts":[{"id":5366,"url":"http:\/\/astehshop.com\/index.php\/product\/xiaomi-mi-aiot-router-ac2350\/","url_meta":{"origin":5368,"position":0},"title":"Xiaomi Mi AIoT Router AC2350","date":"10. listopada 2021.","format":false,"excerpt":"AC2350 R2350 ima Qualcomm QCA9563 1-jezgreni 775MHz CPU s 128 MB memorije za odr\u017eavanje veza s do 128 ure\u0111aja. Teoretski, router mo\u017ee emitirati do 2183 Mbps i ima 7 vanjskih antena za pru\u017eanje optimalne pokrivenosti. AC2350 R2350 nudi dva opsega od 2,4 GHz i 5 GHz. Dva opsega nude kombiniranu\u2026","rel":"","context":"Srodne objave","img":{"alt_text":"","src":"https:\/\/i0.wp.com\/astehshop.com\/wp-content\/uploads\/2021\/10\/Xiaomi-Mi-AIoT-Router-AC2350.jpg?fit=1200%2C675&resize=350%2C200","width":350,"height":200},"classes":[]},{"id":8359,"url":"http:\/\/astehshop.com\/index.php\/product\/mercusys-mr30g-ac1200-wireless-dual-band-router\/","url_meta":{"origin":5368,"position":1},"title":"Mercusys MR30G AC1200 Wireless Dual Band Router","date":"21. listopada 2023.","format":false,"excerpt":"IEEE 802.11ac\/n\/a 5 GHz, IEEE 802.11b\/g\/n 2.4 GHz, 2.4 GHz, 5 GHz, 867 Mbps (5 GHz) + 300 Mbps (2.4 GHz), compatible with 11ac\/a\/b\/g\/n Wi-Fi standards, 2.4 GHz < 20dBm (EIRP), 5 GHz < 23dBm (EIRP), Wireless Security WPA-PSK \/ WPA2-PSK, Router Mode, Access Point Mode","rel":"","context":"Srodne objave","img":{"alt_text":"","src":"https:\/\/i2.wp.com\/astehshop.com\/wp-content\/uploads\/2023\/10\/Mercusys-MR30G-AC1200.jpg?fit=1000%2C1000&resize=350%2C200","width":350,"height":200},"classes":[]},{"id":3410,"url":"http:\/\/astehshop.com\/index.php\/product\/tenda-f3-wi-fi-ruter-access-point-i-extender-3-u-1\/","url_meta":{"origin":5368,"position":2},"title":"Tenda F3 WI FI ruter \/ access point i extender 3 u 1","date":"25. svibnja 2019.","format":false,"excerpt":"Tenda F3 WI FI ruter \/ access point i extender 3 u 1 \u00a0 Tenda Wi-Fi Router F3, brzina do 300Mbps, radna frekvencija 2,4 GHz. Posjeduje tri antene od 5dBi, zbog \u010dega mo\u017ee stabilnim internetom snabdjevati ku\u0107e srednje veli\u010dine. Na otvorenom prostoru bez prepreka, ima domet do 200 metara, a\u2026","rel":"","context":"Srodne objave","img":{"alt_text":"","src":"https:\/\/i0.wp.com\/astehshop.com\/wp-content\/uploads\/2019\/05\/tenda-f3-1.jpg?fit=856%2C827&resize=350%2C200","width":350,"height":200},"classes":[]},{"id":8355,"url":"http:\/\/astehshop.com\/index.php\/product\/mercusys-ac12-ac1200-wireless-router-dual-band\/","url_meta":{"origin":5368,"position":3},"title":"Mercusys AC12 AC1200 Wireless Router Dual Band","date":"21. listopada 2023.","format":false,"excerpt":"300 Mbps on the 2.4 GHz band and 867 Mbps on the 5 GHz band, 3x 10\/100Mbps LAN Ports, 1x 10\/100Mbps WAN Port, IEEE 802.11a\/n\/ac 5GHz, IEEE 802.11b\/g\/n 2.4GHz","rel":"","context":"Srodne objave","img":{"alt_text":"","src":"https:\/\/i2.wp.com\/astehshop.com\/wp-content\/uploads\/2023\/10\/Mercusys-AC12-AC1200-Wireless-Router-Dual-Band.jpg?fit=450%2C450&resize=350%2C200","width":350,"height":200},"classes":[]},{"id":8357,"url":"http:\/\/astehshop.com\/index.php\/product\/mercusys-ac12g-ac1300-wireless-dual-band-gigabit-router\/","url_meta":{"origin":5368,"position":4},"title":"Mercusys AC12G AC1300 Wireless Dual Band Gigabit Router","date":"21. listopada 2023.","format":false,"excerpt":"1300 Mbps , 400 Mbps at 2.4GHz, 867 Mbps at 5 GHz, Interfaces: 1\u00d7 Gigabit WAN Port, 3\u00d7 Gigabit LAN Ports, Standards: IEEE 802.11a\/n\/ac 5 GHz, IEEE 802.11b\/g\/n 2.4 GHz, Security: WPA-PSK \/ WPA2-PSK \/ WPA3-Personal,","rel":"","context":"Srodne objave","img":{"alt_text":"","src":"https:\/\/i2.wp.com\/astehshop.com\/wp-content\/uploads\/2023\/10\/Mercusys-AC12G-AC1300-Wireless-Dual-Band-Gigabit-Router.jpg?fit=1000%2C800&resize=350%2C200","width":350,"height":200},"classes":[]},{"id":8384,"url":"http:\/\/astehshop.com\/index.php\/product\/tp-link-archer-c54-ac1200-wireless-dual-band-router\/","url_meta":{"origin":5368,"position":5},"title":"TP-Link Archer C54 AC1200 Wireless Dual Band Router","date":"21. listopada 2023.","format":false,"excerpt":"Wi-Fi 5 IEEE 802.11ac\/n\/a 5 GHz, IEEE 802.11n\/b\/g 2.4 GHz, 5 GHz: 867 Mbps (802.11ac), 2.4 GHz: 300 Mbps (802.11n), 4\u00d7 Fixed Antennas, Dual-Band, MU-MIMO, 1\u00d7 10\/100 Mbps WAN Port, 4\u00d7 10\/100 Mbps LAN Ports, WPA, WPA2, WPA3, WPA\/WPA2-Enterprise (802.1x)","rel":"","context":"Srodne objave","img":{"alt_text":"","src":"https:\/\/i2.wp.com\/astehshop.com\/wp-content\/uploads\/2023\/10\/29885-TP-Link-Archer-C54-AC1200-Wireless-Dual-Band-Router-1.jpg?fit=450%2C450&resize=350%2C200","width":350,"height":200},"classes":[]}],"_links":{"self":[{"href":"http:\/\/astehshop.com\/index.php\/wp-json\/wp\/v2\/product\/5368"}],"collection":[{"href":"http:\/\/astehshop.com\/index.php\/wp-json\/wp\/v2\/product"}],"about":[{"href":"http:\/\/astehshop.com\/index.php\/wp-json\/wp\/v2\/types\/product"}],"replies":[{"embeddable":true,"href":"http:\/\/astehshop.com\/index.php\/wp-json\/wp\/v2\/comments?post=5368"}],"wp:featuredmedia":[{"embeddable":true,"href":"http:\/\/astehshop.com\/index.php\/wp-json\/wp\/v2\/media\/5369"}],"wp:attachment":[{"href":"http:\/\/astehshop.com\/index.php\/wp-json\/wp\/v2\/media?parent=5368"}],"wp:term":[{"taxonomy":"product_cat","embeddable":true,"href":"http:\/\/astehshop.com\/index.php\/wp-json\/wp\/v2\/product_cat?post=5368"},{"taxonomy":"product_tag","embeddable":true,"href":"http:\/\/astehshop.com\/index.php\/wp-json\/wp\/v2\/product_tag?post=5368"}],"curies":[{"name":"wp","href":"https:\/\/api.w.org\/{rel}","templated":true}]}}