{"id":5354,"date":"2021-10-10T17:01:36","date_gmt":"2021-10-10T15:01:36","guid":{"rendered":"http:\/\/astehshop.com\/?post_type=product&#038;p=5354"},"modified":"2025-09-17T21:30:45","modified_gmt":"2025-09-17T19:30:45","slug":"hikvision-modul-vanjski-ds-kd-dis","status":"publish","type":"product","link":"http:\/\/astehshop.com\/index.php\/product\/hikvision-modul-vanjski-ds-kd-dis\/","title":{"rendered":"HikVision modul vanjski DS-KD-DIS"},"content":{"rendered":"<p>Modular door station Display module, needs mouting bracket<br \/>\n3.5 inch LCD screen, 4 buttons, backlight, IP65<br \/>\nDial number display, pin code unlock, contact list display<br \/>\nUp to 2000 contacts can be added to the device<br \/>\nStores and searches contact list<br \/>\nMultiple languages<\/p>\n","protected":false},"excerpt":{"rendered":"<p>Modular door station Display module, needs mouting bracket<br \/>\n3.5 inch LCD screen, 4 buttons, backlight, IP65<br \/>\nDial number display, pin code unlock, contact list display<br \/>\nUp to 2000 contacts can be added to the device<br \/>\nStores and searches contact list<br \/>\nMultiple languages<\/p>\n","protected":false},"featured_media":5355,"comment_status":"open","ping_status":"closed","template":"","meta":{"_mi_skip_tracking":false,"_exactmetrics_sitenote_active":false,"_exactmetrics_sitenote_note":"","_exactmetrics_sitenote_category":0,"spay_email":""},"product_cat":[3150],"product_tag":[3152,3151,377],"brands":[{"id":2044,"name":"HikVision","slug":"hikvision"}],"df_price":"","df_sale_price":"","df_regular_price":"","df_image_link":"https:\/\/i1.wp.com\/astehshop.com\/wp-content\/uploads\/2021\/10\/ds-kd-dis__99454.1605061400.jpg?fit=450%2C281","jetpack_publicize_connections":[],"jetpack_sharing_enabled":true,"jetpack_likes_enabled":true,"jetpack-related-posts":[{"id":5036,"url":"http:\/\/astehshop.com\/index.php\/product\/samostojeci-citac-in-t10em-w\/","url_meta":{"origin":5354,"position":0},"title":"Samostoje\u0107i \u010dita\u010d IN-T10EM-W","date":"16. studenoga 2020.","format":false,"excerpt":"Samostoje\u0107i \u010dita\u010d EM 125 kHz kartica sa tipkovnicom osjetljivom na dodir. Mo\u017ee se koristiti i kao wiegand 26-bitni \u010dita\u010d kartica sa tipkovnicom. Podr\u017eava re\u017eim rada: Samo kartica, samo pin kod, kartica+pin kod. Anti sabota\u017eni senzor. IP65 Proizvo\u0111a\u010d inOUT Namjena Kontrola pristupa Monta\u017ea Nad\u017ebukna monta\u017ea Vrsta artikla Samostalni \u010dita\u010d Na\u010din identifikacije\u2026","rel":"","context":"Srodne objave","img":{"alt_text":"","src":"","width":0,"height":0},"classes":[]},{"id":11433,"url":"http:\/\/astehshop.com\/index.php\/product\/uniview-pametni-interaktivni-displej-mw3575-u-c\/","url_meta":{"origin":5354,"position":1},"title":"Uniview, Pametni interaktivni displej, MW3575-U-C","date":"5. kolovoza 2025.","format":false,"excerpt":"75 Inch Smart Interactive Display, DLED backlight (3840*2160), 75\" interaktivni 4K ekran s DLED pozadinskim osvjetljenjem i Android 12 operativnim sistemom. Ima osmojezgreni procesor (RK3588), 8 GB RAM-a i 64 GB interne memorije. Podr\u017eava infracrveni 20-ta\u010daka multi-touch. Ure\u0111aj nudi vi\u0161e HDMI, USB i audio priklju\u010daka te dva gigabitna LAN porta","rel":"","context":"Srodne objave","img":{"alt_text":"","src":"https:\/\/i1.wp.com\/astehshop.com\/wp-content\/uploads\/2025\/08\/MW3565-U-C.jpg?fit=547%2C547&resize=350%2C200","width":350,"height":200},"classes":[]},{"id":5502,"url":"http:\/\/astehshop.com\/index.php\/product\/kontrola-pristupa-dahua-asi7213y-v3\/","url_meta":{"origin":5354,"position":2},"title":"Kontrola pristupa Dahua ASI7213Y-V3","date":"17. listopada 2021.","format":false,"excerpt":"\u00b7 7 inch IPS display, resolution 1024\u00d7600\u00b7 Support face unlock, IC card unlock, and password unlock; unlock by period\u00b7 With face detection box; the largest face among faces that appear at the same time is recognized first; the maximum face size can be configured on the web\u00b7 2MP wide-angle WDR\u2026","rel":"","context":"Srodne objave","img":{"alt_text":"","src":"https:\/\/i0.wp.com\/astehshop.com\/wp-content\/uploads\/2021\/10\/ASI8214Y-V3_thumb.png?fit=400%2C400&resize=350%2C200","width":350,"height":200},"classes":[]},{"id":7435,"url":"http:\/\/astehshop.com\/index.php\/product\/pametni-sat-blackview-r8-black\/","url_meta":{"origin":5354,"position":3},"title":"Pametni sat Blackview R8 Black","date":"11. o\u017eujka 2023.","format":false,"excerpt":"Screen Size 1.09\u201d 240*240 pixel Screen Type TFT-LCD Screen Cover 2.5D-curved Asahi Glass Bottom Material Zinc alloy frame, Plastic bottom shell, stainless buttons Strap Material TPU strap + metal buckle","rel":"","context":"Srodne objave","img":{"alt_text":"","src":"https:\/\/i1.wp.com\/astehshop.com\/wp-content\/uploads\/2023\/03\/0110114_pametni-sat-blackview-r8-black1.jpeg?fit=900%2C900&resize=350%2C200","width":350,"height":200},"classes":[]},{"id":5034,"url":"http:\/\/astehshop.com\/index.php\/product\/samostojeci-citac-in-k5\/","url_meta":{"origin":5354,"position":4},"title":"Samostoje\u0107i \u010dita\u010d IN-K5","date":"16. studenoga 2020.","format":false,"excerpt":"Samostoje\u0107i unutarnji \u010dita\u010d EM 125 kHz kartica sa tipkovnicom u antivandal ku\u0107i\u0161tu za max. 2000 korisnika. Mogu\u0107nost spajanja vanjskog \u010dita\u010da. Podr\u017eava re\u017eim rada: Samo kartica, samo pin kod, kartica+pin kod. Kromirano ku\u0107i\u0161te. Tamper prekida\u010d. Proizvo\u0111a\u010d inOUT Namjena Kontrola pristupa Monta\u017ea Nad\u017ebukna monta\u017ea Vrsta artikla Samostalni \u010dita\u010d Na\u010din identifikacije RFID, PIN\u2026","rel":"","context":"Srodne objave","img":{"alt_text":"","src":"https:\/\/i1.wp.com\/astehshop.com\/wp-content\/uploads\/2020\/11\/IN-K5.jpg?fit=1200%2C675&resize=350%2C200","width":350,"height":200},"classes":[]},{"id":5315,"url":"http:\/\/astehshop.com\/index.php\/product\/dahua-interfon-monitor-pozivna-jedinica-4-zice\/","url_meta":{"origin":5354,"position":5},"title":"Dahua interfon monitor pozivna jedinica 4 \u017eice","date":"10. listopada 2021.","format":false,"excerpt":"> 7\" TFT screen > Video intercom function: Unlock, voice call, video call, volume adjustment > Quantity of video intercom: 2 door stations + 3 indoor monitors > Multiple bell sounds > Supports digital wide dynamic range (DWDR)","rel":"","context":"Srodne objave","img":{"alt_text":"","src":"https:\/\/i2.wp.com\/astehshop.com\/wp-content\/uploads\/2021\/10\/slika-1854472-60c909136af4a-velika.jpg?fit=400%2C400&resize=350%2C200","width":350,"height":200},"classes":[]}],"_links":{"self":[{"href":"http:\/\/astehshop.com\/index.php\/wp-json\/wp\/v2\/product\/5354"}],"collection":[{"href":"http:\/\/astehshop.com\/index.php\/wp-json\/wp\/v2\/product"}],"about":[{"href":"http:\/\/astehshop.com\/index.php\/wp-json\/wp\/v2\/types\/product"}],"replies":[{"embeddable":true,"href":"http:\/\/astehshop.com\/index.php\/wp-json\/wp\/v2\/comments?post=5354"}],"wp:featuredmedia":[{"embeddable":true,"href":"http:\/\/astehshop.com\/index.php\/wp-json\/wp\/v2\/media\/5355"}],"wp:attachment":[{"href":"http:\/\/astehshop.com\/index.php\/wp-json\/wp\/v2\/media?parent=5354"}],"wp:term":[{"taxonomy":"product_cat","embeddable":true,"href":"http:\/\/astehshop.com\/index.php\/wp-json\/wp\/v2\/product_cat?post=5354"},{"taxonomy":"product_tag","embeddable":true,"href":"http:\/\/astehshop.com\/index.php\/wp-json\/wp\/v2\/product_tag?post=5354"}],"curies":[{"name":"wp","href":"https:\/\/api.w.org\/{rel}","templated":true}]}}