{"id":5352,"date":"2021-10-10T16:58:16","date_gmt":"2021-10-10T14:58:16","guid":{"rendered":"http:\/\/astehshop.com\/?post_type=product&#038;p=5352"},"modified":"2025-09-17T21:30:46","modified_gmt":"2025-09-17T19:30:46","slug":"unutarnja-jedinica-ip-hikvision-ds-kh8520-wte1","status":"publish","type":"product","link":"http:\/\/astehshop.com\/index.php\/product\/unutarnja-jedinica-ip-hikvision-ds-kh8520-wte1\/","title":{"rendered":"UNUTARNJA JEDINICA IP HIKVISION DS-KH8520-WTE1"},"content":{"rendered":"<div class=\"woocommerce-product-details__short-description\">\n<p>Hikvision unutarnja jedinica IP portafona DS-KH8350-WTE1 dolazi sa 10,1\u201d ekranom u boji osjetljiv na dodir.<br \/>\nPodr\u017eava povezivanje putem wifia, te dodavanje dodatnih be\u017ei\u010dnih unutarnjih jedinica.<br \/>\nUnutarnje jedinice dolaze sa linux su\u010deljem te mogu\u0107no\u0161\u0107u pode\u0161avanja ja\u010dine zvona, vrste zvona, duljine trajanja poziva itd.<br \/>\nSustav podr\u017eava Hik-Connect aplikaciju tako da se poziv mo\u017ee preusmjeriti na mobilnu aplikaciju.<\/p>\n<p>\u2022 <strong>10,1\u201d<\/strong> ekran u boji osjetljiv na dodir<strong><br \/>\n<\/strong>\u2022 rezolucija ekrana: 1024\u00d7600<br \/>\n\u2022 TCP\/IP, <strong>POE<\/strong> standard<br \/>\n\u2022 Podr\u017eava <strong>wifi<\/strong> povezivanje 802.11b\/g\/n<br \/>\n\u2022 Be\u017ei\u010dno povezivanje u interkom sustavu<br \/>\n\u2022 Memoriranje slike<br \/>\n\u2022 Hik-connect \u2013 povezivanje sa aplikacijom<\/p>\n<\/div>\n","protected":false},"excerpt":{"rendered":"<div class=\"woocommerce-product-details__short-description\">\n<p>Hikvision unutarnja jedinica IP portafona DS-KH8350-WTE1 dolazi sa 10,1\u201d ekranom u boji osjetljiv na dodir.<br \/>\nPodr\u017eava povezivanje putem wifia, te dodavanje dodatnih be\u017ei\u010dnih unutarnjih jedinica.<br \/>\nUnutarnje jedinice dolaze sa linux su\u010deljem te mogu\u0107no\u0161\u0107u pode\u0161avanja ja\u010dine zvona, vrste zvona, duljine trajanja poziva itd.<br \/>\nSustav podr\u017eava Hik-Connect aplikaciju tako da se poziv mo\u017ee preusmjeriti na mobilnu aplikaciju.<\/p>\n<p>\u2022 <strong>10,1\u201d<\/strong> ekran u boji osjetljiv na dodir<strong><br \/>\n<\/strong>\u2022 rezolucija ekrana: 1024\u00d7600<br \/>\n\u2022 TCP\/IP, <strong>POE<\/strong> standard<br \/>\n\u2022 Podr\u017eava <strong>wifi<\/strong> povezivanje 802.11b\/g\/n<br \/>\n\u2022 Be\u017ei\u010dno povezivanje u interkom sustavu<br \/>\n\u2022 Memoriranje slike<br \/>\n\u2022 Hik-connect \u2013 povezivanje sa aplikacijom<\/p>\n<\/div>\n","protected":false},"featured_media":5353,"comment_status":"open","ping_status":"closed","template":"","meta":{"_mi_skip_tracking":false,"_exactmetrics_sitenote_active":false,"_exactmetrics_sitenote_note":"","_exactmetrics_sitenote_category":0,"spay_email":""},"product_cat":[3137],"product_tag":[3149,377],"brands":[{"id":2044,"name":"HikVision","slug":"hikvision"}],"df_price":"","df_sale_price":"","df_regular_price":"","df_image_link":"https:\/\/i0.wp.com\/astehshop.com\/wp-content\/uploads\/2021\/10\/DS-KH8520-WTE1.jpg?fit=450%2C450","jetpack_publicize_connections":[],"jetpack_sharing_enabled":true,"jetpack_likes_enabled":true,"jetpack-related-posts":[{"id":5350,"url":"http:\/\/astehshop.com\/index.php\/product\/hikvision-unutarnja-jedinica-ds-kh8350-te1\/","url_meta":{"origin":5352,"position":0},"title":"Hikvision unutarnja jedinica DS-KH8350-TE1","date":"10. listopada 2021.","format":false,"excerpt":"Hikvision unutarnja jedinica DS-KH8350-TE1 Unutra\u0161nja jedinica interfon sa 7-in\u010dnim ekranom osetljivim na dodir kompatibilan sa pozivnim tablama : DS-KV6113WPE1,DS-KB8113-IM,DS-KD8003-IME1,DS-KD8102-V Napaja se PoE preko standardnog PoE switch-a . 7 in\u010da TFT LCD ekran na dodir rezolucije 1024x600px, ekran za\u0161ti\u0107en kaljenim staklom, Aerospace aluminijumsko ku\u0107i\u0161te, ultra slim dizajn debljine 8.6mm, 128mb memorija,\u2026","rel":"","context":"Srodne objave","img":{"alt_text":"","src":"https:\/\/i1.wp.com\/astehshop.com\/wp-content\/uploads\/2021\/10\/d-kh8350-te1.png?fit=712%2C521&resize=350%2C200","width":350,"height":200},"classes":[]},{"id":5348,"url":"http:\/\/astehshop.com\/index.php\/product\/hikvision-unutarnja-jedinica-ds-kh8350-wte1\/","url_meta":{"origin":5352,"position":1},"title":"Hikvision unutarnja jedinica DS-KH8350-WTE1","date":"10. listopada 2021.","format":false,"excerpt":"IP LCD color monitor 7,0\u2033, Ultra slim dizajn, handsfree (bez slusalice), ekran osjetljiv na dodir, kaljeno staklo otporno na ogrebotine i o\u0161te\u0107enja, 1 mre\u017eni ulaz 10\/100 Mbps, WiFI, mogu\u0107nost povezivanja na aplikaciju Hik-Connect, napajanje 12V\/PoE, 8 alarmnih ulaza, slot za MicroSD karticu do 32GB, potro\u0161nja maksimalno 7W, radna temperatura od\u2026","rel":"","context":"Srodne objave","img":{"alt_text":"","src":"https:\/\/i0.wp.com\/astehshop.com\/wp-content\/uploads\/2021\/10\/DS\u2010KH8350\u2010WTE1.jpg?fit=1200%2C1200&resize=350%2C200","width":350,"height":200},"classes":[]},{"id":5317,"url":"http:\/\/astehshop.com\/index.php\/product\/zicni-video-interfon-7-lcd-elektro-otvaranje-vrata\/","url_meta":{"origin":5352,"position":2},"title":"\u017di\u010dni video interfon, 7&#8243; LCD elektro otvaranje vrata","date":"10. listopada 2021.","format":false,"excerpt":"Kolor video interfon, mogu\u010dnost pro\u0161irenja u svestran sustav sigurnosti, 7\" (17,5 cm) izuzetno tanak monitor rezolucije 800 x 480 i vanjska jedinica sa kamerom. Pro\u0161irivost: 2 vanjske jedinice sa kamerom, 3 unutarnje jedinice s monitorom, 2 nadzorne kamere, 2 senzora za otvaranje brave, televizijski izlaz. Snimanje video zapisa i fotografisanje\u2026","rel":"","context":"Srodne objave","img":{"alt_text":"","src":"https:\/\/i2.wp.com\/astehshop.com\/wp-content\/uploads\/2021\/10\/slika-1854472-60c388661f635-velika.jpg?fit=1152%2C1044&resize=350%2C200","width":350,"height":200},"classes":[]},{"id":10130,"url":"http:\/\/astehshop.com\/index.php\/product\/wsdt607fepozivna-jedinica-cetiri-tastera-sa-citacem\/","url_meta":{"origin":5352,"position":3},"title":"WS\u2010DT607FE pozivna jedinica \u010detiri tastera sa \u010dita\u010dem","date":"30. o\u017eujka 2025.","format":false,"excerpt":"Video pozivni tablo sa 4 tastera Kolor kamera, 500TVL, 170\u00b0 fisheye objektiv, telo od ner\u0111aju\u0107eg \u010delika, indikatori za otklju\u010davanje i razgovor, dvosmerna audio komunikacija, \u010dita\u010d 125KHz kartica\/tagova (otvaranje brave), komplet tagova (za dodavanje, brisanje i 5 korisni\u010dkih tagova), maksimalno 320 tagova, naponski izlaz za bravu 12VDC\/250mA ili relejni izlaz, povezivanje\u2026","rel":"","context":"Srodne objave","img":{"alt_text":"","src":"https:\/\/i2.wp.com\/astehshop.com\/wp-content\/uploads\/2025\/03\/westernsecurity-wsdt607feids4rh-pozivna-etiri-tastera-sa-itaem_0.jpg?fit=1200%2C675&resize=350%2C200","width":350,"height":200},"classes":[]},{"id":12299,"url":"http:\/\/astehshop.com\/index.php\/product\/ds-2ce12kf3t-ls-hikvision\/","url_meta":{"origin":5352,"position":4},"title":"DS-2CE12KF3T-LS HikVision","date":"27. velja\u010de 2026.","format":false,"excerpt":"Bullet kamera 3 sa objektivom 2,8 mm ili 3,6 mm Smart-Hybrid svjetlo, 24h slika u boji Ugra\u0111en mikrofon Do 40 m udaljenosti bijelog svjetla za svijetle no\u0107ne slike Napajanje: 12 VDC \u00b1 25%, max. 6.9 W Odgovaraju\u0107i nosa\u010d: DS-1280ZJ-XS","rel":"","context":"Srodne objave","img":{"alt_text":"","src":"https:\/\/i2.wp.com\/astehshop.com\/wp-content\/uploads\/2026\/02\/DS-2CE12KF3T-LS.jpg?fit=800%2C800&resize=350%2C200","width":350,"height":200},"classes":[]},{"id":3980,"url":"http:\/\/astehshop.com\/index.php\/product\/paradox-k656-lcd-tastatura-sifrator-na-dodir\/","url_meta":{"origin":5352,"position":5},"title":"Paradox K656 LCD tastatura \u0161ifrator na dodir","date":"18. velja\u010de 2020.","format":false,"excerpt":"\u2022 LCD tipkovnica osjetljiva na dodir \u2022 Povezivanje na vi\u0161estruku sabirnicu: 4-\u017ei\u010dna enkriptirana komunikacijska sabirnica na 500 bps (13,8 Vdc) \u2022 Prikaz statusa do 4 particije i 384 zone \u2022 Prikaz alarma zone: prikazuje zone koje su u alarmu do prestanka alarm","rel":"","context":"Srodne objave","img":{"alt_text":"","src":"https:\/\/i2.wp.com\/astehshop.com\/wp-content\/uploads\/2020\/02\/K656.jpg?fit=696%2C680&resize=350%2C200","width":350,"height":200},"classes":[]}],"_links":{"self":[{"href":"http:\/\/astehshop.com\/index.php\/wp-json\/wp\/v2\/product\/5352"}],"collection":[{"href":"http:\/\/astehshop.com\/index.php\/wp-json\/wp\/v2\/product"}],"about":[{"href":"http:\/\/astehshop.com\/index.php\/wp-json\/wp\/v2\/types\/product"}],"replies":[{"embeddable":true,"href":"http:\/\/astehshop.com\/index.php\/wp-json\/wp\/v2\/comments?post=5352"}],"wp:featuredmedia":[{"embeddable":true,"href":"http:\/\/astehshop.com\/index.php\/wp-json\/wp\/v2\/media\/5353"}],"wp:attachment":[{"href":"http:\/\/astehshop.com\/index.php\/wp-json\/wp\/v2\/media?parent=5352"}],"wp:term":[{"taxonomy":"product_cat","embeddable":true,"href":"http:\/\/astehshop.com\/index.php\/wp-json\/wp\/v2\/product_cat?post=5352"},{"taxonomy":"product_tag","embeddable":true,"href":"http:\/\/astehshop.com\/index.php\/wp-json\/wp\/v2\/product_tag?post=5352"}],"curies":[{"name":"wp","href":"https:\/\/api.w.org\/{rel}","templated":true}]}}