{"id":5350,"date":"2021-10-10T16:55:59","date_gmt":"2021-10-10T14:55:59","guid":{"rendered":"http:\/\/astehshop.com\/?post_type=product&#038;p=5350"},"modified":"2025-09-17T21:30:47","modified_gmt":"2025-09-17T19:30:47","slug":"hikvision-unutarnja-jedinica-ds-kh8350-te1","status":"publish","type":"product","link":"http:\/\/astehshop.com\/index.php\/product\/hikvision-unutarnja-jedinica-ds-kh8350-te1\/","title":{"rendered":"Hikvision unutarnja jedinica DS-KH8350-TE1"},"content":{"rendered":"<p>Hikvision unutarnja jedinica DS-KH8350-TE1<\/p>\n<p>Unutra\u0161nja jedinica interfon sa 7-in\u010dnim ekranom osetljivim na dodir kompatibilan sa pozivnim tablama : DS-KV6113WPE1,DS-KB8113-IM,DS-KD8003-IME1,DS-KD8102-V Napaja se PoE preko standardnog PoE switch-a .<br \/>\n7 in\u010da TFT LCD ekran na dodir rezolucije 1024x600px, ekran za\u0161ti\u0107en kaljenim staklom, Aerospace aluminijumsko ku\u0107i\u0161te, ultra slim dizajn debljine 8.6mm, 128mb memorija, snimanje tokom poziva, 10 \/ 100Mbps Ethernet port,, monitoring spoljnih jedinica i kamera, 8\/2 alarmnih ulaza\/izlaza, udaljeno utkljucavanje putem aplikacije, automatsko slanje alarmnih poruka na glavnu unura\u0161nju jedinicu ili Hik-Connect aplikaciju \u010dim se aktivira senzor alarma, PoE, 12V DC, slot za TF kartice do 32GB<\/p>\n","protected":false},"excerpt":{"rendered":"<p>Hikvision unutarnja jedinica DS-KH8350-TE1<\/p>\n<p>Unutra\u0161nja jedinica interfon sa 7-in\u010dnim ekranom osetljivim na dodir kompatibilan sa pozivnim tablama : DS-KV6113WPE1,DS-KB8113-IM,DS-KD8003-IME1,DS-KD8102-V Napaja se PoE preko standardnog PoE switch-a .<br \/>\n7 in\u010da TFT LCD ekran na dodir rezolucije 1024x600px, ekran za\u0161ti\u0107en kaljenim staklom, Aerospace aluminijumsko ku\u0107i\u0161te, ultra slim dizajn debljine 8.6mm, 128mb memorija, snimanje tokom poziva, 10 \/ 100Mbps Ethernet port,, monitoring spoljnih jedinica i kamera, 8\/2 alarmnih ulaza\/izlaza, udaljeno utkljucavanje putem aplikacije, automatsko slanje alarmnih poruka na glavnu unura\u0161nju jedinicu ili Hik-Connect aplikaciju \u010dim se aktivira senzor alarma, PoE, 12V DC, slot za TF kartice do 32GB<\/p>\n","protected":false},"featured_media":5351,"comment_status":"open","ping_status":"closed","template":"","meta":{"_mi_skip_tracking":false,"_exactmetrics_sitenote_active":false,"_exactmetrics_sitenote_note":"","_exactmetrics_sitenote_category":0,"spay_email":""},"product_cat":[3137],"product_tag":[3148,3147],"brands":[{"id":2044,"name":"HikVision","slug":"hikvision"}],"df_price":"","df_sale_price":"","df_regular_price":"","df_image_link":"https:\/\/i1.wp.com\/astehshop.com\/wp-content\/uploads\/2021\/10\/d-kh8350-te1.png?fit=450%2C329","jetpack_publicize_connections":[],"jetpack_sharing_enabled":true,"jetpack_likes_enabled":true,"jetpack-related-posts":[{"id":5352,"url":"http:\/\/astehshop.com\/index.php\/product\/unutarnja-jedinica-ip-hikvision-ds-kh8520-wte1\/","url_meta":{"origin":5350,"position":0},"title":"UNUTARNJA JEDINICA IP HIKVISION DS-KH8520-WTE1","date":"10. listopada 2021.","format":false,"excerpt":"Hikvision unutarnja jedinica IP portafona DS-KH8350-WTE1 dolazi sa 10,1\u201d ekranom u boji osjetljiv na dodir. Podr\u017eava povezivanje putem wifia, te dodavanje dodatnih be\u017ei\u010dnih unutarnjih jedinica. Unutarnje jedinice dolaze sa linux su\u010deljem te mogu\u0107no\u0161\u0107u pode\u0161avanja ja\u010dine zvona, vrste zvona, duljine trajanja poziva itd. Sustav podr\u017eava Hik-Connect aplikaciju tako da se poziv\u2026","rel":"","context":"Srodne objave","img":{"alt_text":"","src":"https:\/\/i0.wp.com\/astehshop.com\/wp-content\/uploads\/2021\/10\/DS-KH8520-WTE1.jpg?fit=800%2C800&resize=350%2C200","width":350,"height":200},"classes":[]},{"id":5348,"url":"http:\/\/astehshop.com\/index.php\/product\/hikvision-unutarnja-jedinica-ds-kh8350-wte1\/","url_meta":{"origin":5350,"position":1},"title":"Hikvision unutarnja jedinica DS-KH8350-WTE1","date":"10. listopada 2021.","format":false,"excerpt":"IP LCD color monitor 7,0\u2033, Ultra slim dizajn, handsfree (bez slusalice), ekran osjetljiv na dodir, kaljeno staklo otporno na ogrebotine i o\u0161te\u0107enja, 1 mre\u017eni ulaz 10\/100 Mbps, WiFI, mogu\u0107nost povezivanja na aplikaciju Hik-Connect, napajanje 12V\/PoE, 8 alarmnih ulaza, slot za MicroSD karticu do 32GB, potro\u0161nja maksimalno 7W, radna temperatura od\u2026","rel":"","context":"Srodne objave","img":{"alt_text":"","src":"https:\/\/i0.wp.com\/astehshop.com\/wp-content\/uploads\/2021\/10\/DS\u2010KH8350\u2010WTE1.jpg?fit=1200%2C1200&resize=350%2C200","width":350,"height":200},"classes":[]},{"id":11424,"url":"http:\/\/astehshop.com\/index.php\/product\/video-interfon-ktw02-dahua-wifi-poe-support\/","url_meta":{"origin":5350,"position":2},"title":"Video interfon KTW02 Dahua WIFI POE Support","date":"27. srpnja 2025.","format":false,"excerpt":"IP video interfonski komplet sa 7-in\u010dnim monitorom osjetljivim na dodir, mogu\u0107no\u0161\u0107u integracije alarma i upravljanja 1 bravom, kao i daljinskim interfonom putem mobilne aplikacije. Mo\u017ee se koristiti i kao jednostavna kontrolna plo\u010da alarma ili modul za obavje\u0161tavanje jer podr\u017eava 6 alarmnih ulaza.","rel":"","context":"Srodne objave","img":{"alt_text":"","src":"https:\/\/i1.wp.com\/astehshop.com\/wp-content\/uploads\/2025\/07\/KTW02.png?fit=400%2C400&resize=350%2C200","width":350,"height":200},"classes":[]},{"id":7767,"url":"http:\/\/astehshop.com\/index.php\/product\/klima-uredaj-split-sistem-12000btu-32kw-a\/","url_meta":{"origin":5350,"position":3},"title":"Klima ure\u0111aj, split sistem, 12000Btu, 3,2kW, A","date":"15. svibnja 2023.","format":false,"excerpt":"Klima ure\u0111aj, split sistem, kapacitet hla\u0111enje 3,2kW, grijanje 3,5kW, protok zraka 630m\u00b3\/h, razina buke unutarnja jedinica 38dB, vanjska jedinica 54dB, ECO plin R410A, energetski razred A+ \/ A. Mitsubishi kompresor.","rel":"","context":"Srodne objave","img":{"alt_text":"","src":"https:\/\/i0.wp.com\/astehshop.com\/wp-content\/uploads\/2023\/05\/frozzini-12-scaled.jpg?fit=1200%2C1012&resize=350%2C200","width":350,"height":200},"classes":[]},{"id":12344,"url":"http:\/\/astehshop.com\/index.php\/product\/hikvision-ds-2cd1123g2-liu\/","url_meta":{"origin":5350,"position":4},"title":"HikVision DS-2CD1123G2-LIU","date":"28. velja\u010de 2026.","format":false,"excerpt":"Dome kamera 2MP s objektivom 2,8mm ili 4mm Podr\u017eava detekciju ljudi i vozila, Smart Hybrid Light Ugra\u0111en mikrofon Napajanje: 12V DC ili PoE Otporna na vodu i pra\u0161inu (IP67), antivandal (IK08) Odgovaraju\u0107i nosa\u010d: DS-1280ZJ-DM46","rel":"","context":"Srodne objave","img":{"alt_text":"","src":"https:\/\/i0.wp.com\/astehshop.com\/wp-content\/uploads\/2026\/02\/DS-2CD1121G2-LIU.jpg?fit=790%2C400&resize=350%2C200","width":350,"height":200},"classes":[]},{"id":6268,"url":"http:\/\/astehshop.com\/index.php\/product\/hikvision-poe-24-portni-switch-ds-3e1326p-ei\/","url_meta":{"origin":5350,"position":5},"title":"HikVision POE 24 portni switch DS-3E1326P-EI","date":"9. travnja 2022.","format":false,"excerpt":"24 \u00d7 100 Mbps PoE RJ45 ports, 2 \u00d7 gigabit combos. IEEE 802.3at\/af standard for PoE ports. Network topology management, alarm push, network health monitor. 6 KV surge protection for PoE ports. AF\/AT camera can reach up to 300 m in extend mode. Available models: DS-3E1326P-EI","rel":"","context":"Srodne objave","img":{"alt_text":"","src":"https:\/\/i2.wp.com\/astehshop.com\/wp-content\/uploads\/2022\/04\/DS-3E1326P-EI.jpg?fit=1200%2C516&resize=350%2C200","width":350,"height":200},"classes":[]}],"_links":{"self":[{"href":"http:\/\/astehshop.com\/index.php\/wp-json\/wp\/v2\/product\/5350"}],"collection":[{"href":"http:\/\/astehshop.com\/index.php\/wp-json\/wp\/v2\/product"}],"about":[{"href":"http:\/\/astehshop.com\/index.php\/wp-json\/wp\/v2\/types\/product"}],"replies":[{"embeddable":true,"href":"http:\/\/astehshop.com\/index.php\/wp-json\/wp\/v2\/comments?post=5350"}],"wp:featuredmedia":[{"embeddable":true,"href":"http:\/\/astehshop.com\/index.php\/wp-json\/wp\/v2\/media\/5351"}],"wp:attachment":[{"href":"http:\/\/astehshop.com\/index.php\/wp-json\/wp\/v2\/media?parent=5350"}],"wp:term":[{"taxonomy":"product_cat","embeddable":true,"href":"http:\/\/astehshop.com\/index.php\/wp-json\/wp\/v2\/product_cat?post=5350"},{"taxonomy":"product_tag","embeddable":true,"href":"http:\/\/astehshop.com\/index.php\/wp-json\/wp\/v2\/product_tag?post=5350"}],"curies":[{"name":"wp","href":"https:\/\/api.w.org\/{rel}","templated":true}]}}