{"id":5348,"date":"2021-10-10T16:53:20","date_gmt":"2021-10-10T14:53:20","guid":{"rendered":"http:\/\/astehshop.com\/?post_type=product&#038;p=5348"},"modified":"2025-09-17T21:30:48","modified_gmt":"2025-09-17T19:30:48","slug":"hikvision-unutarnja-jedinica-ds-kh8350-wte1","status":"publish","type":"product","link":"http:\/\/astehshop.com\/index.php\/product\/hikvision-unutarnja-jedinica-ds-kh8350-wte1\/","title":{"rendered":"Hikvision unutarnja jedinica DS-KH8350-WTE1"},"content":{"rendered":"<p>IP LCD color monitor 7,0\u2033, Ultra slim dizajn, handsfree (bez slusalice), ekran osjetljiv na dodir, kaljeno staklo otporno na ogrebotine i o\u0161te\u0107enja, 1 mre\u017eni ulaz 10\/100 Mbps, WiFI, mogu\u0107nost povezivanja na aplikaciju Hik-Connect, napajanje 12V\/PoE, 8 alarmnih ulaza, slot za MicroSD karticu do 32GB, potro\u0161nja maksimalno 7W, radna temperatura od -10\u00b0C do +55\u00b0C, dimenzije 180x170x22,4mm<\/p>\n","protected":false},"excerpt":{"rendered":"<p>IP LCD color monitor 7,0\u2033, Ultra slim dizajn, handsfree (bez slusalice), ekran osjetljiv na dodir, kaljeno staklo otporno na ogrebotine i o\u0161te\u0107enja, 1 mre\u017eni ulaz 10\/100 Mbps, WiFI, mogu\u0107nost povezivanja na aplikaciju Hik-Connect, napajanje 12V\/PoE, 8 alarmnih ulaza, slot za MicroSD karticu do 32GB, potro\u0161nja maksimalno 7W, radna temperatura od -10\u00b0C do +55\u00b0C, dimenzije 180x170x22,4mm<\/p>\n","protected":false},"featured_media":5349,"comment_status":"open","ping_status":"closed","template":"","meta":{"_mi_skip_tracking":false,"_exactmetrics_sitenote_active":false,"_exactmetrics_sitenote_note":"","_exactmetrics_sitenote_category":0,"spay_email":""},"product_cat":[3137],"product_tag":[3146],"brands":[{"id":2044,"name":"HikVision","slug":"hikvision"}],"df_price":"","df_sale_price":"","df_regular_price":"","df_image_link":"https:\/\/i0.wp.com\/astehshop.com\/wp-content\/uploads\/2021\/10\/DS\u2010KH8350\u2010WTE1.jpg?fit=450%2C450","jetpack_publicize_connections":[],"jetpack_sharing_enabled":true,"jetpack_likes_enabled":true,"jetpack-related-posts":[{"id":5350,"url":"http:\/\/astehshop.com\/index.php\/product\/hikvision-unutarnja-jedinica-ds-kh8350-te1\/","url_meta":{"origin":5348,"position":0},"title":"Hikvision unutarnja jedinica DS-KH8350-TE1","date":"10. listopada 2021.","format":false,"excerpt":"Hikvision unutarnja jedinica DS-KH8350-TE1 Unutra\u0161nja jedinica interfon sa 7-in\u010dnim ekranom osetljivim na dodir kompatibilan sa pozivnim tablama : DS-KV6113WPE1,DS-KB8113-IM,DS-KD8003-IME1,DS-KD8102-V Napaja se PoE preko standardnog PoE switch-a . 7 in\u010da TFT LCD ekran na dodir rezolucije 1024x600px, ekran za\u0161ti\u0107en kaljenim staklom, Aerospace aluminijumsko ku\u0107i\u0161te, ultra slim dizajn debljine 8.6mm, 128mb memorija,\u2026","rel":"","context":"Srodne objave","img":{"alt_text":"","src":"https:\/\/i1.wp.com\/astehshop.com\/wp-content\/uploads\/2021\/10\/d-kh8350-te1.png?fit=712%2C521&resize=350%2C200","width":350,"height":200},"classes":[]},{"id":5352,"url":"http:\/\/astehshop.com\/index.php\/product\/unutarnja-jedinica-ip-hikvision-ds-kh8520-wte1\/","url_meta":{"origin":5348,"position":1},"title":"UNUTARNJA JEDINICA IP HIKVISION DS-KH8520-WTE1","date":"10. listopada 2021.","format":false,"excerpt":"Hikvision unutarnja jedinica IP portafona DS-KH8350-WTE1 dolazi sa 10,1\u201d ekranom u boji osjetljiv na dodir. Podr\u017eava povezivanje putem wifia, te dodavanje dodatnih be\u017ei\u010dnih unutarnjih jedinica. Unutarnje jedinice dolaze sa linux su\u010deljem te mogu\u0107no\u0161\u0107u pode\u0161avanja ja\u010dine zvona, vrste zvona, duljine trajanja poziva itd. Sustav podr\u017eava Hik-Connect aplikaciju tako da se poziv\u2026","rel":"","context":"Srodne objave","img":{"alt_text":"","src":"https:\/\/i0.wp.com\/astehshop.com\/wp-content\/uploads\/2021\/10\/DS-KH8520-WTE1.jpg?fit=800%2C800&resize=350%2C200","width":350,"height":200},"classes":[]},{"id":3970,"url":"http:\/\/astehshop.com\/index.php\/product\/kontrolni-panel-model-tm70-na-dodir-7\/","url_meta":{"origin":5348,"position":2},"title":"KONTROLNI PANEL MODEL TM70 na dodir 7&#8221;","date":"18. velja\u010de 2020.","format":false,"excerpt":"MODEL: TM70 LCD UPRAVLJA\u010cKO \/ KONTROLNI PANEL, 7\" OSJETLJIV NA DODIR SPOTON LOCATOR OMOGU\u0106UJE DO 32 PROSTORNA NACRTA UZ MOGU\u0106NOST URE\u0110IVANJA I PRILAGODBE NACRTA SA PRIKAZOM ZONA","rel":"","context":"Srodne objave","img":{"alt_text":"","src":"https:\/\/i1.wp.com\/astehshop.com\/wp-content\/uploads\/2020\/02\/KONTROLNI-PANEL-MODEL-TM70.jpg?fit=1200%2C1038&resize=350%2C200","width":350,"height":200},"classes":[]},{"id":6889,"url":"http:\/\/astehshop.com\/index.php\/product\/vivotek-ip-bullet-kamera-ib9369\/","url_meta":{"origin":5348,"position":3},"title":"Vivotek IP bullet kamera IB9369","date":"2. prosinca 2022.","format":false,"excerpt":"H.265 Tehnologija kompresije 30 fps @ 1920x1080 Smart Stream III za optimizaciju efikasnosti propusnog opsega Ugra\u0111eni IR iluminatori, efektivni do 30 metara Pametna IR tehnologija za izbjegavanje prekomjerne ekspozicije Pametna detekcija pokreta za smanjenje la\u017enih alarma Ugra\u0111eni slot za MicroSD\/SDHC\/SDXC karticu za skladi\u0161tenje na plo\u010di Ku\u0107i\u0161te otporno na vremenske uvjete\u2026","rel":"","context":"Srodne objave","img":{"alt_text":"","src":"https:\/\/i2.wp.com\/astehshop.com\/wp-content\/uploads\/2022\/12\/ib9369.jpg?fit=906%2C940&resize=350%2C200","width":350,"height":200},"classes":[]},{"id":7815,"url":"http:\/\/astehshop.com\/index.php\/product\/sobni-termostat-wifi-6000alw-tuya\/","url_meta":{"origin":5348,"position":4},"title":"Sobni termostat WIFI 6000ALW Tuya","date":"23. svibnja 2023.","format":false,"excerpt":"Wifi okrugli termostat na dodir Potpuna kontrola putem telefona Akrilno staklo, jednostavno za ciscenje i cuva va\u0161e o\u010di Jednostavan dizajn, jednostavno rukovanje Lezite na va\u0161em kau\u010du i upravljajte kompletnom situacijom","rel":"","context":"Srodne objave","img":{"alt_text":"","src":"https:\/\/i0.wp.com\/astehshop.com\/wp-content\/uploads\/2023\/05\/sobni-termostat.jpg?fit=891%2C888&resize=350%2C200","width":350,"height":200},"classes":[]},{"id":9926,"url":"http:\/\/astehshop.com\/index.php\/product\/tablet-10-1-ips-1920x1200-cpu-2-0-ghz-3-32gb-6000-mah\/","url_meta":{"origin":5348,"position":5},"title":"Tablet 10.1&#8243;, IPS 1920&#215;1200, CPU 2.0 GHz, 3\/32GB, 6000 mAh","date":"19. sije\u010dnja 2025.","format":false,"excerpt":"Tablet M10 Pro, 10.1\" IPS ekran osjetljiv na dodir, rezolucija 1920 x 1200, Quad-Core ARM Cortex A53 up to 2.0 GHz, 3GB DDR3 radne memorije, 32GB interne memorije, utor za microSDXC ( max 128 GB ). Grafi\u010dka kartica Mali-G52 MC1. Kamera 5 MPixel , Selfie kamera 2 MPixel. Povezivost: WiFi\u2026","rel":"","context":"Srodne objave","img":{"alt_text":"","src":"https:\/\/i2.wp.com\/astehshop.com\/wp-content\/uploads\/2025\/01\/Tablet-10.1-redline.png?fit=1200%2C1023&resize=350%2C200","width":350,"height":200},"classes":[]}],"_links":{"self":[{"href":"http:\/\/astehshop.com\/index.php\/wp-json\/wp\/v2\/product\/5348"}],"collection":[{"href":"http:\/\/astehshop.com\/index.php\/wp-json\/wp\/v2\/product"}],"about":[{"href":"http:\/\/astehshop.com\/index.php\/wp-json\/wp\/v2\/types\/product"}],"replies":[{"embeddable":true,"href":"http:\/\/astehshop.com\/index.php\/wp-json\/wp\/v2\/comments?post=5348"}],"wp:featuredmedia":[{"embeddable":true,"href":"http:\/\/astehshop.com\/index.php\/wp-json\/wp\/v2\/media\/5349"}],"wp:attachment":[{"href":"http:\/\/astehshop.com\/index.php\/wp-json\/wp\/v2\/media?parent=5348"}],"wp:term":[{"taxonomy":"product_cat","embeddable":true,"href":"http:\/\/astehshop.com\/index.php\/wp-json\/wp\/v2\/product_cat?post=5348"},{"taxonomy":"product_tag","embeddable":true,"href":"http:\/\/astehshop.com\/index.php\/wp-json\/wp\/v2\/product_tag?post=5348"}],"curies":[{"name":"wp","href":"https:\/\/api.w.org\/{rel}","templated":true}]}}