{"id":5323,"date":"2021-10-10T10:39:05","date_gmt":"2021-10-10T08:39:05","guid":{"rendered":"http:\/\/astehshop.com\/?post_type=product&#038;p=5323"},"modified":"2024-01-10T15:07:32","modified_gmt":"2024-01-10T14:07:32","slug":"mi-tv-stick-tv-box-xiaomi-android-top-cijena","status":"publish","type":"product","link":"http:\/\/astehshop.com\/index.php\/product\/mi-tv-stick-tv-box-xiaomi-android-top-cijena\/","title":{"rendered":"Mi TV Stick, TV BOX XIAOMI Android TOP CIJENA"},"content":{"rendered":"<div id=\"detaljni-opis\" class=\"artikal_detaljniopis_tekst\">\n<p><strong>TOP CIJENA<\/strong><\/p>\n<p><strong>XIAOMI KVALITET<\/strong><\/p>\n<p><strong>PONESITE SVOJ KOMPAKTNI TV BOX NA LJETOVANJE, VIKENDICU, KOD PRIJATELJA NA UTAKMICU&#8230;.<\/strong><\/p>\n<p>&nbsp;<\/p>\n<p>Prijenosni streaming Media Player sa daljinskim upravlja\u010dem. Zaboravite na kabele, utaknite stick u bilo koji televizor, monitor ili projektor s HDMI priklju\u010dkom da biste ga pretvorili u pametni TV! Mi TV Stick pokre\u0107e Android TV 9.0 koji podr\u017eava glasovno pretra\u017eivanje i Chromecast koji vas povezuju sa svijetom sadr\u017eaja. Nadoknadite svoje omiljene TV emisije, igrajte igre, gledajte vijesti ili uklju\u010dite radio.<br \/>\nPodr\u017eana rezolucija 1080p ( 1920 x 1080@60fps ), RAM memorija 1 GB, Interna memorija 8 GB, GPU ARM Mali-450, WiFi, Bluetooth 4.2, H.265, H.264, MPEG1\/2\/4, podr\u017eani video format: RM, MOV, VOB, AVI, MKV, TS, MP4, podr\u017eani audio format: MP3, AAC, FLAC, OGG, podr\u017eani format fotografija: JPG, BMP, GIF, PNG<br \/>\nOS Android 9.0<\/p>\n<\/div>\n","protected":false},"excerpt":{"rendered":"<div id=\"detaljni-opis\" class=\"artikal_detaljniopis_tekst\">\n<p><strong>TOP CIJENA<\/strong><\/p>\n<p><strong>XIAOMI KVALITET<\/strong><\/p>\n<p><strong>PONESITE SVOJ KOMPAKTNI TV BOX NA LJETOVANJE, VIKENDICU, KOD PRIJATELJA NA UTAKMICU&#8230;.<\/strong><\/p>\n<p>&nbsp;<\/p>\n<p>Prijenosni streaming Media Player sa daljinskim upravlja\u010dem. Zaboravite na kabele, utaknite stick u bilo koji televizor, monitor ili projektor s HDMI priklju\u010dkom da biste ga pretvorili u pametni TV! Mi TV Stick pokre\u0107e Android TV 9.0 koji podr\u017eava glasovno pretra\u017eivanje i Chromecast koji vas povezuju sa svijetom sadr\u017eaja. Nadoknadite svoje omiljene TV emisije, igrajte igre, gledajte vijesti ili uklju\u010dite radio.<br \/>\nPodr\u017eana rezolucija 1080p ( 1920 x 1080@60fps ), RAM memorija 1 GB, Interna memorija 8 GB, GPU ARM Mali-450, WiFi, Bluetooth 4.2, H.265, H.264, MPEG1\/2\/4, podr\u017eani video format: RM, MOV, VOB, AVI, MKV, TS, MP4, podr\u017eani audio format: MP3, AAC, FLAC, OGG, podr\u017eani format fotografija: JPG, BMP, GIF, PNG<br \/>\nOS Android 9.0<\/p>\n<\/div>\n","protected":false},"featured_media":5324,"comment_status":"open","ping_status":"closed","template":"","meta":{"_mi_skip_tracking":false,"_exactmetrics_sitenote_active":false,"_exactmetrics_sitenote_note":"","_exactmetrics_sitenote_category":0,"spay_email":""},"product_cat":[2409],"product_tag":[2416,3126,3125,3120,3124,3122,3123,3121],"brands":[],"df_price":85,"df_sale_price":"","df_regular_price":85,"df_image_link":"https:\/\/i1.wp.com\/astehshop.com\/wp-content\/uploads\/2021\/10\/Stick-3__21355.1615821388.jpg?fit=450%2C438","jetpack_publicize_connections":[],"jetpack_sharing_enabled":true,"jetpack_likes_enabled":true,"jetpack-related-posts":[{"id":11091,"url":"http:\/\/astehshop.com\/index.php\/product\/tv-box-xiaomi-mi-tv-stick-4k\/","url_meta":{"origin":5323,"position":0},"title":"TV BOX Xiaomi Mi TV stick 4K","date":"16. srpnja 2025.","format":false,"excerpt":"TV BOX Xiaomi Mi TV stick 4K, 2GB\/8GB PFJ4175EU","rel":"","context":"Srodne objave","img":{"alt_text":"","src":"https:\/\/i2.wp.com\/astehshop.com\/wp-content\/uploads\/2025\/07\/0131234_tv-box-xiaomi-mi-tv-stick-4k-2gb8gb-pfj4175eu.png?fit=900%2C900&resize=350%2C200","width":350,"height":200},"classes":[]},{"id":11089,"url":"http:\/\/astehshop.com\/index.php\/product\/tv-box-xiaomi-4k-android-2-gen-mi-pfj4151eu\/","url_meta":{"origin":5323,"position":1},"title":"TV BOX Xiaomi 4K Android 2 Gen Mi PFJ4151EU","date":"16. srpnja 2025.","format":false,"excerpt":"Za sve dodatne informacije mozete nas kontaktirati na\u00a0OLX poruke, 065824333 ili Viber \u00a0 NUDIMO KUPOVINU NOVE ROBE NA RATE: -DO 18 RATA PREKO MIKROFIN KREDITNA ORGANIZACIJA -DO 12 RATA PREKO \u0160OPING KARTICE UNICREDIT BANK \u00a0 Trgovinska Radnja TECHNO SHOP BN Nikole Tesle 31a, Bijeljina (izme\u0111u Moja Apoteka i picerije Park\u2026","rel":"","context":"Srodne objave","img":{"alt_text":"","src":"https:\/\/i1.wp.com\/astehshop.com\/wp-content\/uploads\/2025\/07\/0117019_tv-box-xiaomi-4k-android-2-gen-mi-pfj4151eu.jpeg?fit=900%2C900&resize=350%2C200","width":350,"height":200},"classes":[]},{"id":4414,"url":"http:\/\/astehshop.com\/index.php\/product\/xiaomi-android-box-mi-tv-box-s\/","url_meta":{"origin":5323,"position":2},"title":"Xiaomi Android box Mi TV Box S","date":"4. travnja 2020.","format":false,"excerpt":"UltraHD 4K IPTV prijemnik, Android Box, Quad Core Cortex-A53 2.0 GHz, 2 GB DDR3 RAM memorije, 8 GB interne memorije grafi\u010dka kartica Mali 450 ( 750 MHz), H.264, HDR10, zvuk DTS 2.0, Dolby Digital Plus. Poezivost: HDMI 2.0 x 1, USB2.0 x 1, 3.5 mm Audio x 1, WiFi 802.11,\u2026","rel":"","context":"Srodne objave","img":{"alt_text":"","src":"https:\/\/i2.wp.com\/astehshop.com\/wp-content\/uploads\/2020\/04\/Mi-TV-Box-S.png?fit=811%2C768&resize=350%2C200","width":350,"height":200},"classes":[]},{"id":11093,"url":"http:\/\/astehshop.com\/index.php\/product\/tv-box-amazon-fire-tv-stick\/","url_meta":{"origin":5323,"position":3},"title":"TV BOX Amazon Fire TV Stick","date":"16. srpnja 2025.","format":false,"excerpt":"TV BOX Amazon Fire TV Stick Firestick HD 1080p WiFi 5, 8GB","rel":"","context":"Srodne objave","img":{"alt_text":"","src":"https:\/\/i0.wp.com\/astehshop.com\/wp-content\/uploads\/2025\/07\/0134745_tv-box-amazon-fire-tv-stick-firestick-hd-1080p-wifi-5-8gb.png?fit=900%2C900&resize=350%2C200","width":350,"height":200},"classes":[]},{"id":5613,"url":"http:\/\/astehshop.com\/index.php\/product\/xiaomi-mi-smart-band-6\/","url_meta":{"origin":5323,"position":4},"title":"Xiaomi Mi Smart Band 6","date":"5. studenoga 2021.","format":false,"excerpt":"Smart Band 6 je nova Xiaomi pametna narukvica koja zadovoljava potrebe svih korisnika. Nije bitno \u017eelite li brojati korake, brzinu kojom tr\u010dite ili pre\u0111ene kilometre za vrijeme vje\u017ebe, novi model smart band-a mo\u017ee sve. Nova pametna narukvica ima ve\u0107i zaslon s obzirom na pro\u0161li model, dodana je automatska detekcija za\u2026","rel":"","context":"Srodne objave","img":{"alt_text":"","src":"https:\/\/i0.wp.com\/astehshop.com\/wp-content\/uploads\/2021\/11\/Xiaomi-Mi-Smart-Band-6.jpg?fit=800%2C800&resize=350%2C200","width":350,"height":200},"classes":[]},{"id":11085,"url":"http:\/\/astehshop.com\/index.php\/product\/tv-box-amazon-fire-tv-stick-firestick-4k-2nd-generation-8gb\/","url_meta":{"origin":5323,"position":5},"title":"TV BOX Amazon Fire TV Stick Firestick 4K, 2nd Generation, 8GB","date":"15. srpnja 2025.","format":false,"excerpt":"Za sve dodatne informacije mozete nas kontaktirati na\u00a0OLX poruke, 065824333 ili Viber \u00a0 NUDIMO KUPOVINU NOVE ROBE NA RATE: -DO 18 RATA PREKO MIKROFIN KREDITNA ORGANIZACIJA -DO 12 RATA PREKO \u0160OPING KARTICE UNICREDIT BANK \u00a0 Trgovinska Radnja TECHNO SHOP BN Nikole Tesle 31a, Bijeljina (izme\u0111u Moja Apoteka i picerije Park\u2026","rel":"","context":"Srodne objave","img":{"alt_text":"","src":"https:\/\/i1.wp.com\/astehshop.com\/wp-content\/uploads\/2025\/07\/0131354_tv-box-amazon-firestick-4k-2nd-generation.png?fit=900%2C900&resize=350%2C200","width":350,"height":200},"classes":[]}],"_links":{"self":[{"href":"http:\/\/astehshop.com\/index.php\/wp-json\/wp\/v2\/product\/5323"}],"collection":[{"href":"http:\/\/astehshop.com\/index.php\/wp-json\/wp\/v2\/product"}],"about":[{"href":"http:\/\/astehshop.com\/index.php\/wp-json\/wp\/v2\/types\/product"}],"replies":[{"embeddable":true,"href":"http:\/\/astehshop.com\/index.php\/wp-json\/wp\/v2\/comments?post=5323"}],"wp:featuredmedia":[{"embeddable":true,"href":"http:\/\/astehshop.com\/index.php\/wp-json\/wp\/v2\/media\/5324"}],"wp:attachment":[{"href":"http:\/\/astehshop.com\/index.php\/wp-json\/wp\/v2\/media?parent=5323"}],"wp:term":[{"taxonomy":"product_cat","embeddable":true,"href":"http:\/\/astehshop.com\/index.php\/wp-json\/wp\/v2\/product_cat?post=5323"},{"taxonomy":"product_tag","embeddable":true,"href":"http:\/\/astehshop.com\/index.php\/wp-json\/wp\/v2\/product_tag?post=5323"}],"curies":[{"name":"wp","href":"https:\/\/api.w.org\/{rel}","templated":true}]}}