{"id":5313,"date":"2021-10-10T10:07:46","date_gmt":"2021-10-10T08:07:46","guid":{"rendered":"http:\/\/astehshop.com\/?post_type=product&#038;p=5313"},"modified":"2023-05-13T19:27:10","modified_gmt":"2023-05-13T17:27:10","slug":"racksis-soho-12u-rack-ormar-crni-520x400x585mm","status":"publish","type":"product","link":"http:\/\/astehshop.com\/index.php\/product\/racksis-soho-12u-rack-ormar-crni-520x400x585mm\/","title":{"rendered":"RACKSIS SOHO 12U rack ormar crni, 520x400x585mm"},"content":{"rendered":"<ul>\n<li><a href=\"https:\/\/racksis.com\/en\/portfolio-item\/soho-series-w520-d400\/\">SH12U5240D<\/a> Racksis SOHO 12U rack ormar crni, 520x400x585mm<\/li>\n<\/ul>\n<p>Tip ormara: Soho\/zidni<\/p>\n<p>Dimenzije: 520x400x585mm<\/p>\n<p>Nosivost: 40 kg<\/p>\n<p>Boja: crna<\/p>\n<p>Vrata: staklo<\/p>\n<p>&nbsp;<\/p>\n<p>&#8211; otvor za ventilatorsko polje<\/p>\n<p>&#8211; otvor za ulaz kablova na gornjoj i donjoj stranici, te na sredini stra\u017enje<\/p>\n<p>stranice<\/p>\n<p>&#8211; jednostavno pri\u010dvr\u0161\u0107ivanje na zid<\/p>\n<p>&#8211; jedan red 19\u201c nosivih \u0161ina podesivih po dubini na 5 pozicija<\/p>\n<p>Rackovi su crne boje<\/p>\n","protected":false},"excerpt":{"rendered":"<ul>\n<li><a href=\"https:\/\/racksis.com\/en\/portfolio-item\/soho-series-w520-d400\/\">SH12U5240D<\/a> Racksis SOHO 12U rack ormar crni, 520x400x585mm<\/li>\n<\/ul>\n<p>Tip ormara: Soho\/zidni<\/p>\n<p>Dimenzije: 520x400x585mm<\/p>\n<p>Nosivost: 40 kg<\/p>\n<p>Boja: crna<\/p>\n<p>Vrata: staklo<\/p>\n<p>&nbsp;<\/p>\n<p>&#8211; otvor za ventilatorsko polje<\/p>\n<p>&#8211; otvor za ulaz kablova na gornjoj i donjoj stranici, te na sredini stra\u017enje<\/p>\n<p>stranice<\/p>\n<p>&#8211; jednostavno pri\u010dvr\u0161\u0107ivanje na zid<\/p>\n<p>&#8211; jedan red 19\u201c nosivih \u0161ina podesivih po dubini na 5 pozicija<\/p>\n<p>Rackovi su crne boje<\/p>\n","protected":false},"featured_media":5314,"comment_status":"open","ping_status":"closed","template":"","meta":{"_mi_skip_tracking":false,"_exactmetrics_sitenote_active":false,"_exactmetrics_sitenote_note":"","_exactmetrics_sitenote_category":0,"spay_email":""},"product_cat":[3090],"product_tag":[3092,3102,3097,3103,822],"brands":[{"id":3091,"name":"racksis","slug":"racksis"}],"df_price":176,"df_sale_price":176,"df_regular_price":199,"df_image_link":"https:\/\/i1.wp.com\/astehshop.com\/wp-content\/uploads\/2021\/10\/racksis-rack-12u.jpg?fit=450%2C434","jetpack_publicize_connections":[],"jetpack_sharing_enabled":true,"jetpack_likes_enabled":true,"jetpack-related-posts":[{"id":5309,"url":"http:\/\/astehshop.com\/index.php\/product\/racksis-soho-7u-rack-ormar-crni-520x400x360mm\/","url_meta":{"origin":5313,"position":0},"title":"RACKSIS SOHO 7U rack ormar crni, 520x400x360mm","date":"10. listopada 2021.","format":false,"excerpt":"RACKSIS SOHO 7U rack ormar crni, 520x400x360mm SH07U5240D Racksis SOHO 7U rack ormar crni, 520x400x360mm \u00a0 Tip ormara: Soho\/zidni Dimenzije: 520x400x360mm Nosivost: 40 kg Boja: crna Vrata: staklena sa bravicom za zaklju\u010davanje \u00a0 - otvor za ventilatorsko polje - otvor za ulaz kablova na gornjoj i donjoj stranici, te na\u2026","rel":"","context":"Srodne objave","img":{"alt_text":"","src":"https:\/\/i1.wp.com\/astehshop.com\/wp-content\/uploads\/2021\/10\/racksis-soho-7u-rack-ormar-crni-520x400x360mm.jpg?fit=750%2C672&resize=350%2C200","width":350,"height":200},"classes":[]},{"id":5311,"url":"http:\/\/astehshop.com\/index.php\/product\/racksis-soho-9u-rack-ormar-crni-520x400x450mm\/","url_meta":{"origin":5313,"position":1},"title":"RACKSIS SOHO 9U rack ormar crni, 520x400x450mm","date":"10. listopada 2021.","format":false,"excerpt":"RACKSIS SOHO 9U rack ormar crni, 520x400x450mm \u00a0 SH09U5240D Racksis SOHO 9U rack ormar crni, 520x400x450mm Tip ormara: Soho\/zidni Dimenzije: 520x400x450mm Nosivost: 40 kg Boja: crna Vrata: staklena sa bravicom za zaklju\u010davanje \u00a0 - otvor za ventilatorsko polje - otvor za ulaz kablova na gornjoj i donjoj stranici, te na\u2026","rel":"","context":"Srodne objave","img":{"alt_text":"","src":"https:\/\/i0.wp.com\/astehshop.com\/wp-content\/uploads\/2021\/10\/racksis-soho-9u-rack-ormar-crni-520x400x450mm.jpg?fit=1158%2C1040&resize=350%2C200","width":350,"height":200},"classes":[]},{"id":5306,"url":"http:\/\/astehshop.com\/index.php\/product\/racksis-soho-4u-rack-ormar-crni-520x400x230mm\/","url_meta":{"origin":5313,"position":2},"title":"RACKSIS SOHO 4U rack ormar crni, 520x400x230mm","date":"10. listopada 2021.","format":false,"excerpt":"RACKSIS SOHO 4U rack ormar crni, 520x400x230mm Tip ormara: Soho\/zidni Dimenzije: 520x400x230mm Nosivost: 40 kg Boja: crna Vrata: staklena sa bravicom za zaklju\u010davanje \u00a0 - otvor za ventilatorsko polje - otvor za ulaz kablova na gornjoj i donjoj stranici, te na sredini stra\u017enje stranice - jednostavno pri\u010dvr\u0161\u0107ivanje na zid -\u2026","rel":"","context":"Srodne objave","img":{"alt_text":"","src":"https:\/\/i0.wp.com\/astehshop.com\/wp-content\/uploads\/2021\/10\/racksis-soho-4u-rack-ormar-crni-520x400x230mm.jpg?fit=1200%2C1053&resize=350%2C200","width":350,"height":200},"classes":[]},{"id":6439,"url":"http:\/\/astehshop.com\/index.php\/product\/racksis-silver-12u-rack-ormar-crni-600x600x600mm\/","url_meta":{"origin":5313,"position":3},"title":"RACKSIS SILVER 12U rack ormar crni, 600x600x600mm","date":"21. listopada 2022.","format":false,"excerpt":"D12U6060-1 Racksis SILVER 12U rack ormar crni, 600x600x600mm Tip ormara: Silver\/zidni Dimenzije: 600x600x600mm Nosivost: 80 kg Boja: crna Vrata: staklo u metalnom okviru sa bravicom za zaklju\u010davanje \u00a0 - odvojive bo\u010dne stranice sa bravicom za zaklju\u010davanje - otvor za ventilatorsko polje - otvor za ulaz kablova na stra\u017enjoj, gornjoj i\u2026","rel":"","context":"Srodne objave","img":{"alt_text":"","src":"https:\/\/i1.wp.com\/astehshop.com\/wp-content\/uploads\/2022\/10\/silver-series-.jpg?fit=655%2C655&resize=350%2C200","width":350,"height":200},"classes":[]},{"id":6438,"url":"http:\/\/astehshop.com\/index.php\/product\/racksis-silver-12u-rack-ormar-crni-600x450x600mm\/","url_meta":{"origin":5313,"position":4},"title":"RACKSIS SILVER 12U rack ormar crni, 600x450x600mm","date":"21. listopada 2022.","format":false,"excerpt":"D12U6045-1 Racksis SILVER 12U rack ormar crni, 600x450x600mm Tip ormara: Silver\/zidni Dimenzije: 600x450x600mm Nosivost: 80 kg Boja: crna Vrata: staklo u metalnom okviru sa bravicom za zaklju\u010davanje \u00a0 - odvojive bo\u010dne stranice sa bravicom za zaklju\u010davanje - otvor za ventilatorsko polje - otvor za ulaz kablova na stra\u017enjoj, gornjoj i\u2026","rel":"","context":"Srodne objave","img":{"alt_text":"","src":"https:\/\/i1.wp.com\/astehshop.com\/wp-content\/uploads\/2022\/10\/silver-series-.jpg?fit=655%2C655&resize=350%2C200","width":350,"height":200},"classes":[]},{"id":6433,"url":"http:\/\/astehshop.com\/index.php\/product\/racksis-silver-7u-rack-ormar-crni-600x450x410mm\/","url_meta":{"origin":5313,"position":5},"title":"RACKSIS SILVER 7U rack ormar crni, 600x450x410mm","date":"21. listopada 2022.","format":false,"excerpt":"D07U6045-1 Racksis SILVER 7U rack ormar crni, 600x450x410mm Tip ormara: Silver\/zidni Dimenzije: 600x450x410mm Nosivost: 80 kg Boja: crna Vrata: staklo u metalnom okviru sa bravicom za zaklju\u010davanje \u00a0 - odvojive bo\u010dne stranice sa bravicom za zaklju\u010davanje - otvor za ventilatorsko polje - otvor za ulaz kablova na stra\u017enjoj, gornjoj i\u2026","rel":"","context":"Srodne objave","img":{"alt_text":"","src":"https:\/\/i1.wp.com\/astehshop.com\/wp-content\/uploads\/2022\/10\/silver-series-.jpg?fit=655%2C655&resize=350%2C200","width":350,"height":200},"classes":[]}],"_links":{"self":[{"href":"http:\/\/astehshop.com\/index.php\/wp-json\/wp\/v2\/product\/5313"}],"collection":[{"href":"http:\/\/astehshop.com\/index.php\/wp-json\/wp\/v2\/product"}],"about":[{"href":"http:\/\/astehshop.com\/index.php\/wp-json\/wp\/v2\/types\/product"}],"replies":[{"embeddable":true,"href":"http:\/\/astehshop.com\/index.php\/wp-json\/wp\/v2\/comments?post=5313"}],"wp:featuredmedia":[{"embeddable":true,"href":"http:\/\/astehshop.com\/index.php\/wp-json\/wp\/v2\/media\/5314"}],"wp:attachment":[{"href":"http:\/\/astehshop.com\/index.php\/wp-json\/wp\/v2\/media?parent=5313"}],"wp:term":[{"taxonomy":"product_cat","embeddable":true,"href":"http:\/\/astehshop.com\/index.php\/wp-json\/wp\/v2\/product_cat?post=5313"},{"taxonomy":"product_tag","embeddable":true,"href":"http:\/\/astehshop.com\/index.php\/wp-json\/wp\/v2\/product_tag?post=5313"}],"curies":[{"name":"wp","href":"https:\/\/api.w.org\/{rel}","templated":true}]}}