{"id":5311,"date":"2021-10-10T10:03:06","date_gmt":"2021-10-10T08:03:06","guid":{"rendered":"http:\/\/astehshop.com\/?post_type=product&#038;p=5311"},"modified":"2024-02-18T09:48:13","modified_gmt":"2024-02-18T08:48:13","slug":"racksis-soho-9u-rack-ormar-crni-520x400x450mm","status":"publish","type":"product","link":"http:\/\/astehshop.com\/index.php\/product\/racksis-soho-9u-rack-ormar-crni-520x400x450mm\/","title":{"rendered":"RACKSIS SOHO 9U rack ormar crni, 520x400x450mm"},"content":{"rendered":"<h1>RACKSIS SOHO 9U rack ormar crni, 520x400x450mm<\/h1>\n<p>&nbsp;<\/p>\n<ul>\n<li><a href=\"https:\/\/racksis.com\/en\/portfolio-item\/soho-series-w520-d400\/\">SH09U5240D<\/a> Racksis SOHO 9U rack ormar crni, 520x400x450mm<\/li>\n<\/ul>\n<p>Tip ormara: Soho\/zidni<\/p>\n<p>Dimenzije: 520x400x450mm<\/p>\n<p>Nosivost: 40 kg<\/p>\n<p>Boja: crna<\/p>\n<p>Vrata: staklena sa bravicom za zaklju\u010davanje<\/p>\n<p>&nbsp;<\/p>\n<p>&#8211; otvor za ventilatorsko polje<\/p>\n<p>&#8211; otvor za ulaz kablova na gornjoj i donjoj stranici, te na sredini stra\u017enje<\/p>\n<p>stranice<\/p>\n<p>&#8211; jednostavno pri\u010dvr\u0161\u0107ivanje na zid<\/p>\n<p>&#8211; jedan red 19\u201c nosivih \u0161ina podesivih po dubini na 5 pozicija<\/p>\n<p>Rackovi su crne boje<\/p>\n","protected":false},"excerpt":{"rendered":"<h1>RACKSIS SOHO 9U rack ormar crni, 520x400x450mm<\/h1>\n<p>&nbsp;<\/p>\n<ul>\n<li><a href=\"https:\/\/racksis.com\/en\/portfolio-item\/soho-series-w520-d400\/\">SH09U5240D<\/a> Racksis SOHO 9U rack ormar crni, 520x400x450mm<\/li>\n<\/ul>\n<p>Tip ormara: Soho\/zidni<\/p>\n<p>Dimenzije: 520x400x450mm<\/p>\n<p>Nosivost: 40 kg<\/p>\n<p>Boja: crna<\/p>\n<p>Vrata: staklena sa bravicom za zaklju\u010davanje<\/p>\n<p>&nbsp;<\/p>\n<p>&#8211; otvor za ventilatorsko polje<\/p>\n<p>&#8211; otvor za ulaz kablova na gornjoj i donjoj stranici, te na sredini stra\u017enje<\/p>\n<p>stranice<\/p>\n<p>&#8211; jednostavno pri\u010dvr\u0161\u0107ivanje na zid<\/p>\n<p>&#8211; jedan red 19\u201c nosivih \u0161ina podesivih po dubini na 5 pozicija<\/p>\n<p>Rackovi su crne boje<\/p>\n","protected":false},"featured_media":5312,"comment_status":"open","ping_status":"closed","template":"","meta":{"_mi_skip_tracking":false,"_exactmetrics_sitenote_active":false,"_exactmetrics_sitenote_note":"","_exactmetrics_sitenote_category":0,"spay_email":""},"product_cat":[3090],"product_tag":[3099,3098,3094,3101,3100],"brands":[{"id":3091,"name":"racksis","slug":"racksis"}],"df_price":179,"df_sale_price":"","df_regular_price":179,"df_image_link":"https:\/\/i0.wp.com\/astehshop.com\/wp-content\/uploads\/2021\/10\/racksis-soho-9u-rack-ormar-crni-520x400x450mm.jpg?fit=450%2C404","jetpack_publicize_connections":[],"jetpack_sharing_enabled":true,"jetpack_likes_enabled":true,"jetpack-related-posts":[{"id":5309,"url":"http:\/\/astehshop.com\/index.php\/product\/racksis-soho-7u-rack-ormar-crni-520x400x360mm\/","url_meta":{"origin":5311,"position":0},"title":"RACKSIS SOHO 7U rack ormar crni, 520x400x360mm","date":"10. listopada 2021.","format":false,"excerpt":"RACKSIS SOHO 7U rack ormar crni, 520x400x360mm SH07U5240D Racksis SOHO 7U rack ormar crni, 520x400x360mm \u00a0 Tip ormara: Soho\/zidni Dimenzije: 520x400x360mm Nosivost: 40 kg Boja: crna Vrata: staklena sa bravicom za zaklju\u010davanje \u00a0 - otvor za ventilatorsko polje - otvor za ulaz kablova na gornjoj i donjoj stranici, te na\u2026","rel":"","context":"Srodne objave","img":{"alt_text":"","src":"https:\/\/i1.wp.com\/astehshop.com\/wp-content\/uploads\/2021\/10\/racksis-soho-7u-rack-ormar-crni-520x400x360mm.jpg?fit=750%2C672&resize=350%2C200","width":350,"height":200},"classes":[]},{"id":5306,"url":"http:\/\/astehshop.com\/index.php\/product\/racksis-soho-4u-rack-ormar-crni-520x400x230mm\/","url_meta":{"origin":5311,"position":1},"title":"RACKSIS SOHO 4U rack ormar crni, 520x400x230mm","date":"10. listopada 2021.","format":false,"excerpt":"RACKSIS SOHO 4U rack ormar crni, 520x400x230mm Tip ormara: Soho\/zidni Dimenzije: 520x400x230mm Nosivost: 40 kg Boja: crna Vrata: staklena sa bravicom za zaklju\u010davanje \u00a0 - otvor za ventilatorsko polje - otvor za ulaz kablova na gornjoj i donjoj stranici, te na sredini stra\u017enje stranice - jednostavno pri\u010dvr\u0161\u0107ivanje na zid -\u2026","rel":"","context":"Srodne objave","img":{"alt_text":"","src":"https:\/\/i0.wp.com\/astehshop.com\/wp-content\/uploads\/2021\/10\/racksis-soho-4u-rack-ormar-crni-520x400x230mm.jpg?fit=1200%2C1053&resize=350%2C200","width":350,"height":200},"classes":[]},{"id":5313,"url":"http:\/\/astehshop.com\/index.php\/product\/racksis-soho-12u-rack-ormar-crni-520x400x585mm\/","url_meta":{"origin":5311,"position":2},"title":"RACKSIS SOHO 12U rack ormar crni, 520x400x585mm","date":"10. listopada 2021.","format":false,"excerpt":"SH12U5240D Racksis SOHO 12U rack ormar crni, 520x400x585mm Tip ormara: Soho\/zidni Dimenzije: 520x400x585mm Nosivost: 40 kg Boja: crna Vrata: staklo \u00a0 - otvor za ventilatorsko polje - otvor za ulaz kablova na gornjoj i donjoj stranici, te na sredini stra\u017enje stranice - jednostavno pri\u010dvr\u0161\u0107ivanje na zid - jedan red 19\u201c\u2026","rel":"","context":"Srodne objave","img":{"alt_text":"","src":"https:\/\/i1.wp.com\/astehshop.com\/wp-content\/uploads\/2021\/10\/racksis-rack-12u.jpg?fit=694%2C670&resize=350%2C200","width":350,"height":200},"classes":[]},{"id":6433,"url":"http:\/\/astehshop.com\/index.php\/product\/racksis-silver-7u-rack-ormar-crni-600x450x410mm\/","url_meta":{"origin":5311,"position":3},"title":"RACKSIS SILVER 7U rack ormar crni, 600x450x410mm","date":"21. listopada 2022.","format":false,"excerpt":"D07U6045-1 Racksis SILVER 7U rack ormar crni, 600x450x410mm Tip ormara: Silver\/zidni Dimenzije: 600x450x410mm Nosivost: 80 kg Boja: crna Vrata: staklo u metalnom okviru sa bravicom za zaklju\u010davanje \u00a0 - odvojive bo\u010dne stranice sa bravicom za zaklju\u010davanje - otvor za ventilatorsko polje - otvor za ulaz kablova na stra\u017enjoj, gornjoj i\u2026","rel":"","context":"Srodne objave","img":{"alt_text":"","src":"https:\/\/i1.wp.com\/astehshop.com\/wp-content\/uploads\/2022\/10\/silver-series-.jpg?fit=655%2C655&resize=350%2C200","width":350,"height":200},"classes":[]},{"id":6436,"url":"http:\/\/astehshop.com\/index.php\/product\/racksis-silver-9u-rack-ormar-crni-600x450x500mm\/","url_meta":{"origin":5311,"position":4},"title":"RACKSIS SILVER 9U rack ormar crni, 600x450x500mm","date":"21. listopada 2022.","format":false,"excerpt":"D09U6045-1 Racksis SILVER 9U rack ormar crni, 600x450x500mm Tip ormara: Silver\/zidni Dimenzije: 600x450x500mm Nosivost: 80 kg Boja: crna Vrata: staklo u metalnom okviru sa bravicom za zaklju\u010davanje \u00a0 - odvojive bo\u010dne stranice sa bravicom za zaklju\u010davanje - otvor za ventilatorsko polje - otvor za ulaz kablova na stra\u017enjoj, gornjoj i\u2026","rel":"","context":"Srodne objave","img":{"alt_text":"","src":"https:\/\/i1.wp.com\/astehshop.com\/wp-content\/uploads\/2022\/10\/silver-series-.jpg?fit=655%2C655&resize=350%2C200","width":350,"height":200},"classes":[]},{"id":6437,"url":"http:\/\/astehshop.com\/index.php\/product\/racksis-silver-9u-rack-ormar-crni-600x600x500mm\/","url_meta":{"origin":5311,"position":5},"title":"RACKSIS SILVER 9U rack ormar crni, 600x600x500mm","date":"21. listopada 2022.","format":false,"excerpt":"\u00a0 D09U6060-1 Racksis SILVER 9U rack ormar crni, 600x600x500mm Tip ormara: Silver\/zidni Dimenzije: 600x600x500mm Nosivost: 80 kg Boja: crna Vrata: staklo u metalnom okviru sa bravicom za zaklju\u010davanje \u00a0 - odvojive bo\u010dne stranice sa bravicom za zaklju\u010davanje - otvor za ventilatorsko polje - otvor za ulaz kablova na stra\u017enjoj, gornjoj\u2026","rel":"","context":"Srodne objave","img":{"alt_text":"","src":"https:\/\/i1.wp.com\/astehshop.com\/wp-content\/uploads\/2022\/10\/silver-series-.jpg?fit=655%2C655&resize=350%2C200","width":350,"height":200},"classes":[]}],"_links":{"self":[{"href":"http:\/\/astehshop.com\/index.php\/wp-json\/wp\/v2\/product\/5311"}],"collection":[{"href":"http:\/\/astehshop.com\/index.php\/wp-json\/wp\/v2\/product"}],"about":[{"href":"http:\/\/astehshop.com\/index.php\/wp-json\/wp\/v2\/types\/product"}],"replies":[{"embeddable":true,"href":"http:\/\/astehshop.com\/index.php\/wp-json\/wp\/v2\/comments?post=5311"}],"wp:featuredmedia":[{"embeddable":true,"href":"http:\/\/astehshop.com\/index.php\/wp-json\/wp\/v2\/media\/5312"}],"wp:attachment":[{"href":"http:\/\/astehshop.com\/index.php\/wp-json\/wp\/v2\/media?parent=5311"}],"wp:term":[{"taxonomy":"product_cat","embeddable":true,"href":"http:\/\/astehshop.com\/index.php\/wp-json\/wp\/v2\/product_cat?post=5311"},{"taxonomy":"product_tag","embeddable":true,"href":"http:\/\/astehshop.com\/index.php\/wp-json\/wp\/v2\/product_tag?post=5311"}],"curies":[{"name":"wp","href":"https:\/\/api.w.org\/{rel}","templated":true}]}}