{"id":5294,"date":"2021-10-09T19:14:58","date_gmt":"2021-10-09T17:14:58","guid":{"rendered":"http:\/\/astehshop.com\/?post_type=product&#038;p=5294"},"modified":"2022-11-19T14:15:00","modified_gmt":"2022-11-19T13:15:00","slug":"wifi-set-4-kamere-13-mpx","status":"publish","type":"product","link":"http:\/\/astehshop.com\/index.php\/product\/wifi-set-4-kamere-13-mpx\/","title":{"rendered":"WiFi set 4 kamere 1,3 mpx"},"content":{"rendered":"<div><span style=\"font-family: arial; font-size: x-large;\"><b>Video nadzor SET<\/b><\/span><\/div>\n<div><b>\u00a0<\/b><\/div>\n<div><b>Model:<\/b>\u00a0LZ04-400<\/div>\n<div><b>Broj kamera u pakiranju:<\/b>\u00a04<\/div>\n<div><span style=\"font-family: arial; font-size: large;\"><b>Na\u010din povezivanja:\u00a0<\/b>be\u017ei\u010dno WiFi<\/span><\/div>\n<div><span style=\"font-family: arial; font-size: large;\"><b>Rezolucija snimanja:<\/b>\u00a01,3MP<\/span><\/div>\n<div><b>HDMI:\u00a0<\/b>DA<\/div>\n<div><span style=\"font-family: arial; font-size: large;\"><b>VGA:<\/b>\u00a0DA<\/span><\/div>\n<div><b>Snima\u010d uklju\u010den<\/b><\/div>\n<div><b>Mi\u0161 uklju\u010den<\/b><\/div>\n<div><b>Podr\u017eava spajanje na Cloud<\/b><\/div>\n","protected":false},"excerpt":{"rendered":"<div><span style=\"font-family: arial; font-size: x-large;\"><b>Video nadzor SET<\/b><\/span><\/div>\n<div><b>\u00a0<\/b><\/div>\n<div><b>Model:<\/b>\u00a0LZ04-400<\/div>\n<div><b>Broj kamera u pakiranju:<\/b>\u00a04<\/div>\n<div><span style=\"font-family: arial; font-size: large;\"><b>Na\u010din povezivanja:\u00a0<\/b>be\u017ei\u010dno WiFi<\/span><\/div>\n<div><span style=\"font-family: arial; font-size: large;\"><b>Rezolucija snimanja:<\/b>\u00a01,3MP<\/span><\/div>\n<div><b>HDMI:\u00a0<\/b>DA<\/div>\n<div><span style=\"font-family: arial; font-size: large;\"><b>VGA:<\/b>\u00a0DA<\/span><\/div>\n<div><b>Snima\u010d uklju\u010den<\/b><\/div>\n<div><b>Mi\u0161 uklju\u010den<\/b><\/div>\n<div><b>Podr\u017eava spajanje na Cloud<\/b><\/div>\n","protected":false},"featured_media":5295,"comment_status":"open","ping_status":"closed","template":"","meta":{"_mi_skip_tracking":false,"_exactmetrics_sitenote_active":false,"_exactmetrics_sitenote_note":"","_exactmetrics_sitenote_category":0,"spay_email":""},"product_cat":[4415,136],"product_tag":[1031,3086],"brands":[],"df_price":229,"df_sale_price":"","df_regular_price":229,"df_image_link":"https:\/\/i2.wp.com\/astehshop.com\/wp-content\/uploads\/2021\/10\/slika-969109-60d06db5d913c-velika-removebg-preview.png?fit=450%2C300","jetpack_publicize_connections":[],"jetpack_sharing_enabled":true,"jetpack_likes_enabled":true,"jetpack-related-posts":[{"id":3266,"url":"http:\/\/astehshop.com\/index.php\/product\/video-nadzor-set-4-kamere-13-mpx\/","url_meta":{"origin":5294,"position":0},"title":"Video nadzor set 4 kamere 1,3 MPX","date":"24. velja\u010de 2019.","format":false,"excerpt":"BROJ VIDEO-BNC ULAZA: 4 BROJ KAMERA U PAKIRANJU: 4 NA\u010cIN POVEZIVANJA: kablovima sa snima\u010dem REZOLUCIJA SNIMANJA: 1,3MPx NA\u010cIN SNIMANJA: Schedueled, MOTION DETECT i Manual LAN: GigaEthernet, RJ-45 HDD: podr\u017ean do 1x sata 6TB MAX HDMI: DA VGA: DA AUDIO IZLAZ: DA BROJ USB PORTOVA: 2X DODATNA OPREMA: Nosa\u010di za kamere,\u2026","rel":"","context":"Srodne objave","img":{"alt_text":"A6004NR","src":"https:\/\/i0.wp.com\/astehshop.com\/wp-content\/uploads\/2019\/02\/set-kamera-1-3-mpx-164-km.jpg?fit=1200%2C800&resize=350%2C200","width":350,"height":200},"classes":[]},{"id":4302,"url":"http:\/\/astehshop.com\/index.php\/product\/video-nadzor-set-4-kamere-13-mpx-149-km\/","url_meta":{"origin":5294,"position":1},"title":"Video nadzor SET 4 kamere 1,3 MPX 149 KM","date":"31. o\u017eujka 2020.","format":false,"excerpt":"BROJ VIDEO-BNC ULAZA: 4 BROJ KAMERA U PAKIRANJU: 4 NA\u010cIN POVEZIVANJA: kablovima sa snima\u010dem REZOLUCIJA SNIMANJA: 1,3MPx NA\u010cIN SNIMANJA: Schedueled, MOTION DETECT i Manual LAN: GigaEthernet, RJ-45 HDD: 1x sata 6TB MAX HDMI: DA VGA: DA AUDIO IZLAZ: DA BROJ USB PORTOVA: 2X DODATNA OPREMA: Nosa\u010di za kamere, adapteri za\u2026","rel":"","context":"Srodne objave","img":{"alt_text":"","src":"https:\/\/i1.wp.com\/astehshop.com\/wp-content\/uploads\/2020\/03\/Video-nadzor-SET-4-kamere-13-MPX-149-KM.jpg?fit=800%2C533&resize=350%2C200","width":350,"height":200},"classes":[]},{"id":4300,"url":"http:\/\/astehshop.com\/index.php\/product\/video-nadzor-set-8-kamera-13-mpx-362-km\/","url_meta":{"origin":5294,"position":2},"title":"VIDEO NADZOR SET 8 KAMERA 1,3 MPX 362 KM","date":"31. o\u017eujka 2020.","format":false,"excerpt":"\ud83d\udc49Najbolja ponuda do sada \ud83e\uddd0Video nadzor sa 8 kamera SET - 362 KM \ud83d\udda5Nadgledajte svoj dom \/ kancelariju \/ gara\u017eu i sli\u010dno \u2139\ufe0fBROJ VIDEO-BNC ULAZA: 8 \ud83c\udfa5BROJ KAMERA U PAKOVANJU: 8 \ud83d\udc4cREZOLUCIJA SNIMANJA: 1,3MP \u26a1\ufe0fNA\u010cIN SNIMANJA: Schedueled, MOTION DETECT \ud83d\udce1LAN: GigaEthernet, RJ-45 \u2699\ufe0fHDD: podr\u017eava do 1x sata 6TB MAX \u2714\ufe0fHDMI:\u2026","rel":"","context":"Srodne objave","img":{"alt_text":"","src":"https:\/\/i1.wp.com\/astehshop.com\/wp-content\/uploads\/2020\/03\/set-362.jpg?fit=800%2C521&resize=350%2C200","width":350,"height":200},"classes":[]},{"id":8012,"url":"http:\/\/astehshop.com\/index.php\/product\/kamera-za-video-nadzor-bullet-wifi-2-mpx\/","url_meta":{"origin":5294,"position":3},"title":"Kamera za video nadzor bullet WIFI 2 MPX","date":"13. kolovoza 2023.","format":false,"excerpt":"Nadzorna kamera IT-Blue SC-B10 WiFi IP FHD P2P Model: SC-B10 Tip: IP Rezolucija: 2.0MP, 1080p FHD Ku\u0107i\u0161te: metalno Boja ku\u0107i\u0161ta: bijela Povezivanje: WiFi, 10\/100Mbps RJ-45 Infracrvene IR LED: 4 Mogu\u0107nost povezivanja na Cloud Snimanje na SD karticu Aplikacija za nadzor mobilnim ure\u0111ajem (YooSee) Detekcija pokreta Jednostavno postavljanje www.technoshopbn.com","rel":"","context":"Srodne objave","img":{"alt_text":"","src":"https:\/\/i1.wp.com\/astehshop.com\/wp-content\/uploads\/2023\/08\/b10-wifi-kamera.jpg?fit=799%2C799&resize=350%2C200","width":350,"height":200},"classes":[]},{"id":8983,"url":"http:\/\/astehshop.com\/index.php\/product\/wifi-set-roto-kamera-snimac-4-roto-kamere\/","url_meta":{"origin":5294,"position":4},"title":"WiFi set roto kamera &#8211; snima\u010d + 4 roto kamere","date":"17. velja\u010de 2024.","format":false,"excerpt":"Veoma jednostavna monta\u017ea 4 x roto FULL HD kamere 1 x snima\u010d ( kamere se be\u017ei\u010dno ve\u017eu na snima\u010d ) Plug and play Rotirajte u svim pravcima sve na samo jednoj aplikaciji No\u0107ni re\u017eim \u00a0","rel":"","context":"Srodne objave","img":{"alt_text":"","src":"https:\/\/i2.wp.com\/astehshop.com\/wp-content\/uploads\/2024\/02\/wifi-set-scaled.jpg?fit=1200%2C1023&resize=350%2C200","width":350,"height":200},"classes":[]},{"id":8015,"url":"http:\/\/astehshop.com\/index.php\/product\/ai-wifi-kamera-2-mpx-rotirajuca\/","url_meta":{"origin":5294,"position":5},"title":"AI WIFI kamera 2 MPX rotirajuca","date":"13. kolovoza 2023.","format":false,"excerpt":"Nadzorna kamera AI Smart 2.0MP WiFi IP HD Tip: IP Rezolucija: 2.0MP, HD Ku\u0107i\u0161te: plasti\u010dno Boja ku\u0107i\u0161ta: bijela Povezivanje: WiFi, 10\/100Mbps RJ-45 Infracrvene IR LED: 8+6 Rotacije: horizontalno i vertikalno Mogu\u0107nost povezivanja na Cloud Snimanje na SD karticu Dvostrana audio komunikacija Aplikacija za nadzor mobilnim ure\u0111ajem (YooSee) Detekcija pokreta IR\u2026","rel":"","context":"Srodne objave","img":{"alt_text":"","src":"https:\/\/i0.wp.com\/astehshop.com\/wp-content\/uploads\/2023\/08\/IMG_1911-18-scaled-removebg-preview.png?fit=768%2C828&resize=350%2C200","width":350,"height":200},"classes":[]}],"_links":{"self":[{"href":"http:\/\/astehshop.com\/index.php\/wp-json\/wp\/v2\/product\/5294"}],"collection":[{"href":"http:\/\/astehshop.com\/index.php\/wp-json\/wp\/v2\/product"}],"about":[{"href":"http:\/\/astehshop.com\/index.php\/wp-json\/wp\/v2\/types\/product"}],"replies":[{"embeddable":true,"href":"http:\/\/astehshop.com\/index.php\/wp-json\/wp\/v2\/comments?post=5294"}],"wp:featuredmedia":[{"embeddable":true,"href":"http:\/\/astehshop.com\/index.php\/wp-json\/wp\/v2\/media\/5295"}],"wp:attachment":[{"href":"http:\/\/astehshop.com\/index.php\/wp-json\/wp\/v2\/media?parent=5294"}],"wp:term":[{"taxonomy":"product_cat","embeddable":true,"href":"http:\/\/astehshop.com\/index.php\/wp-json\/wp\/v2\/product_cat?post=5294"},{"taxonomy":"product_tag","embeddable":true,"href":"http:\/\/astehshop.com\/index.php\/wp-json\/wp\/v2\/product_tag?post=5294"}],"curies":[{"name":"wp","href":"https:\/\/api.w.org\/{rel}","templated":true}]}}