{"id":5292,"date":"2021-10-09T19:10:42","date_gmt":"2021-10-09T17:10:42","guid":{"rendered":"http:\/\/astehshop.com\/?post_type=product&#038;p=5292"},"modified":"2023-10-06T20:42:42","modified_gmt":"2023-10-06T18:42:42","slug":"microsd-32gb-klasa-10","status":"publish","type":"product","link":"http:\/\/astehshop.com\/index.php\/product\/microsd-32gb-klasa-10\/","title":{"rendered":"microSD 32GB klasa 10"},"content":{"rendered":"<p>microSD 32GB klasa 10<\/p>\n","protected":false},"excerpt":{"rendered":"<p>microSD 32GB klasa 10<\/p>\n","protected":false},"featured_media":5293,"comment_status":"open","ping_status":"closed","template":"","meta":{"_mi_skip_tracking":false,"_exactmetrics_sitenote_active":false,"_exactmetrics_sitenote_note":"","_exactmetrics_sitenote_category":0,"spay_email":""},"product_cat":[15,4415],"product_tag":[3085,3084],"brands":[],"df_price":15,"df_sale_price":"","df_regular_price":15,"df_image_link":"https:\/\/i0.wp.com\/astehshop.com\/wp-content\/uploads\/2021\/10\/5292-0.jpeg?fit=450%2C450","jetpack_publicize_connections":[],"jetpack_sharing_enabled":true,"jetpack_likes_enabled":true,"jetpack-related-posts":[{"id":5298,"url":"http:\/\/astehshop.com\/index.php\/product\/microsd-128gb-klasa-10-otg-adapter\/","url_meta":{"origin":5292,"position":0},"title":"microSD 128GB klasa 10 + OTG adapter","date":"9. listopada 2021.","format":false,"excerpt":"microSD 128GB klasa 10 + OTG adapter","rel":"","context":"Srodne objave","img":{"alt_text":"","src":"https:\/\/i2.wp.com\/astehshop.com\/wp-content\/uploads\/2021\/10\/13144-0.jpeg?fit=600%2C600&resize=350%2C200","width":350,"height":200},"classes":[]},{"id":9226,"url":"http:\/\/astehshop.com\/index.php\/product\/tablet-mediacom-smartpad-m-sp1x10-10-2gb-32gb-bt-gps-4g-lte\/","url_meta":{"origin":5292,"position":1},"title":"Tablet MEDIACOM SmartPad M-SP1X10 10&#8243; 2GB\/32GB BT GPS 4G LTE","date":"19. o\u017eujka 2024.","format":false,"excerpt":"Tablet MEDIACOM SmartPad M-SP1X10 10\" 2GB\/32GB BT GPS 4G LTE","rel":"","context":"Srodne objave","img":{"alt_text":"","src":"https:\/\/i0.wp.com\/astehshop.com\/wp-content\/uploads\/2024\/03\/0114230_tablet-mediacom-smartpad-m-sp1x10-10-2gb32gb-bt-gps-4g-lte.jpeg?fit=900%2C900&resize=350%2C200","width":350,"height":200},"classes":[]},{"id":9231,"url":"http:\/\/astehshop.com\/index.php\/product\/tablet-mediacom-smartpad-azymut-lite-10-m-sp1az3l-10-3gb-32gb-bt-gps\/","url_meta":{"origin":5292,"position":2},"title":"Tablet MEDIACOM SmartPad Azymut Lite 10 M-SP1AZ3L 10&#8243; 3GB\/32GB BT GPS","date":"19. o\u017eujka 2024.","format":false,"excerpt":"Tablet MEDIACOM SmartPad Azymut Lite 10 M-SP1AZ3L 10\" 3GB\/32GB BT GPS","rel":"","context":"Srodne objave","img":{"alt_text":"","src":"https:\/\/i0.wp.com\/astehshop.com\/wp-content\/uploads\/2024\/03\/0114231_tablet-mediacom-smartpad-azymut-lite-10-m-sp1az3l-10-3gb32gb-bt-gps-tastatura.jpeg?fit=900%2C900&resize=350%2C200","width":350,"height":200},"classes":[]},{"id":5348,"url":"http:\/\/astehshop.com\/index.php\/product\/hikvision-unutarnja-jedinica-ds-kh8350-wte1\/","url_meta":{"origin":5292,"position":3},"title":"Hikvision unutarnja jedinica DS-KH8350-WTE1","date":"10. listopada 2021.","format":false,"excerpt":"IP LCD color monitor 7,0\u2033, Ultra slim dizajn, handsfree (bez slusalice), ekran osjetljiv na dodir, kaljeno staklo otporno na ogrebotine i o\u0161te\u0107enja, 1 mre\u017eni ulaz 10\/100 Mbps, WiFI, mogu\u0107nost povezivanja na aplikaciju Hik-Connect, napajanje 12V\/PoE, 8 alarmnih ulaza, slot za MicroSD karticu do 32GB, potro\u0161nja maksimalno 7W, radna temperatura od\u2026","rel":"","context":"Srodne objave","img":{"alt_text":"","src":"https:\/\/i0.wp.com\/astehshop.com\/wp-content\/uploads\/2021\/10\/DS\u2010KH8350\u2010WTE1.jpg?fit=1200%2C1200&resize=350%2C200","width":350,"height":200},"classes":[]},{"id":4351,"url":"http:\/\/astehshop.com\/index.php\/product\/tablet-kids-k7\/","url_meta":{"origin":5292,"position":4},"title":"Tablet kids k7","date":"31. o\u017eujka 2020.","format":false,"excerpt":"Android tablet 7\", ekran rezolucija 1024 x 600, CPU Quad Core, RAM memorija 1GB, interna memorija 8GB, pro\u0161irivo sa microSD do 32GB, kamera 2Mpixel, G senzor, WiFi, Bluetooth. Baterija 2500mAh Operativni sustav Android 7.1 Nougat","rel":"","context":"Srodne objave","img":{"alt_text":"","src":"https:\/\/i2.wp.com\/astehshop.com\/wp-content\/uploads\/2020\/03\/K7-Kids.png?fit=1200%2C1099&resize=350%2C200","width":350,"height":200},"classes":[]},{"id":6753,"url":"http:\/\/astehshop.com\/index.php\/product\/mobitel-xiaomi-redmi-10a-dual-sim-3gb-32gb-slate-gray\/","url_meta":{"origin":5292,"position":5},"title":"Mobitel Xiaomi Redmi 10A Dual Sim 3GB 32GB Slate Gray","date":"19. studenoga 2022.","format":false,"excerpt":"Mobitel Xiaomi Redmi 10A Dual Sim 3GB 32GB Slate Gray","rel":"","context":"Srodne objave","img":{"alt_text":"","src":"https:\/\/i1.wp.com\/astehshop.com\/wp-content\/uploads\/2022\/11\/0113972_mobitel-xiaomi-redmi-10a-dual-sim-3gb-32gb-slate-gray.jpeg?fit=1080%2C1200&resize=350%2C200","width":350,"height":200},"classes":[]}],"_links":{"self":[{"href":"http:\/\/astehshop.com\/index.php\/wp-json\/wp\/v2\/product\/5292"}],"collection":[{"href":"http:\/\/astehshop.com\/index.php\/wp-json\/wp\/v2\/product"}],"about":[{"href":"http:\/\/astehshop.com\/index.php\/wp-json\/wp\/v2\/types\/product"}],"replies":[{"embeddable":true,"href":"http:\/\/astehshop.com\/index.php\/wp-json\/wp\/v2\/comments?post=5292"}],"wp:featuredmedia":[{"embeddable":true,"href":"http:\/\/astehshop.com\/index.php\/wp-json\/wp\/v2\/media\/5293"}],"wp:attachment":[{"href":"http:\/\/astehshop.com\/index.php\/wp-json\/wp\/v2\/media?parent=5292"}],"wp:term":[{"taxonomy":"product_cat","embeddable":true,"href":"http:\/\/astehshop.com\/index.php\/wp-json\/wp\/v2\/product_cat?post=5292"},{"taxonomy":"product_tag","embeddable":true,"href":"http:\/\/astehshop.com\/index.php\/wp-json\/wp\/v2\/product_tag?post=5292"}],"curies":[{"name":"wp","href":"https:\/\/api.w.org\/{rel}","templated":true}]}}