{"id":5291,"date":"2021-10-09T18:50:38","date_gmt":"2021-10-09T16:50:38","guid":{"rendered":"http:\/\/astehshop.com\/?post_type=product&#038;p=5291"},"modified":"2025-10-05T09:44:48","modified_gmt":"2025-10-05T07:44:48","slug":"dahua-8-kanalni-snimac-do-5-mpx-xvr5108hs-i2-xvr","status":"publish","type":"product","link":"http:\/\/astehshop.com\/index.php\/product\/dahua-8-kanalni-snimac-do-5-mpx-xvr5108hs-i2-xvr\/","title":{"rendered":"Dahua 8 kanalni snima\u010d do 5 mpx XVR5108HS-I3  XVR"},"content":{"rendered":"<ul>\n<li>8+4 kanalni stand-alone penta-brid DVR (analog + HDCVI + AHD + TVI + IP)<\/li>\n<li>WizSense serija<\/li>\n<li>AI \u2013 za\u0161tita perimetra (na do 2 kanala, 10 pravila po kanalu \u2013 detekcija i pretraga po osobi\/vozilu)<\/li>\n<li>AI \u2013 prepoznavanje lica \u2013 do 8 lica\/sekundi, prepoznavanje na do dva kanala<\/li>\n<li>Do 10 baza sa do 10.000 lica<\/li>\n<li>SMD+ detekcija pokreta na do 8 kanala<\/li>\n<li>AI Coding\/H.265+\/H.265\/H.264+\/H.264 video kompresija<\/li>\n<li>AAC (samo za kanal 1), G.711A, G.711U, PCM audio kompresija<\/li>\n<li>video ulaza<\/li>\n<li>VGA izlaz<\/li>\n<li>HDMI izlaz<\/li>\n<li>1 audio ulaz\/1 izlaz<\/li>\n<li>USB x2 (2x USB 2.0) \u2013 za lokalni backup i mi\u0161<\/li>\n<li>RS485<\/li>\n<li>Rezolucija\/frame rate za snimanje po kameri: 5M-N (1~10fps)<\/li>\n<li>4M-N \/1080P (1~15fps) 1080N \/720P \/960H \/D1 \/CIF (1~ 25 \/30fps)<\/li>\n<li>Rezolucija prikaza 1280\u00d7720 ili do 1920\u00d71080 (HDMI i VGA)<\/li>\n<li>Dual stream<\/li>\n<li>1 SATA port \u2013 do 10TB<\/li>\n<li>Network port 10\/100Mbps<\/li>\n<li>CMS (Smart PSS)<\/li>\n<li>Web pristup<\/li>\n<li>Software za iOS i Android platforme<\/li>\n<li>P2P podr\u0161ka<\/li>\n<li>Podr\u017eava do 4 dodatne IP kamera (rezolucija do 6MP, ukupni bitrate do 64Mbps) ili do 12 IP kamera<\/li>\n<li>Dimenzije Compact 1U, 260mm \u00d7 238mm \u00d7 48mm (W\u00d7D\u00d7H)<\/li>\n<li>Masa 1.1kg<\/li>\n<li>Napajanje 110-240VAc preko adaptera 12VDc 2A<\/li>\n<li>POS<\/li>\n<li>HDCVI audio i alarm<\/li>\n<li>Broadcast audio<\/li>\n<li>CE: CE-LVD: EN 60950-1\/IEC 60950-1<\/li>\n<li>CE-EMC: EN 61000-3-2, EN 61000-3-3, EN 55032, EN 50130, EN 55024<\/li>\n<\/ul>\n<p>zadnja strana<\/p>\n<p><img data-attachment-id=\"6189\" data-permalink=\"http:\/\/astehshop.com\/?attachment_id=6189\" data-orig-file=\"https:\/\/i2.wp.com\/astehshop.com\/wp-content\/uploads\/2021\/10\/XVR5108HS-I2-zadnja-strana.jpg?fit=410%2C130\" data-orig-size=\"410,130\" data-comments-opened=\"1\" data-image-meta=\"{&quot;aperture&quot;:&quot;18&quot;,&quot;credit&quot;:&quot;www.delta.poznan.pl&quot;,&quot;camera&quot;:&quot;Canon EOS 600D&quot;,&quot;caption&quot;:&quot;&quot;,&quot;created_timestamp&quot;:&quot;1470818765&quot;,&quot;copyright&quot;:&quot;www.delta.poznan.pl&quot;,&quot;focal_length&quot;:&quot;70&quot;,&quot;iso&quot;:&quot;100&quot;,&quot;shutter_speed&quot;:&quot;0.00625&quot;,&quot;title&quot;:&quot;&quot;,&quot;orientation&quot;:&quot;1&quot;}\" data-image-title=\"XVR5108HS-I2 zadnja strana\" data-image-description=\"\" data-image-caption=\"\" data-medium-file=\"https:\/\/i2.wp.com\/astehshop.com\/wp-content\/uploads\/2021\/10\/XVR5108HS-I2-zadnja-strana.jpg?fit=300%2C95\" data-large-file=\"https:\/\/i2.wp.com\/astehshop.com\/wp-content\/uploads\/2021\/10\/XVR5108HS-I2-zadnja-strana.jpg?fit=410%2C130\" decoding=\"async\" loading=\"lazy\" class=\"alignnone size-medium wp-image-6189\" src=\"https:\/\/i2.wp.com\/astehshop.com\/wp-content\/uploads\/2021\/10\/XVR5108HS-I2-zadnja-strana.jpg?resize=300%2C95\" alt=\"\" width=\"300\" height=\"95\" srcset=\"https:\/\/i2.wp.com\/astehshop.com\/wp-content\/uploads\/2021\/10\/XVR5108HS-I2-zadnja-strana.jpg?resize=300%2C95 300w, https:\/\/i2.wp.com\/astehshop.com\/wp-content\/uploads\/2021\/10\/XVR5108HS-I2-zadnja-strana.jpg?w=410 410w\" sizes=\"(max-width: 300px) 100vw, 300px\" data-recalc-dims=\"1\" \/><\/p>\n<p>prednja strana<\/p>\n<p><img data-attachment-id=\"6190\" data-permalink=\"http:\/\/astehshop.com\/?attachment_id=6190\" data-orig-file=\"https:\/\/i0.wp.com\/astehshop.com\/wp-content\/uploads\/2021\/10\/XVR5108HS-I2-prednja-strana.jpg?fit=410%2C130\" data-orig-size=\"410,130\" data-comments-opened=\"1\" data-image-meta=\"{&quot;aperture&quot;:&quot;16&quot;,&quot;credit&quot;:&quot;www.delta.poznan.pl&quot;,&quot;camera&quot;:&quot;Canon EOS 600D&quot;,&quot;caption&quot;:&quot;&quot;,&quot;created_timestamp&quot;:&quot;1599128572&quot;,&quot;copyright&quot;:&quot;www.delta.poznan.pl&quot;,&quot;focal_length&quot;:&quot;95&quot;,&quot;iso&quot;:&quot;100&quot;,&quot;shutter_speed&quot;:&quot;0.005&quot;,&quot;title&quot;:&quot;&quot;,&quot;orientation&quot;:&quot;1&quot;}\" data-image-title=\"XVR5108HS-I2 prednja strana\" data-image-description=\"\" data-image-caption=\"\" data-medium-file=\"https:\/\/i0.wp.com\/astehshop.com\/wp-content\/uploads\/2021\/10\/XVR5108HS-I2-prednja-strana.jpg?fit=300%2C95\" data-large-file=\"https:\/\/i0.wp.com\/astehshop.com\/wp-content\/uploads\/2021\/10\/XVR5108HS-I2-prednja-strana.jpg?fit=410%2C130\" decoding=\"async\" loading=\"lazy\" class=\"alignnone size-medium wp-image-6190\" src=\"https:\/\/i0.wp.com\/astehshop.com\/wp-content\/uploads\/2021\/10\/XVR5108HS-I2-prednja-strana.jpg?resize=300%2C95\" alt=\"\" width=\"300\" height=\"95\" srcset=\"https:\/\/i0.wp.com\/astehshop.com\/wp-content\/uploads\/2021\/10\/XVR5108HS-I2-prednja-strana.jpg?resize=300%2C95 300w, https:\/\/i0.wp.com\/astehshop.com\/wp-content\/uploads\/2021\/10\/XVR5108HS-I2-prednja-strana.jpg?w=410 410w\" sizes=\"(max-width: 300px) 100vw, 300px\" data-recalc-dims=\"1\" \/><\/p>\n<p>dodatna oprema koja dolazi uz snima\u010d<\/p>\n<p><img data-attachment-id=\"6191\" data-permalink=\"http:\/\/astehshop.com\/?attachment_id=6191\" data-orig-file=\"https:\/\/i0.wp.com\/astehshop.com\/wp-content\/uploads\/2021\/10\/dodatna-oprema-1.jpg?fit=360%2C230\" data-orig-size=\"360,230\" data-comments-opened=\"1\" data-image-meta=\"{&quot;aperture&quot;:&quot;18&quot;,&quot;credit&quot;:&quot;www.delta.poznan.pl&quot;,&quot;camera&quot;:&quot;Canon EOS 600D&quot;,&quot;caption&quot;:&quot;&quot;,&quot;created_timestamp&quot;:&quot;1568024771&quot;,&quot;copyright&quot;:&quot;www.delta.poznan.pl&quot;,&quot;focal_length&quot;:&quot;35&quot;,&quot;iso&quot;:&quot;100&quot;,&quot;shutter_speed&quot;:&quot;0.005&quot;,&quot;title&quot;:&quot;&quot;,&quot;orientation&quot;:&quot;1&quot;}\" data-image-title=\"dodatna oprema 1\" data-image-description=\"\" data-image-caption=\"\" data-medium-file=\"https:\/\/i0.wp.com\/astehshop.com\/wp-content\/uploads\/2021\/10\/dodatna-oprema-1.jpg?fit=300%2C192\" data-large-file=\"https:\/\/i0.wp.com\/astehshop.com\/wp-content\/uploads\/2021\/10\/dodatna-oprema-1.jpg?fit=360%2C230\" decoding=\"async\" loading=\"lazy\" class=\"alignnone size-medium wp-image-6191\" src=\"https:\/\/i0.wp.com\/astehshop.com\/wp-content\/uploads\/2021\/10\/dodatna-oprema-1.jpg?resize=300%2C192\" alt=\"\" width=\"300\" height=\"192\" srcset=\"https:\/\/i0.wp.com\/astehshop.com\/wp-content\/uploads\/2021\/10\/dodatna-oprema-1.jpg?resize=300%2C192 300w, https:\/\/i0.wp.com\/astehshop.com\/wp-content\/uploads\/2021\/10\/dodatna-oprema-1.jpg?w=360 360w\" sizes=\"(max-width: 300px) 100vw, 300px\" data-recalc-dims=\"1\" \/><\/p>\n<iframe  id=\"_ytid_18347\"  width=\"480\" height=\"270\"  data-origwidth=\"480\" data-origheight=\"270\"  src=\"https:\/\/www.youtube.com\/embed\/9KkZcIQrn8Q?enablejsapi=1&autoplay=0&cc_load_policy=0&cc_lang_pref=&iv_load_policy=1&loop=0&modestbranding=0&rel=1&fs=1&playsinline=0&autohide=2&theme=dark&color=red&controls=1&\" class=\"__youtube_prefs__  no-lazyload\" title=\"YouTube player\"  allow=\"autoplay; encrypted-media\" allowfullscreen data-no-lazy=\"1\" data-skipgform_ajax_framebjll=\"\"><\/iframe>\n","protected":false},"excerpt":{"rendered":"<ul>\n<li>\n<ul>\n<li>8+4 kanalni stand-alone penta-brid DVR (analog + HDCVI + AHD + TVI + IP)<\/li>\n<li>WizSense serija<\/li>\n<li>AI \u2013 za\u0161tita perimetra (na do 2 kanala, 10 pravila po kanalu \u2013 detekcija i pretraga po osobi\/vozilu)<\/li>\n<li>AI \u2013 prepoznavanje lica \u2013 do 8 lica\/sekundi, prepoznavanje na do dva kanala<\/li>\n<li>Do 10 baza sa do 10.000 lica<\/li>\n<li>SMD+ detekcija pokreta na do 8 kanala<\/li>\n<li>AI Coding\/H.265+\/H.265\/H.264+\/H.264 video kompresija<\/li>\n<li>AAC (samo za kanal 1), G.711A, G.711U, PCM audio kompresija<\/li>\n<li>video ulaza<\/li>\n<li>VGA izlaz<\/li>\n<li>HDMI izlaz<\/li>\n<li>1 audio ulaz\/1 izlaz<\/li>\n<li>USB x2 (2x USB 2.0) \u2013 za lokalni backup i mi\u0161<\/li>\n<li>RS485<\/li>\n<li>Rezolucija\/frame rate za snimanje po kameri: 5M-N (1~10fps)<\/li>\n<li>4M-N \/1080P (1~15fps) 1080N \/720P \/960H \/D1 \/CIF (1~ 25 \/30fps)<\/li>\n<li>Rezolucija prikaza 1280\u00d7720 ili do 1920\u00d71080 (HDMI i VGA)<\/li>\n<li>Dual stream<\/li>\n<li>1 SATA port \u2013 do 10TB<\/li>\n<li>Network port 10\/100Mbps<\/li>\n<li>CMS (Smart PSS)<\/li>\n<li>Web pristup<\/li>\n<li>Software za iOS i Android platforme<\/li>\n<li>P2P podr\u0161ka<\/li>\n<li>Podr\u017eava do 4 dodatne IP kamera (rezolucija do 6MP, ukupni bitrate do 64Mbps) ili do 12 IP kamera<\/li>\n<li>Dimenzije Compact 1U, 260mm \u00d7 238mm \u00d7 48mm (W\u00d7D\u00d7H)<\/li>\n<li>Masa 1.1kg<\/li>\n<li>Napajanje 110-240VAc preko adaptera 12VDc 2A<\/li>\n<li>POS<\/li>\n<li>HDCVI audio i alarm<\/li>\n<li>Broadcast audio<\/li>\n<li>CE: CE-LVD: EN 60950-1\/IEC 60950-1<\/li>\n<li>CE-EMC: EN 61000-3-2, EN 61000-3-3, EN 55032, EN 50130, EN 55024<\/li>\n<\/ul>\n<p>zadnja strana<\/p>\n<p><img decoding=\"async\" loading=\"lazy\" class=\"alignnone size-medium wp-image-6189\" src=\"http:\/\/astehshop.com\/wp-content\/uploads\/2021\/10\/XVR5108HS-I2-zadnja-strana-300x95.jpg\" alt=\"\" width=\"300\" height=\"95\" srcset=\"https:\/\/i2.wp.com\/astehshop.com\/wp-content\/uploads\/2021\/10\/XVR5108HS-I2-zadnja-strana.jpg?resize=300%2C95 300w, https:\/\/i2.wp.com\/astehshop.com\/wp-content\/uploads\/2021\/10\/XVR5108HS-I2-zadnja-strana.jpg?w=410 410w\" sizes=\"(max-width: 300px) 100vw, 300px\" \/><\/p>\n<p>prednja strana<\/p>\n<p><img decoding=\"async\" loading=\"lazy\" class=\"alignnone size-medium wp-image-6190\" src=\"http:\/\/astehshop.com\/wp-content\/uploads\/2021\/10\/XVR5108HS-I2-prednja-strana-300x95.jpg\" alt=\"\" width=\"300\" height=\"95\" srcset=\"https:\/\/i0.wp.com\/astehshop.com\/wp-content\/uploads\/2021\/10\/XVR5108HS-I2-prednja-strana.jpg?resize=300%2C95 300w, https:\/\/i0.wp.com\/astehshop.com\/wp-content\/uploads\/2021\/10\/XVR5108HS-I2-prednja-strana.jpg?w=410 410w\" sizes=\"(max-width: 300px) 100vw, 300px\" \/><\/p>\n<p>dodatna oprema koja dolazi uz snima\u010d<\/p>\n<p><img decoding=\"async\" loading=\"lazy\" class=\"alignnone size-medium wp-image-6191\" src=\"http:\/\/astehshop.com\/wp-content\/uploads\/2021\/10\/dodatna-oprema-1-300x192.jpg\" alt=\"\" width=\"300\" height=\"192\" srcset=\"https:\/\/i0.wp.com\/astehshop.com\/wp-content\/uploads\/2021\/10\/dodatna-oprema-1.jpg?resize=300%2C192 300w, https:\/\/i0.wp.com\/astehshop.com\/wp-content\/uploads\/2021\/10\/dodatna-oprema-1.jpg?w=360 360w\" sizes=\"(max-width: 300px) 100vw, 300px\" \/><\/p>\n<p>[embedyt] https:\/\/www.youtube.com\/watch?v=9KkZcIQrn8Q[\/embedyt]<\/li>\n<\/ul>\n","protected":false},"featured_media":5290,"comment_status":"open","ping_status":"closed","template":"","meta":{"_mi_skip_tracking":false,"_exactmetrics_sitenote_active":false,"_exactmetrics_sitenote_note":"","_exactmetrics_sitenote_category":0,"spay_email":""},"product_cat":[133],"product_tag":[1584,3082,6404],"brands":[{"id":2045,"name":"Dahua","slug":"dahua"}],"df_price":430,"df_sale_price":"","df_regular_price":430,"df_image_link":"https:\/\/i1.wp.com\/astehshop.com\/wp-content\/uploads\/2021\/10\/XVR5104HS-I2-flank_thumb.png?fit=300%2C300","jetpack_publicize_connections":[],"jetpack_sharing_enabled":true,"jetpack_likes_enabled":true,"jetpack-related-posts":[{"id":7691,"url":"http:\/\/astehshop.com\/index.php\/product\/xvr1b08-i-dahua-dvr-snimac-8-kanalni\/","url_meta":{"origin":5291,"position":0},"title":"XVR1B08-I Dahua DVR snima\u010d 8 kanalni","date":"9. svibnja 2023.","format":false,"excerpt":"8+2 kanalni stand-alone penta-brid DVR (analog + HDCVI + AHD + TVI + IP) WizSense serija SMD+ detekcija pokreta na do 4 kanala AI Coding \/H.265+ \/H.265 \/H.264+ \/H.264 video kompresija G.711A, G.711U, PCM audio kompresija 8 video ulaza VGA izlaz HDMI izlaz 1 audio ulaz\/1 izlaz USB x2 (USB\u2026","rel":"","context":"Srodne objave","img":{"alt_text":"","src":"https:\/\/i0.wp.com\/astehshop.com\/wp-content\/uploads\/2023\/05\/XVR1B04-I.png?fit=500%2C481&resize=350%2C200","width":350,"height":200},"classes":[]},{"id":7689,"url":"http:\/\/astehshop.com\/index.php\/product\/xvr1b04-i-dahua-dvr-snimac-4-kanalni\/","url_meta":{"origin":5291,"position":1},"title":"XVR1B04-I Dahua DVR snima\u010d 4 kanalni","date":"9. svibnja 2023.","format":false,"excerpt":"4+1 kanalni stand-alone penta-brid DVR (analog + HDCVI + AHD + TVI + IP) WizSense serija SMD+ detekcija pokreta na do 4 kanala AI Coding \/H.265+ \/H.265 \/H.264+ \/H.264 video kompresija G.711A, G.711U, PCM audio kompresija 4 video ulaza VGA izlaz HDMI izlaz 1 audio ulaz\/1 izlaz USB x2 (USB\u2026","rel":"","context":"Srodne objave","img":{"alt_text":"","src":"https:\/\/i0.wp.com\/astehshop.com\/wp-content\/uploads\/2023\/05\/XVR1B04-I.png?fit=500%2C481&resize=350%2C200","width":350,"height":200},"classes":[]},{"id":7692,"url":"http:\/\/astehshop.com\/index.php\/product\/xvr1b16-i-dahua-dvr-snimac-16-kanalni\/","url_meta":{"origin":5291,"position":2},"title":"XVR1B16-I Dahua DVR snima\u010d  16 kanalni","date":"9. svibnja 2023.","format":false,"excerpt":"16+2 kanalni stand-alone penta-brid DVR (analog + HDCVI + AHD + TVI + IP) WizSense serija SMD+ detekcija pokreta na do 8 kanala AI Coding \/H.265+ \/H.265 \/H.264+ \/H.264 video kompresija G.711A, G.711U, PCM audio kompresija 16 video ulaza VGA izlaz HDMI izlaz 1 audio ulaz\/1 izlaz USB x2 (USB\u2026","rel":"","context":"Srodne objave","img":{"alt_text":"","src":"https:\/\/i0.wp.com\/astehshop.com\/wp-content\/uploads\/2023\/05\/XVR1B04-I.png?fit=500%2C481&resize=350%2C200","width":350,"height":200},"classes":[]},{"id":5500,"url":"http:\/\/astehshop.com\/index.php\/product\/dahua-nvr4108-4ks2-8-kanalni-nvr\/","url_meta":{"origin":5291,"position":3},"title":"Dahua NVR4108-4KS2 8 Kanalni NVR","date":"17. listopada 2021.","format":false,"excerpt":"Mre\u017eni video snima\u010d sa 8 kanala. Maksimalna rezolucija snimanja 8MP. 2-ch @8MP, 8-ch @1080p. Kompresija snimanja H.265+, H.265. 1 x HDMI izlaz,1 x VGA izlaz. 1x audio in, 1x audio out. 1x RJ45 10M\/100M\/1000M mre\u017eni interfejs. 2x USB 2.0. Mogu\u0107nost priklju\u010denja 1HDD maksimalnog kapaciteta 6TB.","rel":"","context":"Srodne objave","img":{"alt_text":"","src":"https:\/\/i0.wp.com\/astehshop.com\/wp-content\/uploads\/2021\/10\/NVR4104-4KS2-L.jpg?fit=452%2C452&resize=350%2C200","width":350,"height":200},"classes":[]},{"id":3732,"url":"http:\/\/astehshop.com\/index.php\/product\/dahua-8-kanalni-nvr-lite-nvr4108hs-4ks2\/","url_meta":{"origin":5291,"position":4},"title":"Dahua 8 Kanalni NVR Lite NVR4108HS-4KS2","date":"28. rujna 2019.","format":false,"excerpt":"> Smart H.265 + \/ H.265 \/ Smart H.264 + \/ H.264 > Maks. 80Mbps dolazne propusne \u0161irine > Rezolucija do 8MP za pregled i reprodukciju > Do 2ch @ 4K \/ 8ch @ 1080P dekodiranje > HDMI \/ VGA istovremeno video izlaz","rel":"","context":"Srodne objave","img":{"alt_text":"","src":"https:\/\/i2.wp.com\/astehshop.com\/wp-content\/uploads\/2019\/09\/NVR4108HS-4KS2.png?fit=400%2C400&resize=350%2C200","width":350,"height":200},"classes":[]},{"id":5227,"url":"http:\/\/astehshop.com\/index.php\/product\/hikvision-dvr-snimac-ids-7208hqhi-m1-s-do-4-mpx\/","url_meta":{"origin":5291,"position":5},"title":"HikVision DVR snima\u010d iDS-7208HQHI-M1\/S","date":"9. listopada 2021.","format":false,"excerpt":"4-12 kanala IP video, 8 analog \u2022 Do 6 Mpix. IP rezolucija snimanja, do 4 Mpix. analog \u2022 Deep learning-bazirana analitika na 4 kanala \u2022 Detekcija lica po 1 kanalu, filter alarma \u2022 1 SATA su\u010delje za 10TB HDD \u2022 CVBS izlaz \u2013 1 BNC, rezolucija: 704\u00d7576 \u2022 Video bit\u2026","rel":"","context":"Srodne objave","img":{"alt_text":"","src":"https:\/\/i1.wp.com\/astehshop.com\/wp-content\/uploads\/2021\/10\/hikvision-4-kanalni-dvr-ids-7204hqhi-m1-s.jpg?fit=800%2C800&resize=350%2C200","width":350,"height":200},"classes":[]}],"_links":{"self":[{"href":"http:\/\/astehshop.com\/index.php\/wp-json\/wp\/v2\/product\/5291"}],"collection":[{"href":"http:\/\/astehshop.com\/index.php\/wp-json\/wp\/v2\/product"}],"about":[{"href":"http:\/\/astehshop.com\/index.php\/wp-json\/wp\/v2\/types\/product"}],"replies":[{"embeddable":true,"href":"http:\/\/astehshop.com\/index.php\/wp-json\/wp\/v2\/comments?post=5291"}],"wp:featuredmedia":[{"embeddable":true,"href":"http:\/\/astehshop.com\/index.php\/wp-json\/wp\/v2\/media\/5290"}],"wp:attachment":[{"href":"http:\/\/astehshop.com\/index.php\/wp-json\/wp\/v2\/media?parent=5291"}],"wp:term":[{"taxonomy":"product_cat","embeddable":true,"href":"http:\/\/astehshop.com\/index.php\/wp-json\/wp\/v2\/product_cat?post=5291"},{"taxonomy":"product_tag","embeddable":true,"href":"http:\/\/astehshop.com\/index.php\/wp-json\/wp\/v2\/product_tag?post=5291"}],"curies":[{"name":"wp","href":"https:\/\/api.w.org\/{rel}","templated":true}]}}