{"id":5289,"date":"2021-10-09T18:46:28","date_gmt":"2021-10-09T16:46:28","guid":{"rendered":"http:\/\/astehshop.com\/?post_type=product&#038;p=5289"},"modified":"2025-10-05T09:45:13","modified_gmt":"2025-10-05T07:45:13","slug":"dahua-wizsense-4-snimac-xvr-xvr5104hs-i2","status":"publish","type":"product","link":"http:\/\/astehshop.com\/index.php\/product\/dahua-wizsense-4-snimac-xvr-xvr5104hs-i2\/","title":{"rendered":"Dahua WizSense 4 kanalni snima\u010d XVR XVR5104HS-I3"},"content":{"rendered":"<p>Penta-brid video snima\u010d sa 4 analogna kanala plus 2 dodatnih ip kanala rezolucije do 6MP. AI tehnologija.<br \/>\nMaksimalna rezolucija snimanja 5MP. Frame rate: 5M-N (1fps\u201310fps); 4M-N\/1080P (1fps\u201315fps); 1080N\/720P\/960H\/D1\/CIF (1fps\u201325\/30fps). Kompresija snimanja: H.265+. 1x VGA, 1x HDMI. 1x audio in, 1x audio out. 1x RJ45 10M\/100M\/1000M mre\u017eni interfejs. 2x USB 2.0. RS485 komunikacija. 1HDD maksimalnog kapaciteta 6TB po disku. Face Recognition, Perimeter Protection, SMD Plus.<\/p>\n<p>Dahua Technology xvr5104hs-i2 prednja strana<\/p>\n<p><img data-attachment-id=\"6181\" data-permalink=\"http:\/\/astehshop.com\/?attachment_id=6181\" data-orig-file=\"https:\/\/i1.wp.com\/astehshop.com\/wp-content\/uploads\/2021\/10\/xvr5104hs-i2-prednja-strana.jpg?fit=410%2C240\" data-orig-size=\"410,240\" data-comments-opened=\"1\" data-image-meta=\"{&quot;aperture&quot;:&quot;16&quot;,&quot;credit&quot;:&quot;www.delta.poznan.pl&quot;,&quot;camera&quot;:&quot;Canon EOS 600D&quot;,&quot;caption&quot;:&quot;&quot;,&quot;created_timestamp&quot;:&quot;1599128238&quot;,&quot;copyright&quot;:&quot;www.delta.poznan.pl&quot;,&quot;focal_length&quot;:&quot;50&quot;,&quot;iso&quot;:&quot;100&quot;,&quot;shutter_speed&quot;:&quot;0.005&quot;,&quot;title&quot;:&quot;&quot;,&quot;orientation&quot;:&quot;1&quot;}\" data-image-title=\"xvr5104hs-i2 prednja strana\" data-image-description=\"\" data-image-caption=\"\" data-medium-file=\"https:\/\/i1.wp.com\/astehshop.com\/wp-content\/uploads\/2021\/10\/xvr5104hs-i2-prednja-strana.jpg?fit=300%2C176\" data-large-file=\"https:\/\/i1.wp.com\/astehshop.com\/wp-content\/uploads\/2021\/10\/xvr5104hs-i2-prednja-strana.jpg?fit=410%2C240\" decoding=\"async\" loading=\"lazy\" class=\"alignnone size-medium wp-image-6181\" src=\"https:\/\/i1.wp.com\/astehshop.com\/wp-content\/uploads\/2021\/10\/xvr5104hs-i2-prednja-strana.jpg?resize=300%2C176\" alt=\"\" width=\"300\" height=\"176\" srcset=\"https:\/\/i1.wp.com\/astehshop.com\/wp-content\/uploads\/2021\/10\/xvr5104hs-i2-prednja-strana.jpg?resize=300%2C176 300w, https:\/\/i1.wp.com\/astehshop.com\/wp-content\/uploads\/2021\/10\/xvr5104hs-i2-prednja-strana.jpg?w=410 410w\" sizes=\"(max-width: 300px) 100vw, 300px\" data-recalc-dims=\"1\" \/><\/p>\n<p>Dahua Technology xvr5104hs-i2 zadnja strana i \u0161ta sve posjeduje od priklju\u010daka<\/p>\n<p>&nbsp;<\/p>\n<p><img data-attachment-id=\"6182\" data-permalink=\"http:\/\/astehshop.com\/?attachment_id=6182\" data-orig-file=\"https:\/\/i1.wp.com\/astehshop.com\/wp-content\/uploads\/2021\/10\/xvr5104hs-i2-zadnja-strana.jpg?fit=410%2C130\" data-orig-size=\"410,130\" data-comments-opened=\"1\" data-image-meta=\"{&quot;aperture&quot;:&quot;16&quot;,&quot;credit&quot;:&quot;www.delta.poznan.pl&quot;,&quot;camera&quot;:&quot;Canon EOS 600D&quot;,&quot;caption&quot;:&quot;&quot;,&quot;created_timestamp&quot;:&quot;1601374438&quot;,&quot;copyright&quot;:&quot;www.delta.poznan.pl&quot;,&quot;focal_length&quot;:&quot;88&quot;,&quot;iso&quot;:&quot;100&quot;,&quot;shutter_speed&quot;:&quot;0.005&quot;,&quot;title&quot;:&quot;&quot;,&quot;orientation&quot;:&quot;1&quot;}\" data-image-title=\"xvr5104hs-i2 zadnja strana\" data-image-description=\"\" data-image-caption=\"\" data-medium-file=\"https:\/\/i1.wp.com\/astehshop.com\/wp-content\/uploads\/2021\/10\/xvr5104hs-i2-zadnja-strana.jpg?fit=300%2C95\" data-large-file=\"https:\/\/i1.wp.com\/astehshop.com\/wp-content\/uploads\/2021\/10\/xvr5104hs-i2-zadnja-strana.jpg?fit=410%2C130\" decoding=\"async\" loading=\"lazy\" class=\"alignnone size-medium wp-image-6182\" src=\"https:\/\/i1.wp.com\/astehshop.com\/wp-content\/uploads\/2021\/10\/xvr5104hs-i2-zadnja-strana.jpg?resize=300%2C95\" alt=\"\" width=\"300\" height=\"95\" srcset=\"https:\/\/i1.wp.com\/astehshop.com\/wp-content\/uploads\/2021\/10\/xvr5104hs-i2-zadnja-strana.jpg?resize=300%2C95 300w, https:\/\/i1.wp.com\/astehshop.com\/wp-content\/uploads\/2021\/10\/xvr5104hs-i2-zadnja-strana.jpg?w=410 410w\" sizes=\"(max-width: 300px) 100vw, 300px\" data-recalc-dims=\"1\" \/><\/p>\n<p>Dahua Technology xvr5104hs-i2 \u0161ta dobijate u pakovanju snima\u010da<\/p>\n<p><img data-attachment-id=\"6183\" data-permalink=\"http:\/\/astehshop.com\/?attachment_id=6183\" data-orig-file=\"https:\/\/i1.wp.com\/astehshop.com\/wp-content\/uploads\/2021\/10\/xvr5104hs-i2-dodatna-oprema.jpg?fit=360%2C230\" data-orig-size=\"360,230\" data-comments-opened=\"1\" data-image-meta=\"{&quot;aperture&quot;:&quot;18&quot;,&quot;credit&quot;:&quot;www.delta.poznan.pl&quot;,&quot;camera&quot;:&quot;Canon EOS 600D&quot;,&quot;caption&quot;:&quot;&quot;,&quot;created_timestamp&quot;:&quot;1568024771&quot;,&quot;copyright&quot;:&quot;www.delta.poznan.pl&quot;,&quot;focal_length&quot;:&quot;35&quot;,&quot;iso&quot;:&quot;100&quot;,&quot;shutter_speed&quot;:&quot;0.005&quot;,&quot;title&quot;:&quot;&quot;,&quot;orientation&quot;:&quot;1&quot;}\" data-image-title=\"xvr5104hs-i2 dodatna oprema\" data-image-description=\"\" data-image-caption=\"\" data-medium-file=\"https:\/\/i1.wp.com\/astehshop.com\/wp-content\/uploads\/2021\/10\/xvr5104hs-i2-dodatna-oprema.jpg?fit=300%2C192\" data-large-file=\"https:\/\/i1.wp.com\/astehshop.com\/wp-content\/uploads\/2021\/10\/xvr5104hs-i2-dodatna-oprema.jpg?fit=360%2C230\" decoding=\"async\" loading=\"lazy\" class=\"alignnone size-medium wp-image-6183\" src=\"https:\/\/i1.wp.com\/astehshop.com\/wp-content\/uploads\/2021\/10\/xvr5104hs-i2-dodatna-oprema.jpg?resize=300%2C192\" alt=\"\" width=\"300\" height=\"192\" srcset=\"https:\/\/i1.wp.com\/astehshop.com\/wp-content\/uploads\/2021\/10\/xvr5104hs-i2-dodatna-oprema.jpg?resize=300%2C192 300w, https:\/\/i1.wp.com\/astehshop.com\/wp-content\/uploads\/2021\/10\/xvr5104hs-i2-dodatna-oprema.jpg?w=360 360w\" sizes=\"(max-width: 300px) 100vw, 300px\" data-recalc-dims=\"1\" \/><\/p>\n<p>&nbsp;<\/p>\n<iframe  id=\"_ytid_84071\"  width=\"480\" height=\"270\"  data-origwidth=\"480\" data-origheight=\"270\"  src=\"https:\/\/www.youtube.com\/embed\/x__0EBedttQ?enablejsapi=1&autoplay=0&cc_load_policy=0&cc_lang_pref=&iv_load_policy=1&loop=0&modestbranding=0&rel=1&fs=1&playsinline=0&autohide=2&theme=dark&color=red&controls=1&\" class=\"__youtube_prefs__  no-lazyload\" title=\"YouTube player\"  allow=\"autoplay; encrypted-media\" allowfullscreen data-no-lazy=\"1\" data-skipgform_ajax_framebjll=\"\"><\/iframe>\n<p><a href=\"https:\/\/shopdelta.eu\/pdf.php?page=shop\/instruction&amp;product_id=16710\">KORISNI\u010cKO UPUTSTVO ENG<\/a><\/p>\n<p><a href=\"https:\/\/shopdelta.eu\/pdf\/dh-dvr-quick_start_v1.0.0__i_en.pdf\">KORAK PO KORAK BRZO PODE\u0160AVANJE ENG<\/a><\/p>\n<p>&nbsp;<\/p>\n","protected":false},"excerpt":{"rendered":"<p>Penta-brid video snima\u010d sa 4 analogna kanala plus 2 dodatnih ip kanala rezolucije do 6MP. AI tehnologija.<br \/>\nMaksimalna rezolucija snimanja 5MP.<br \/>\nFrame rate: 5M-N (1fps\u201310fps); 4M-N\/1080P (1fps\u201315fps); 1080N\/720P\/960H\/D1\/CIF (1fps\u201325\/30fps).<br \/>\nKompresija snimanja: H.265+. 1x VGA, 1x HDMI. 1x audio in, 1x audio out. 1x RJ45 10M\/100M\/1000M mre\u017eni interfejs. 2x USB 2.0. RS485 komunikacija. 1HDD maksimalnog kapaciteta 6TB po disku.<br \/>\nFace Recognition, Perimeter Protection, SMD Plus.<\/p>\n<p>Dahua Technology xvr5104hs-i2 prednja strana<\/p>\n<p><img decoding=\"async\" loading=\"lazy\" class=\"alignnone size-medium wp-image-6181\" src=\"http:\/\/astehshop.com\/wp-content\/uploads\/2021\/10\/xvr5104hs-i2-prednja-strana-300x176.jpg\" alt=\"\" width=\"300\" height=\"176\" srcset=\"https:\/\/i1.wp.com\/astehshop.com\/wp-content\/uploads\/2021\/10\/xvr5104hs-i2-prednja-strana.jpg?resize=300%2C176 300w, https:\/\/i1.wp.com\/astehshop.com\/wp-content\/uploads\/2021\/10\/xvr5104hs-i2-prednja-strana.jpg?w=410 410w\" sizes=\"(max-width: 300px) 100vw, 300px\" \/><\/p>\n<p>Dahua Technology xvr5104hs-i2 zadnja strana i \u0161ta sve posjeduje od priklju\u010daka<\/p>\n<p>&nbsp;<\/p>\n<p><img decoding=\"async\" loading=\"lazy\" class=\"alignnone size-medium wp-image-6182\" src=\"http:\/\/astehshop.com\/wp-content\/uploads\/2021\/10\/xvr5104hs-i2-zadnja-strana-300x95.jpg\" alt=\"\" width=\"300\" height=\"95\" srcset=\"https:\/\/i1.wp.com\/astehshop.com\/wp-content\/uploads\/2021\/10\/xvr5104hs-i2-zadnja-strana.jpg?resize=300%2C95 300w, https:\/\/i1.wp.com\/astehshop.com\/wp-content\/uploads\/2021\/10\/xvr5104hs-i2-zadnja-strana.jpg?w=410 410w\" sizes=\"(max-width: 300px) 100vw, 300px\" \/><\/p>\n<p>Dahua Technology xvr5104hs-i2 \u0161ta dobijate u pakovanju snima\u010da<\/p>\n<p><img decoding=\"async\" loading=\"lazy\" class=\"alignnone size-medium wp-image-6183\" src=\"http:\/\/astehshop.com\/wp-content\/uploads\/2021\/10\/xvr5104hs-i2-dodatna-oprema-300x192.jpg\" alt=\"\" width=\"300\" height=\"192\" srcset=\"https:\/\/i1.wp.com\/astehshop.com\/wp-content\/uploads\/2021\/10\/xvr5104hs-i2-dodatna-oprema.jpg?resize=300%2C192 300w, https:\/\/i1.wp.com\/astehshop.com\/wp-content\/uploads\/2021\/10\/xvr5104hs-i2-dodatna-oprema.jpg?w=360 360w\" sizes=\"(max-width: 300px) 100vw, 300px\" \/><\/p>\n<p>&nbsp;<\/p>\n[embedyt] https:\/\/www.youtube.com\/watch?v=x__0EBedttQ[\/embedyt]\n<p><a href=\"https:\/\/shopdelta.eu\/pdf.php?page=shop\/instruction&amp;product_id=16710\">KORISNI\u010cKO UPUTSTVO ENG<\/a><\/p>\n<p><a href=\"https:\/\/shopdelta.eu\/pdf\/dh-dvr-quick_start_v1.0.0__i_en.pdf\">KORAK PO KORAK BRZO PODE\u0160AVANJE ENG<\/a><\/p>\n<p>&nbsp;<\/p>\n","protected":false},"featured_media":5290,"comment_status":"open","ping_status":"closed","template":"","meta":{"_mi_skip_tracking":false,"_exactmetrics_sitenote_active":false,"_exactmetrics_sitenote_note":"","_exactmetrics_sitenote_category":0,"spay_email":""},"product_cat":[133],"product_tag":[3298,1584,4031,1975,4026,4027,4030,4029,3082,6405,4028],"brands":[{"id":2045,"name":"Dahua","slug":"dahua"}],"df_price":266,"df_sale_price":"","df_regular_price":266,"df_image_link":"https:\/\/i1.wp.com\/astehshop.com\/wp-content\/uploads\/2021\/10\/XVR5104HS-I2-flank_thumb.png?fit=300%2C300","jetpack_publicize_connections":[],"jetpack_sharing_enabled":true,"jetpack_likes_enabled":true,"jetpack-related-posts":[{"id":5449,"url":"http:\/\/astehshop.com\/index.php\/product\/dahua-xvr5104hs-4kl-i2-4-kanalni-snimac\/","url_meta":{"origin":5289,"position":0},"title":"Dahua XVR5104HS-4KL-I2 4 kanalni snima\u010d","date":"16. listopada 2021.","format":false,"excerpt":"Penta-brid video snima\u010d sa 4 analogna kanala plus 4 dodatnih ip kanala rezolucije do 8MP. AI tehnologija. Maksimalna rezolucija snimanja 8MP. Frame rate: 8MP@7 fps\/6MP@10fps\/5MP@12 fps\/4MP-N@15fps\/1080p\/720p\/WD1\/4CIF\/VGA\/CIF@25fps. Kompresija snimanja: H.265+. 1x VGA, 1x HDMI. 1x audio in, 1x audio out. 1x RJ45 10M\/100M\/1000M mre\u017eni interfejs. 2x USB 2.0. RS485 komunikacija. 1HDD\u2026","rel":"","context":"Srodne objave","img":{"alt_text":"","src":"https:\/\/i2.wp.com\/astehshop.com\/wp-content\/uploads\/2021\/10\/dahua-xvr5104hs-4kl-i2_0.jpg?fit=870%2C489&resize=350%2C200","width":350,"height":200},"classes":[]},{"id":5456,"url":"http:\/\/astehshop.com\/index.php\/product\/dahua-xvr5116hs-i2-snimac-16-kanala\/","url_meta":{"origin":5289,"position":1},"title":"Dahua XVR5116HS-I2 snima\u010d 16 kanala","date":"16. listopada 2021.","format":false,"excerpt":"Penta-brid video snima\u010d sa 16 analogna kanala plus 8 dodatnih ip kanala rezolucije do 6MP. AI tehnologija. Maksimalna rezolucija snimanja 5MP. Frame rate: 5M-N (1fps\u201310fps); 4M-N\/1080P (1fps\u201315fps); 1080N\/720P\/960H\/D1\/CIF (1fps\u201325\/30fps). Kompresija snimanja: H.265+. 1x VGA, 1x HDMI. 1x audio in, 1x audio out. 1x RJ45 10M\/100M\/1000M mre\u017eni interfejs. 1x USB 2.0,\u2026","rel":"","context":"Srodne objave","img":{"alt_text":"","src":"https:\/\/i2.wp.com\/astehshop.com\/wp-content\/uploads\/2021\/10\/dahua-xvr5104hs-4kl-i2_0.jpg?fit=870%2C489&resize=350%2C200","width":350,"height":200},"classes":[]},{"id":5454,"url":"http:\/\/astehshop.com\/index.php\/product\/dahua-xvr5108hs-4kl-i2\/","url_meta":{"origin":5289,"position":2},"title":"Dahua XVR5108HS-4KL-I2","date":"16. listopada 2021.","format":false,"excerpt":"Penta-brid video snima\u010d sa 8 analogna kanala plus 8 dodatnih ip kanala rezolucije do 8MP. AI tehnologija. Maksimalna rezolucija snimanja 8MP. Frame rate: 8MP@7 fps\/6MP@10fps\/5MP@12 fps\/4MP-N@15fps\/1080p\/720p\/WD1\/4CIF\/VGA\/CIF@25fps. Kompresija snimanja: H.265+. 1x VGA, 1x HDMI. 1x audio in, 1x audio out. 1x RJ45 10M\/100M\/1000M mre\u017eni interfejs. 1x USB 2.0, 1x USB 3.0.\u2026","rel":"","context":"Srodne objave","img":{"alt_text":"","src":"https:\/\/i2.wp.com\/astehshop.com\/wp-content\/uploads\/2021\/10\/dahua-xvr5104hs-4kl-i2_0.jpg?fit=870%2C489&resize=350%2C200","width":350,"height":200},"classes":[]},{"id":5458,"url":"http:\/\/astehshop.com\/index.php\/product\/dahua-xvr5216a-4kl-i2-16-kanalni-4k-snimac\/","url_meta":{"origin":5289,"position":3},"title":"Dahua XVR5216A-4KL-I2 16 kanalni 4K snima\u010d","date":"16. listopada 2021.","format":false,"excerpt":"Penta-brid video snima\u010d sa 16 analogna kanala plus 16 dodatnih IP kanala rezolucije do 8MP. AI tehnologija. Maksimalna rezolucija snimanja 8MP. Frame rate: 8MP@7 fps\/6MP@10fps\/5MP@12 fps\/4MP-N@15fps\/1080p\/720p\/WD1\/4CIF\/VGA\/CIF@25fps. Kompresija snimanja: H.265+. 1x VGA, 1x HDMI. 4x audio in, 1x audio out. 16x alarm in, 3x alarm out. 1x RJ45 10M\/100M\/1000M mre\u017eni interfejs.\u2026","rel":"","context":"Srodne objave","img":{"alt_text":"","src":"https:\/\/i2.wp.com\/astehshop.com\/wp-content\/uploads\/2021\/10\/dahua-xvr5104hs-4kl-i2_0.jpg?fit=870%2C489&resize=350%2C200","width":350,"height":200},"classes":[]},{"id":5461,"url":"http:\/\/astehshop.com\/index.php\/product\/dahua-xvr5232an-i2-snimac-32-kanala-2-diska\/","url_meta":{"origin":5289,"position":4},"title":"Dahua XVR5232AN-I2 snima\u010d 32 kanala 2 diska","date":"16. listopada 2021.","format":false,"excerpt":"32 Channel Penta-brid 5M-N\/1080P 1U 2HDDs WizSense Digital Video Recorder > H.265+\/H.265 dual-stream video compression > Supports HDCVI\/AHD\/TVI\/CVBS\/IP video inputs > Max 32 channels IP camera inputs, each channel up to 6MP; Max 128 Mbps incoming bandwidth > Up to 2 channels video stream ( analog channel ) Perimeter Protection\u2026","rel":"","context":"Srodne objave","img":{"alt_text":"","src":"https:\/\/i2.wp.com\/astehshop.com\/wp-content\/uploads\/2021\/10\/dahua-xvr5104hs-4kl-i2_0.jpg?fit=870%2C489&resize=350%2C200","width":350,"height":200},"classes":[]},{"id":5500,"url":"http:\/\/astehshop.com\/index.php\/product\/dahua-nvr4108-4ks2-8-kanalni-nvr\/","url_meta":{"origin":5289,"position":5},"title":"Dahua NVR4108-4KS2 8 Kanalni NVR","date":"17. listopada 2021.","format":false,"excerpt":"Mre\u017eni video snima\u010d sa 8 kanala. Maksimalna rezolucija snimanja 8MP. 2-ch @8MP, 8-ch @1080p. Kompresija snimanja H.265+, H.265. 1 x HDMI izlaz,1 x VGA izlaz. 1x audio in, 1x audio out. 1x RJ45 10M\/100M\/1000M mre\u017eni interfejs. 2x USB 2.0. Mogu\u0107nost priklju\u010denja 1HDD maksimalnog kapaciteta 6TB.","rel":"","context":"Srodne objave","img":{"alt_text":"","src":"https:\/\/i0.wp.com\/astehshop.com\/wp-content\/uploads\/2021\/10\/NVR4104-4KS2-L.jpg?fit=452%2C452&resize=350%2C200","width":350,"height":200},"classes":[]}],"_links":{"self":[{"href":"http:\/\/astehshop.com\/index.php\/wp-json\/wp\/v2\/product\/5289"}],"collection":[{"href":"http:\/\/astehshop.com\/index.php\/wp-json\/wp\/v2\/product"}],"about":[{"href":"http:\/\/astehshop.com\/index.php\/wp-json\/wp\/v2\/types\/product"}],"replies":[{"embeddable":true,"href":"http:\/\/astehshop.com\/index.php\/wp-json\/wp\/v2\/comments?post=5289"}],"wp:featuredmedia":[{"embeddable":true,"href":"http:\/\/astehshop.com\/index.php\/wp-json\/wp\/v2\/media\/5290"}],"wp:attachment":[{"href":"http:\/\/astehshop.com\/index.php\/wp-json\/wp\/v2\/media?parent=5289"}],"wp:term":[{"taxonomy":"product_cat","embeddable":true,"href":"http:\/\/astehshop.com\/index.php\/wp-json\/wp\/v2\/product_cat?post=5289"},{"taxonomy":"product_tag","embeddable":true,"href":"http:\/\/astehshop.com\/index.php\/wp-json\/wp\/v2\/product_tag?post=5289"}],"curies":[{"name":"wp","href":"https:\/\/api.w.org\/{rel}","templated":true}]}}