{"id":5257,"date":"2021-10-09T14:37:03","date_gmt":"2021-10-09T12:37:03","guid":{"rendered":"http:\/\/astehshop.com\/?post_type=product&#038;p=5257"},"modified":"2022-11-19T14:16:34","modified_gmt":"2022-11-19T13:16:34","slug":"ip-snimac-9ch-4ch-poe-h-265-4k-nvr2104dp","status":"publish","type":"product","link":"http:\/\/astehshop.com\/index.php\/product\/ip-snimac-9ch-4ch-poe-h-265-4k-nvr2104dp\/","title":{"rendered":"IP SNIMA\u010c 9CH \/ 4CH POE H.265 4K NVR2104DP"},"content":{"rendered":"<p>Model: NVR2104DP<\/p>\n<p>4CH H.265 POE NVR 4K, 9CH Max. Input With AI Management Function<br \/>\n\u2022 Third-party Network Cameras Supported,<br \/>\n\u2022 Up to 4K Resolution Recording and Playback, Playback Resolution: 1CH@4K\/4CH@1080P 30fps<br \/>\n\u2022 HD and VGA Output,HD Port up to 4K (3840*2160)<br \/>\n\u2022 H.265+\/H.265\/H.264+\/H.264 Video Format<br \/>\n\u2022 Support 1 SATA up to 8TB Capacity<br \/>\n\u2022 Support 4 Independent PoE Network Interfaces, HD Output: 4K, PoE: 4 x 100Mbps PoE Network Interfaces (Total Power Output\u226750W), Income Bandwidth: 80Mb, Audio: 1 CH In\/ 1 CH Out, Alarm: 4 CH In\/ 1 CH Out, Support network cable extended mode Max. 250M<\/p>\n<p>Snima\u010d je vrlo jednostavno povezati na internet i putem Bitvision aplikacije za mobitel ili IVMS Programa za ra\u010dunar pratiti bilo od kud sa vanjske lokacije! Longse snima\u010di podr\u017eavaju i ve\u0107inu ostalih proizvo\u0111a\u010da kamera.<\/p>\n<p>Garancija 24 mjeseca.<\/p>\n","protected":false},"excerpt":{"rendered":"<p>Model: NVR2104DP<\/p>\n<p>4CH H.265 POE NVR 4K, 9CH Max. Input With AI Management Function<br \/>\n\u2022 Third-party Network Cameras Supported,<br \/>\n\u2022 Up to 4K Resolution Recording and Playback, Playback Resolution: 1CH@4K\/4CH@1080P 30fps<br \/>\n\u2022 HD and VGA Output,HD Port up to 4K (3840*2160)<br \/>\n\u2022 H.265+\/H.265\/H.264+\/H.264 Video Format<br \/>\n\u2022 Support 1 SATA up to 8TB Capacity<br \/>\n\u2022 Support 4 Independent PoE Network Interfaces, HD Output: 4K, PoE: 4 x 100Mbps PoE Network Interfaces (Total Power Output\u226750W), Income Bandwidth: 80Mb, Audio: 1 CH In\/ 1 CH Out, Alarm: 4 CH In\/ 1 CH Out, Support network cable extended mode Max. 250M<\/p>\n<p>Snima\u010d je vrlo jednostavno povezati na internet i putem Bitvision aplikacije za mobitel ili IVMS Programa za ra\u010dunar pratiti bilo od kud sa vanjske lokacije! Longse snima\u010di podr\u017eavaju i ve\u0107inu ostalih proizvo\u0111a\u010da kamera.<\/p>\n<p>Garancija 24 mjeseca.<\/p>\n","protected":false},"featured_media":5254,"comment_status":"open","ping_status":"closed","template":"","meta":{"_mi_skip_tracking":false,"_exactmetrics_sitenote_active":false,"_exactmetrics_sitenote_note":"","_exactmetrics_sitenote_category":0,"spay_email":""},"product_cat":[1558,4415],"product_tag":[3062,2577,3060,3061],"brands":[{"id":2220,"name":"Longse","slug":"longse"}],"df_price":251,"df_sale_price":"","df_regular_price":251,"df_image_link":"https:\/\/i0.wp.com\/astehshop.com\/wp-content\/uploads\/2021\/10\/XVRT3004D.jpg?fit=450%2C328","jetpack_publicize_connections":[],"jetpack_sharing_enabled":true,"jetpack_likes_enabled":true,"jetpack-related-posts":[{"id":8853,"url":"http:\/\/astehshop.com\/index.php\/product\/longse-4-kanalni-poe-ip-snimac-9ch-4ch-poe-h-265-4k-serija-6-nvr3009e1p4\/","url_meta":{"origin":5257,"position":0},"title":"Longse 4 Kanalni POE IP Snima\u010d 9CH \/ 4CH POE H.265 4K Serija 6 NVR3009E1P4","date":"11. sije\u010dnja 2024.","format":false,"excerpt":"\u0160ifra artikla: NVR3009E1P4 Snima\u010d je vrlo jednostavno povezati na internet i putem Bitvision aplikacije za mobitel ili IVMS Programa za ra\u010dunar pratiti bilo od kud sa vanjske lokacije! Longse snima\u010di podr\u017eavaju i ve\u0107inu ostalih proizvo\u0111a\u010da kamera. 4CH H.265 POE NVR 4K, 9CH Max. Input With AI Management Function \u2022 Third-party\u2026","rel":"","context":"Srodne objave","img":{"alt_text":"","src":"https:\/\/i2.wp.com\/astehshop.com\/wp-content\/uploads\/2024\/01\/NVR3016D1.jpg?fit=510%2C348&resize=350%2C200","width":350,"height":200},"classes":[]},{"id":4683,"url":"http:\/\/astehshop.com\/index.php\/product\/ip-snimac-9ch-4ch-poe-h-265-h-264-4k-lite-nvr3604dp\/","url_meta":{"origin":5257,"position":1},"title":"IP Snima\u010d 9ch \/ 4ch POE H.265+\/H.264+ 4K Lite NVR3604DP","date":"20. rujna 2020.","format":false,"excerpt":"NVR3604DP IP9CH - 4CH POE H.265+ POE NVR \u2022 Third-party Network Cameras Supported \u2022 Up to 5MP Resolution Recording and Playback \u2022 HD and VGA Output,HD Port up to 1920*1080 \u2022 Support H.265+\/H.265\/H.264+\/H.264 Video Format \u2022 Support 1 SATA up to 8TB Capacity \u2022 Support 4 Independent PoE Network Interfaces\u2026","rel":"","context":"Srodne objave","img":{"alt_text":"","src":"https:\/\/i2.wp.com\/astehshop.com\/wp-content\/uploads\/2020\/09\/NVR3608DP.jpg?fit=480%2C350&resize=350%2C200","width":350,"height":200},"classes":[]},{"id":8855,"url":"http:\/\/astehshop.com\/index.php\/product\/longse-ip-snimac-16ch-8ch-poe-h-265-4k-serija-6-nvr3016e1p8\/","url_meta":{"origin":5257,"position":2},"title":"Longse IP SNIMA\u010c 16CH \/ 8CH POE H.265 4K Serija 6 NVR3016E1P8","date":"11. sije\u010dnja 2024.","format":false,"excerpt":"\u0160ifra artikla: NVR3016E1P8 Snima\u010d je vrlo jednostavno povezati na internet i putem Bitvision aplikacije za mobitel ili IVMS Programa za ra\u010dunar pratiti bilo od kud sa vanjske lokacije! Longse snima\u010di podr\u017eavaju i ve\u0107inu ostalih proizvo\u0111a\u010da kamera. 8CH H.265 POE NVR 4K, 16CH Max. Input With AI Management Function \u2022 Third-party\u2026","rel":"","context":"Srodne objave","img":{"alt_text":"","src":"https:\/\/i2.wp.com\/astehshop.com\/wp-content\/uploads\/2024\/01\/NVR3016D1.jpg?fit=510%2C348&resize=350%2C200","width":350,"height":200},"classes":[]},{"id":5258,"url":"http:\/\/astehshop.com\/index.php\/product\/longse-ip-snimac-16ch-8ch-poe-h-265-4k-nvr2108dp\/","url_meta":{"origin":5257,"position":3},"title":"Longse IP SNIMA\u010c 16CH \/ 8CH POE H.265 4K NVR2108DP","date":"9. listopada 2021.","format":false,"excerpt":"NVR2108DP 8CH H.265 POE NVR 4K, 16CH Max. Input With AI Management Function \u2022 Third-party Network Cameras Supported \u2022 Up to 4K Resolution Recording and Playback, Playback Resolution: 1CH@4K\/4CH@1080P 30fps \u2022 HD and VGA Output,HD Port up to 4K (3840*2160) \u2022 H.265+\/H.265\/H.264+\/H.264 Video Format \u2022 Support 1 SATA up to\u2026","rel":"","context":"Srodne objave","img":{"alt_text":"","src":"https:\/\/i0.wp.com\/astehshop.com\/wp-content\/uploads\/2021\/10\/XVRT3004D.jpg?fit=960%2C700&resize=350%2C200","width":350,"height":200},"classes":[]},{"id":8856,"url":"http:\/\/astehshop.com\/index.php\/product\/longse-ip-snimac-25ch-16ch-poe-120mb-4k-nvr3616cdbp\/","url_meta":{"origin":5257,"position":4},"title":"Longse IP SNIMA\u010c 25CH \/ 16CH POE 120MB 4K NVR3616CDBP","date":"11. sije\u010dnja 2024.","format":false,"excerpt":"\u0160ifra: NVR3616CDBP 25 kanala od toga 16kanala POE \u2022 Third-party Network Cameras Supported \u2022 Up to 4K Resolution Recording and Playback \u2022 HD and VGA Output,HD Port up to 4K (3840*2160) \u2022 H.265+\/H.265\/H.264+\/H.264 Video Format \u2022 Support 1 SATA up to 8TB Capacity \u2022 Support 16 Independent PoE Network Interfaces\u2026","rel":"","context":"Srodne objave","img":{"alt_text":"","src":"https:\/\/i2.wp.com\/astehshop.com\/wp-content\/uploads\/2024\/01\/NVR3016D1.jpg?fit=510%2C348&resize=350%2C200","width":350,"height":200},"classes":[]},{"id":4678,"url":"http:\/\/astehshop.com\/index.php\/product\/ip-snimac-8ch-poe-4k-lite-h-265-h-264-nvr3608dp\/","url_meta":{"origin":5257,"position":5},"title":"IP Snima\u010d 8ch POE 4K Lite H.265\/H.264 NVR3608DP","date":"20. rujna 2020.","format":false,"excerpt":"NVR3608DP 8CH H.265 POE NVR \u2022 Third-party Network Cameras Supported \u2022 Input 9CH (2592x1944, 2048x1536, 1920\u00d71080, 1280\u00d7960, 1280\u00d7720, etc) \u2022 Recording Resolution: 5M\/4M\/3M\/1080P\/960P\/720p, etc (All Real Time) \u2022 Output 1 VGA, 1 HD Audio Output: 1CH 3.5mm Headphone Socket \u2022 Up to 5MP Resolution Recording and Playback \u2022 HD and\u2026","rel":"","context":"Srodne objave","img":{"alt_text":"","src":"https:\/\/i2.wp.com\/astehshop.com\/wp-content\/uploads\/2020\/09\/NVR3608DP.jpg?fit=480%2C350&resize=350%2C200","width":350,"height":200},"classes":[]}],"_links":{"self":[{"href":"http:\/\/astehshop.com\/index.php\/wp-json\/wp\/v2\/product\/5257"}],"collection":[{"href":"http:\/\/astehshop.com\/index.php\/wp-json\/wp\/v2\/product"}],"about":[{"href":"http:\/\/astehshop.com\/index.php\/wp-json\/wp\/v2\/types\/product"}],"replies":[{"embeddable":true,"href":"http:\/\/astehshop.com\/index.php\/wp-json\/wp\/v2\/comments?post=5257"}],"wp:featuredmedia":[{"embeddable":true,"href":"http:\/\/astehshop.com\/index.php\/wp-json\/wp\/v2\/media\/5254"}],"wp:attachment":[{"href":"http:\/\/astehshop.com\/index.php\/wp-json\/wp\/v2\/media?parent=5257"}],"wp:term":[{"taxonomy":"product_cat","embeddable":true,"href":"http:\/\/astehshop.com\/index.php\/wp-json\/wp\/v2\/product_cat?post=5257"},{"taxonomy":"product_tag","embeddable":true,"href":"http:\/\/astehshop.com\/index.php\/wp-json\/wp\/v2\/product_tag?post=5257"}],"curies":[{"name":"wp","href":"https:\/\/api.w.org\/{rel}","templated":true}]}}