{"id":5248,"date":"2021-10-09T14:19:16","date_gmt":"2021-10-09T12:19:16","guid":{"rendered":"http:\/\/astehshop.com\/?post_type=product&#038;p=5248"},"modified":"2022-11-19T14:16:35","modified_gmt":"2022-11-19T13:16:35","slug":"dome-ip-kamera-poe-5mp-2-8-12mm-30m-ir-lirdcafe500","status":"publish","type":"product","link":"http:\/\/astehshop.com\/index.php\/product\/dome-ip-kamera-poe-5mp-2-8-12mm-30m-ir-lirdcafe500\/","title":{"rendered":"DOME IP KAMERA POE 5MP 2.8-12MM 30M IR LIRDCAFE500"},"content":{"rendered":"<p>Ovaj model kamere dolazi sa podesivim objektivom 2.8-12mm i 5MP 4K rezolucijom. Ista \u0107e se prilagoditi va\u0161em unutra\u0161njem prostora po va\u0161oj \u017eelji. Odlikuje ju je izuzetno kvalitetna slika i previ\u0111ena je za unutra\u0161nju monta\u017eu. No\u0107ni IR Domet do 30 metara.<\/p>\n<p>Isto tako kamera se mo\u017ee podesiti da prilikom uo\u010denja kretanja kamera \u0161alje sliku na va\u0161 mobitel i o istom Vas obavjesti.<\/p>\n<p>Sa kompresijom H.265 ili H.265+ kamera \u0107e u\u0161tedjeti mjesto na va\u0161em hard disku, a da potom ne gubi na kvalitetu snimka.<\/p>\n<p>Istu je jednostavno povezati na va\u0161 ruter i putem Bitvision aplikacije kameru pratiti putem interneta.<\/p>\n<p>IP67 Standard zna\u010di da je ista vodootporna i za\u0161ti\u0107ena od ulaza pra\u0161ine. I ako se mo\u017ee koristiti i u vanjskim uslovima. Ovaj tip namjenjen je za unutra\u0161nju monta\u017eu.<\/p>\n<p>Prednost IP POE Kamera je ta \u0161to je dovoljan jedan UTP Kabal (preporuka Cat6), a kroz isti kamera dobije napajanje i video signal. U koliko kamera radi zasebno mo\u017ee se spojiti direktno na Adapter 12V 1 ili 2A.<\/p>\n<p><strong>Garancija 24 mjeseca (U slu\u010daju kvara u uslovima garancije ure\u0111aj se ne popravlja, nego isklju\u010divo mijenja za novi ure\u0111aj istih ili boljih karekteristika). Kod ugradnje bitno je obratiti pa\u017enju da isto odradi ovla\u0161tena ili stru\u010dna osoba.<\/strong><\/p>\n<p>Model: LIRDCAFE500<\/p>\n<p>1\/2.5\u2033 SOI High\u2010resolution CMOS Sensor<br \/>\nFullhan SOC, DWDR; With IR\u2010CUT, With Internal POE<br \/>\nMain Stream: 4MP@30fps (default), 5MP@20fps, 2MP@30fps; 5MP HD Lens<\/p>\n<p>Vandalproof &amp; Weatherproof, Water Resistance: IP67, IR LED: 14\u03bc x 24PCS, IR Range: 30m, 2.8\u201012mm Manual Zoom Lens<\/p>\n","protected":false},"excerpt":{"rendered":"<p>Ovaj model kamere dolazi sa podesivim objektivom 2.8-12mm i 5MP 4K rezolucijom. Ista \u0107e se prilagoditi va\u0161em unutra\u0161njem prostora po va\u0161oj \u017eelji. Odlikuje ju je izuzetno kvalitetna slika i previ\u0111ena je za unutra\u0161nju monta\u017eu. No\u0107ni IR Domet do 30 metara.<\/p>\n<p>Isto tako kamera se mo\u017ee podesiti da prilikom uo\u010denja kretanja kamera \u0161alje sliku na va\u0161 mobitel i o istom Vas obavjesti.<\/p>\n<p>Sa kompresijom H.265 ili H.265+ kamera \u0107e u\u0161tedjeti mjesto na va\u0161em hard disku, a da potom ne gubi na kvalitetu snimka.<\/p>\n<p>Istu je jednostavno povezati na va\u0161 ruter i putem Bitvision aplikacije kameru pratiti putem interneta.<\/p>\n<p>IP67 Standard zna\u010di da je ista vodootporna i za\u0161ti\u0107ena od ulaza pra\u0161ine. I ako se mo\u017ee koristiti i u vanjskim uslovima. Ovaj tip namjenjen je za unutra\u0161nju monta\u017eu.<\/p>\n<p>Prednost IP POE Kamera je ta \u0161to je dovoljan jedan UTP Kabal (preporuka Cat6), a kroz isti kamera dobije napajanje i video signal. U koliko kamera radi zasebno mo\u017ee se spojiti direktno na Adapter 12V 1 ili 2A.<\/p>\n<p><strong>Garancija 24 mjeseca (U slu\u010daju kvara u uslovima garancije ure\u0111aj se ne popravlja, nego isklju\u010divo mijenja za novi ure\u0111aj istih ili boljih karekteristika). Kod ugradnje bitno je obratiti pa\u017enju da isto odradi ovla\u0161tena ili stru\u010dna osoba.<\/strong><\/p>\n<p>Model: LIRDCAFE500<\/p>\n<p>1\/2.5\u2033 SOI High\u2010resolution CMOS Sensor<br \/>\nFullhan SOC, DWDR; With IR\u2010CUT, With Internal POE<br \/>\nMain Stream: 4MP@30fps (default), 5MP@20fps, 2MP@30fps; 5MP HD Lens<\/p>\n<p>Vandalproof &amp; Weatherproof, Water Resistance: IP67, IR LED: 14\u03bc x 24PCS, IR Range: 30m, 2.8\u201012mm Manual Zoom Lens<\/p>\n","protected":false},"featured_media":5247,"comment_status":"open","ping_status":"closed","template":"","meta":{"_mi_skip_tracking":false,"_exactmetrics_sitenote_active":false,"_exactmetrics_sitenote_note":"","_exactmetrics_sitenote_category":0,"spay_email":""},"product_cat":[1037,4415],"product_tag":[1777,3050,1049],"brands":[{"id":2220,"name":"Longse","slug":"longse"}],"df_price":269,"df_sale_price":"","df_regular_price":269,"df_image_link":"https:\/\/i0.wp.com\/astehshop.com\/wp-content\/uploads\/2021\/10\/LIRDCAFE200-1.png?fit=450%2C433","jetpack_publicize_connections":[],"jetpack_sharing_enabled":true,"jetpack_likes_enabled":true,"jetpack-related-posts":[{"id":6313,"url":"http:\/\/astehshop.com\/index.php\/product\/longse-ip-kamera-bullet-5mp-2-8-12mm-40m-ir-starlight-lbp60ml500\/","url_meta":{"origin":5248,"position":0},"title":"Longse IP Kamera Bullet 5MP 2.8-12mm 40m IR Starlight LBP60ML500","date":"23. travnja 2022.","format":false,"excerpt":"Ovo je jedan od najprodavanijih modela IP Kamera na tr\u017ei\u0161tu, kamera dolazi sa podesivim objektivom 2.8-12mm sa rezolucijom 4K 5MP i ista \u0107e se prilagoditi va\u0161em vanjskom prostoru po va\u0161oj \u017eelji. Odlikuje ju Starlight no\u0107no osvjetljenje i ista \u0107e uz vrlo malo svjetlosti nave\u010de imati sliku u boji IR Dometa\u2026","rel":"","context":"Srodne objave","img":{"alt_text":"","src":"https:\/\/i0.wp.com\/astehshop.com\/wp-content\/uploads\/2022\/04\/LBP60HTC500FKE.jpg?fit=960%2C700&resize=350%2C200","width":350,"height":200},"classes":[]},{"id":5246,"url":"http:\/\/astehshop.com\/index.php\/product\/dome-ip-kamera-2mp-2-8-12mm-30m-ir-poe-lirdcafe200\/","url_meta":{"origin":5248,"position":1},"title":"DOME IP KAMERA 2MP 2.8-12MM 30M IR POE LIRDCAFE200","date":"9. listopada 2021.","format":false,"excerpt":"Ovaj model kamere dolazi sa podesivim objektivom 2.8-12mm sa rezolucijom Full HD 2MP i ista \u0107e se prilagoditi va\u0161em unutra\u0161njem prostora po va\u0161oj \u017eelji. IR Domet do 30 metara. Sa kompresijom H.265 ili H.265+ kamera \u0107e u\u0161tedjeti mjesto na va\u0161em hard disku, a da potom ne gubi na kvalitetu snimka.\u2026","rel":"","context":"Srodne objave","img":{"alt_text":"","src":"https:\/\/i0.wp.com\/astehshop.com\/wp-content\/uploads\/2021\/10\/LIRDCAFE200-1.png?fit=668%2C643&resize=350%2C200","width":350,"height":200},"classes":[]},{"id":6312,"url":"http:\/\/astehshop.com\/index.php\/product\/longse-ip-kamera-bullet-2mp-2-8-12mm-40m-ir-starlight-lbp60ml200\/","url_meta":{"origin":5248,"position":2},"title":"Longse IP Kamera Bullet 2MP 2.8-12mm 40m IR Starlight LBP60ML200","date":"23. travnja 2022.","format":false,"excerpt":"Ovo je jedan od najprodavanijih modela IP Kamera na tr\u017ei\u0161tu, kamera dolazi sa podesivim objektivom 2.8-12mm sa rezolucijom Full HD 2MP i ista \u0107e se prilagoditi va\u0161em vanjskom prostoru po va\u0161oj \u017eelji. Odlikuje ju Starlight no\u0107no osvjetljenje i ista \u0107e uz vrlo malo svjetlosti nave\u010de imati sliku u boji IR\u2026","rel":"","context":"Srodne objave","img":{"alt_text":"","src":"https:\/\/i0.wp.com\/astehshop.com\/wp-content\/uploads\/2022\/04\/LBP60HTC500FKE.jpg?fit=960%2C700&resize=350%2C200","width":350,"height":200},"classes":[]},{"id":9164,"url":"http:\/\/astehshop.com\/index.php\/product\/ip-kamera-dome-5mp-2-8mm-25m-ir-external-poe-mic-cmsdkl500\/","url_meta":{"origin":5248,"position":3},"title":"IP Kamera Dome 5MP 2.8mm 25m IR External POE + Mic CMSDKL500","date":"10. o\u017eujka 2024.","format":false,"excerpt":"Ovaj model kamere dolazi u metalnom ku\u0107i\u0161tu sa objektivom 2.8mm i rezolucijom 5MP@30fps 4K. \u0160irokim objektivom od 2.8mm i ista \u0107e pokriti \u0161irok dio prostora sa jasnom i kvalitetnom slikom ili videom. No\u0107ni IR domet 25m. Posjeduje integrirani mikrofon. Sa kompresijom H.265+ kamera \u0107e u\u0161tedjeti mjesto na va\u0161em hard disku,\u2026","rel":"","context":"Srodne objave","img":{"alt_text":"","src":"https:\/\/i0.wp.com\/astehshop.com\/wp-content\/uploads\/2024\/03\/CMSDKL500.jpg?fit=618%2C475&resize=350%2C200","width":350,"height":200},"classes":[]},{"id":6303,"url":"http:\/\/astehshop.com\/index.php\/product\/longse-2-0mp-2-8-12mm-30m-ir-super-starlight-lvdbhsl200\/","url_meta":{"origin":5248,"position":4},"title":"Longse 2.0MP 2.8-12MM 30M IR SUPER STARLIGHT LVDBHSL200","date":"23. travnja 2022.","format":false,"excerpt":"Izuzetno kvalitetne izrade i extra dizajna u anti vandal ku\u0107i\u0161tu ovaj model kamere sa potrebnim nosa\u010dem uklopit \u0107e se u moderne objekte, bilo da se radi o va\u0161em domu ili poslovnom objektu. Kamera sa podesivim objektivom 2.8-12mm sa rezolucijom Full HD 2MP i ista \u0107e se prilagoditi va\u0161em unutra\u0161njem prostora\u2026","rel":"","context":"Srodne objave","img":{"alt_text":"","src":"https:\/\/i0.wp.com\/astehshop.com\/wp-content\/uploads\/2022\/04\/LVDBHSL200.jpg?fit=1200%2C900&resize=350%2C200","width":350,"height":200},"classes":[]},{"id":5400,"url":"http:\/\/astehshop.com\/index.php\/product\/bullet-ip-kamera-2mp-2-8mm-poe-starlight-25m-ir-bmsahsl200\/","url_meta":{"origin":5248,"position":5},"title":"BULLET IP KAMERA 2MP 2.8MM POE STARLIGHT 25M IR BMSAHSL200","date":"11. listopada 2021.","format":false,"excerpt":"Ova IP Kamera mo\u017ee raditi ne ovisno od snima\u010da, jer posjeduje mjesto za momorijsku karticu do 512 GB. Isto tako mo\u017ee se podesiti da prilikom uo\u010denja kretanja kamera \u0161alje sliku na va\u0161 mobitel i o istom Vas obavjesti. Ovaj model kamere dolazi u metalnom ku\u0107i\u0161tu extra dizajna i sa \u0161irokim\u2026","rel":"","context":"Srodne objave","img":{"alt_text":"","src":"https:\/\/i2.wp.com\/astehshop.com\/wp-content\/uploads\/2021\/10\/BMSASL200WH-111.png?fit=648%2C480&resize=350%2C200","width":350,"height":200},"classes":[]}],"_links":{"self":[{"href":"http:\/\/astehshop.com\/index.php\/wp-json\/wp\/v2\/product\/5248"}],"collection":[{"href":"http:\/\/astehshop.com\/index.php\/wp-json\/wp\/v2\/product"}],"about":[{"href":"http:\/\/astehshop.com\/index.php\/wp-json\/wp\/v2\/types\/product"}],"replies":[{"embeddable":true,"href":"http:\/\/astehshop.com\/index.php\/wp-json\/wp\/v2\/comments?post=5248"}],"wp:featuredmedia":[{"embeddable":true,"href":"http:\/\/astehshop.com\/index.php\/wp-json\/wp\/v2\/media\/5247"}],"wp:attachment":[{"href":"http:\/\/astehshop.com\/index.php\/wp-json\/wp\/v2\/media?parent=5248"}],"wp:term":[{"taxonomy":"product_cat","embeddable":true,"href":"http:\/\/astehshop.com\/index.php\/wp-json\/wp\/v2\/product_cat?post=5248"},{"taxonomy":"product_tag","embeddable":true,"href":"http:\/\/astehshop.com\/index.php\/wp-json\/wp\/v2\/product_tag?post=5248"}],"curies":[{"name":"wp","href":"https:\/\/api.w.org\/{rel}","templated":true}]}}