{"id":5244,"date":"2021-10-09T14:13:53","date_gmt":"2021-10-09T12:13:53","guid":{"rendered":"http:\/\/astehshop.com\/?post_type=product&#038;p=5244"},"modified":"2022-11-19T14:16:36","modified_gmt":"2022-11-19T13:16:36","slug":"dome-ip-kamera-poe-4-mp-2-8mm-20m-ir-lirdbafl400","status":"publish","type":"product","link":"http:\/\/astehshop.com\/index.php\/product\/dome-ip-kamera-poe-4-mp-2-8mm-20m-ir-lirdbafl400\/","title":{"rendered":"DOME IP KAMERA POE 4 MP 2.8MM 20M IR LIRDBAFL400"},"content":{"rendered":"<p>Longse IP Kamere mogu raditi i sa drugim proizvo\u0111a\u010dima snima\u010da koji posjeduju OnVif protokol.<\/p>\n<p>Ovaj model kamere dolazi sa \u0161irokim objektivom 2.8mm i isti \u0107e pokriti dosta \u0161irok spektar va\u0161eg unutra\u0161njeg prostora.<\/p>\n<p>Kamera dolazi u metalnom ku\u0107i\u0161tu i namjenjena je isklju\u010divo za unutra\u0161nju monta\u017eu.<\/p>\n<p>Sa kompresijom H.265 ili H.265+ kamera \u0107e u\u0161tedjeti mjesto na va\u0161em hard disku, a da potom ne gubi na kvalitetu snimka.<\/p>\n<p>Prednost IP POE Kamera je ta \u0161to je dovoljan jedan UTP Kabal (preporuka Cat6), a kroz isti kamera dobije napajanje i video signal. U koliko kamera radi zasebno mo\u017ee se spojiti direktno na Adapter 12V 1 ili 2A.<\/p>\n<p><strong>Garancija 24 mjeseca (U slu\u010daju kvara u uslovima garancije ure\u0111aj se ne popravlja, nego isklju\u010divo mijenja za novi ure\u0111aj istih ili boljih karekteristika). Kod ugradnje bitno je obratiti pa\u017enju da isto odradi ovla\u0161tena ili stru\u010dna osoba.<\/strong><\/p>\n<p>Model: LIRDBAFL400<\/p>\n<p>1\/2.8\u2033 SONY Starvis Back\u2010illuminated CMOS sensor<br \/>\nFullhan SOC, DWDR, Starlight, With Internal POE<br \/>\nMain Stream: 4MP@30fps, 5MP@20fps, 1080P@30fps; 5MP HD Lens<\/p>\n<p>Vandalproof &amp; Weatherproof, Water resistance: IP67, IR LED: 14\u03bc x 18PCS, IR range: 20m, Board Lens 2.8mm<\/p>\n","protected":false},"excerpt":{"rendered":"<p>Longse IP Kamere mogu raditi i sa drugim proizvo\u0111a\u010dima snima\u010da koji posjeduju OnVif protokol.<\/p>\n<p>Ovaj model kamere dolazi sa \u0161irokim objektivom 2.8mm i isti \u0107e pokriti dosta \u0161irok spektar va\u0161eg unutra\u0161njeg prostora.<\/p>\n<p>Kamera dolazi u metalnom ku\u0107i\u0161tu i namjenjena je isklju\u010divo za unutra\u0161nju monta\u017eu.<\/p>\n<p>Sa kompresijom H.265 ili H.265+ kamera \u0107e u\u0161tedjeti mjesto na va\u0161em hard disku, a da potom ne gubi na kvalitetu snimka.<\/p>\n<p>Prednost IP POE Kamera je ta \u0161to je dovoljan jedan UTP Kabal (preporuka Cat6), a kroz isti kamera dobije napajanje i video signal. U koliko kamera radi zasebno mo\u017ee se spojiti direktno na Adapter 12V 1 ili 2A.<\/p>\n<p><strong>Garancija 24 mjeseca (U slu\u010daju kvara u uslovima garancije ure\u0111aj se ne popravlja, nego isklju\u010divo mijenja za novi ure\u0111aj istih ili boljih karekteristika). Kod ugradnje bitno je obratiti pa\u017enju da isto odradi ovla\u0161tena ili stru\u010dna osoba.<\/strong><\/p>\n<p>Model: LIRDBAFL400<\/p>\n<p>1\/2.8\u2033 SONY Starvis Back\u2010illuminated CMOS sensor<br \/>\nFullhan SOC, DWDR, Starlight, With Internal POE<br \/>\nMain Stream: 4MP@30fps, 5MP@20fps, 1080P@30fps; 5MP HD Lens<\/p>\n<p>Vandalproof &amp; Weatherproof, Water resistance: IP67, IR LED: 14\u03bc x 18PCS, IR range: 20m, Board Lens 2.8mm<\/p>\n","protected":false},"featured_media":5245,"comment_status":"open","ping_status":"closed","template":"","meta":{"_mi_skip_tracking":false,"_exactmetrics_sitenote_active":false,"_exactmetrics_sitenote_note":"","_exactmetrics_sitenote_category":0,"spay_email":""},"product_cat":[1037,4415],"product_tag":[435,1777,377,477,483,3047,3048,1383,1384,251,540,394,462],"brands":[{"id":2220,"name":"Longse","slug":"longse"}],"df_price":188,"df_sale_price":"","df_regular_price":188,"df_image_link":"https:\/\/i1.wp.com\/astehshop.com\/wp-content\/uploads\/2021\/10\/LIRDCA5XSL200-2.png?fit=450%2C398","jetpack_publicize_connections":[],"jetpack_sharing_enabled":true,"jetpack_likes_enabled":true,"jetpack-related-posts":[{"id":6296,"url":"http:\/\/astehshop.com\/index.php\/product\/longse-dome-ip-kamera-2-0mp-2-8mm-20m-ir-plastic-lirdlafe200\/","url_meta":{"origin":5244,"position":0},"title":"Longse DOME IP KAMERA 2.0MP 2.8MM 20M IR PLASTIC LIRDLAFE200","date":"23. travnja 2022.","format":false,"excerpt":"Longse IP Kamere mogu raditi i sa drugim proizvo\u0111a\u010dima snima\u010da koji posjeduju OnVif protokol. Ovaj model kamere dolazi sa \u0161irokim objektivom 2.8mm i isti \u0107e pokriti dosta \u0161irok spektar va\u0161eg unutra\u0161njeg prostora. Kamera dolazi u plasti\u010dnom ku\u0107i\u0161tu i namjenjena je isklju\u010divo za unutra\u0161nju monta\u017eu. Sa kompresijom H.265 ili H.265+ kamera\u2026","rel":"","context":"Srodne objave","img":{"alt_text":"","src":"https:\/\/i0.wp.com\/astehshop.com\/wp-content\/uploads\/2022\/04\/LIRDLAFE200.jpg?fit=960%2C700&resize=350%2C200","width":350,"height":200},"classes":[]},{"id":9178,"url":"http:\/\/astehshop.com\/index.php\/product\/poe-bullet-ip-kamera-longse-4mp-2-8mm-25m-ir-full-color-24h-mic-bmscfg400wh\/","url_meta":{"origin":5244,"position":1},"title":"POE Bullet IP Kamera Longse 4MP 2.8mm 25m IR Full Color 24h + MIC BMSCFG400WH","date":"10. o\u017eujka 2024.","format":false,"excerpt":"Ovaj model kamere dolazi u metalnom ku\u0107i\u0161tu. Rezolucijom Full HD 4MP i objektivom 2.8mm ista \u0107e pokriti kvalitetno \u0161irok spekrtar prostora sa jasnom slikom ili videom. No\u0107ni IR domet 25m sa Full Color osvjetljenjem kamera \u0107e raditi u boji 24\/7h. Sa kompresijom H.265 ili H.265+ kamera \u0107e u\u0161tedjeti mjesto na\u2026","rel":"","context":"Srodne objave","img":{"alt_text":"","src":"https:\/\/i0.wp.com\/astehshop.com\/wp-content\/uploads\/2024\/03\/BMSCFG400WH-1.jpg?fit=510%2C348&resize=350%2C200","width":350,"height":200},"classes":[]},{"id":9172,"url":"http:\/\/astehshop.com\/index.php\/product\/poe-dome-ip-kamera-longse-4mp-2-8mm-25m-ir-sd-card-slot-mic-cmsefg400\/","url_meta":{"origin":5244,"position":2},"title":"POE Dome IP Kamera Longse 4MP 2.8mm 25m IR SD Card slot + Mic CMSEFG400","date":"10. o\u017eujka 2024.","format":false,"excerpt":"Ovaj model kamere dolazi u metalnom ku\u0107i\u0161tu sa objektivom 2.8mm i rezolucijom 4MP 4K. \u0160irokim objektivom od 2.8mm i ista \u0107e pokriti \u0161irok dio prostora sa jasnom i kvalitetnom slikom ili videom. No\u0107ni IR domet 25m. Posjeduje integrirani mikrofon i utor za MicroSD karticu. Sa kompresijom H.265+ kamera \u0107e u\u0161tedjeti\u2026","rel":"","context":"Srodne objave","img":{"alt_text":"","src":"https:\/\/i0.wp.com\/astehshop.com\/wp-content\/uploads\/2024\/03\/CMSDKL500.jpg?fit=618%2C475&resize=350%2C200","width":350,"height":200},"classes":[]},{"id":9169,"url":"http:\/\/astehshop.com\/index.php\/product\/poe-dome-ip-kamera-longse-4mp-2-8mm-25m-ir-mic-cpsbfc4r-28pm\/","url_meta":{"origin":5244,"position":3},"title":"POE Dome IP Kamera Longse 4MP 2.8mm 25m IR + MIC CPSBFC4R-28PM","date":"10. o\u017eujka 2024.","format":false,"excerpt":"Ovaj model kamere iz Longse ECO Serije dolazi u plasti\u010dnom ku\u0107i\u0161tu sa objektivom 2.8mm i rezolucijom 4MP. Podr\u017eava komplresiju H.264 i H.265. Za\u0161ti\u0107ena je od ulaza vode i pra\u0161ine IP66 standardom. Posjeduje integrisani mikrofon. Istu je jednostavno povezati na va\u0161 ruter i putem Bitvision aplikacije kameru pratiti putem interneta. Isto\u2026","rel":"","context":"Srodne objave","img":{"alt_text":"","src":"https:\/\/i2.wp.com\/astehshop.com\/wp-content\/uploads\/2024\/03\/CPSBFC2R-28PM-2.jpg?fit=602%2C460&resize=350%2C200","width":350,"height":200},"classes":[]},{"id":8492,"url":"http:\/\/astehshop.com\/index.php\/product\/ip-kamera-dome-2mp-2-8mm-25m-ir-poe-lirdbafg200\/","url_meta":{"origin":5244,"position":4},"title":"IP Kamera Dome 2MP 2.8mm 25m IR POE  LIRDBAFG200","date":"2. studenoga 2023.","format":false,"excerpt":"Veoma pouzdan model u jeftinijem segmentu IP kamera. Ovaj model kamere uklopit \u0107e se u svaki moderan prostor ili dom. Dolazi sa \u0161irokim objektivom 2.8mm sa rezolucijom 2MP, ista \u0107e pokriti dosta \u0161irok spektar va\u0161eg unutra\u0161njeg prostora. IR no\u0107ni domet do 20 metara. Sa kompresijom H.265 ili H.265+ kamera \u0107e\u2026","rel":"","context":"Srodne objave","img":{"alt_text":"","src":"https:\/\/i2.wp.com\/astehshop.com\/wp-content\/uploads\/2023\/11\/LIRDBAFG200.png?fit=297%2C268&resize=350%2C200","width":350,"height":200},"classes":[]},{"id":9164,"url":"http:\/\/astehshop.com\/index.php\/product\/ip-kamera-dome-5mp-2-8mm-25m-ir-external-poe-mic-cmsdkl500\/","url_meta":{"origin":5244,"position":5},"title":"IP Kamera Dome 5MP 2.8mm 25m IR External POE + Mic CMSDKL500","date":"10. o\u017eujka 2024.","format":false,"excerpt":"Ovaj model kamere dolazi u metalnom ku\u0107i\u0161tu sa objektivom 2.8mm i rezolucijom 5MP@30fps 4K. \u0160irokim objektivom od 2.8mm i ista \u0107e pokriti \u0161irok dio prostora sa jasnom i kvalitetnom slikom ili videom. No\u0107ni IR domet 25m. Posjeduje integrirani mikrofon. Sa kompresijom H.265+ kamera \u0107e u\u0161tedjeti mjesto na va\u0161em hard disku,\u2026","rel":"","context":"Srodne objave","img":{"alt_text":"","src":"https:\/\/i0.wp.com\/astehshop.com\/wp-content\/uploads\/2024\/03\/CMSDKL500.jpg?fit=618%2C475&resize=350%2C200","width":350,"height":200},"classes":[]}],"_links":{"self":[{"href":"http:\/\/astehshop.com\/index.php\/wp-json\/wp\/v2\/product\/5244"}],"collection":[{"href":"http:\/\/astehshop.com\/index.php\/wp-json\/wp\/v2\/product"}],"about":[{"href":"http:\/\/astehshop.com\/index.php\/wp-json\/wp\/v2\/types\/product"}],"replies":[{"embeddable":true,"href":"http:\/\/astehshop.com\/index.php\/wp-json\/wp\/v2\/comments?post=5244"}],"wp:featuredmedia":[{"embeddable":true,"href":"http:\/\/astehshop.com\/index.php\/wp-json\/wp\/v2\/media\/5245"}],"wp:attachment":[{"href":"http:\/\/astehshop.com\/index.php\/wp-json\/wp\/v2\/media?parent=5244"}],"wp:term":[{"taxonomy":"product_cat","embeddable":true,"href":"http:\/\/astehshop.com\/index.php\/wp-json\/wp\/v2\/product_cat?post=5244"},{"taxonomy":"product_tag","embeddable":true,"href":"http:\/\/astehshop.com\/index.php\/wp-json\/wp\/v2\/product_tag?post=5244"}],"curies":[{"name":"wp","href":"https:\/\/api.w.org\/{rel}","templated":true}]}}