{"id":5230,"date":"2021-10-09T12:59:30","date_gmt":"2021-10-09T10:59:30","guid":{"rendered":"http:\/\/astehshop.com\/?post_type=product&#038;p=5230"},"modified":"2026-02-26T19:33:29","modified_gmt":"2026-02-26T18:33:29","slug":"hikvision-analogna-kamera-5-mpx-ds-2ce17h0t-it3f-novi-model","status":"publish","type":"product","link":"http:\/\/astehshop.com\/index.php\/product\/hikvision-analogna-kamera-5-mpx-ds-2ce17h0t-it3f-novi-model\/","title":{"rendered":"HikVision Analogna kamera 5 MPX DS-2CE17H0T-IT3F novi model"},"content":{"rendered":"<p>5MP TVI kamera u bullet ku\u0107i\u0161tu 4 u 1 TVI\/AHD\/CVI\/CVBS re\u017eim.<br \/>\n0.01 Lux@(F1.2, AGC ON), 0 Lux with IR. Maksimalna rezolucija 2560&#215;1944. Fiksna optika 3.6mm. Nivo za\u0161tite IP67. DWDR. Domet IC dioda 40 metara. 12v napajanje. Odgovaraju\u0107a dozna je DS-1280ZJ-XS.<\/p>\n<p>Slika s prednje strane :<br \/>\nDS-2CE17H0T-IT3F<\/p>\n<p><img data-attachment-id=\"6171\" data-permalink=\"http:\/\/astehshop.com\/?attachment_id=6171\" data-orig-file=\"https:\/\/i1.wp.com\/astehshop.com\/wp-content\/uploads\/2021\/10\/slika-naprijed-DS-2CE17H0T-IT3F.jpg?fit=390%2C327\" data-orig-size=\"390,327\" data-comments-opened=\"1\" data-image-meta=\"{&quot;aperture&quot;:&quot;14&quot;,&quot;credit&quot;:&quot;www.delta.poznan.pl&quot;,&quot;camera&quot;:&quot;Canon EOS 600D&quot;,&quot;caption&quot;:&quot;&quot;,&quot;created_timestamp&quot;:&quot;1446138875&quot;,&quot;copyright&quot;:&quot;www.delta.poznan.pl&quot;,&quot;focal_length&quot;:&quot;44&quot;,&quot;iso&quot;:&quot;100&quot;,&quot;shutter_speed&quot;:&quot;0.005&quot;,&quot;title&quot;:&quot;&quot;,&quot;orientation&quot;:&quot;1&quot;}\" data-image-title=\"slika naprijed DS-2CE17H0T-IT3F\" data-image-description=\"\" data-image-caption=\"\" data-medium-file=\"https:\/\/i1.wp.com\/astehshop.com\/wp-content\/uploads\/2021\/10\/slika-naprijed-DS-2CE17H0T-IT3F.jpg?fit=300%2C252\" data-large-file=\"https:\/\/i1.wp.com\/astehshop.com\/wp-content\/uploads\/2021\/10\/slika-naprijed-DS-2CE17H0T-IT3F.jpg?fit=390%2C327\" decoding=\"async\" loading=\"lazy\" class=\"alignnone size-medium wp-image-6171\" src=\"https:\/\/i1.wp.com\/astehshop.com\/wp-content\/uploads\/2021\/10\/slika-naprijed-DS-2CE17H0T-IT3F.jpg?resize=300%2C252\" alt=\"\" width=\"300\" height=\"252\" srcset=\"https:\/\/i1.wp.com\/astehshop.com\/wp-content\/uploads\/2021\/10\/slika-naprijed-DS-2CE17H0T-IT3F.jpg?resize=300%2C252 300w, https:\/\/i1.wp.com\/astehshop.com\/wp-content\/uploads\/2021\/10\/slika-naprijed-DS-2CE17H0T-IT3F.jpg?w=390 390w\" sizes=\"(max-width: 300px) 100vw, 300px\" data-recalc-dims=\"1\" \/><\/p>\n<p>dimenzija DS-2CE17H0T-IT3F HikVision kamere<\/p>\n<p><img data-attachment-id=\"6172\" data-permalink=\"http:\/\/astehshop.com\/?attachment_id=6172\" data-orig-file=\"https:\/\/i0.wp.com\/astehshop.com\/wp-content\/uploads\/2021\/10\/dimenzija-kamera.jpg?fit=390%2C120\" data-orig-size=\"390,120\" data-comments-opened=\"1\" data-image-meta=\"{&quot;aperture&quot;:&quot;0&quot;,&quot;credit&quot;:&quot;&quot;,&quot;camera&quot;:&quot;&quot;,&quot;caption&quot;:&quot;&quot;,&quot;created_timestamp&quot;:&quot;0&quot;,&quot;copyright&quot;:&quot;&quot;,&quot;focal_length&quot;:&quot;0&quot;,&quot;iso&quot;:&quot;0&quot;,&quot;shutter_speed&quot;:&quot;0&quot;,&quot;title&quot;:&quot;&quot;,&quot;orientation&quot;:&quot;0&quot;}\" data-image-title=\"dimenzija kamera\" data-image-description=\"\" data-image-caption=\"\" data-medium-file=\"https:\/\/i0.wp.com\/astehshop.com\/wp-content\/uploads\/2021\/10\/dimenzija-kamera.jpg?fit=300%2C92\" data-large-file=\"https:\/\/i0.wp.com\/astehshop.com\/wp-content\/uploads\/2021\/10\/dimenzija-kamera.jpg?fit=390%2C120\" decoding=\"async\" loading=\"lazy\" class=\"alignnone size-medium wp-image-6172\" src=\"https:\/\/i0.wp.com\/astehshop.com\/wp-content\/uploads\/2021\/10\/dimenzija-kamera.jpg?resize=300%2C92\" alt=\"\" width=\"300\" height=\"92\" srcset=\"https:\/\/i0.wp.com\/astehshop.com\/wp-content\/uploads\/2021\/10\/dimenzija-kamera.jpg?resize=300%2C92 300w, https:\/\/i0.wp.com\/astehshop.com\/wp-content\/uploads\/2021\/10\/dimenzija-kamera.jpg?w=390 390w\" sizes=\"(max-width: 300px) 100vw, 300px\" data-recalc-dims=\"1\" \/><\/p>\n<iframe  id=\"_ytid_26839\"  width=\"480\" height=\"270\"  data-origwidth=\"480\" data-origheight=\"270\"  src=\"https:\/\/www.youtube.com\/embed\/LmFuo9HHHo0?enablejsapi=1&autoplay=0&cc_load_policy=0&cc_lang_pref=&iv_load_policy=1&loop=0&modestbranding=0&rel=1&fs=1&playsinline=0&autohide=2&theme=dark&color=red&controls=1&\" class=\"__youtube_prefs__  no-lazyload\" title=\"YouTube player\"  allow=\"autoplay; encrypted-media\" allowfullscreen data-no-lazy=\"1\" data-skipgform_ajax_framebjll=\"\"><\/iframe>\n","protected":false},"excerpt":{"rendered":"<p>5MP TVI kamera u bullet ku\u0107i\u0161tu 4 u 1 TVI\/AHD\/CVI\/CVBS re\u017eim.<br \/>\n0.01 Lux@(F1.2, AGC ON), 0 Lux with IR. Maksimalna rezolucija 2560&#215;1944. Fiksna optika 3.6mm. Nivo za\u0161tite IP67. DWDR. Domet IC dioda 40 metara. 12v napajanje. Odgovaraju\u0107a dozna je DS-1280ZJ-XS.<\/p>\n<p>Slika s prednje strane :<br \/>\nDS-2CE17H0T-IT3F<\/p>\n<p><img decoding=\"async\" loading=\"lazy\" class=\"alignnone size-medium wp-image-6171\" src=\"http:\/\/astehshop.com\/wp-content\/uploads\/2021\/10\/slika-naprijed-DS-2CE17H0T-IT3F-300x252.jpg\" alt=\"\" width=\"300\" height=\"252\" srcset=\"https:\/\/i1.wp.com\/astehshop.com\/wp-content\/uploads\/2021\/10\/slika-naprijed-DS-2CE17H0T-IT3F.jpg?resize=300%2C252 300w, https:\/\/i1.wp.com\/astehshop.com\/wp-content\/uploads\/2021\/10\/slika-naprijed-DS-2CE17H0T-IT3F.jpg?w=390 390w\" sizes=\"(max-width: 300px) 100vw, 300px\" \/><\/p>\n<p>dimenzija DS-2CE17H0T-IT3F HikVision kamere<\/p>\n<p><img decoding=\"async\" loading=\"lazy\" class=\"alignnone size-medium wp-image-6172\" src=\"http:\/\/astehshop.com\/wp-content\/uploads\/2021\/10\/dimenzija-kamera-300x92.jpg\" alt=\"\" width=\"300\" height=\"92\" srcset=\"https:\/\/i0.wp.com\/astehshop.com\/wp-content\/uploads\/2021\/10\/dimenzija-kamera.jpg?resize=300%2C92 300w, https:\/\/i0.wp.com\/astehshop.com\/wp-content\/uploads\/2021\/10\/dimenzija-kamera.jpg?w=390 390w\" sizes=\"(max-width: 300px) 100vw, 300px\" \/><\/p>\n[embedyt] https:\/\/www.youtube.com\/watch?v=LmFuo9HHHo0[\/embedyt]\n","protected":false},"featured_media":5231,"comment_status":"open","ping_status":"closed","template":"","meta":{"_mi_skip_tracking":false,"_exactmetrics_sitenote_active":false,"_exactmetrics_sitenote_note":"","_exactmetrics_sitenote_category":0,"spay_email":""},"product_cat":[132],"product_tag":[2228,2230,3034,377,4010,3608,3599,827],"brands":[{"id":2044,"name":"HikVision","slug":"hikvision"}],"df_price":104,"df_sale_price":"","df_regular_price":104,"df_image_link":"https:\/\/i1.wp.com\/astehshop.com\/wp-content\/uploads\/2021\/10\/hikvision-a-kamera-ds-2ce17h0t-it3f-3-6mm.jpg?fit=450%2C450","jetpack_publicize_connections":[],"jetpack_sharing_enabled":true,"jetpack_likes_enabled":true,"jetpack-related-posts":[{"id":5228,"url":"http:\/\/astehshop.com\/index.php\/product\/hikvision-analogna-kamera-2-mpx-ds-2ce17d0t-it3f-novi-model\/","url_meta":{"origin":5230,"position":0},"title":"HikVision Analogna kamera 2 MPX DS-2CE17D0T-IT3F novi model","date":"9. listopada 2021.","format":false,"excerpt":"2 MP Fixed Bullet Camera 2MP TVI kamera u bullet ku\u0107i\u0161tu 4 u 1 TVI\/AHD\/CVI\/CVBS re\u017eim. 0.01 Lux @ (F1.2, AGC ON), 0 Lux with IR . Maksimalna rezolucija 1920x1080. Fiksna optika 2.8mm. Nivo za\u0161tite IP67. DWDR. Domet IC dioda 40 metara. 12v napajanje. Odgovaraju\u0107a dozna je DS-1280ZJ-XS.Primjer kamere DS-2CE17D0T-IT3F\u2026","rel":"","context":"Srodne objave","img":{"alt_text":"","src":"https:\/\/i0.wp.com\/astehshop.com\/wp-content\/uploads\/2021\/10\/DS-2CE17D0T-IT3FIT5F.png?fit=467%2C367&resize=350%2C200","width":350,"height":200},"classes":[]},{"id":8904,"url":"http:\/\/astehshop.com\/index.php\/product\/hikvision-ds-2cd1043g2-i-4-mp\/","url_meta":{"origin":5230,"position":1},"title":"Hikvision DS-2CD1043G2-I 4 MP","date":"15. sije\u010dnja 2024.","format":false,"excerpt":"4 MP mre\u017ena kamera u bullet ku\u0107i\u0161tu. 1\/3\u201d CMOS sa progresivnim skeniranjem. Color: 0.01 Lux @(F2.0, AGC ON), B\/W: 0 Lux with IR. Maksimalna rezolucija 2560x1440. Fiksna optika 2.8 mm. Kompresija H.265+\/H.265\/H.264+\/H.264. Nivo za\u0161tite IP67. 120dB WDR. Motion detection (human,vehicle). Domet IC dioda 30 metara. 12v napajanje,PoE. Odgovaraju\u0107a dozna je\u2026","rel":"","context":"Srodne objave","img":{"alt_text":"","src":"https:\/\/i2.wp.com\/astehshop.com\/wp-content\/uploads\/2024\/01\/ds2cd1023g0.jpg?fit=500%2C500&resize=350%2C200","width":350,"height":200},"classes":[]},{"id":5767,"url":"http:\/\/astehshop.com\/index.php\/product\/hikvision-dome-kamera-5-mpx-ds-2ce78h0t-it3f\/","url_meta":{"origin":5230,"position":2},"title":"HikVision dome kamera 5 MPX DS-2CE78H0T-IT3F","date":"9. sije\u010dnja 2022.","format":false,"excerpt":"HD Dome kamera, 5mpx, 2.8mm, @20fps,4mp 25fps,EXIR, 40m IR, Ourdoor Exir turret,ICR, 0.01 Lux, 12vdc,Smart IR, DNR, OSD, IP 67, TVI\/AHD\/CVI\/CVBS","rel":"","context":"Srodne objave","img":{"alt_text":"","src":"https:\/\/i2.wp.com\/astehshop.com\/wp-content\/uploads\/2022\/01\/DS-2CE78H0T-IT3F-1.jpg?fit=898%2C779&resize=350%2C200","width":350,"height":200},"classes":[]},{"id":9075,"url":"http:\/\/astehshop.com\/index.php\/product\/dahua-hac-hdbw1500e-0280b-s2-kamera\/","url_meta":{"origin":5230,"position":3},"title":"Dahua HAC-HDBW1500E-0280B-S2 kamera","date":"19. velja\u010de 2024.","format":false,"excerpt":"5MP HDCVI kamera u dome ku\u0107i\u0161tu 4 u 1 TVI\/AHD\/CVI\/CVBS re\u017eim. 0.01 Lux\/F1.6, 30IRE, 0 Lux IR on . Maksimalna rezolucija 2880x1620. Fiksna optika 2.8 mm. Nivo za\u0161tite IP67, IK10. DWDR. Domet IC dioda 30 metara. 12v napajanje. Odgovaraju\u0107a dozna je PFA136. Nosa\u010d za banderu je PFA152-E. Zidni nosa\u010d je\u2026","rel":"","context":"Srodne objave","img":{"alt_text":"","src":"https:\/\/i1.wp.com\/astehshop.com\/wp-content\/uploads\/2024\/02\/dahua-hac-hdbw1500e-0280b-s2-kamera_0.png?fit=1200%2C675&resize=350%2C200","width":350,"height":200},"classes":[]},{"id":5769,"url":"http:\/\/astehshop.com\/index.php\/product\/hikvision-analogna-kamera-5-mpx-ds-2ce16h8t-it3f\/","url_meta":{"origin":5230,"position":4},"title":"HikVision analogna kamera 5 MPX DS-2CE16H8T-IT3F","date":"9. sije\u010dnja 2022.","format":false,"excerpt":"Hikvision DS-2CE16H8T-IT3F \u2022 Objektivi: 2,8mm, 3.6mm \u2022 HDTVI tehnologija, Ultra\u2013low light 0,003lux \u2022 Dan\/no\u0107, EXIR, WDR 130dB \u2022 IR osvjetljenje do 20m \u2022 AGC, BLC, svjetlina, o\u0161trina, 3D DNR(1-9), Mirror, Smart IR, detekcija pokreta (4 zone) \u2022 Za vanjsku primjenu, IP67 \u2022 Napajanje: 12 V DC \u2022 Odgovaraju\u0107i nosa\u010di: DS-1280ZJ-XS","rel":"","context":"Srodne objave","img":{"alt_text":"","src":"https:\/\/i0.wp.com\/astehshop.com\/wp-content\/uploads\/2022\/01\/ds-2ce16h8t-it3f-1.jpg?fit=700%2C700&resize=350%2C200","width":350,"height":200},"classes":[]},{"id":5774,"url":"http:\/\/astehshop.com\/index.php\/product\/hikvision-8-mpx-4k-kamera-ds-2ce16u1t-it3f\/","url_meta":{"origin":5230,"position":5},"title":"HikVision 8 MPX 4K kamera DS-2CE16U1T-IT3F","date":"9. sije\u010dnja 2022.","format":false,"excerpt":"Hikvision DS-2CE78H8T-IT3F \u2022 Rezolucija: 8 Mpix (3840\u00d72160) \u2022 Objektivi: 2,8mm \u2022 HDTVI Tehnologija \u2022 Dan\/no\u0107, DWDR 105dB \u2022 IR osvjetljenje do 30 m \u2022 AWB, DNR, EXIR , OSD izbornik \u2022 Za vanjsku primjenu, IP67 \u2022 Napajanje: 12 V DC \u2022 Odgovaraju\u0107i nosa\u010d: DS-1280ZJ-XS","rel":"","context":"Srodne objave","img":{"alt_text":"","src":"https:\/\/i1.wp.com\/astehshop.com\/wp-content\/uploads\/2022\/01\/ds-2ce16u1t-it3f-1.png?fit=1200%2C800&resize=350%2C200","width":350,"height":200},"classes":[]}],"_links":{"self":[{"href":"http:\/\/astehshop.com\/index.php\/wp-json\/wp\/v2\/product\/5230"}],"collection":[{"href":"http:\/\/astehshop.com\/index.php\/wp-json\/wp\/v2\/product"}],"about":[{"href":"http:\/\/astehshop.com\/index.php\/wp-json\/wp\/v2\/types\/product"}],"replies":[{"embeddable":true,"href":"http:\/\/astehshop.com\/index.php\/wp-json\/wp\/v2\/comments?post=5230"}],"wp:featuredmedia":[{"embeddable":true,"href":"http:\/\/astehshop.com\/index.php\/wp-json\/wp\/v2\/media\/5231"}],"wp:attachment":[{"href":"http:\/\/astehshop.com\/index.php\/wp-json\/wp\/v2\/media?parent=5230"}],"wp:term":[{"taxonomy":"product_cat","embeddable":true,"href":"http:\/\/astehshop.com\/index.php\/wp-json\/wp\/v2\/product_cat?post=5230"},{"taxonomy":"product_tag","embeddable":true,"href":"http:\/\/astehshop.com\/index.php\/wp-json\/wp\/v2\/product_tag?post=5230"}],"curies":[{"name":"wp","href":"https:\/\/api.w.org\/{rel}","templated":true}]}}