{"id":5214,"date":"2021-10-09T08:48:37","date_gmt":"2021-10-09T06:48:37","guid":{"rendered":"http:\/\/astehshop.com\/?post_type=product&#038;p=5214"},"modified":"2026-01-15T09:54:27","modified_gmt":"2026-01-15T08:54:27","slug":"dahua-imou-kamera-cue-2-sa-detekcijom-ljudi-wifi-kamera","status":"publish","type":"product","link":"http:\/\/astehshop.com\/index.php\/product\/dahua-imou-kamera-cue-2-sa-detekcijom-ljudi-wifi-kamera\/","title":{"rendered":"Dahua Imou kamera Cue 2 sa detekcijom ljudi wifi kamera"},"content":{"rendered":"<p>Cue 2<\/p>\n<p>Smart Pra\u0107enje sa AI otkrivanjem ljudi<\/p>\n<p>Detekcija ljudi | 1080P | Ugra\u0111ena sirena | Nenormalan zvu\u010dni alarm | No\u0107ni vid | Dvosmjerni razgovor | Oblak<\/p>\n<p>&nbsp;<\/p>\n<p>Detekcija \u010dovjeka<\/p>\n<p>Sna\u017ena tehnologija obrade slike brzo pronalazi ljude na slikama i odmah \u0161alje obavijest na va\u0161 pametni telefon, omogu\u0107uju\u0107i vam da nadgledate ono \u0161to je va\u017eno bez primanja dosadnih la\u017enih upozorenja<\/p>\n<p>&nbsp;<\/p>\n<p>Iznimno \u0161irok kut gledanja<\/p>\n<p>Dijagonalno vidno polje dijagonale 131\u00b0 omogu\u0107uje nadzor nad cijelom prostorijom.<\/p>\n<p>&nbsp;<\/p>\n<p>Ugra\u0111ena sirena<\/p>\n<p>Pomo\u0107u ugra\u0111ene sirene upla\u0161ite ne\u017eeljene strance.<\/p>\n<p>&nbsp;<\/p>\n<p>Alarm koji detektira neuobi\u010dajene zvukove<\/p>\n<p>\u0160alje trenuta\u010dna upozorenja na va\u0161 pametni telefon kad god otkrije bebin pla\u010d ili drugi neuobi\u010dajeni zvuk, obavje\u0161tavaju\u0107i o tome \u0161to se doga\u0111a od ku\u0107e s druge lokacije<\/p>\n<p>&nbsp;<\/p>\n<p>Dvosmjerni razgovor<\/p>\n<p>Ugra\u0111eni zvu\u010dnik i mikrofon sa zna\u010dajkom otkazivanja odjeka omogu\u0107uju vam interakciju s ku\u0107nim ljubimcima i obitelji ili odvra\u0107aju ne\u017eeljene goste.<\/p>\n<p>24\/7 za\u0161tita<\/p>\n<p>Na\u010din no\u0107nog vida automatski se uklju\u010duje i isklju\u010duje. Napredni IR algoritmi daju jasnu sliku \u010dak i u potpunoj tami.<\/p>\n<p>&nbsp;<\/p>\n<p>Diverzificirano skladi\u0161tenje<\/p>\n<p>Video se lako pohranjuje i pristupa se putem Micro SD kartice ili Imou Cloud usluge.<br \/>\nCue 2 podr\u017eava neprekidno snimanje 7*24<\/p>\n","protected":false},"excerpt":{"rendered":"<p>Cue 2<\/p>\n<p>Smart Pra\u0107enje sa AI otkrivanjem ljudi<\/p>\n<p>Detekcija ljudi | 1080P | Ugra\u0111ena sirena | Nenormalan zvu\u010dni alarm | No\u0107ni vid | Dvosmjerni razgovor | Oblak<\/p>\n<p>&nbsp;<\/p>\n<p>Detekcija \u010dovjeka<\/p>\n<p>Sna\u017ena tehnologija obrade slike brzo pronalazi ljude na slikama i odmah \u0161alje obavijest na va\u0161 pametni telefon, omogu\u0107uju\u0107i vam da nadgledate ono \u0161to je va\u017eno bez primanja dosadnih la\u017enih upozorenja<\/p>\n<p>&nbsp;<\/p>\n<p>Iznimno \u0161irok kut gledanja<\/p>\n<p>Dijagonalno vidno polje dijagonale 131\u00b0 omogu\u0107uje nadzor nad cijelom prostorijom.<\/p>\n<p>&nbsp;<\/p>\n<p>Ugra\u0111ena sirena<\/p>\n<p>Pomo\u0107u ugra\u0111ene sirene upla\u0161ite ne\u017eeljene strance.<\/p>\n<p>&nbsp;<\/p>\n<p>Alarm koji detektira neuobi\u010dajene zvukove<\/p>\n<p>\u0160alje trenuta\u010dna upozorenja na va\u0161 pametni telefon kad god otkrije bebin pla\u010d ili drugi neuobi\u010dajeni zvuk, obavje\u0161tavaju\u0107i o tome \u0161to se doga\u0111a od ku\u0107e s druge lokacije<\/p>\n<p>&nbsp;<\/p>\n<p>Dvosmjerni razgovor<\/p>\n<p>Ugra\u0111eni zvu\u010dnik i mikrofon sa zna\u010dajkom otkazivanja odjeka omogu\u0107uju vam interakciju s ku\u0107nim ljubimcima i obitelji ili odvra\u0107aju ne\u017eeljene goste.<\/p>\n<p>24\/7 za\u0161tita<\/p>\n<p>Na\u010din no\u0107nog vida automatski se uklju\u010duje i isklju\u010duje. Napredni IR algoritmi daju jasnu sliku \u010dak i u potpunoj tami.<\/p>\n<p>&nbsp;<\/p>\n<p>Diverzificirano skladi\u0161tenje<\/p>\n<p>Video se lako pohranjuje i pristupa se putem Micro SD kartice ili Imou Cloud usluge.<br \/>\nCue 2 podr\u017eava neprekidno snimanje 7*24<\/p>\n","protected":false},"featured_media":5215,"comment_status":"open","ping_status":"closed","template":"","meta":{"_mi_skip_tracking":false,"_exactmetrics_sitenote_active":false,"_exactmetrics_sitenote_note":"","_exactmetrics_sitenote_category":0,"spay_email":""},"product_cat":[4415,135],"product_tag":[435,392,3019,3018,3017,477,483,1383,1384,251,394,462],"brands":[{"id":2045,"name":"Dahua","slug":"dahua"}],"df_price":"","df_sale_price":"","df_regular_price":"","df_image_link":"https:\/\/i2.wp.com\/astehshop.com\/wp-content\/uploads\/2021\/10\/33B3B3839861D1906F7F1DA51854F8B0.png?fit=450%2C370","jetpack_publicize_connections":[],"jetpack_sharing_enabled":true,"jetpack_likes_enabled":true,"jetpack-related-posts":[{"id":5204,"url":"http:\/\/astehshop.com\/index.php\/product\/dahua-imou-ranger-2-wifi-kamera\/","url_meta":{"origin":5214,"position":0},"title":"Dahua IMOU Ranger 2 WIFI kamera","date":"9. listopada 2021.","format":false,"excerpt":"Ranger 2 Pokrivenost od 360\u00b0 s AI detekcijom ljudi i na\u010dinom privatnosti Detekcija ljudi | 1080P | Ugradbena sirena od 360\u00b0 | Pametno pra\u0107enje | Na\u010din privatnosti | Obavijesti neuobi\u010dajenog zvuka I No\u0107ni vid | Dvosmjerni razgovor | Oblak \u00a0 Detekcija \u010dovjeka Sna\u017ena tehnologija obrade slike brzo pronalazi ljude na\u2026","rel":"","context":"Srodne objave","img":{"alt_text":"","src":"https:\/\/i2.wp.com\/astehshop.com\/wp-content\/uploads\/2021\/10\/ranger2.jpg?fit=423%2C332&resize=350%2C200","width":350,"height":200},"classes":[]},{"id":5175,"url":"http:\/\/astehshop.com\/index.php\/product\/imou-new-bullet-dahua-wifi-ip-kamera-2-mp\/","url_meta":{"origin":5214,"position":1},"title":"IMOU NEW BULLET Dahua wifi ip kamera 2 MP","date":"18. lipnja 2021.","format":false,"excerpt":"Aktivno zadr\u017eava prijetnje dalje od onoga \u0161to je od va\u0161eg interesa 1080P | H.265 | No\u0107ni vid | Aktivno odvra\u0107anje | PIR detekcija | Dvosmjerni razgovor | IP67 Vodootporan | Dvostruka antena 2x2 MIMO | Cloud left Aktivno odvra\u0107anje Pomo\u0107u ugra\u0111enog reflektora i 110 dB sigurnosne sirene upla\u0161ite ne\u017eeljene strance\u2026","rel":"","context":"Srodne objave","img":{"alt_text":"","src":"https:\/\/i1.wp.com\/astehshop.com\/wp-content\/uploads\/2021\/06\/imou_new_bullet4.jpg?fit=1002%2C949&resize=350%2C200","width":350,"height":200},"classes":[]},{"id":8303,"url":"http:\/\/astehshop.com\/index.php\/product\/ipc-c22fp-c-versa\/","url_meta":{"origin":5214,"position":2},"title":"IPC-C22FP-C (Versa)","date":"19. listopada 2023.","format":false,"excerpt":"Versa pru\u017ea pra\u0107enje u\u017eivo od 2MP sa objektivom visokih performansi od 2,8 mm F1.6, podr\u017eava \u010detiri re\u017eima no\u0107nog vida za jasno\u0107u kao dan \u010dak i u mrklom mraku. Sa IP65 sertifikovanim ku\u0107i\u0161tem, kamera se mo\u017ee koristiti na otvorenom u razli\u010ditim vremenskim uslovima. Sa sigurnosnom sirenom od 120dB, Versa aktivno dr\u017ei\u2026","rel":"","context":"Srodne objave","img":{"alt_text":"","src":"https:\/\/i2.wp.com\/astehshop.com\/wp-content\/uploads\/2023\/10\/IPC-C22FP-C.jpg?fit=1200%2C1167&resize=350%2C200","width":350,"height":200},"classes":[]},{"id":7523,"url":"http:\/\/astehshop.com\/index.php\/product\/imou-dahua-wifi-kamera-ipc-f22fep-bullet-2\/","url_meta":{"origin":5214,"position":3},"title":"Imou Dahua WiFi kamera IPC-F22FEP Bullet 2","date":"1. travnja 2023.","format":false,"excerpt":"Smart home kamera sa \u010dak 4 razli\u010dita na\u010dina rada nocu predstavlja odli\u010dan izbor za video nadzor ku\u0107e , vikendice, apartmana i sli\u010dno. Infrared na\u010din rada omogu\u0107uje \u010distu crno-bijelu sliku u potpunom mraku. Color na\u010din rada pru\u017ea savr\u0161enu sliku u boji 24h\/7 zahvaljuju\u010di 2 ugra\u0111ena reflektora. Smart mode na\u010din rada daje\u2026","rel":"","context":"Srodne objave","img":{"alt_text":"","src":"https:\/\/i2.wp.com\/astehshop.com\/wp-content\/uploads\/2023\/04\/imou-ipc-f22fep.jpg?fit=785%2C791&resize=350%2C200","width":350,"height":200},"classes":[]},{"id":7546,"url":"http:\/\/astehshop.com\/index.php\/product\/dahua-imou-cruiser-4-mpx-ipc-s42fp-roto-full-color-kamera\/","url_meta":{"origin":5214,"position":4},"title":"Dahua Imou Cruiser 4 MPX IPC-S42FP roto FULL color kamera + gratis 64 GB kartica","date":"2. travnja 2023.","format":false,"excerpt":"Imou Cruiser 4 MPX Slika u boji uvijek ako to \u017eelite pra\u0107enje detekcija ljudi dvosmjerna komunikacija sirena dupla antena 8 x digitalni zum Snimanje na mikro sd karticu ili na cloud Pri\u010dajte sa va\u0161om djecom ma gdje da se nalazite Cruiser 4MP pru\u017ea pra\u0107enje u\u017eivo od 4MP sa izborom opcije\u2026","rel":"","context":"Srodne objave","img":{"alt_text":"","src":"https:\/\/i1.wp.com\/astehshop.com\/wp-content\/uploads\/2023\/04\/cruiser-4-mpx-sa-gratis-memorijskom-1.jpg?fit=669%2C629&resize=350%2C200","width":350,"height":200},"classes":[]},{"id":5221,"url":"http:\/\/astehshop.com\/index.php\/product\/dahua-imou-looc-wifi-ip-kamera-2-megapiksela\/","url_meta":{"origin":5214,"position":5},"title":"Dahua Imou LOOC WiFi ip kamera 2 MegaPiksela","date":"9. listopada 2021.","format":false,"excerpt":"IPC-C26E \u00a0 Aktivno \u010duva va\u0161 dom od ne\u017eeljenih posjetitelja 1080P | No\u0107no snimanje | Aktivno upozoravanje | PIR detekcija | Dvosmjerni razgovor | IP65 | Obla \u00a0 Aktivno upozoravanje S ugra\u0111enim reflektorom i sigurnosnom sirenom od 110 dB prepla\u0161ite nepo\u017eeljne strance prije nego \u0161to u\u0111u u va\u0161 dom. - PIR\u2026","rel":"","context":"Srodne objave","img":{"alt_text":"","src":"https:\/\/i2.wp.com\/astehshop.com\/wp-content\/uploads\/2021\/10\/looc-1.jpg?fit=1000%2C1000&resize=350%2C200","width":350,"height":200},"classes":[]}],"_links":{"self":[{"href":"http:\/\/astehshop.com\/index.php\/wp-json\/wp\/v2\/product\/5214"}],"collection":[{"href":"http:\/\/astehshop.com\/index.php\/wp-json\/wp\/v2\/product"}],"about":[{"href":"http:\/\/astehshop.com\/index.php\/wp-json\/wp\/v2\/types\/product"}],"replies":[{"embeddable":true,"href":"http:\/\/astehshop.com\/index.php\/wp-json\/wp\/v2\/comments?post=5214"}],"wp:featuredmedia":[{"embeddable":true,"href":"http:\/\/astehshop.com\/index.php\/wp-json\/wp\/v2\/media\/5215"}],"wp:attachment":[{"href":"http:\/\/astehshop.com\/index.php\/wp-json\/wp\/v2\/media?parent=5214"}],"wp:term":[{"taxonomy":"product_cat","embeddable":true,"href":"http:\/\/astehshop.com\/index.php\/wp-json\/wp\/v2\/product_cat?post=5214"},{"taxonomy":"product_tag","embeddable":true,"href":"http:\/\/astehshop.com\/index.php\/wp-json\/wp\/v2\/product_tag?post=5214"}],"curies":[{"name":"wp","href":"https:\/\/api.w.org\/{rel}","templated":true}]}}