{"id":5181,"date":"2021-09-08T22:22:31","date_gmt":"2021-09-08T20:22:31","guid":{"rendered":"http:\/\/astehshop.com\/?post_type=product&#038;p=5181"},"modified":"2024-02-18T09:45:59","modified_gmt":"2024-02-18T08:45:59","slug":"longse-dome-ip-kamera-8-mpx-cmlbrl800","status":"publish","type":"product","link":"http:\/\/astehshop.com\/index.php\/product\/longse-dome-ip-kamera-8-mpx-cmlbrl800\/","title":{"rendered":"Longse Dome IP kamera 8 MPX CMLBRL800"},"content":{"rendered":"<p>Ova IP Kamera mo\u017ee raditi ne ovisno od snima\u010da, jer posjeduje mjesto za momorijsku karticu do 512 GB. Extra je lijepog dizajna i uklopit \u0107e se u svaki prostor.<\/p>\n<p>Isto tako mo\u017ee se podesiti da prilikom uo\u010denja kretanja kamera \u0161alje sliku na va\u0161 mobitel i o istom Vas obavjesti.<\/p>\n<p>Dolazi sa 2.8mm objektivom u 4K Rezoluciji 8MP, te \u0107e detaljno pokriti \u0161iri dio va\u0161eg prostora. Odlikuje ju Starlight no\u0107no osvjetljenje i ista \u0107e uz vrlo malo svjetlosti nave\u010de imati sliku u boji IR Dometa do 25 metara.<\/p>\n<p>Podr\u017eava Alarm I\/O, 1 Built\u2010in MIC (Line Audio I\/O is) Smart Analytics: Human \/ Face \/ Intrusion \/ Line Cross \/ Wandering \/ Gather Detection<\/p>\n<p>Sa kompresijom H.265 ili H.265+ kamera \u0107e u\u0161tedjeti mjesto na va\u0161em hard disku ili SD kartici, a da potom ne gubi na kvalitetu snimka.<\/p>\n<p>Istu je jednostavno povezati na va\u0161 ruter i putem Bitvision aplikacije kameru pratiti putem interneta.<\/p>\n<p>IP67 Standard zna\u010di da je ista vodootporna i za\u0161ti\u0107ena od ulaza pra\u0161ine. Ovaj tip namjenjen je za unutra\u0161nju i vanjsku monta\u017eu. (Vandalproof &amp; Weatherproof).<\/p>\n<p>Prednost IP POE Kamera je ta \u0161to je dovoljan jedan UTP Kabal (preporuka Cat6), a kroz isti kamera dobije napajanje i video signal. U koliko kamera radi zasebno mo\u017ee se spojiti direktno na Adapter 12V 1 ili 2A.<\/p>\n<p><strong>Garancija 24 mjeseca (U slu\u010daju kvara u uslovima garancije ure\u0111aj se ne popravlja, nego isklju\u010divo mijenja za novi ure\u0111aj istih ili boljih karekteristika). Kod ugradnje bitno je obratiti pa\u017enju da isto odradi ovla\u0161tena ili stru\u010dna osoba.<\/strong><\/p>\n<p>Model: CMLBRL800<\/p>\n<ul>\n<li>1\/2.8\u2033SONY Starvis Back-illuminated CMOS sensor<\/li>\n<li>H.265+\/H.265\/H.264+\/H.264 Compression Method<\/li>\n<li>2.8mm Fixed Lens<\/li>\n<li>IR Distance 25m Max.<\/li>\n<li>IP67 Outdoor Metal Case<\/li>\n<\/ul>\n","protected":false},"excerpt":{"rendered":"<p>Ova IP Kamera mo\u017ee raditi ne ovisno od snima\u010da, jer posjeduje mjesto za momorijsku karticu do 512 GB. Extra je lijepog dizajna i uklopit \u0107e se u svaki prostor.<\/p>\n<p>Isto tako mo\u017ee se podesiti da prilikom uo\u010denja kretanja kamera \u0161alje sliku na va\u0161 mobitel i o istom Vas obavjesti.<\/p>\n<p>Dolazi sa 2.8mm objektivom u 4K Rezoluciji 8MP, te \u0107e detaljno pokriti \u0161iri dio va\u0161eg prostora. Odlikuje ju Starlight no\u0107no osvjetljenje i ista \u0107e uz vrlo malo svjetlosti nave\u010de imati sliku u boji IR Dometa do 25 metara.<\/p>\n<p>Podr\u017eava Alarm I\/O, 1 Built\u2010in MIC (Line Audio I\/O is) Smart Analytics: Human \/ Face \/ Intrusion \/ Line Cross \/ Wandering \/ Gather Detection<\/p>\n<p>Sa kompresijom H.265 ili H.265+ kamera \u0107e u\u0161tedjeti mjesto na va\u0161em hard disku ili SD kartici, a da potom ne gubi na kvalitetu snimka.<\/p>\n<p>Istu je jednostavno povezati na va\u0161 ruter i putem Bitvision aplikacije kameru pratiti putem interneta.<\/p>\n<p>IP67 Standard zna\u010di da je ista vodootporna i za\u0161ti\u0107ena od ulaza pra\u0161ine. Ovaj tip namjenjen je za unutra\u0161nju i vanjsku monta\u017eu. (Vandalproof &amp; Weatherproof).<\/p>\n<p>Prednost IP POE Kamera je ta \u0161to je dovoljan jedan UTP Kabal (preporuka Cat6), a kroz isti kamera dobije napajanje i video signal. U koliko kamera radi zasebno mo\u017ee se spojiti direktno na Adapter 12V 1 ili 2A.<\/p>\n<p><strong>Garancija 24 mjeseca (U slu\u010daju kvara u uslovima garancije ure\u0111aj se ne popravlja, nego isklju\u010divo mijenja za novi ure\u0111aj istih ili boljih karekteristika). Kod ugradnje bitno je obratiti pa\u017enju da isto odradi ovla\u0161tena ili stru\u010dna osoba.<\/strong><\/p>\n<p>Model: CMLBRL800<\/p>\n<ul>\n<li>1\/2.8\u2033SONY Starvis Back-illuminated CMOS sensor<\/li>\n<li>H.265+\/H.265\/H.264+\/H.264 Compression Method<\/li>\n<li>2.8mm Fixed Lens<\/li>\n<li>IR Distance 25m Max.<\/li>\n<li>IP67 Outdoor Metal Case<\/li>\n<\/ul>\n","protected":false},"featured_media":5182,"comment_status":"open","ping_status":"closed","template":"","meta":{"_mi_skip_tracking":false,"_exactmetrics_sitenote_active":false,"_exactmetrics_sitenote_note":"","_exactmetrics_sitenote_category":0,"spay_email":""},"product_cat":[131],"product_tag":[2964,477,2965,1549,1042,461,462],"brands":[{"id":2220,"name":"Longse","slug":"longse"}],"df_price":459,"df_sale_price":"","df_regular_price":459,"df_image_link":"https:\/\/i1.wp.com\/astehshop.com\/wp-content\/uploads\/2021\/09\/CMLBHTC500FKP2.png?fit=450%2C423","jetpack_publicize_connections":[],"jetpack_sharing_enabled":true,"jetpack_likes_enabled":true,"jetpack-related-posts":[{"id":5406,"url":"http:\/\/astehshop.com\/index.php\/product\/bullet-ip-kamera-2mp-3-6mm-poe-super-starlight-60m-ir-bmlasp200\/","url_meta":{"origin":5181,"position":0},"title":"BULLET IP KAMERA 2MP 3.6MM POE SUPER STARLIGHT 60M IR BMLASP200","date":"13. listopada 2021.","format":false,"excerpt":"Ova IP Kamera mo\u017ee raditi ne ovisno od snima\u010da, jer posjeduje mjesto za momorijsku karticu do 512 GB. Isto tako mo\u017ee se podesiti da prilikom uo\u010denja kretanja kamera \u0161alje sliku na va\u0161 mobitel i o istom Vas obavjesti. Ovaj model kamere dolazi u robusnom metalnom ku\u0107i\u0161tu sa objektivom 3.6mm i\u2026","rel":"","context":"Srodne objave","img":{"alt_text":"","src":"https:\/\/i0.wp.com\/astehshop.com\/wp-content\/uploads\/2021\/10\/BMLASP200-1.jpg?fit=1200%2C900&resize=350%2C200","width":350,"height":200},"classes":[]},{"id":5400,"url":"http:\/\/astehshop.com\/index.php\/product\/bullet-ip-kamera-2mp-2-8mm-poe-starlight-25m-ir-bmsahsl200\/","url_meta":{"origin":5181,"position":1},"title":"BULLET IP KAMERA 2MP 2.8MM POE STARLIGHT 25M IR BMSAHSL200","date":"11. listopada 2021.","format":false,"excerpt":"Ova IP Kamera mo\u017ee raditi ne ovisno od snima\u010da, jer posjeduje mjesto za momorijsku karticu do 512 GB. Isto tako mo\u017ee se podesiti da prilikom uo\u010denja kretanja kamera \u0161alje sliku na va\u0161 mobitel i o istom Vas obavjesti. Ovaj model kamere dolazi u metalnom ku\u0107i\u0161tu extra dizajna i sa \u0161irokim\u2026","rel":"","context":"Srodne objave","img":{"alt_text":"","src":"https:\/\/i2.wp.com\/astehshop.com\/wp-content\/uploads\/2021\/10\/BMSASL200WH-111.png?fit=648%2C480&resize=350%2C200","width":350,"height":200},"classes":[]},{"id":6313,"url":"http:\/\/astehshop.com\/index.php\/product\/longse-ip-kamera-bullet-5mp-2-8-12mm-40m-ir-starlight-lbp60ml500\/","url_meta":{"origin":5181,"position":2},"title":"Longse IP Kamera Bullet 5MP 2.8-12mm 40m IR Starlight LBP60ML500","date":"23. travnja 2022.","format":false,"excerpt":"Ovo je jedan od najprodavanijih modela IP Kamera na tr\u017ei\u0161tu, kamera dolazi sa podesivim objektivom 2.8-12mm sa rezolucijom 4K 5MP i ista \u0107e se prilagoditi va\u0161em vanjskom prostoru po va\u0161oj \u017eelji. Odlikuje ju Starlight no\u0107no osvjetljenje i ista \u0107e uz vrlo malo svjetlosti nave\u010de imati sliku u boji IR Dometa\u2026","rel":"","context":"Srodne objave","img":{"alt_text":"","src":"https:\/\/i0.wp.com\/astehshop.com\/wp-content\/uploads\/2022\/04\/LBP60HTC500FKE.jpg?fit=960%2C700&resize=350%2C200","width":350,"height":200},"classes":[]},{"id":6303,"url":"http:\/\/astehshop.com\/index.php\/product\/longse-2-0mp-2-8-12mm-30m-ir-super-starlight-lvdbhsl200\/","url_meta":{"origin":5181,"position":3},"title":"Longse 2.0MP 2.8-12MM 30M IR SUPER STARLIGHT LVDBHSL200","date":"23. travnja 2022.","format":false,"excerpt":"Izuzetno kvalitetne izrade i extra dizajna u anti vandal ku\u0107i\u0161tu ovaj model kamere sa potrebnim nosa\u010dem uklopit \u0107e se u moderne objekte, bilo da se radi o va\u0161em domu ili poslovnom objektu. Kamera sa podesivim objektivom 2.8-12mm sa rezolucijom Full HD 2MP i ista \u0107e se prilagoditi va\u0161em unutra\u0161njem prostora\u2026","rel":"","context":"Srodne objave","img":{"alt_text":"","src":"https:\/\/i0.wp.com\/astehshop.com\/wp-content\/uploads\/2022\/04\/LVDBHSL200.jpg?fit=1200%2C900&resize=350%2C200","width":350,"height":200},"classes":[]},{"id":6312,"url":"http:\/\/astehshop.com\/index.php\/product\/longse-ip-kamera-bullet-2mp-2-8-12mm-40m-ir-starlight-lbp60ml200\/","url_meta":{"origin":5181,"position":4},"title":"Longse IP Kamera Bullet 2MP 2.8-12mm 40m IR Starlight LBP60ML200","date":"23. travnja 2022.","format":false,"excerpt":"Ovo je jedan od najprodavanijih modela IP Kamera na tr\u017ei\u0161tu, kamera dolazi sa podesivim objektivom 2.8-12mm sa rezolucijom Full HD 2MP i ista \u0107e se prilagoditi va\u0161em vanjskom prostoru po va\u0161oj \u017eelji. Odlikuje ju Starlight no\u0107no osvjetljenje i ista \u0107e uz vrlo malo svjetlosti nave\u010de imati sliku u boji IR\u2026","rel":"","context":"Srodne objave","img":{"alt_text":"","src":"https:\/\/i0.wp.com\/astehshop.com\/wp-content\/uploads\/2022\/04\/LBP60HTC500FKE.jpg?fit=960%2C700&resize=350%2C200","width":350,"height":200},"classes":[]},{"id":9178,"url":"http:\/\/astehshop.com\/index.php\/product\/poe-bullet-ip-kamera-longse-4mp-2-8mm-25m-ir-full-color-24h-mic-bmscfg400wh\/","url_meta":{"origin":5181,"position":5},"title":"POE Bullet IP Kamera Longse 4MP 2.8mm 25m IR Full Color 24h + MIC BMSCFG400WH","date":"10. o\u017eujka 2024.","format":false,"excerpt":"Ovaj model kamere dolazi u metalnom ku\u0107i\u0161tu. Rezolucijom Full HD 4MP i objektivom 2.8mm ista \u0107e pokriti kvalitetno \u0161irok spekrtar prostora sa jasnom slikom ili videom. No\u0107ni IR domet 25m sa Full Color osvjetljenjem kamera \u0107e raditi u boji 24\/7h. Sa kompresijom H.265 ili H.265+ kamera \u0107e u\u0161tedjeti mjesto na\u2026","rel":"","context":"Srodne objave","img":{"alt_text":"","src":"https:\/\/i0.wp.com\/astehshop.com\/wp-content\/uploads\/2024\/03\/BMSCFG400WH-1.jpg?fit=510%2C348&resize=350%2C200","width":350,"height":200},"classes":[]}],"_links":{"self":[{"href":"http:\/\/astehshop.com\/index.php\/wp-json\/wp\/v2\/product\/5181"}],"collection":[{"href":"http:\/\/astehshop.com\/index.php\/wp-json\/wp\/v2\/product"}],"about":[{"href":"http:\/\/astehshop.com\/index.php\/wp-json\/wp\/v2\/types\/product"}],"replies":[{"embeddable":true,"href":"http:\/\/astehshop.com\/index.php\/wp-json\/wp\/v2\/comments?post=5181"}],"wp:featuredmedia":[{"embeddable":true,"href":"http:\/\/astehshop.com\/index.php\/wp-json\/wp\/v2\/media\/5182"}],"wp:attachment":[{"href":"http:\/\/astehshop.com\/index.php\/wp-json\/wp\/v2\/media?parent=5181"}],"wp:term":[{"taxonomy":"product_cat","embeddable":true,"href":"http:\/\/astehshop.com\/index.php\/wp-json\/wp\/v2\/product_cat?post=5181"},{"taxonomy":"product_tag","embeddable":true,"href":"http:\/\/astehshop.com\/index.php\/wp-json\/wp\/v2\/product_tag?post=5181"}],"curies":[{"name":"wp","href":"https:\/\/api.w.org\/{rel}","templated":true}]}}