{"id":4995,"date":"2020-11-15T10:37:44","date_gmt":"2020-11-15T09:37:44","guid":{"rendered":"http:\/\/astehshop.com\/?post_type=product&#038;p=4995"},"modified":"2025-09-17T22:03:52","modified_gmt":"2025-09-17T20:03:52","slug":"dvc-ip-snimac-drn-7864rz-raid-pametni-do-8-mpx","status":"publish","type":"product","link":"http:\/\/astehshop.com\/index.php\/product\/dvc-ip-snimac-drn-7864rz-raid-pametni-do-8-mpx\/","title":{"rendered":"DVC IP snima\u010d DRN-7864RZ RAID pametni do 8 MPX"},"content":{"rendered":"<p><span class=\"tlid-translation translation\" lang=\"bs\"><span class=\"\" title=\"\">DVC proizvo\u0111a\u010d<\/span><br \/>\n<span title=\"\">IP video tehnologija<\/span><br \/>\n<span class=\"\" title=\"\">Kompresija H.265 \/ H.264<\/span><br \/>\n<span class=\"\" title=\"\">Procesor Hisilicon Hi3536<\/span><br \/>\n<span class=\"\" title=\"\">Broj kamera 64<\/span><br \/>\n<span class=\"\" title=\"\">HDD 8 x SATA (8x6TB max)<\/span><br \/>\n<span class=\"\" title=\"\">HDMI izlaz HDMI 2K \/ 4K x 2<\/span><br \/>\n<span title=\"\">VGA izlaz 1920 x 1080<\/span><br \/>\n<span title=\"\">BNC izlaz br.<\/span><br \/>\n<span title=\"\">Spot izlaz br.<\/span><br \/>\n<span title=\"\">USB sigurnosna kopija Da<\/span><br \/>\n<span title=\"\">LAN sigurnosna kopija Da<\/span><br \/>\n<span title=\"\">Maksimalna rezolucija 8Mpx<\/span><br \/>\n<span title=\"\">Snimanje od 5Mpx 5Mpx \/ 25fps<\/span><br \/>\n<span title=\"\">Snimanje od 4MPx 4Mpx \/ 25fps<\/span><br \/>\n<span title=\"\">Snimanje od 3MPx 3M \/ 25fps<\/span><br \/>\n<span title=\"\">1080p 1080p \/ 25fps snimanje<\/span><br \/>\n<span class=\"\" title=\"\">Propusnost &#8211; ulaz 320Mbps<\/span><br \/>\n<span title=\"\">Maks.<\/span> <span class=\"\" title=\"\">mre\u017eni ulazni protok 320Mbps<\/span><br \/>\n<span title=\"\">Podr\u017eani proizvo\u0111a\u010di IP kamera DVC, Dahua, Hikvision, Vivotek<\/span><br \/>\n<span title=\"\">Audio ulaz 1<\/span><br \/>\n<span title=\"\">Audio izlaz 1<\/span><br \/>\n<span title=\"\">Ulaz alarma 8<\/span><br \/>\n<span title=\"\">Izlaz alarma 4<\/span><br \/>\n<span title=\"\">RS485 2<\/span><br \/>\n<span class=\"\" title=\"\">LAN 2 \u00d7 Giga Ethernet, RJ-45<\/span><br \/>\n<span class=\"\" title=\"\">Dvostruki tok Da<\/span><br \/>\n<span title=\"\">Upravljanje snima\u010dem Daljinsko upravljanje, web su\u010delje, klijentski softver, mi\u0161<\/span><br \/>\n<span title=\"\">Pristup mre\u017ei IE, NVMS1000<\/span><br \/>\n<span title=\"\">Pristup sa iPhone \/ Android mobilnim ure\u0111ajem<\/span><br \/>\n<span title=\"\">Napajanje 230V AC<\/span><br \/>\n<span title=\"\">Potro\u0161nja energije 15W bez tvrdog diska<\/span><br \/>\n<span title=\"\">Obo\u017eavatelj Da<\/span><br \/>\n<span title=\"\">Dimenzije (\u0160xDxV) 430 x 450 x 89 mm<\/span><br \/>\n<span title=\"\">Radna temperatura -10 \u00b0 C &#8211; 50 \u00b0 C<\/span><br \/>\n<span title=\"\">Vla\u017enost 10% &#8211; 90%<\/span><\/span><\/p>\n","protected":false},"excerpt":{"rendered":"<p><span class=\"tlid-translation translation\" lang=\"bs\"><span class=\"\" title=\"\">DVC proizvo\u0111a\u010d<\/span><br \/>\n<span title=\"\">IP video tehnologija<\/span><br \/>\n<span class=\"\" title=\"\">Kompresija H.265 \/ H.264<\/span><br \/>\n<span class=\"\" title=\"\">Procesor Hisilicon Hi3536<\/span><br \/>\n<span class=\"\" title=\"\">Broj kamera 64<\/span><br \/>\n<span class=\"\" title=\"\">HDD 8 x SATA (8x6TB max)<\/span><br \/>\n<span class=\"\" title=\"\">HDMI izlaz HDMI 2K \/ 4K x 2<\/span><br \/>\n<span title=\"\">VGA izlaz 1920 x 1080<\/span><br \/>\n<span title=\"\">BNC izlaz br.<\/span><br \/>\n<span title=\"\">Spot izlaz br.<\/span><br \/>\n<span title=\"\">USB sigurnosna kopija Da<\/span><br \/>\n<span title=\"\">LAN sigurnosna kopija Da<\/span><br \/>\n<span title=\"\">Maksimalna rezolucija 8Mpx<\/span><br \/>\n<span title=\"\">Snimanje od 5Mpx 5Mpx \/ 25fps<\/span><br \/>\n<span title=\"\">Snimanje od 4MPx 4Mpx \/ 25fps<\/span><br \/>\n<span title=\"\">Snimanje od 3MPx 3M \/ 25fps<\/span><br \/>\n<span title=\"\">1080p 1080p \/ 25fps snimanje<\/span><br \/>\n<span class=\"\" title=\"\">Propusnost &#8211; ulaz 320Mbps<\/span><br \/>\n<span title=\"\">Maks.<\/span> <span class=\"\" title=\"\">mre\u017eni ulazni protok 320Mbps<\/span><br \/>\n<span title=\"\">Podr\u017eani proizvo\u0111a\u010di IP kamera DVC, Dahua, Hikvision, Vivotek<\/span><br \/>\n<span title=\"\">Audio ulaz 1<\/span><br \/>\n<span title=\"\">Audio izlaz 1<\/span><br \/>\n<span title=\"\">Ulaz alarma 8<\/span><br \/>\n<span title=\"\">Izlaz alarma 4<\/span><br \/>\n<span title=\"\">RS485 2<\/span><br \/>\n<span class=\"\" title=\"\">LAN 2 \u00d7 Giga Ethernet, RJ-45<\/span><br \/>\n<span class=\"\" title=\"\">Dvostruki tok Da<\/span><br \/>\n<span title=\"\">Upravljanje snima\u010dem Daljinsko upravljanje, web su\u010delje, klijentski softver, mi\u0161<\/span><br \/>\n<span title=\"\">Pristup mre\u017ei IE, NVMS1000<\/span><br \/>\n<span title=\"\">Pristup sa iPhone \/ Android mobilnim ure\u0111ajem<\/span><br \/>\n<span title=\"\">Napajanje 230V AC<\/span><br \/>\n<span title=\"\">Potro\u0161nja energije 15W bez tvrdog diska<\/span><br \/>\n<span title=\"\">Obo\u017eavatelj Da<\/span><br \/>\n<span title=\"\">Dimenzije (\u0160xDxV) 430 x 450 x 89 mm<\/span><br \/>\n<span title=\"\">Radna temperatura -10 \u00b0 C &#8211; 50 \u00b0 C<\/span><br \/>\n<span title=\"\">Vla\u017enost 10% &#8211; 90%<\/span><\/span><\/p>\n","protected":false},"featured_media":4996,"comment_status":"open","ping_status":"closed","template":"","meta":{"_mi_skip_tracking":false,"_exactmetrics_sitenote_active":false,"_exactmetrics_sitenote_note":"","_exactmetrics_sitenote_category":0,"spay_email":""},"product_cat":[1558,4415],"product_tag":[2843,2845,2844,1568],"brands":[{"id":2842,"name":"DVC","slug":"dvc"}],"df_price":"","df_sale_price":"","df_regular_price":"","df_image_link":"https:\/\/i1.wp.com\/astehshop.com\/wp-content\/uploads\/2020\/11\/DRN-7864RZ-RAID.jpg?fit=270%2C270","jetpack_publicize_connections":[],"jetpack_sharing_enabled":true,"jetpack_likes_enabled":true,"jetpack-related-posts":[{"id":3896,"url":"http:\/\/astehshop.com\/index.php\/product\/16-kanalni-mrezni-snimac-nvr-hikvision-ds-7616ni-k2\/","url_meta":{"origin":4995,"position":0},"title":"16 kanalni mre\u017eni snima\u010d NVR HikVision DS-7616NXI-K2","date":"16. velja\u010de 2020.","format":false,"excerpt":"Proizvo\u0111a\u010d HIKVISION Tehnologija IP video Kompresija H.264\/H.265\/MPEG4 Broj kamera 16 PoE switch 16 x PoE (IEEE 802.3 af\/at) HDD 2 x SATA, (2 x 6TB max) HDMI izlaz HDMI 2K\/4K VGA izlaz 1920 x 1080 BNC izlaz Ne Spot izlaz Ne Videoanalitika Da Max rezolucija 8Mpx Snimanje 8Mpx 8Mpx\/25fps Snimanje\u2026","rel":"","context":"Srodne objave","img":{"alt_text":"","src":"https:\/\/i1.wp.com\/astehshop.com\/wp-content\/uploads\/2020\/02\/DS-7608NI-I2.jpg?fit=1004%2C982&resize=350%2C200","width":350,"height":200},"classes":[]},{"id":3897,"url":"http:\/\/astehshop.com\/index.php\/product\/mrezni-poe-snimac-16-kanalni-hikvision-ds-7616ni-k2-16p\/","url_meta":{"origin":4995,"position":1},"title":"Mre\u017eni POE Snima\u010d 16 kanalni HikVision DS-7616NXI-K2\/16P","date":"16. velja\u010de 2020.","format":false,"excerpt":"Proizvo\u0111a\u010d HIKVISION Tehnologija IP video Kompresija H.264\/H.265\/MPEG4 Broj kamera 16 PoE switch 16 x PoE (IEEE 802.3 af\/at) HDD 2 x SATA, (2 x 6TB max) HDMI izlaz HDMI 2K\/4K VGA izlaz 1920 x 1080 BNC izlaz Ne Spot izlaz Ne Videoanalitika Da Max rezolucija 8Mpx Snimanje 8Mpx 8Mpx\/25fps Snimanje\u2026","rel":"","context":"Srodne objave","img":{"alt_text":"","src":"https:\/\/i1.wp.com\/astehshop.com\/wp-content\/uploads\/2020\/02\/DS-7608NI-I2.jpg?fit=1004%2C982&resize=350%2C200","width":350,"height":200},"classes":[]},{"id":5029,"url":"http:\/\/astehshop.com\/index.php\/product\/dvc-8-kanalni-snimac-dra-7508h\/","url_meta":{"origin":4995,"position":2},"title":"DVC 8 kanalni snima\u010d DRA-7508H","date":"16. studenoga 2020.","format":false,"excerpt":"Samostoje\u0107i 8 kanalni AHD 5Mpx DVR, pentabrid: 8 analogne \/ AHD kamere + 4 IP kamera, podr\u017eava 3Mpx\/1080p DVC IP kamere, 1 x HDD, quadpleks, H.264 kompresija, brzina snimanja 1080p@100fps; 1080p LITE, 720p, WD1@200fps, RS485, BNC, HDMI i VGA video izlaz, P2P, LAN, DHCP, DDNS, WEB server, mobile client, dual\u2026","rel":"","context":"Srodne objave","img":{"alt_text":"","src":"https:\/\/i0.wp.com\/astehshop.com\/wp-content\/uploads\/2020\/11\/DRA-2308H.jpg?fit=500%2C500&resize=350%2C200","width":350,"height":200},"classes":[]},{"id":5030,"url":"http:\/\/astehshop.com\/index.php\/product\/dvc-16-kanalni-snimac-dra-7516h-5-mpx\/","url_meta":{"origin":4995,"position":3},"title":"DVC  16 kanalni snima\u010d DRA-7516H 5 MPX","date":"16. studenoga 2020.","format":false,"excerpt":"Proizvo\u0111a\u010d DVC Tehnologija HD video Kompresija H.264 high-profile Procesor Hisilicon Hi3531A Broj kamera 16 analogne (AHD\/TVI\/CVI) + 8 IP HDD 2 x SATA, (2 x 8TB max) HDMI izlaz 1920 x 1080 VGA izlaz 1920 x 1080 BNC izlaz Da Spot izlaz BNC Max rezolucija 1080p Snimanje 1080p 1080p\/12fps Snimanje\u2026","rel":"","context":"Srodne objave","img":{"alt_text":"","src":"https:\/\/i0.wp.com\/astehshop.com\/wp-content\/uploads\/2020\/11\/DRA-2308H.jpg?fit=500%2C500&resize=350%2C200","width":350,"height":200},"classes":[]},{"id":5026,"url":"http:\/\/astehshop.com\/index.php\/product\/16-kanalni-snimac-dvc-dra-2316h-ahd\/","url_meta":{"origin":4995,"position":4},"title":"16 kanalni snima\u010d DVC DRA-2316H AHD","date":"16. studenoga 2020.","format":false,"excerpt":"Samostoje\u0107i 16 kanalni AHD 2.0 DVR, pentabrid: 16 analogne\/AHD\/TVI\/CVI kamere + 2 IP kamera, podr\u017eava 1080p DVC IP kamere, 1 x SATA, H.264+ kompresija, brzina snimanja 1080p LITE, 720p@12fps, 720p LITE@WD1@25fps, HDMI, VGA video izlaz, RS485, P2P, LAN, DHCP, DDNS, WEB server, mobile client, dual stream, napajanje 12VDC adapter u\u2026","rel":"","context":"Srodne objave","img":{"alt_text":"","src":"https:\/\/i0.wp.com\/astehshop.com\/wp-content\/uploads\/2020\/11\/DRA-2308H.jpg?fit=500%2C500&resize=350%2C200","width":350,"height":200},"classes":[]},{"id":5024,"url":"http:\/\/astehshop.com\/index.php\/product\/8-kanalni-dvc-ahd-snimac-dra-2308h\/","url_meta":{"origin":4995,"position":5},"title":"8 kanalni DVC AHD snima\u010d DRA-2308H","date":"16. studenoga 2020.","format":false,"excerpt":"Samostoje\u0107i 8 kanalni AHD 2.0 DVR, pentabrid: 8 analogne\/AHD\/TVI\/CVI kamere + 1 IP kamera, podr\u017eava 1080p DVC IP kamere, 1 x SATA, H.264+ kompresija, brzina snimanja 1080p LITE, 720p@12fps, 720p LITE@WD1@25fps, HDMI, VGA video izlaz, P2P, LAN, DHCP, DDNS, WEB server, mobile client, dual stream, napajanje 12VDC adapter u kompletu.\u2026","rel":"","context":"Srodne objave","img":{"alt_text":"","src":"https:\/\/i0.wp.com\/astehshop.com\/wp-content\/uploads\/2020\/11\/DRA-2308H.jpg?fit=500%2C500&resize=350%2C200","width":350,"height":200},"classes":[]}],"_links":{"self":[{"href":"http:\/\/astehshop.com\/index.php\/wp-json\/wp\/v2\/product\/4995"}],"collection":[{"href":"http:\/\/astehshop.com\/index.php\/wp-json\/wp\/v2\/product"}],"about":[{"href":"http:\/\/astehshop.com\/index.php\/wp-json\/wp\/v2\/types\/product"}],"replies":[{"embeddable":true,"href":"http:\/\/astehshop.com\/index.php\/wp-json\/wp\/v2\/comments?post=4995"}],"wp:featuredmedia":[{"embeddable":true,"href":"http:\/\/astehshop.com\/index.php\/wp-json\/wp\/v2\/media\/4996"}],"wp:attachment":[{"href":"http:\/\/astehshop.com\/index.php\/wp-json\/wp\/v2\/media?parent=4995"}],"wp:term":[{"taxonomy":"product_cat","embeddable":true,"href":"http:\/\/astehshop.com\/index.php\/wp-json\/wp\/v2\/product_cat?post=4995"},{"taxonomy":"product_tag","embeddable":true,"href":"http:\/\/astehshop.com\/index.php\/wp-json\/wp\/v2\/product_tag?post=4995"}],"curies":[{"name":"wp","href":"https:\/\/api.w.org\/{rel}","templated":true}]}}