{"id":4992,"date":"2020-11-11T11:25:46","date_gmt":"2020-11-11T10:25:46","guid":{"rendered":"http:\/\/astehshop.com\/?post_type=product&#038;p=4992"},"modified":"2025-09-17T22:03:53","modified_gmt":"2025-09-17T20:03:53","slug":"video-nadzor-set-5-mp-full-color-24-7-slika-u-boji","status":"publish","type":"product","link":"http:\/\/astehshop.com\/index.php\/product\/video-nadzor-set-5-mp-full-color-24-7-slika-u-boji\/","title":{"rendered":"Video nadzor set 5 MP FULL COLOR 24\/7 slika u boji"},"content":{"rendered":"<div id=\"detaljni-opis\" class=\"artikal_detaljniopis_tekst\">\n<p>Sada svi mogu da priu\u0161te da imaju sliku u boji \u010dak i no\u0107u o to i rezoluciji od 5 MP !<br \/>\nDahua Super Akcija<\/p>\n<p>1 x 4 kanalni snima\u010d Dahua<br \/>\n4 x FULL COLOR 5 MP DAHUA kamere ( slika u boji i no\u0107u 24 \/ 7 )<br \/>\n1 x 1 TB HDD<br \/>\n100 metara kabla ( struja + signal )<br \/>\n4 dc konektora<br \/>\n8 bnc konektora<br \/>\nNapajanje<\/p>\n<p>Svu opremu mo\u017eemo i podesiti prije slanja<br \/>\nAplikacija koju oprema koristi :<br \/>\niddms i gddms ( ios ili android )<br \/>\ndss ( softver za ra\u010dunar )<\/p>\n<p>Garancija 24 mjeseca<br \/>\nDostava besplatna<\/p>\n<p>Razna uputstva, tutorijali i pojedina\u010dne cijene ostale opreme<br \/>\nwww.technoshopbn.com<\/p>\n<p>Nikole Tesle 31a<br \/>\nBijeljina<br \/>\nwww.technoshopbn.com<br \/>\n055 422 599<\/p>\n<\/div>\n","protected":false},"excerpt":{"rendered":"<div id=\"detaljni-opis\" class=\"artikal_detaljniopis_tekst\">\n<p>Sada svi mogu da priu\u0161te da imaju sliku u boji \u010dak i no\u0107u o to i rezoluciji od 5 MP !<br \/>\nDahua Super Akcija<\/p>\n<p>1 x 4 kanalni snima\u010d Dahua<br \/>\n4 x FULL COLOR 5 MP DAHUA kamere ( slika u boji i no\u0107u 24 \/ 7 )<br \/>\n1 x 1 TB HDD<br \/>\n100 metara kabla ( struja + signal )<br \/>\n4 dc konektora<br \/>\n8 bnc konektora<br \/>\nNapajanje<\/p>\n<p>Svu opremu mo\u017eemo i podesiti prije slanja<br \/>\nAplikacija koju oprema koristi :<br \/>\niddms i gddms ( ios ili android )<br \/>\ndss ( softver za ra\u010dunar )<\/p>\n<p>Garancija 24 mjeseca<br \/>\nDostava besplatna<\/p>\n<p>Razna uputstva, tutorijali i pojedina\u010dne cijene ostale opreme<br \/>\nwww.technoshopbn.com<\/p>\n<p>Nikole Tesle 31a<br \/>\nBijeljina<br \/>\nwww.technoshopbn.com<br \/>\n055 422 599<\/p>\n<\/div>\n","protected":false},"featured_media":4993,"comment_status":"open","ping_status":"closed","template":"","meta":{"_mi_skip_tracking":false,"_exactmetrics_sitenote_active":false,"_exactmetrics_sitenote_note":"","_exactmetrics_sitenote_category":0,"spay_email":""},"product_cat":[2298],"product_tag":[2841,2661,1205],"brands":[{"id":2045,"name":"Dahua","slug":"dahua"}],"df_price":"","df_sale_price":"","df_regular_price":"","df_image_link":"https:\/\/i2.wp.com\/astehshop.com\/wp-content\/uploads\/2020\/11\/set-4-kamere-full-color.jpg?fit=450%2C251","jetpack_publicize_connections":[],"jetpack_sharing_enabled":true,"jetpack_likes_enabled":true,"jetpack-related-posts":[{"id":4266,"url":"http:\/\/astehshop.com\/index.php\/product\/16-kanalni-set-full-hd-dahua-sa-305-m-rg59-kabla\/","url_meta":{"origin":4992,"position":0},"title":"16 kanalni set FULL HD Dahua sa 305 M RG59 kabla","date":"31. o\u017eujka 2020.","format":false,"excerpt":"\u27a1\ufe0fImamo HIT ! Promo ponuda ! \ud83d\udd251986 KM \ud83d\udc4cDahua i to kakva ponuda 16 kanalni snima\u010d Dahua 16 x 2 MP kamera 40M smart IR 1 x 1 TB HDD 1 x napajanje 12v 20a 32 BNC konektora 16 dc konektora 305 M kabal ( struja + signal ) Mo\u017ee\u2026","rel":"","context":"Srodne objave","img":{"alt_text":"","src":"https:\/\/i1.wp.com\/astehshop.com\/wp-content\/uploads\/2020\/03\/16-kanalni-set-FULL-HD-Dahua-sa-305-M-RG59-kabla.jpg?fit=800%2C542&resize=350%2C200","width":350,"height":200},"classes":[]},{"id":5480,"url":"http:\/\/astehshop.com\/index.php\/product\/dahua-full-color-5-mp-kompletan-set-video-nadzor\/","url_meta":{"origin":4992,"position":1},"title":"Dahua FULL COLOR 5 MP kompletan set video nadzor","date":"17. listopada 2021.","format":false,"excerpt":"u setu dobijate 1 x 4 kanalni Dahua XVR 4 x FULL COLOR Dahua kamere 5 MP HAC-HFW1509T 1 x 500 GB HDD 100 metara RG59+ struja 1 x stabilisano napajanje 4 x dc konektora 8 x bnc konektora Nikole Tesle 31a Bijeljina 055 422 599 066 123 234 www.technoshopbn.com","rel":"","context":"Srodne objave","img":{"alt_text":"","src":"https:\/\/i0.wp.com\/astehshop.com\/wp-content\/uploads\/2021\/10\/slika-1854472-60c9049012a91-velika.jpg?fit=800%2C477&resize=350%2C200","width":350,"height":200},"classes":[]},{"id":4294,"url":"http:\/\/astehshop.com\/index.php\/product\/dahua-4-kanalni-set-full-hd\/","url_meta":{"origin":4992,"position":2},"title":"Dahua 4 kanalni set FULL HD","date":"31. o\u017eujka 2020.","format":false,"excerpt":"\ud83c\udfa5Dahua promo akcija 2 MP FULL HD 4 kanalni snima\u010d ( 1 kanal do 5 MP ostali na 4 MP ) 4 x bullet vanjske ip67 kamere 2 MPX 1 x 500 GB HDD 1 x stabilisano napajanje 8 x konektori BNC 4 x konektori DC 100 M kabla (\u2026","rel":"","context":"Srodne objave","img":{"alt_text":"","src":"https:\/\/i2.wp.com\/astehshop.com\/wp-content\/uploads\/2020\/03\/Dahua-4-kanalni-set-FULL-HD.jpg?fit=800%2C532&resize=350%2C200","width":350,"height":200},"classes":[]},{"id":5585,"url":"http:\/\/astehshop.com\/index.php\/product\/dahua-set-kamera-video-nadzor-2-mp-komplet\/","url_meta":{"origin":4992,"position":3},"title":"Dahua set kamera video nadzor 2 MP komplet","date":"31. listopada 2021.","format":false,"excerpt":"2 x bullet kamera dahua 2 MP 1 x 4 kanalni snima\u010d dahua 1 x 500 GB HDD 1 x kabal 100m ( struja + signal ) 1 x napajanje stabilisano 4 x bnc konektora 2 x dc konektora Mogucnost pode\u0161avanja opreme prije slanja","rel":"","context":"Srodne objave","img":{"alt_text":"","src":"https:\/\/i2.wp.com\/astehshop.com\/wp-content\/uploads\/2021\/10\/slika-1854472-603b5a3c17eec-velika.jpg?fit=800%2C450&resize=350%2C200","width":350,"height":200},"classes":[]},{"id":4258,"url":"http:\/\/astehshop.com\/index.php\/product\/dahua-komplet-set-2-mp\/","url_meta":{"origin":4992,"position":4},"title":"Dahua komplet set 2 MP","date":"31. o\u017eujka 2020.","format":false,"excerpt":"\u2705Dahua komplet set 2 MP \ud83d\udca5659 KM \u27a1\ufe0fU setu dolazi : \u26a1\ufe0f1 x 4 kanalni DVR \u26a1\ufe0f4 x Dahua kamere 2 MP HAC-HFW1200DP \u26a1\ufe0f1 x 500 GB HDD \u26a1\ufe0f1 x napajanje 12v 5a \u26a1\ufe0f100 metara kabla ( signal + struja ) \u26a1\ufe0f8 bnc konektora \u26a1\ufe0f4 x dc konektora \u27a1\ufe0fGarancija na\u2026","rel":"","context":"Srodne objave","img":{"alt_text":"","src":"https:\/\/i1.wp.com\/astehshop.com\/wp-content\/uploads\/2020\/03\/Dahua-komplet-set-2-MP.jpg?fit=799%2C542&resize=350%2C200","width":350,"height":200},"classes":[]},{"id":3799,"url":"http:\/\/astehshop.com\/index.php\/product\/kompletan-dahua-set-za-video-nadzor-2-mp\/","url_meta":{"origin":4992,"position":5},"title":"Kompletan Dahua set za video nadzor 2 MP","date":"15. velja\u010de 2020.","format":false,"excerpt":"\u2705Dahua komplet set 2 MP \ud83d\udca5659 KM \u27a1\ufe0fU setu dolazi : \u26a1\ufe0f1 x 4 kanalni DVR \u26a1\ufe0f4 x Dahua kamere 2 MP HAC-HFW1200DP \u26a1\ufe0f1 x 500 GB HDD \u26a1\ufe0f1 x napajanje 12v 5a \u26a1\ufe0f100 metara kabla ( signal + struja ) \u26a1\ufe0f8 bnc konektora \u26a1\ufe0f4 x dc konektora \u27a1\ufe0fGarancija na\u2026","rel":"","context":"Srodne objave","img":{"alt_text":"","src":"https:\/\/i2.wp.com\/astehshop.com\/wp-content\/uploads\/2020\/02\/kompletan-set-659-KM.jpg?fit=1200%2C814&resize=350%2C200","width":350,"height":200},"classes":[]}],"_links":{"self":[{"href":"http:\/\/astehshop.com\/index.php\/wp-json\/wp\/v2\/product\/4992"}],"collection":[{"href":"http:\/\/astehshop.com\/index.php\/wp-json\/wp\/v2\/product"}],"about":[{"href":"http:\/\/astehshop.com\/index.php\/wp-json\/wp\/v2\/types\/product"}],"replies":[{"embeddable":true,"href":"http:\/\/astehshop.com\/index.php\/wp-json\/wp\/v2\/comments?post=4992"}],"wp:featuredmedia":[{"embeddable":true,"href":"http:\/\/astehshop.com\/index.php\/wp-json\/wp\/v2\/media\/4993"}],"wp:attachment":[{"href":"http:\/\/astehshop.com\/index.php\/wp-json\/wp\/v2\/media?parent=4992"}],"wp:term":[{"taxonomy":"product_cat","embeddable":true,"href":"http:\/\/astehshop.com\/index.php\/wp-json\/wp\/v2\/product_cat?post=4992"},{"taxonomy":"product_tag","embeddable":true,"href":"http:\/\/astehshop.com\/index.php\/wp-json\/wp\/v2\/product_tag?post=4992"}],"curies":[{"name":"wp","href":"https:\/\/api.w.org\/{rel}","templated":true}]}}