{"id":4966,"date":"2020-11-06T19:56:24","date_gmt":"2020-11-06T18:56:24","guid":{"rendered":"http:\/\/astehshop.com\/?post_type=product&#038;p=4966"},"modified":"2024-02-18T09:42:56","modified_gmt":"2024-02-18T08:42:56","slug":"ajax-motionprotect-outdoor","status":"publish","type":"product","link":"http:\/\/astehshop.com\/index.php\/product\/ajax-motionprotect-outdoor\/","title":{"rendered":"AJAX MotionProtect Outdoor"},"content":{"rendered":"<p>Be\u017ei\u010dni PIR detektor pokreta za vanjsku ugradnju na visini od 0,8 do 1,3 m dometa 15m@85\u00b0, sa antimasking funkcijom. Bijele boje<\/p>\n<p>Proizvo\u0111a\u010d AJAX<br \/>\nTehnologija Be\u017ei\u010dna<br \/>\nUgradnja Vanjska<br \/>\nVisina monta\u017ee 0,8 &#8211; 1,2m<br \/>\nMetoda detekcije PIR \/ AM<br \/>\nAntimasking funkcija Da<br \/>\nNeosjetljivost na ku\u0107ne ljubimce Da<br \/>\nBe\u017ei\u010dna frekvencija 868Mhz<br \/>\nBe\u017ei\u010dna komunikacija Dvosmjerna<br \/>\nPIR element Dual<br \/>\nDomet detekcije: PIR \/ AIR 15m<br \/>\nBroj IC zraka \/ zona detekcije 2<br \/>\nKut detekcije 90\u00b0<br \/>\nVrsta le\u0107e \/ optike Fresnel<br \/>\nPode\u0161avanje osjetljivosti Da<br \/>\nTamper Da<br \/>\nLED signalizacija Da<br \/>\nNosa\u010d u kompletu Da<br \/>\nTemperaturna kompenzacija Da<br \/>\nRadna temperatura -20\u00b0C do +60\u00b0C<br \/>\nIP za\u0161tita IP54<br \/>\nNapajanje baterijsko 2 x CR123A<br \/>\nDimenzije 184 x 70 x 65 mm<br \/>\nTe\u017eina 318g<br \/>\nMonta\u017ea Zid \/ Stup<br \/>\nVisina monta\u017ee 0,8 &#8211; 1,3 m<\/p>\n","protected":false},"excerpt":{"rendered":"<p>Be\u017ei\u010dni PIR detektor pokreta za vanjsku ugradnju na visini od 0,8 do 1,3 m dometa 15m@85\u00b0, sa antimasking funkcijom. Bijele boje<\/p>\n<p>Proizvo\u0111a\u010d AJAX<br \/>\nTehnologija Be\u017ei\u010dna<br \/>\nUgradnja Vanjska<br \/>\nVisina monta\u017ee 0,8 &#8211; 1,2m<br \/>\nMetoda detekcije PIR \/ AM<br \/>\nAntimasking funkcija Da<br \/>\nNeosjetljivost na ku\u0107ne ljubimce Da<br \/>\nBe\u017ei\u010dna frekvencija 868Mhz<br \/>\nBe\u017ei\u010dna komunikacija Dvosmjerna<br \/>\nPIR element Dual<br \/>\nDomet detekcije: PIR \/ AIR 15m<br \/>\nBroj IC zraka \/ zona detekcije 2<br \/>\nKut detekcije 90\u00b0<br \/>\nVrsta le\u0107e \/ optike Fresnel<br \/>\nPode\u0161avanje osjetljivosti Da<br \/>\nTamper Da<br \/>\nLED signalizacija Da<br \/>\nNosa\u010d u kompletu Da<br \/>\nTemperaturna kompenzacija Da<br \/>\nRadna temperatura -20\u00b0C do +60\u00b0C<br \/>\nIP za\u0161tita IP54<br \/>\nNapajanje baterijsko 2 x CR123A<br \/>\nDimenzije 184 x 70 x 65 mm<br \/>\nTe\u017eina 318g<br \/>\nMonta\u017ea Zid \/ Stup<br \/>\nVisina monta\u017ee 0,8 &#8211; 1,3 m<\/p>\n","protected":false},"featured_media":6408,"comment_status":"open","ping_status":"closed","template":"","meta":{"_mi_skip_tracking":false,"_exactmetrics_sitenote_active":false,"_exactmetrics_sitenote_note":"","_exactmetrics_sitenote_category":0,"spay_email":""},"product_cat":[4415,143],"product_tag":[2814,2815],"brands":[{"id":2473,"name":"AJAX","slug":"ajax"}],"df_price":399,"df_sale_price":"","df_regular_price":399,"df_image_link":"https:\/\/i0.wp.com\/astehshop.com\/wp-content\/uploads\/2020\/11\/AJAX-MotionProtect-Outdoor-1.jpg?fit=441%2C450","jetpack_publicize_connections":[],"jetpack_sharing_enabled":true,"jetpack_likes_enabled":true,"jetpack-related-posts":[{"id":4952,"url":"http:\/\/astehshop.com\/index.php\/product\/ajax-motionprotect-curtain-wh\/","url_meta":{"origin":4966,"position":0},"title":"AJAX MotionProtect Curtain WH","date":"6. studenoga 2020.","format":false,"excerpt":"Be\u017ei\u010dni detektor pokreta \u2013 zavjesa detekcije 11m@6\u00b0sa namjenjen za unutarnju ugradnju. Visina ugradnje 2.4m - bijele boje Proizvo\u0111a\u010d AJAX Tehnologija Be\u017ei\u010dna Be\u017ei\u010dna frekvencija 868Mhz Be\u017ei\u010dna komunikacija Dvosmjerna Dimenzije 134 x 44 x 36 mm Napajanje Baterijsko, 1 x 3V, tipCR123A Ugradnja Vanjska Metoda detekcije PIR \/ AM Monta\u017ea Stropna \/\u2026","rel":"","context":"Srodne objave","img":{"alt_text":"","src":"https:\/\/i0.wp.com\/astehshop.com\/wp-content\/uploads\/2020\/11\/AJAX-MotionProtect-Curtain-WH.png?fit=700%2C700&resize=350%2C200","width":350,"height":200},"classes":[]},{"id":4950,"url":"http:\/\/astehshop.com\/index.php\/product\/ajax-combiprotect\/","url_meta":{"origin":4966,"position":1},"title":"AJAX CombiProtect","date":"6. studenoga 2020.","format":false,"excerpt":"Be\u017ei\u010dni detektor pokreta dometa 12m neosjetljiv na ku\u0107ne ljubimce i loma stakla dometa 9m. Proizvo\u0111a\u010d AJAX Tehnologija Be\u017ei\u010dna Be\u017ei\u010dna frekvencija 868Mhz Be\u017ei\u010dna komunikacija Dvosmjerna Dimenzije 110 x 65 x 50 mm Stupanj sigurnosti Grade 2 Napajanje Baterijsko, 1 x 3V, tipCR123A Ugradnja Unutra\u0161nja Metoda detekcije PIR \/ GB Monta\u017ea Zidna\u2026","rel":"","context":"Srodne objave","img":{"alt_text":"","src":"https:\/\/i1.wp.com\/astehshop.com\/wp-content\/uploads\/2020\/11\/AJAX-CombiProtect-BL.jpg?fit=600%2C444&resize=350%2C200","width":350,"height":200},"classes":[]},{"id":4526,"url":"http:\/\/astehshop.com\/index.php\/product\/bezicni-detektor-pokreta-dometa-12m-bijeli-ajax-mp-wh\/","url_meta":{"origin":4966,"position":2},"title":"Be\u017ei\u010dni detektor pokreta dometa 12m Bijeli AJAX-MP-WH MotionProtect","date":"4. svibnja 2020.","format":false,"excerpt":"Model: AJAX MotionProtect WH AJAX Be\u017ei\u010dni Detektor pokreta, Be\u017ei\u010dna frekvencija 868Mhz, Dvosmjerna be\u017ei\u010dna komunikacija, Dimenzije 110 x 65 x 50mm, Stupanj sigurnosti Grade 2, Baterijsko napajanje, 1x3V, tip CR123A, Unutra\u0161nja ugradnja PIR Metoda detekcije, Zidna Monta\u017ea, Visina monta\u017ee 2,2m Pode\u0161avanje osjetljivosti putem centrale, LED signalizacija, Radna temperatura 0\u00b0C do +50\u00b0C\u2026","rel":"","context":"Srodne objave","img":{"alt_text":"","src":"https:\/\/i2.wp.com\/astehshop.com\/wp-content\/uploads\/2020\/05\/AJAX-MP-WH.jpg?fit=1200%2C650&resize=350%2C200","width":350,"height":200},"classes":[]},{"id":4522,"url":"http:\/\/astehshop.com\/index.php\/product\/bezicni-detektor-pokreta-dometa-12m-crni-ajax-cp-bl\/","url_meta":{"origin":4966,"position":3},"title":"Be\u017ei\u010dni detektor pokreta dometa 12m Crni AJAX-CP-BL CombiProtect","date":"4. svibnja 2020.","format":false,"excerpt":"Model: AJAX CombiProtect BL Be\u017ei\u010dni detektor pokreta dometa 12m neosjetljiv na ku\u0107ne ljubimce i loma stakla dometa 9m. Crne boje, Be\u017ei\u010dna frekvencija 868Mhz, Dvosmjerna be\u017ei\u010dna komunikacija, Dimenzije 110 x 65 x 50mm, Stupanj sigurnosti Grade 2, Baterijsko napajanje, 1x3V, tip CR123A, Unutra\u0161nja ugradnja PIR \/GB Metoda detekcije, Zidna Monta\u017ea, Visina\u2026","rel":"","context":"Srodne objave","img":{"alt_text":"","src":"https:\/\/i0.wp.com\/astehshop.com\/wp-content\/uploads\/2020\/05\/AJAX-CP-BL-1.png?fit=1200%2C630&resize=350%2C200","width":350,"height":200},"classes":[]},{"id":4528,"url":"http:\/\/astehshop.com\/index.php\/product\/bezicni-kombinirani-pir-i-mw-detektor-ajax-mpp-wh\/","url_meta":{"origin":4966,"position":4},"title":"Be\u017ei\u010dni kombinirani PIR i MW detektor AJAX-MPP-WH CombiProtect","date":"4. svibnja 2020.","format":false,"excerpt":"Model: AJAX MotionProtect Plus WH Be\u017ei\u010dni detektor pokreta dometa 12m neosjetljiv na ku\u0107ne ljubimce i loma stakla dometa 9m. Crne boje, Be\u017ei\u010dna frekvencija 868Mhz, Dvosmjerna be\u017ei\u010dna komunikacija, Dimenzije 110 x 65 x 50mm, Stupanj sigurnosti Grade 2, Baterijsko napajanje, 1x3V, tip CR123A, Unutra\u0161nja ugradnja PIR \/MW Metoda detekcije, Zidna Monta\u017ea,\u2026","rel":"","context":"Srodne objave","img":{"alt_text":"","src":"https:\/\/i2.wp.com\/astehshop.com\/wp-content\/uploads\/2020\/05\/AJAX-MP-WH.jpg?fit=1200%2C650&resize=350%2C200","width":350,"height":200},"classes":[]},{"id":6406,"url":"http:\/\/astehshop.com\/index.php\/product\/ajax-motioncam-outdoor\/","url_meta":{"origin":4966,"position":5},"title":"Ajax MotionCam Outdoor","date":"6. listopada 2022.","format":false,"excerpt":"roizvo\u0111a\u010d AJAX Tehnologija Be\u017ei\u010dna Ugradnja Vanjska Visina monta\u017ee 0.8 - 1.2 m Metoda detekcije PIR \/ AM Antimasking funkcija Da Neosjetljivost na ku\u0107ne ljubimce Da Be\u017ei\u010dna frekvencija 868 MHz Be\u017ei\u010dna komunikacija Dvosmjerna PIR element Dual Domet detekcije: PIR \/ AIR 15 m Domet detekcije: Antimasking 0.4 - 0.8 m Broj\u2026","rel":"","context":"Srodne objave","img":{"alt_text":"","src":"https:\/\/i0.wp.com\/astehshop.com\/wp-content\/uploads\/2022\/10\/Ajax-MotionCam-Outdoor.jpg?fit=1000%2C1000&resize=350%2C200","width":350,"height":200},"classes":[]}],"_links":{"self":[{"href":"http:\/\/astehshop.com\/index.php\/wp-json\/wp\/v2\/product\/4966"}],"collection":[{"href":"http:\/\/astehshop.com\/index.php\/wp-json\/wp\/v2\/product"}],"about":[{"href":"http:\/\/astehshop.com\/index.php\/wp-json\/wp\/v2\/types\/product"}],"replies":[{"embeddable":true,"href":"http:\/\/astehshop.com\/index.php\/wp-json\/wp\/v2\/comments?post=4966"}],"wp:featuredmedia":[{"embeddable":true,"href":"http:\/\/astehshop.com\/index.php\/wp-json\/wp\/v2\/media\/6408"}],"wp:attachment":[{"href":"http:\/\/astehshop.com\/index.php\/wp-json\/wp\/v2\/media?parent=4966"}],"wp:term":[{"taxonomy":"product_cat","embeddable":true,"href":"http:\/\/astehshop.com\/index.php\/wp-json\/wp\/v2\/product_cat?post=4966"},{"taxonomy":"product_tag","embeddable":true,"href":"http:\/\/astehshop.com\/index.php\/wp-json\/wp\/v2\/product_tag?post=4966"}],"curies":[{"name":"wp","href":"https:\/\/api.w.org\/{rel}","templated":true}]}}