{"id":4964,"date":"2020-11-06T19:40:18","date_gmt":"2020-11-06T18:40:18","guid":{"rendered":"http:\/\/astehshop.com\/?post_type=product&#038;p=4964"},"modified":"2022-12-04T11:32:24","modified_gmt":"2022-12-04T10:32:24","slug":"ajax-transmitter","status":"publish","type":"product","link":"http:\/\/astehshop.com\/index.php\/product\/ajax-transmitter\/","title":{"rendered":"AJAX Transmitter"},"content":{"rendered":"<p>Modul za be\u017ei\u010dno povezivanje univerzalnih be\u017ei\u010dnih detektora (Optex BX80R, AMC Soutdoor BC i sl) na AJAX protuprovalni sustav.<\/p>\n<p>Proizvo\u0111a\u010d AJAX<br \/>\nIzvedba Be\u017ei\u010dno<br \/>\nBe\u017ei\u010dna frekvencija 868 MHz<br \/>\nDimenzije 100 x 39 x 22 mm<br \/>\nTamper Da<br \/>\nNapajanje baterijsko 3 x CR123A 3V<br \/>\nNamjena Be\u017ei\u010dni primopredajnik<br \/>\nKompatibilne centrale AJAX HUB<br \/>\nSpajanje na alarmnu centralu Be\u017ei\u010dno<br \/>\nBroj zona &#8211; \u017ei\u010dano 1<\/p>\n","protected":false},"excerpt":{"rendered":"<p>Modul za be\u017ei\u010dno povezivanje univerzalnih be\u017ei\u010dnih detektora (Optex BX80R, AMC Soutdoor BC i sl) na AJAX protuprovalni sustav.<\/p>\n<p>Proizvo\u0111a\u010d AJAX<br \/>\nIzvedba Be\u017ei\u010dno<br \/>\nBe\u017ei\u010dna frekvencija 868 MHz<br \/>\nDimenzije 100 x 39 x 22 mm<br \/>\nTamper Da<br \/>\nNapajanje baterijsko 3 x CR123A 3V<br \/>\nNamjena Be\u017ei\u010dni primopredajnik<br \/>\nKompatibilne centrale AJAX HUB<br \/>\nSpajanje na alarmnu centralu Be\u017ei\u010dno<br \/>\nBroj zona &#8211; \u017ei\u010dano 1<\/p>\n","protected":false},"featured_media":4965,"comment_status":"open","ping_status":"closed","template":"","meta":{"_mi_skip_tracking":false,"_exactmetrics_sitenote_active":false,"_exactmetrics_sitenote_note":"","_exactmetrics_sitenote_category":0,"spay_email":""},"product_cat":[2160,4415],"product_tag":[2813],"brands":[{"id":2473,"name":"AJAX","slug":"ajax"}],"df_price":119,"df_sale_price":"","df_regular_price":119,"df_image_link":"https:\/\/i2.wp.com\/astehshop.com\/wp-content\/uploads\/2020\/11\/AJAX-Transmitter.jpg?fit=264%2C264","jetpack_publicize_connections":[],"jetpack_sharing_enabled":true,"jetpack_likes_enabled":true,"jetpack-related-posts":[{"id":4958,"url":"http:\/\/astehshop.com\/index.php\/product\/ajax-relay\/","url_meta":{"origin":4964,"position":0},"title":"AJAX Relay","date":"6. studenoga 2020.","format":false,"excerpt":"Be\u017ei\u010dni relejni izlaz , potrebno napajanje 12VDC Proizvo\u0111a\u010d AJAX Izvedba Be\u017ei\u010dno Be\u017ei\u010dna frekvencija 868 MHz Napajanje 12VDC Namjena Relejni izlaz Kompatibilne centrale AJAX HUB Spajanje na alarmnu centralu Be\u017ei\u010dno Priklju\u010dak za integraciju Relejni izlazi Broj PGM-a - \u017ei\u010dano 1","rel":"","context":"Srodne objave","img":{"alt_text":"","src":"https:\/\/i0.wp.com\/astehshop.com\/wp-content\/uploads\/2020\/11\/AJAX-Relay.png?fit=500%2C500&resize=350%2C200","width":350,"height":200},"classes":[]},{"id":4956,"url":"http:\/\/astehshop.com\/index.php\/product\/ajax-ocbridge-plus\/","url_meta":{"origin":4964,"position":1},"title":"AJAX ocBridge Plus","date":"6. studenoga 2020.","format":false,"excerpt":"Modul za integraciju sa \u017ei\u010danim sustavima drugih proizvo\u0111a\u010da Proizvo\u0111a\u010d AJAX Izvedba Be\u017ei\u010dno Be\u017ei\u010dna frekvencija 868 MHz Dimenzije 95 x 92 x 18 mm Napajanje 12VDC Namjena Me\u0111usklop Kompatibilne centrale \u017di\u010dane alarmne centrale Broj zona - be\u017ei\u010dno 100 Spajanje na alarmnu centralu Releji Broj PGM-a - \u017ei\u010dano 8 Broj daljinskih upravlja\u010da\u2026","rel":"","context":"Srodne objave","img":{"alt_text":"","src":"https:\/\/i1.wp.com\/astehshop.com\/wp-content\/uploads\/2020\/11\/AJAX-ocBridge-Plus.jpg?fit=304%2C304&resize=350%2C200","width":350,"height":200},"classes":[]},{"id":6404,"url":"http:\/\/astehshop.com\/index.php\/product\/ajax-vhf-bridge\/","url_meta":{"origin":4964,"position":2},"title":"AJAX VHF Bridge","date":"6. listopada 2022.","format":false,"excerpt":"Proizvo\u0111a\u010d AJAX Izvedba Be\u017ei\u010dna Be\u017ei\u010dna frekvencija 868 MHz Dimenzije 196 x 238 x 100 mm Tamper Da Napajanje 220 VAC Namjena Me\u0111usklop Kompatibilne centrale Ajax HUB, HUB PLUS, HUB 2. HUB 2 PLUS Spajanje na alarmnu centralu Be\u017ei\u010dno Priklju\u010dak za integraciju Relejni izlazi Broj PGM-a - \u017ei\u010dano 8","rel":"","context":"Srodne objave","img":{"alt_text":"","src":"https:\/\/i0.wp.com\/astehshop.com\/wp-content\/uploads\/2022\/10\/ajax-vhf-bridge-white.png?fit=800%2C800&resize=350%2C200","width":350,"height":200},"classes":[]},{"id":6402,"url":"http:\/\/astehshop.com\/index.php\/product\/ajax-rex-2\/","url_meta":{"origin":4964,"position":3},"title":"AJAX ReX 2","date":"6. listopada 2022.","format":false,"excerpt":"Proizvo\u0111a\u010d AJAX Izvedba Be\u017ei\u010dna Be\u017ei\u010dna frekvencija 868 MHz Tamper Da Napajanje 220 VAC Namjena Repetitor Kompatibilne centrale Ajax Hub 2, Ajax Hub 2 Plus Spajanje na alarmnu centralu Be\u017ei\u010dno \u00a0","rel":"","context":"Srodne objave","img":{"alt_text":"","src":"https:\/\/i1.wp.com\/astehshop.com\/wp-content\/uploads\/2022\/10\/AJAX-Hub2-Plus-WH-1.jpg?fit=600%2C600&resize=350%2C200","width":350,"height":200},"classes":[]},{"id":4960,"url":"http:\/\/astehshop.com\/index.php\/product\/ajax-rex-bl\/","url_meta":{"origin":4964,"position":4},"title":"AJAX ReX BL","date":"6. studenoga 2020.","format":false,"excerpt":"Be\u017ei\u010dni repeater signala za Ajax sustave, poja\u010dava signal do 2x, napajanje 220VAC, ugra\u0111ena back-up Li-Ion 2A baterija (autonomni rad na bateriji do 35 sati) Proizvo\u0111a\u010d AJAX Izvedba Be\u017ei\u010dno Be\u017ei\u010dna frekvencija 868 MHz Tamper Da Napajanje 220VAC Namjena Repetitor Kompatibilne centrale AJAX HUB Spajanje na alarmnu centralu Be\u017ei\u010dno","rel":"","context":"Srodne objave","img":{"alt_text":"","src":"https:\/\/i0.wp.com\/astehshop.com\/wp-content\/uploads\/2020\/11\/AJAX-ReX-BL.png?fit=500%2C500&resize=350%2C200","width":350,"height":200},"classes":[]},{"id":4962,"url":"http:\/\/astehshop.com\/index.php\/product\/ajax-socket-wh\/","url_meta":{"origin":4964,"position":5},"title":"AJAX Socket WH","date":"6. studenoga 2020.","format":false,"excerpt":"Uti\u010dnica (Schuko - tip F) sa be\u017ei\u010dnim upravljanjem za Ajax sustave (min 200.000 uklju\u010denja). Prenaponska, strujna i temperaturna za\u0161tita, max 11A (13A do 5 sec). Color LED signalizacija optere\u0107enja, IP20, Bijele boje. Proizvo\u0111a\u010d AJAX Izvedba Be\u017ei\u010dno Be\u017ei\u010dna frekvencija 868 MHz Napajanje 220VAC Namjena Uti\u010dnica za 220VAC potro\u0161a\u010de, Schuko-tip F Kompatibilne\u2026","rel":"","context":"Srodne objave","img":{"alt_text":"","src":"https:\/\/i2.wp.com\/astehshop.com\/wp-content\/uploads\/2020\/11\/AJAX-Socket-WH.jpg?fit=600%2C600&resize=350%2C200","width":350,"height":200},"classes":[]}],"_links":{"self":[{"href":"http:\/\/astehshop.com\/index.php\/wp-json\/wp\/v2\/product\/4964"}],"collection":[{"href":"http:\/\/astehshop.com\/index.php\/wp-json\/wp\/v2\/product"}],"about":[{"href":"http:\/\/astehshop.com\/index.php\/wp-json\/wp\/v2\/types\/product"}],"replies":[{"embeddable":true,"href":"http:\/\/astehshop.com\/index.php\/wp-json\/wp\/v2\/comments?post=4964"}],"wp:featuredmedia":[{"embeddable":true,"href":"http:\/\/astehshop.com\/index.php\/wp-json\/wp\/v2\/media\/4965"}],"wp:attachment":[{"href":"http:\/\/astehshop.com\/index.php\/wp-json\/wp\/v2\/media?parent=4964"}],"wp:term":[{"taxonomy":"product_cat","embeddable":true,"href":"http:\/\/astehshop.com\/index.php\/wp-json\/wp\/v2\/product_cat?post=4964"},{"taxonomy":"product_tag","embeddable":true,"href":"http:\/\/astehshop.com\/index.php\/wp-json\/wp\/v2\/product_tag?post=4964"}],"curies":[{"name":"wp","href":"https:\/\/api.w.org\/{rel}","templated":true}]}}