{"id":4952,"date":"2020-11-06T18:53:33","date_gmt":"2020-11-06T17:53:33","guid":{"rendered":"http:\/\/astehshop.com\/?post_type=product&#038;p=4952"},"modified":"2024-02-18T09:43:56","modified_gmt":"2024-02-18T08:43:56","slug":"ajax-motionprotect-curtain-wh","status":"publish","type":"product","link":"http:\/\/astehshop.com\/index.php\/product\/ajax-motionprotect-curtain-wh\/","title":{"rendered":"AJAX MotionProtect Curtain WH"},"content":{"rendered":"<p>Be\u017ei\u010dni detektor pokreta \u2013 zavjesa detekcije 11m@6\u00b0sa namjenjen za unutarnju ugradnju. Visina ugradnje 2.4m &#8211; bijele boje<\/p>\n<p>Proizvo\u0111a\u010d AJAX<br \/>\nTehnologija Be\u017ei\u010dna<br \/>\nBe\u017ei\u010dna frekvencija 868Mhz<br \/>\nBe\u017ei\u010dna komunikacija Dvosmjerna<br \/>\nDimenzije 134 x 44 x 36 mm<br \/>\nNapajanje Baterijsko, 1 x 3V, tipCR123A<br \/>\nUgradnja Vanjska<br \/>\nMetoda detekcije PIR \/ AM<br \/>\nMonta\u017ea Stropna \/ Zidna<br \/>\nVisina monta\u017ee 2,4m<br \/>\nPode\u0161avanje osjetljivosti Da<br \/>\nLED signalizacija Da<br \/>\nIP za\u0161tita IP54<br \/>\nRadna temperatura -25\u00b0C do +60\u00b0C<br \/>\nTamper Da<br \/>\nAntimasking funkcija Da<br \/>\nNeosjetljivost na ku\u0107ne ljubimce &lt;15kg<br \/>\nPIR element Dual<br \/>\nDomet detekcije: PIR 8 &#8211; 10m<br \/>\nKut detekcije 6\u00b0 \/ 90\u00b0<br \/>\nBroj IC zraka \/ zona detekcije 2<br \/>\nNosa\u010d u kompletu Da<br \/>\nTe\u017eina 118g<\/p>\n","protected":false},"excerpt":{"rendered":"<p>Be\u017ei\u010dni detektor pokreta \u2013 zavjesa detekcije 11m@6\u00b0sa namjenjen za unutarnju ugradnju. Visina ugradnje 2.4m &#8211; bijele boje<\/p>\n<p>Proizvo\u0111a\u010d AJAX<br \/>\nTehnologija Be\u017ei\u010dna<br \/>\nBe\u017ei\u010dna frekvencija 868Mhz<br \/>\nBe\u017ei\u010dna komunikacija Dvosmjerna<br \/>\nDimenzije 134 x 44 x 36 mm<br \/>\nNapajanje Baterijsko, 1 x 3V, tipCR123A<br \/>\nUgradnja Vanjska<br \/>\nMetoda detekcije PIR \/ AM<br \/>\nMonta\u017ea Stropna \/ Zidna<br \/>\nVisina monta\u017ee 2,4m<br \/>\nPode\u0161avanje osjetljivosti Da<br \/>\nLED signalizacija Da<br \/>\nIP za\u0161tita IP54<br \/>\nRadna temperatura -25\u00b0C do +60\u00b0C<br \/>\nTamper Da<br \/>\nAntimasking funkcija Da<br \/>\nNeosjetljivost na ku\u0107ne ljubimce &lt;15kg<br \/>\nPIR element Dual<br \/>\nDomet detekcije: PIR 8 &#8211; 10m<br \/>\nKut detekcije 6\u00b0 \/ 90\u00b0<br \/>\nBroj IC zraka \/ zona detekcije 2<br \/>\nNosa\u010d u kompletu Da<br \/>\nTe\u017eina 118g<\/p>\n","protected":false},"featured_media":4953,"comment_status":"open","ping_status":"closed","template":"","meta":{"_mi_skip_tracking":false,"_exactmetrics_sitenote_active":false,"_exactmetrics_sitenote_note":"","_exactmetrics_sitenote_category":0,"spay_email":""},"product_cat":[4415,143],"product_tag":[2804],"brands":[{"id":2473,"name":"AJAX","slug":"ajax"}],"df_price":169,"df_sale_price":"","df_regular_price":169,"df_image_link":"https:\/\/i0.wp.com\/astehshop.com\/wp-content\/uploads\/2020\/11\/AJAX-MotionProtect-Curtain-WH.png?fit=450%2C450","jetpack_publicize_connections":[],"jetpack_sharing_enabled":true,"jetpack_likes_enabled":true,"jetpack-related-posts":[{"id":4966,"url":"http:\/\/astehshop.com\/index.php\/product\/ajax-motionprotect-outdoor\/","url_meta":{"origin":4952,"position":0},"title":"AJAX MotionProtect Outdoor","date":"6. studenoga 2020.","format":false,"excerpt":"Be\u017ei\u010dni PIR detektor pokreta za vanjsku ugradnju na visini od 0,8 do 1,3 m dometa 15m@85\u00b0, sa antimasking funkcijom. Bijele boje Proizvo\u0111a\u010d AJAX Tehnologija Be\u017ei\u010dna Ugradnja Vanjska Visina monta\u017ee 0,8 - 1,2m Metoda detekcije PIR \/ AM Antimasking funkcija Da Neosjetljivost na ku\u0107ne ljubimce Da Be\u017ei\u010dna frekvencija 868Mhz Be\u017ei\u010dna komunikacija\u2026","rel":"","context":"Srodne objave","img":{"alt_text":"","src":"https:\/\/i0.wp.com\/astehshop.com\/wp-content\/uploads\/2020\/11\/AJAX-MotionProtect-Outdoor-1.jpg?fit=651%2C665&resize=350%2C200","width":350,"height":200},"classes":[]},{"id":4950,"url":"http:\/\/astehshop.com\/index.php\/product\/ajax-combiprotect\/","url_meta":{"origin":4952,"position":1},"title":"AJAX CombiProtect","date":"6. studenoga 2020.","format":false,"excerpt":"Be\u017ei\u010dni detektor pokreta dometa 12m neosjetljiv na ku\u0107ne ljubimce i loma stakla dometa 9m. Proizvo\u0111a\u010d AJAX Tehnologija Be\u017ei\u010dna Be\u017ei\u010dna frekvencija 868Mhz Be\u017ei\u010dna komunikacija Dvosmjerna Dimenzije 110 x 65 x 50 mm Stupanj sigurnosti Grade 2 Napajanje Baterijsko, 1 x 3V, tipCR123A Ugradnja Unutra\u0161nja Metoda detekcije PIR \/ GB Monta\u017ea Zidna\u2026","rel":"","context":"Srodne objave","img":{"alt_text":"","src":"https:\/\/i1.wp.com\/astehshop.com\/wp-content\/uploads\/2020\/11\/AJAX-CombiProtect-BL.jpg?fit=600%2C444&resize=350%2C200","width":350,"height":200},"classes":[]},{"id":4526,"url":"http:\/\/astehshop.com\/index.php\/product\/bezicni-detektor-pokreta-dometa-12m-bijeli-ajax-mp-wh\/","url_meta":{"origin":4952,"position":2},"title":"Be\u017ei\u010dni detektor pokreta dometa 12m Bijeli AJAX-MP-WH MotionProtect","date":"4. svibnja 2020.","format":false,"excerpt":"Model: AJAX MotionProtect WH AJAX Be\u017ei\u010dni Detektor pokreta, Be\u017ei\u010dna frekvencija 868Mhz, Dvosmjerna be\u017ei\u010dna komunikacija, Dimenzije 110 x 65 x 50mm, Stupanj sigurnosti Grade 2, Baterijsko napajanje, 1x3V, tip CR123A, Unutra\u0161nja ugradnja PIR Metoda detekcije, Zidna Monta\u017ea, Visina monta\u017ee 2,2m Pode\u0161avanje osjetljivosti putem centrale, LED signalizacija, Radna temperatura 0\u00b0C do +50\u00b0C\u2026","rel":"","context":"Srodne objave","img":{"alt_text":"","src":"https:\/\/i2.wp.com\/astehshop.com\/wp-content\/uploads\/2020\/05\/AJAX-MP-WH.jpg?fit=1200%2C650&resize=350%2C200","width":350,"height":200},"classes":[]},{"id":4522,"url":"http:\/\/astehshop.com\/index.php\/product\/bezicni-detektor-pokreta-dometa-12m-crni-ajax-cp-bl\/","url_meta":{"origin":4952,"position":3},"title":"Be\u017ei\u010dni detektor pokreta dometa 12m Crni AJAX-CP-BL CombiProtect","date":"4. svibnja 2020.","format":false,"excerpt":"Model: AJAX CombiProtect BL Be\u017ei\u010dni detektor pokreta dometa 12m neosjetljiv na ku\u0107ne ljubimce i loma stakla dometa 9m. Crne boje, Be\u017ei\u010dna frekvencija 868Mhz, Dvosmjerna be\u017ei\u010dna komunikacija, Dimenzije 110 x 65 x 50mm, Stupanj sigurnosti Grade 2, Baterijsko napajanje, 1x3V, tip CR123A, Unutra\u0161nja ugradnja PIR \/GB Metoda detekcije, Zidna Monta\u017ea, Visina\u2026","rel":"","context":"Srodne objave","img":{"alt_text":"","src":"https:\/\/i0.wp.com\/astehshop.com\/wp-content\/uploads\/2020\/05\/AJAX-CP-BL-1.png?fit=1200%2C630&resize=350%2C200","width":350,"height":200},"classes":[]},{"id":4535,"url":"http:\/\/astehshop.com\/index.php\/product\/detektor-izljeva-vode-bijele-boje-ajax-lp-wh\/","url_meta":{"origin":4952,"position":4},"title":"Detektor izljeva vode bijele boje AJAX-LP-WH LeakProtect","date":"4. svibnja 2020.","format":false,"excerpt":"Model: AJAX LeaksProtect WH Be\u017ei\u010dna tehnologija, Be\u017ei\u010dna frekvencija 868MHz, Dvosmjerna be\u017ei\u010dna komunikacija, Unutra\u0161nja ugradnja, Detekcija poplave, Metoda detekcije - otpor kruga. IP65 Za\u0161tita, LED i zvu\u010dna signalizacija, Dimenzije 60 x 60 x 14 mm, Napajanje Baterijsko 2 x AAA","rel":"","context":"Srodne objave","img":{"alt_text":"","src":"https:\/\/i1.wp.com\/astehshop.com\/wp-content\/uploads\/2020\/05\/AJAX-LP-WH.png?fit=731%2C680&resize=350%2C200","width":350,"height":200},"classes":[]},{"id":4528,"url":"http:\/\/astehshop.com\/index.php\/product\/bezicni-kombinirani-pir-i-mw-detektor-ajax-mpp-wh\/","url_meta":{"origin":4952,"position":5},"title":"Be\u017ei\u010dni kombinirani PIR i MW detektor AJAX-MPP-WH CombiProtect","date":"4. svibnja 2020.","format":false,"excerpt":"Model: AJAX MotionProtect Plus WH Be\u017ei\u010dni detektor pokreta dometa 12m neosjetljiv na ku\u0107ne ljubimce i loma stakla dometa 9m. Crne boje, Be\u017ei\u010dna frekvencija 868Mhz, Dvosmjerna be\u017ei\u010dna komunikacija, Dimenzije 110 x 65 x 50mm, Stupanj sigurnosti Grade 2, Baterijsko napajanje, 1x3V, tip CR123A, Unutra\u0161nja ugradnja PIR \/MW Metoda detekcije, Zidna Monta\u017ea,\u2026","rel":"","context":"Srodne objave","img":{"alt_text":"","src":"https:\/\/i2.wp.com\/astehshop.com\/wp-content\/uploads\/2020\/05\/AJAX-MP-WH.jpg?fit=1200%2C650&resize=350%2C200","width":350,"height":200},"classes":[]}],"_links":{"self":[{"href":"http:\/\/astehshop.com\/index.php\/wp-json\/wp\/v2\/product\/4952"}],"collection":[{"href":"http:\/\/astehshop.com\/index.php\/wp-json\/wp\/v2\/product"}],"about":[{"href":"http:\/\/astehshop.com\/index.php\/wp-json\/wp\/v2\/types\/product"}],"replies":[{"embeddable":true,"href":"http:\/\/astehshop.com\/index.php\/wp-json\/wp\/v2\/comments?post=4952"}],"wp:featuredmedia":[{"embeddable":true,"href":"http:\/\/astehshop.com\/index.php\/wp-json\/wp\/v2\/media\/4953"}],"wp:attachment":[{"href":"http:\/\/astehshop.com\/index.php\/wp-json\/wp\/v2\/media?parent=4952"}],"wp:term":[{"taxonomy":"product_cat","embeddable":true,"href":"http:\/\/astehshop.com\/index.php\/wp-json\/wp\/v2\/product_cat?post=4952"},{"taxonomy":"product_tag","embeddable":true,"href":"http:\/\/astehshop.com\/index.php\/wp-json\/wp\/v2\/product_tag?post=4952"}],"curies":[{"name":"wp","href":"https:\/\/api.w.org\/{rel}","templated":true}]}}