{"id":4941,"date":"2020-11-05T21:14:39","date_gmt":"2020-11-05T20:14:39","guid":{"rendered":"http:\/\/astehshop.com\/?post_type=product&#038;p=4941"},"modified":"2024-02-18T09:44:16","modified_gmt":"2024-02-18T08:44:16","slug":"ajax-motioncamera-bl","status":"publish","type":"product","link":"http:\/\/astehshop.com\/index.php\/product\/ajax-motioncamera-bl\/","title":{"rendered":"AJAX MotionCamera BL"},"content":{"rendered":"<p>Wireless PIR detector, 12m@85\u00b0, PET immunity up to 20kg\/50cm height. Black<\/p>\n<p>&nbsp;<\/p>\n","protected":false},"excerpt":{"rendered":"<p>Wireless PIR detector, 12m@85\u00b0, PET immunity up to 20kg\/50cm height. Black<\/p>\n<p>&nbsp;<\/p>\n","protected":false},"featured_media":4942,"comment_status":"open","ping_status":"closed","template":"","meta":{"_mi_skip_tracking":false,"_exactmetrics_sitenote_active":false,"_exactmetrics_sitenote_note":"","_exactmetrics_sitenote_category":0,"spay_email":""},"product_cat":[4415,143],"product_tag":[2793,2792],"brands":[{"id":2473,"name":"AJAX","slug":"ajax"}],"df_price":299,"df_sale_price":"","df_regular_price":299,"df_image_link":"https:\/\/i0.wp.com\/astehshop.com\/wp-content\/uploads\/2020\/11\/AJAX-MotionCamera-BL-1.png?fit=450%2C450","jetpack_publicize_connections":[],"jetpack_sharing_enabled":true,"jetpack_likes_enabled":true,"jetpack-related-posts":[{"id":4529,"url":"http:\/\/astehshop.com\/index.php\/product\/wireless-pir-detektor-dometa-12m-i-kamera-ajax-mc-wh\/","url_meta":{"origin":4941,"position":0},"title":"Wireless PIR Detektor dometa 12m i Kamera AJAX-MC-WH MotionCamera","date":"4. svibnja 2020.","format":false,"excerpt":"Model: AJAX MotionCamera WH Be\u017ei\u010dni detektor pokreta dometa 12m neosjetljiv na ku\u0107ne ljubimce i loma stakla dometa 9m. Crne boje, Be\u017ei\u010dna frekvencija 868Mhz, Dvosmjerna be\u017ei\u010dna komunikacija, Dimenzije 110 x 65 x 50mm, Stupanj sigurnosti Grade 2, Baterijsko napajanje, 1x3V, tip CR123A, Unutra\u0161nja ugradnja, PIR Metoda detekcije, Zidna Monta\u017ea, Visina monta\u017ee\u2026","rel":"","context":"Srodne objave","img":{"alt_text":"","src":"https:\/\/i0.wp.com\/astehshop.com\/wp-content\/uploads\/2020\/05\/AJAX-MC-WH.png?fit=308%2C308&resize=350%2C200","width":350,"height":200},"classes":[]},{"id":4526,"url":"http:\/\/astehshop.com\/index.php\/product\/bezicni-detektor-pokreta-dometa-12m-bijeli-ajax-mp-wh\/","url_meta":{"origin":4941,"position":1},"title":"Be\u017ei\u010dni detektor pokreta dometa 12m Bijeli AJAX-MP-WH MotionProtect","date":"4. svibnja 2020.","format":false,"excerpt":"Model: AJAX MotionProtect WH AJAX Be\u017ei\u010dni Detektor pokreta, Be\u017ei\u010dna frekvencija 868Mhz, Dvosmjerna be\u017ei\u010dna komunikacija, Dimenzije 110 x 65 x 50mm, Stupanj sigurnosti Grade 2, Baterijsko napajanje, 1x3V, tip CR123A, Unutra\u0161nja ugradnja PIR Metoda detekcije, Zidna Monta\u017ea, Visina monta\u017ee 2,2m Pode\u0161avanje osjetljivosti putem centrale, LED signalizacija, Radna temperatura 0\u00b0C do +50\u00b0C\u2026","rel":"","context":"Srodne objave","img":{"alt_text":"","src":"https:\/\/i2.wp.com\/astehshop.com\/wp-content\/uploads\/2020\/05\/AJAX-MP-WH.jpg?fit=1200%2C650&resize=350%2C200","width":350,"height":200},"classes":[]},{"id":4522,"url":"http:\/\/astehshop.com\/index.php\/product\/bezicni-detektor-pokreta-dometa-12m-crni-ajax-cp-bl\/","url_meta":{"origin":4941,"position":2},"title":"Be\u017ei\u010dni detektor pokreta dometa 12m Crni AJAX-CP-BL CombiProtect","date":"4. svibnja 2020.","format":false,"excerpt":"Model: AJAX CombiProtect BL Be\u017ei\u010dni detektor pokreta dometa 12m neosjetljiv na ku\u0107ne ljubimce i loma stakla dometa 9m. Crne boje, Be\u017ei\u010dna frekvencija 868Mhz, Dvosmjerna be\u017ei\u010dna komunikacija, Dimenzije 110 x 65 x 50mm, Stupanj sigurnosti Grade 2, Baterijsko napajanje, 1x3V, tip CR123A, Unutra\u0161nja ugradnja PIR \/GB Metoda detekcije, Zidna Monta\u017ea, Visina\u2026","rel":"","context":"Srodne objave","img":{"alt_text":"","src":"https:\/\/i0.wp.com\/astehshop.com\/wp-content\/uploads\/2020\/05\/AJAX-CP-BL-1.png?fit=1200%2C630&resize=350%2C200","width":350,"height":200},"classes":[]},{"id":4528,"url":"http:\/\/astehshop.com\/index.php\/product\/bezicni-kombinirani-pir-i-mw-detektor-ajax-mpp-wh\/","url_meta":{"origin":4941,"position":3},"title":"Be\u017ei\u010dni kombinirani PIR i MW detektor AJAX-MPP-WH CombiProtect","date":"4. svibnja 2020.","format":false,"excerpt":"Model: AJAX MotionProtect Plus WH Be\u017ei\u010dni detektor pokreta dometa 12m neosjetljiv na ku\u0107ne ljubimce i loma stakla dometa 9m. Crne boje, Be\u017ei\u010dna frekvencija 868Mhz, Dvosmjerna be\u017ei\u010dna komunikacija, Dimenzije 110 x 65 x 50mm, Stupanj sigurnosti Grade 2, Baterijsko napajanje, 1x3V, tip CR123A, Unutra\u0161nja ugradnja PIR \/MW Metoda detekcije, Zidna Monta\u017ea,\u2026","rel":"","context":"Srodne objave","img":{"alt_text":"","src":"https:\/\/i2.wp.com\/astehshop.com\/wp-content\/uploads\/2020\/05\/AJAX-MP-WH.jpg?fit=1200%2C650&resize=350%2C200","width":350,"height":200},"classes":[]},{"id":4038,"url":"http:\/\/astehshop.com\/index.php\/product\/bezicni-unutarnji-detektor-pokreta-model-nv75mr\/","url_meta":{"origin":4941,"position":4},"title":"BE\u017dI\u010cNI UNUTARNJI DETEKTOR POKRETA MODEL NV75MR","date":"19. velja\u010de 2020.","format":false,"excerpt":"MODEL: NV75MR WIRELESS INDOOR DUAL MIRONEL OPTICS W\/ANTI-MASK PET IMMUNITY DUAL DETECTOR FREKVENCIJA: 433Mhz ; 868Mhz","rel":"","context":"Srodne objave","img":{"alt_text":"","src":"https:\/\/i1.wp.com\/astehshop.com\/wp-content\/uploads\/2020\/02\/NV75M.jpg?fit=922%2C938&resize=350%2C200","width":350,"height":200},"classes":[]},{"id":4950,"url":"http:\/\/astehshop.com\/index.php\/product\/ajax-combiprotect\/","url_meta":{"origin":4941,"position":5},"title":"AJAX CombiProtect","date":"6. studenoga 2020.","format":false,"excerpt":"Be\u017ei\u010dni detektor pokreta dometa 12m neosjetljiv na ku\u0107ne ljubimce i loma stakla dometa 9m. Proizvo\u0111a\u010d AJAX Tehnologija Be\u017ei\u010dna Be\u017ei\u010dna frekvencija 868Mhz Be\u017ei\u010dna komunikacija Dvosmjerna Dimenzije 110 x 65 x 50 mm Stupanj sigurnosti Grade 2 Napajanje Baterijsko, 1 x 3V, tipCR123A Ugradnja Unutra\u0161nja Metoda detekcije PIR \/ GB Monta\u017ea Zidna\u2026","rel":"","context":"Srodne objave","img":{"alt_text":"","src":"https:\/\/i1.wp.com\/astehshop.com\/wp-content\/uploads\/2020\/11\/AJAX-CombiProtect-BL.jpg?fit=600%2C444&resize=350%2C200","width":350,"height":200},"classes":[]}],"_links":{"self":[{"href":"http:\/\/astehshop.com\/index.php\/wp-json\/wp\/v2\/product\/4941"}],"collection":[{"href":"http:\/\/astehshop.com\/index.php\/wp-json\/wp\/v2\/product"}],"about":[{"href":"http:\/\/astehshop.com\/index.php\/wp-json\/wp\/v2\/types\/product"}],"replies":[{"embeddable":true,"href":"http:\/\/astehshop.com\/index.php\/wp-json\/wp\/v2\/comments?post=4941"}],"wp:featuredmedia":[{"embeddable":true,"href":"http:\/\/astehshop.com\/index.php\/wp-json\/wp\/v2\/media\/4942"}],"wp:attachment":[{"href":"http:\/\/astehshop.com\/index.php\/wp-json\/wp\/v2\/media?parent=4941"}],"wp:term":[{"taxonomy":"product_cat","embeddable":true,"href":"http:\/\/astehshop.com\/index.php\/wp-json\/wp\/v2\/product_cat?post=4941"},{"taxonomy":"product_tag","embeddable":true,"href":"http:\/\/astehshop.com\/index.php\/wp-json\/wp\/v2\/product_tag?post=4941"}],"curies":[{"name":"wp","href":"https:\/\/api.w.org\/{rel}","templated":true}]}}