{"id":4726,"date":"2020-09-26T16:26:45","date_gmt":"2020-09-26T14:26:45","guid":{"rendered":"http:\/\/astehshop.com\/?post_type=product&#038;p=4726"},"modified":"2020-09-26T16:26:46","modified_gmt":"2020-09-26T14:26:46","slug":"napajanje-adapter-12v-5a-za-video-nadzor-kamere","status":"publish","type":"product","link":"http:\/\/astehshop.com\/index.php\/product\/napajanje-adapter-12v-5a-za-video-nadzor-kamere\/","title":{"rendered":"Napajanje adapter 12V 5A za video nadzor kamere"},"content":{"rendered":"<p>Napajanje adapter 12V 5A za video nadzor kamere<\/p>\n","protected":false},"excerpt":{"rendered":"<p>Napajanje adapter 12V 5A za video nadzor kamere<\/p>\n","protected":false},"featured_media":4727,"comment_status":"open","ping_status":"closed","template":"","meta":{"_mi_skip_tracking":false,"_exactmetrics_sitenote_active":false,"_exactmetrics_sitenote_note":"","_exactmetrics_sitenote_category":0,"spay_email":""},"product_cat":[137],"product_tag":[2619,750],"brands":[],"df_price":28,"df_sale_price":"","df_regular_price":28,"df_image_link":"https:\/\/i1.wp.com\/astehshop.com\/wp-content\/uploads\/2020\/09\/12v-4a-1.png?fit=450%2C450","jetpack_publicize_connections":[],"jetpack_sharing_enabled":true,"jetpack_likes_enabled":true,"jetpack-related-posts":[{"id":4723,"url":"http:\/\/astehshop.com\/index.php\/product\/napajanje-adapter-12v-2a-za-video-nadzor-kamere\/","url_meta":{"origin":4726,"position":0},"title":"Napajanje adapter 12V 2A za video nadzor kamere","date":"26. rujna 2020.","format":false,"excerpt":"Napajanje adapter 12V 2A za video nadzor kamere","rel":"","context":"Srodne objave","img":{"alt_text":"","src":"https:\/\/i2.wp.com\/astehshop.com\/wp-content\/uploads\/2020\/09\/12V-1A.png?fit=800%2C800&resize=350%2C200","width":350,"height":200},"classes":[]},{"id":4721,"url":"http:\/\/astehshop.com\/index.php\/product\/napajanje-adapter-12v-1a-za-video-nadzor-kamere\/","url_meta":{"origin":4726,"position":1},"title":"Napajanje adapter 12V 1A za video nadzor kamere","date":"26. rujna 2020.","format":false,"excerpt":"Napajanje adapter 12V 1A za video nadzor kamere","rel":"","context":"Srodne objave","img":{"alt_text":"","src":"https:\/\/i2.wp.com\/astehshop.com\/wp-content\/uploads\/2020\/09\/12V-1A.png?fit=800%2C800&resize=350%2C200","width":350,"height":200},"classes":[]},{"id":4724,"url":"http:\/\/astehshop.com\/index.php\/product\/napajanje-adapter-12v-4a-za-video-nadzor-kamere\/","url_meta":{"origin":4726,"position":2},"title":"Napajanje adapter 12V 4A za video nadzor kamere","date":"26. rujna 2020.","format":false,"excerpt":"Napajanje adapter 12V 4A za video nadzor kamere","rel":"","context":"Srodne objave","img":{"alt_text":"","src":"https:\/\/i1.wp.com\/astehshop.com\/wp-content\/uploads\/2020\/09\/12v-4a.png?fit=800%2C800&resize=350%2C200","width":350,"height":200},"classes":[]},{"id":9190,"url":"http:\/\/astehshop.com\/index.php\/product\/dahua-adapter-napajanje-12v-2a-pfm320-020en-original\/","url_meta":{"origin":4726,"position":3},"title":"Dahua adapter napajanje 12V 2A pfm320-020en &#8211; original","date":"14. o\u017eujka 2024.","format":false,"excerpt":"Dahua adapter napajanje 12V 2A pfm320-020en - original","rel":"","context":"Srodne objave","img":{"alt_text":"","src":"https:\/\/i0.wp.com\/astehshop.com\/wp-content\/uploads\/2024\/03\/dahua-adapter.png?fit=598%2C502&resize=350%2C200","width":350,"height":200},"classes":[]},{"id":3266,"url":"http:\/\/astehshop.com\/index.php\/product\/video-nadzor-set-4-kamere-13-mpx\/","url_meta":{"origin":4726,"position":4},"title":"Video nadzor set 4 kamere 1,3 MPX","date":"24. velja\u010de 2019.","format":false,"excerpt":"BROJ VIDEO-BNC ULAZA: 4 BROJ KAMERA U PAKIRANJU: 4 NA\u010cIN POVEZIVANJA: kablovima sa snima\u010dem REZOLUCIJA SNIMANJA: 1,3MPx NA\u010cIN SNIMANJA: Schedueled, MOTION DETECT i Manual LAN: GigaEthernet, RJ-45 HDD: podr\u017ean do 1x sata 6TB MAX HDMI: DA VGA: DA AUDIO IZLAZ: DA BROJ USB PORTOVA: 2X DODATNA OPREMA: Nosa\u010di za kamere,\u2026","rel":"","context":"Srodne objave","img":{"alt_text":"A6004NR","src":"https:\/\/i0.wp.com\/astehshop.com\/wp-content\/uploads\/2019\/02\/set-kamera-1-3-mpx-164-km.jpg?fit=1200%2C800&resize=350%2C200","width":350,"height":200},"classes":[]},{"id":4728,"url":"http:\/\/astehshop.com\/index.php\/product\/metalna-kutija-sa-napajanjem-12v-5a-video-nadzor\/","url_meta":{"origin":4726,"position":5},"title":"Metalna kutija sa napajanjem 12V 5A video nadzor","date":"26. rujna 2020.","format":false,"excerpt":"Metalna kutija sa napajanjem 12V 5A","rel":"","context":"Srodne objave","img":{"alt_text":"","src":"https:\/\/i0.wp.com\/astehshop.com\/wp-content\/uploads\/2020\/09\/Metalna-kutija-sa-napajanjem-12V-5A.png?fit=800%2C800&resize=350%2C200","width":350,"height":200},"classes":[]}],"_links":{"self":[{"href":"http:\/\/astehshop.com\/index.php\/wp-json\/wp\/v2\/product\/4726"}],"collection":[{"href":"http:\/\/astehshop.com\/index.php\/wp-json\/wp\/v2\/product"}],"about":[{"href":"http:\/\/astehshop.com\/index.php\/wp-json\/wp\/v2\/types\/product"}],"replies":[{"embeddable":true,"href":"http:\/\/astehshop.com\/index.php\/wp-json\/wp\/v2\/comments?post=4726"}],"wp:featuredmedia":[{"embeddable":true,"href":"http:\/\/astehshop.com\/index.php\/wp-json\/wp\/v2\/media\/4727"}],"wp:attachment":[{"href":"http:\/\/astehshop.com\/index.php\/wp-json\/wp\/v2\/media?parent=4726"}],"wp:term":[{"taxonomy":"product_cat","embeddable":true,"href":"http:\/\/astehshop.com\/index.php\/wp-json\/wp\/v2\/product_cat?post=4726"},{"taxonomy":"product_tag","embeddable":true,"href":"http:\/\/astehshop.com\/index.php\/wp-json\/wp\/v2\/product_tag?post=4726"}],"curies":[{"name":"wp","href":"https:\/\/api.w.org\/{rel}","templated":true}]}}