{"id":4681,"date":"2020-09-20T09:19:10","date_gmt":"2020-09-20T07:19:10","guid":{"rendered":"http:\/\/astehshop.com\/?post_type=product&#038;p=4681"},"modified":"2022-11-19T14:27:04","modified_gmt":"2022-11-19T13:27:04","slug":"ip-snimac-16ch-h-265-h-264-100mb-4k-nvr3616db","status":"publish","type":"product","link":"http:\/\/astehshop.com\/index.php\/product\/ip-snimac-16ch-h-265-h-264-100mb-4k-nvr3616db\/","title":{"rendered":"IP Snima\u010d 16ch H.265\/H.264 100mb 4K NVR3616DB"},"content":{"rendered":"<p>NVR3616DB<\/p>\n<div id=\"product-description-short-53\">\n<p>NVR3616DB<\/p>\n<p>16CH H.265\/H.264 NVR 4K<\/p>\n<p>\u2022 Third-party Network Cameras Supported<\/p>\n<p>\u2022 Recording Resolution: 4K\/5M\/4M\/3M\/1080P\/960P\/720p, etc (All Real Time)<\/p>\n<p>\u2022 IP Camera Input: 16CH (3840\u00d72160, 2592&#215;1944, 2048&#215;1536,<\/p>\n<p>1920\u00d71080, 1280\u00d7960, 1280\u00d7720, etc)<\/p>\n<p>\u2022 Up to 4K Resolution Recording and Playback<\/p>\n<p>\u2022 Backup: 1xUSB2.0 &amp; 1xUSB3.0<\/p>\n<p>\u2022 HD and VGA Output,HD Port up to 4K (3840 \u00d7 2160)<\/p>\n<p>\u2022 Support H.265\/H.264 Video Format<\/p>\n<p>\u2022 2 SATA Hard Disk Interface (3.5&#8243; SATA, Up to 16TB)<\/p>\n<p>\u2022 Static IP, P2P, Support IE and Special CMS<\/p>\n<\/div>\n","protected":false},"excerpt":{"rendered":"<div id=\"product-description-short-53\">\n<p>NVR3616DB<\/p>\n<p>16CH H.265\/H.264 NVR 4K<\/p>\n<p>\u2022 Third-party Network Cameras Supported<\/p>\n<p>\u2022 Recording Resolution: 4K\/5M\/4M\/3M\/1080P\/960P\/720p, etc (All Real Time)<\/p>\n<p>\u2022 IP Camera Input: 16CH (3840\u00d72160, 2592&#215;1944, 2048&#215;1536,<\/p>\n<p>1920\u00d71080, 1280\u00d7960, 1280\u00d7720, etc)<\/p>\n<p>\u2022 Up to 4K Resolution Recording and Playback<\/p>\n<p>\u2022 Backup: 1xUSB2.0 &amp; 1xUSB3.0<\/p>\n<p>\u2022 HD and VGA Output,HD Port up to 4K (3840 \u00d7 2160)<\/p>\n<p>\u2022 Support H.265\/H.264 Video Format<\/p>\n<p>\u2022 2 SATA Hard Disk Interface (3.5&#8243; SATA, Up to 16TB)<\/p>\n<p>\u2022 Static IP, P2P, Support IE and Special CMS<\/p>\n<\/div>\n","protected":false},"featured_media":4679,"comment_status":"open","ping_status":"closed","template":"","meta":{"_mi_skip_tracking":false,"_exactmetrics_sitenote_active":false,"_exactmetrics_sitenote_note":"","_exactmetrics_sitenote_category":0,"spay_email":""},"product_cat":[1558,4415],"product_tag":[2578],"brands":[{"id":2220,"name":"Longse","slug":"longse"}],"df_price":"","df_sale_price":"","df_regular_price":"","df_image_link":"https:\/\/i2.wp.com\/astehshop.com\/wp-content\/uploads\/2020\/09\/NVR3608DP.jpg?fit=450%2C328","jetpack_publicize_connections":[],"jetpack_sharing_enabled":true,"jetpack_likes_enabled":true,"jetpack-related-posts":[{"id":4682,"url":"http:\/\/astehshop.com\/index.php\/product\/ip-snimac-36ch-h-265-h-264-300mb-4k-nvr3636db\/","url_meta":{"origin":4681,"position":0},"title":"IP Snima\u010d 36ch H.265\/H.264 300MB 4K NVR3636DB","date":"20. rujna 2020.","format":false,"excerpt":"NVR3636DB 36CH H.265 NVR 3000P 4K 300Mb \u2022 ARM Cortex A17 Quad-core Processor \u2022 IP Camera Input: 36CH (4000x3000, 3840\u00d72160, 2592x1944, 2048x1536, 1920\u00d71080, 1280\u00d7960, 1280\u00d7720, etc) \u2022 HD Output\/VGA Output: 4K (3840\u00d72160) \/ 1920\u00d71080\/1280\u00d71024\/1280\u00d7720 \u2022 Third-party Network Cameras Supported \u2022 Recording Resolution: 4K\/5M\/4M\/3M\/1080P\/960P\/720p, etc (All Real Time) \u2022 Up to\u2026","rel":"","context":"Srodne objave","img":{"alt_text":"","src":"https:\/\/i2.wp.com\/astehshop.com\/wp-content\/uploads\/2020\/09\/NVR3608DP.jpg?fit=480%2C350&resize=350%2C200","width":350,"height":200},"classes":[]},{"id":4684,"url":"http:\/\/astehshop.com\/index.php\/product\/ip-snimac-25ch-h-265-h-264-120mb-4k-nvr3625db\/","url_meta":{"origin":4681,"position":1},"title":"IP Snima\u010d 25CH H.265\/H.264 120MB 4K NVR3625DB","date":"20. rujna 2020.","format":false,"excerpt":"NVR3625DB 25CH H.265 NVR 3000P 4K 120Mb \u2022 ARM Cortex A7 Processor \u2022 IP Camera Input: 25CH Resolution:4K (3840 \u00d7 2160)\/30Hz, 1920 \u00d7 1080\/60Hz, 1280 \u00d7 1024\/60Hz, 1280 \u00d7 720\/60Hz, 1024 \u00d7 768\/60Hz \u2022 HD Output\/VGA Output: 4K (3840\u00d72160) \/ 1920\u00d71080\/1280\u00d71024\/1280\u00d7720 \u2022 Third-party Network Cameras Supported \u2022 Recording Resolution: 4K\/5M\/4M\/3M\/1080P\/960P\/720p,\u2026","rel":"","context":"Srodne objave","img":{"alt_text":"","src":"https:\/\/i2.wp.com\/astehshop.com\/wp-content\/uploads\/2020\/09\/NVR3608DP.jpg?fit=480%2C350&resize=350%2C200","width":350,"height":200},"classes":[]},{"id":4685,"url":"http:\/\/astehshop.com\/index.php\/product\/ip-snimac-25ch-16ch-poe-h-265-h-264-4k-nvr3616hp\/","url_meta":{"origin":4681,"position":2},"title":"IP Snima\u010d 25CH \/ 16CH PoE H.265\/H.264 4K NVR3616HP","date":"20. rujna 2020.","format":false,"excerpt":"NVR3616HP 16CH H.265+ POE NVR 4K 120MB \u2022 ARM Cortex A7 Processor \u2022 Resolution: 4k (4096\u00d72160), 5MP(2592\u00d71944), 4MP (2688\u00d71520\/2560\u00d71440), 3MP(2048\u00d71536), 1080P(1920\u00d71080), 960P (1280x960), 720P (1280\u00d7720), D1 (720\u00d7576\/720\u00d7480) \u2022 Video input: 25CH (4096\u00d72160, 2592x1944, 2048x1536, 1920\u00d71080, 1280\u00d7960, 1280\u00d7720, etc) \u2022 Support H.265+\/H.265\/H.264+\/H.264 Video Format \u2022 Recording Resolution: 4K\/5M\/4M\/3M\/1080P\/960P\/720p, etc (All Real\u2026","rel":"","context":"Srodne objave","img":{"alt_text":"","src":"https:\/\/i2.wp.com\/astehshop.com\/wp-content\/uploads\/2020\/09\/NVR3608DP.jpg?fit=480%2C350&resize=350%2C200","width":350,"height":200},"classes":[]},{"id":4680,"url":"http:\/\/astehshop.com\/index.php\/product\/ip-snimac-9ch-h-265-h-264-4k-lite-nvr3609d\/","url_meta":{"origin":4681,"position":3},"title":"IP Snima\u010d 9ch H.265\/H.264 4K Lite NVR3609D","date":"20. rujna 2020.","format":false,"excerpt":"NVR3609D 9CH H.265\/H.264 NVR\u00a04K Lite \u2022 Third-party Network Cameras Supported \u2022 IP Camera Input: 9CH (2592x1944, 2048x1536, 1920\u00d71080, 1280\u00d7960, 1280\u00d7720, etc) \u2022 Recording Resolution: 5M\/4M\/3M\/1080P\/960P\/720p, etc (All Real Time) \u2022 Audio Output: 1CH 3.5mm Headphone Socket \u2022 Up to 5MP Resolution Recording and Playback \u2022 HD and VGA Output,HD Port\u2026","rel":"","context":"Srodne objave","img":{"alt_text":"","src":"https:\/\/i2.wp.com\/astehshop.com\/wp-content\/uploads\/2020\/09\/NVR3608DP.jpg?fit=480%2C350&resize=350%2C200","width":350,"height":200},"classes":[]},{"id":4678,"url":"http:\/\/astehshop.com\/index.php\/product\/ip-snimac-8ch-poe-4k-lite-h-265-h-264-nvr3608dp\/","url_meta":{"origin":4681,"position":4},"title":"IP Snima\u010d 8ch POE 4K Lite H.265\/H.264 NVR3608DP","date":"20. rujna 2020.","format":false,"excerpt":"NVR3608DP 8CH H.265 POE NVR \u2022 Third-party Network Cameras Supported \u2022 Input 9CH (2592x1944, 2048x1536, 1920\u00d71080, 1280\u00d7960, 1280\u00d7720, etc) \u2022 Recording Resolution: 5M\/4M\/3M\/1080P\/960P\/720p, etc (All Real Time) \u2022 Output 1 VGA, 1 HD Audio Output: 1CH 3.5mm Headphone Socket \u2022 Up to 5MP Resolution Recording and Playback \u2022 HD and\u2026","rel":"","context":"Srodne objave","img":{"alt_text":"","src":"https:\/\/i2.wp.com\/astehshop.com\/wp-content\/uploads\/2020\/09\/NVR3608DP.jpg?fit=480%2C350&resize=350%2C200","width":350,"height":200},"classes":[]},{"id":8856,"url":"http:\/\/astehshop.com\/index.php\/product\/longse-ip-snimac-25ch-16ch-poe-120mb-4k-nvr3616cdbp\/","url_meta":{"origin":4681,"position":5},"title":"Longse IP SNIMA\u010c 25CH \/ 16CH POE 120MB 4K NVR3616CDBP","date":"11. sije\u010dnja 2024.","format":false,"excerpt":"\u0160ifra: NVR3616CDBP 25 kanala od toga 16kanala POE \u2022 Third-party Network Cameras Supported \u2022 Up to 4K Resolution Recording and Playback \u2022 HD and VGA Output,HD Port up to 4K (3840*2160) \u2022 H.265+\/H.265\/H.264+\/H.264 Video Format \u2022 Support 1 SATA up to 8TB Capacity \u2022 Support 16 Independent PoE Network Interfaces\u2026","rel":"","context":"Srodne objave","img":{"alt_text":"","src":"https:\/\/i2.wp.com\/astehshop.com\/wp-content\/uploads\/2024\/01\/NVR3016D1.jpg?fit=510%2C348&resize=350%2C200","width":350,"height":200},"classes":[]}],"_links":{"self":[{"href":"http:\/\/astehshop.com\/index.php\/wp-json\/wp\/v2\/product\/4681"}],"collection":[{"href":"http:\/\/astehshop.com\/index.php\/wp-json\/wp\/v2\/product"}],"about":[{"href":"http:\/\/astehshop.com\/index.php\/wp-json\/wp\/v2\/types\/product"}],"replies":[{"embeddable":true,"href":"http:\/\/astehshop.com\/index.php\/wp-json\/wp\/v2\/comments?post=4681"}],"wp:featuredmedia":[{"embeddable":true,"href":"http:\/\/astehshop.com\/index.php\/wp-json\/wp\/v2\/media\/4679"}],"wp:attachment":[{"href":"http:\/\/astehshop.com\/index.php\/wp-json\/wp\/v2\/media?parent=4681"}],"wp:term":[{"taxonomy":"product_cat","embeddable":true,"href":"http:\/\/astehshop.com\/index.php\/wp-json\/wp\/v2\/product_cat?post=4681"},{"taxonomy":"product_tag","embeddable":true,"href":"http:\/\/astehshop.com\/index.php\/wp-json\/wp\/v2\/product_tag?post=4681"}],"curies":[{"name":"wp","href":"https:\/\/api.w.org\/{rel}","templated":true}]}}