{"id":4546,"date":"2020-05-04T21:24:14","date_gmt":"2020-05-04T19:24:14","guid":{"rendered":"http:\/\/astehshop.com\/?post_type=product&#038;p=4546"},"modified":"2024-02-18T09:36:16","modified_gmt":"2024-02-18T08:36:16","slug":"bezicni-daljinski-upravljac-crni-ajax-sc-bl","status":"publish","type":"product","link":"http:\/\/astehshop.com\/index.php\/product\/bezicni-daljinski-upravljac-crni-ajax-sc-bl\/","title":{"rendered":"Be\u017ei\u010dni daljinski upravlja\u010d crni AJAX-SC-BL SpaceControl"},"content":{"rendered":"<p>Model: AJAX SpaceControl BL<br \/>\nBe\u017ei\u010dna Tehnologija, Dvosmjerna be\u017ei\u010dna komunikacija, Na\u010din prikaza LED, Napajanje Baterijsko, 1 x 3V tipCR-2032, Broj podr\u017eanih particija 1, Broj zasebnih alarmnih tipki 4, Dimenzije 65 x 37 x 10<br \/>\nmm, Te\u017eina 15g<\/p>\n","protected":false},"excerpt":{"rendered":"<p>Model: AJAX SpaceControl BL<br \/>\nBe\u017ei\u010dna Tehnologija, Dvosmjerna be\u017ei\u010dna komunikacija, Na\u010din prikaza LED, Napajanje Baterijsko, 1 x 3V tipCR-2032, Broj podr\u017eanih particija 1, Broj zasebnih alarmnih tipki 4, Dimenzije 65 x 37 x 10<br \/>\nmm, Te\u017eina 15g<\/p>\n","protected":false},"featured_media":4547,"comment_status":"open","ping_status":"closed","template":"","meta":{"_mi_skip_tracking":false,"_exactmetrics_sitenote_active":false,"_exactmetrics_sitenote_note":"","_exactmetrics_sitenote_category":0,"spay_email":""},"product_cat":[258,4415],"product_tag":[2508,2509],"brands":[{"id":2473,"name":"AJAX","slug":"ajax"}],"df_price":68,"df_sale_price":"","df_regular_price":68,"df_image_link":"https:\/\/i0.wp.com\/astehshop.com\/wp-content\/uploads\/2020\/05\/AJAX-SC-BL-1.jpg?fit=450%2C244","jetpack_publicize_connections":[],"jetpack_sharing_enabled":true,"jetpack_likes_enabled":true,"jetpack-related-posts":[{"id":4544,"url":"http:\/\/astehshop.com\/index.php\/product\/bezicna-touchsense-tastatura-crne-boje-ajax-keypad-bl\/","url_meta":{"origin":4546,"position":0},"title":"Be\u017ei\u010dna touchsense tastatura crne boje AJAX KEYPAD BL","date":"4. svibnja 2020.","format":false,"excerpt":"Model: AJAX Keypad BL Be\u017ei\u010dna touchsense tastatura, omogu\u0107eno uklju\u010divanje sistema, djelomi\u010dno uklju\u010denje sistema, isklju\u010denje sistemaa i panik dojava. LED signalizacija. Crne boje, Be\u017ei\u010dna frekvencija 868 MHz, Be\u017ei\u010dna dvosmjerna komunikacija, Na\u010din prikaza Touchsense LED, Napajanje Baterijsko 4 x AAA, Dimenzije 150 x 102,5 x 13,2 mm, Ugra\u0111en tamper, Te\u017eina 160gr","rel":"","context":"Srodne objave","img":{"alt_text":"","src":"https:\/\/i2.wp.com\/astehshop.com\/wp-content\/uploads\/2020\/05\/AJAX-KEYPAD-BL.jpg?fit=1200%2C650&resize=350%2C200","width":350,"height":200},"classes":[]},{"id":6396,"url":"http:\/\/astehshop.com\/index.php\/product\/ajax-doorprotect-bl\/","url_meta":{"origin":4546,"position":1},"title":"AJAX DoorProtect BL","date":"6. listopada 2022.","format":false,"excerpt":"Proizvo\u0111a\u010d AJAX Tehnologija Be\u017ei\u010dna Be\u017ei\u010dna frekvencija 868 MHz Be\u017ei\u010dna komunikacija Dvosmjerna Dimenzije \u00d820 x 90 mm Stupanj sigurnosti Grade 2 Napajanje Baterijsko 1 x 3V, tip CR123A Ugradnja Unutra\u0161nja Detekcija Otvaranje - Zatvaranje Metoda detekcije 1 x REED \/ 1 x AUX Monta\u017ea Nadgradni Domet detekcije 20 mm LED signalizacija\u2026","rel":"","context":"Srodne objave","img":{"alt_text":"","src":"https:\/\/i2.wp.com\/astehshop.com\/wp-content\/uploads\/2022\/10\/magnetic-detector-and-wireless-vibration-detector-ajax-doorprotect-plus-black.jpg?fit=1050%2C1200&resize=350%2C200","width":350,"height":200},"classes":[]},{"id":6400,"url":"http:\/\/astehshop.com\/index.php\/product\/ajax-doublebutton\/","url_meta":{"origin":4546,"position":2},"title":"AJAX DoubleButton","date":"6. listopada 2022.","format":false,"excerpt":"roizvo\u0111a\u010d AJAX Tehnologija Be\u017ei\u010dna Be\u017ei\u010dna frekvencija 868 MHz Be\u017ei\u010dna komunikacija Dvosmjerna Dimenzije 47 x 35 x 13 mm Napajanje baterijsko 1 x 3V, tip CR2032 Ugradnja Unutra\u0161nja Detekcija Hitnosti Metoda detekcije Tipka Monta\u017ea privjesak ili nadgradni LED signalizacija Da Te\u017eina 16 g Tip \/ ku\u0107i\u0161te Plasti\u010dno \u00a0","rel":"","context":"Srodne objave","img":{"alt_text":"","src":"","width":0,"height":0},"classes":[]},{"id":6398,"url":"http:\/\/astehshop.com\/index.php\/product\/ajax-doorprotectplus-bl-ili-wh-bijeli-i-crni\/","url_meta":{"origin":4546,"position":3},"title":"AJAX DoorProtectPlus BL ili WH ( bijeli i crni )","date":"6. listopada 2022.","format":false,"excerpt":"Proizvo\u0111a\u010d AJAX Tehnologija Be\u017ei\u010dna Be\u017ei\u010dna frekvencija 868 MHz Be\u017ei\u010dna komunikacija Dvosmjerna Dimenzije \u00d820 x 90 mm Stupanj sigurnosti Grade 2 Napajanje Baterijsko 1 x 3V, tip CR123A Ugradnja Unutra\u0161nja Detekcija Vibracija \/ Otvaranje - Zatvaranje Metoda detekcije detektor vibracija \/ Reed Monta\u017ea Nadgradni Domet detekcije 20 mm LED signalizacija DA\u2026","rel":"","context":"Srodne objave","img":{"alt_text":"","src":"https:\/\/i1.wp.com\/astehshop.com\/wp-content\/uploads\/2022\/10\/magnetic-detector-and-wireless-vibration-detector-ajax-doorprotect-plus-black-1.jpg?fit=1050%2C1200&resize=350%2C200","width":350,"height":200},"classes":[]},{"id":4954,"url":"http:\/\/astehshop.com\/index.php\/product\/ajax-button\/","url_meta":{"origin":4546,"position":4},"title":"AJAX Button","date":"6. studenoga 2020.","format":false,"excerpt":"Wireless panic button - black \u00a0 Proizvo\u0111a\u010d AJAX Tehnologija Be\u017ei\u010dni Be\u017ei\u010dna frekvencija 868 MHz Be\u017ei\u010dna komunikacija Dvosmjerna Dimenzije 47 x 35 x 13 mm Napajanje baterijsko 1 x 3V, tip CR2032 Ugradnja Unutra\u0161nja Detekcija Hitnosti Metoda detekcije Tipka Monta\u017ea privjesak ili nadgradni LED signalizacija Da Te\u017eina 16 g Tip \/\u2026","rel":"","context":"Srodne objave","img":{"alt_text":"","src":"https:\/\/i1.wp.com\/astehshop.com\/wp-content\/uploads\/2020\/11\/ajax-button.png?fit=900%2C900&resize=350%2C200","width":350,"height":200},"classes":[]},{"id":4535,"url":"http:\/\/astehshop.com\/index.php\/product\/detektor-izljeva-vode-bijele-boje-ajax-lp-wh\/","url_meta":{"origin":4546,"position":5},"title":"Detektor izljeva vode bijele boje AJAX-LP-WH LeakProtect","date":"4. svibnja 2020.","format":false,"excerpt":"Model: AJAX LeaksProtect WH Be\u017ei\u010dna tehnologija, Be\u017ei\u010dna frekvencija 868MHz, Dvosmjerna be\u017ei\u010dna komunikacija, Unutra\u0161nja ugradnja, Detekcija poplave, Metoda detekcije - otpor kruga. IP65 Za\u0161tita, LED i zvu\u010dna signalizacija, Dimenzije 60 x 60 x 14 mm, Napajanje Baterijsko 2 x AAA","rel":"","context":"Srodne objave","img":{"alt_text":"","src":"https:\/\/i1.wp.com\/astehshop.com\/wp-content\/uploads\/2020\/05\/AJAX-LP-WH.png?fit=731%2C680&resize=350%2C200","width":350,"height":200},"classes":[]}],"_links":{"self":[{"href":"http:\/\/astehshop.com\/index.php\/wp-json\/wp\/v2\/product\/4546"}],"collection":[{"href":"http:\/\/astehshop.com\/index.php\/wp-json\/wp\/v2\/product"}],"about":[{"href":"http:\/\/astehshop.com\/index.php\/wp-json\/wp\/v2\/types\/product"}],"replies":[{"embeddable":true,"href":"http:\/\/astehshop.com\/index.php\/wp-json\/wp\/v2\/comments?post=4546"}],"wp:featuredmedia":[{"embeddable":true,"href":"http:\/\/astehshop.com\/index.php\/wp-json\/wp\/v2\/media\/4547"}],"wp:attachment":[{"href":"http:\/\/astehshop.com\/index.php\/wp-json\/wp\/v2\/media?parent=4546"}],"wp:term":[{"taxonomy":"product_cat","embeddable":true,"href":"http:\/\/astehshop.com\/index.php\/wp-json\/wp\/v2\/product_cat?post=4546"},{"taxonomy":"product_tag","embeddable":true,"href":"http:\/\/astehshop.com\/index.php\/wp-json\/wp\/v2\/product_tag?post=4546"}],"curies":[{"name":"wp","href":"https:\/\/api.w.org\/{rel}","templated":true}]}}