{"id":4539,"date":"2020-05-04T21:00:13","date_gmt":"2020-05-04T19:00:13","guid":{"rendered":"http:\/\/astehshop.com\/?post_type=product&#038;p=4539"},"modified":"2024-02-18T09:36:55","modified_gmt":"2024-02-18T08:36:55","slug":"bezicna-vanjska-sirena-bijele-boje-85-113db-ajax-ss-wh","status":"publish","type":"product","link":"http:\/\/astehshop.com\/index.php\/product\/bezicna-vanjska-sirena-bijele-boje-85-113db-ajax-ss-wh\/","title":{"rendered":"Be\u017ei\u010dna vanjska sirena bijele boje 85-113dB AJAX-SS-WH StreetSiren"},"content":{"rendered":"<p>Model: AJAX StreetSiren WH<br \/>\nBe\u017ei\u010dna vanjska sirena podesive glasno\u0107e od 81 do 105 dB@1m sa LED signalizacijom. Crne boje, Be\u017ei\u010dna frekvencija 868 MHz, Be\u017ei\u010dna dvosmjerna komunikacija, Baterijsko napajanje 4 x CR123A<br \/>\n(opcija 12VDC), Unutra\u0161nja ugradnja, Ugra\u0111en tamper, LED bljeskalica, Isklju\u010denje zvu\u010dne signalizacije pra\u0107enjem alarmnog izlaza, Be\u017ei\u010dni Aktivacijski signal, Stupanj za\u0161tite Grade 2, za\u0161tita IP54,<br \/>\nRadna temperatura od od -25\u00b0C do +55\u00b0C, Zvu\u010dni izlaz podesivo, 85-113 dB @ 1m, Dimenzije 200 x 200 x 51 mm, Te\u017eina 502 g<\/p>\n","protected":false},"excerpt":{"rendered":"<p>Model: AJAX StreetSiren WH<br \/>\nBe\u017ei\u010dna vanjska sirena podesive glasno\u0107e od 81 do 105 dB@1m sa LED signalizacijom. Crne boje, Be\u017ei\u010dna frekvencija 868 MHz, Be\u017ei\u010dna dvosmjerna komunikacija, Baterijsko napajanje 4 x CR123A<br \/>\n(opcija 12VDC), Unutra\u0161nja ugradnja, Ugra\u0111en tamper, LED bljeskalica, Isklju\u010denje zvu\u010dne signalizacije pra\u0107enjem alarmnog izlaza, Be\u017ei\u010dni Aktivacijski signal, Stupanj za\u0161tite Grade 2, za\u0161tita IP54,<br \/>\nRadna temperatura od od -25\u00b0C do +55\u00b0C, Zvu\u010dni izlaz podesivo, 85-113 dB @ 1m, Dimenzije 200 x 200 x 51 mm, Te\u017eina 502 g<\/p>\n","protected":false},"featured_media":4540,"comment_status":"open","ping_status":"closed","template":"","meta":{"_mi_skip_tracking":false,"_exactmetrics_sitenote_active":false,"_exactmetrics_sitenote_note":"","_exactmetrics_sitenote_category":0,"spay_email":""},"product_cat":[4415,145],"product_tag":[2502,2503,3932,332],"brands":[{"id":2473,"name":"AJAX","slug":"ajax"}],"df_price":279,"df_sale_price":"","df_regular_price":279,"df_image_link":"https:\/\/i1.wp.com\/astehshop.com\/wp-content\/uploads\/2020\/05\/AJAX-SS-WH-1.jpg?fit=450%2C244","jetpack_publicize_connections":[],"jetpack_sharing_enabled":true,"jetpack_likes_enabled":true,"jetpack-related-posts":[{"id":4542,"url":"http:\/\/astehshop.com\/index.php\/product\/bezicna-unutarnja-sirena-bijele-boje-ajax-hs-wh\/","url_meta":{"origin":4539,"position":0},"title":"Be\u017ei\u010dna unutarnja sirena bijele boje AJAX-HS-WH homesiren","date":"4. svibnja 2020.","format":false,"excerpt":"Model: AJAX HomeSiren WH Be\u017ei\u010dna unutarnja sirena podesive glasno\u0107e od 81 do 105 dB@1m sa LED signalizacijom. Crne boje, Be\u017ei\u010dna frekvencija 868 MHz, Be\u017ei\u010dna dvosmjerna komunikacija, Baterijsko napajanje 2 x CR123A, Unutra\u0161nja ugradnja, Ugra\u0111en tamper, LED bljeskalica, Isklju\u010denje zvu\u010dne signalizacije pra\u0107enjem alarmnog izlaza, Be\u017ei\u010dni Aktivacijski signal, Stupanj za\u0161tite Grade 2,\u2026","rel":"","context":"Srodne objave","img":{"alt_text":"","src":"https:\/\/i1.wp.com\/astehshop.com\/wp-content\/uploads\/2020\/05\/AJAX-HS-WH-2.jpg?fit=993%2C544&resize=350%2C200","width":350,"height":200},"classes":[]},{"id":4544,"url":"http:\/\/astehshop.com\/index.php\/product\/bezicna-touchsense-tastatura-crne-boje-ajax-keypad-bl\/","url_meta":{"origin":4539,"position":1},"title":"Be\u017ei\u010dna touchsense tastatura crne boje AJAX KEYPAD BL","date":"4. svibnja 2020.","format":false,"excerpt":"Model: AJAX Keypad BL Be\u017ei\u010dna touchsense tastatura, omogu\u0107eno uklju\u010divanje sistema, djelomi\u010dno uklju\u010denje sistema, isklju\u010denje sistemaa i panik dojava. LED signalizacija. Crne boje, Be\u017ei\u010dna frekvencija 868 MHz, Be\u017ei\u010dna dvosmjerna komunikacija, Na\u010din prikaza Touchsense LED, Napajanje Baterijsko 4 x AAA, Dimenzije 150 x 102,5 x 13,2 mm, Ugra\u0111en tamper, Te\u017eina 160gr","rel":"","context":"Srodne objave","img":{"alt_text":"","src":"https:\/\/i2.wp.com\/astehshop.com\/wp-content\/uploads\/2020\/05\/AJAX-KEYPAD-BL.jpg?fit=1200%2C650&resize=350%2C200","width":350,"height":200},"classes":[]},{"id":4537,"url":"http:\/\/astehshop.com\/index.php\/product\/detektor-vatre-bijele-boje-ajax-fp-wh\/","url_meta":{"origin":4539,"position":2},"title":"Detektor vatre bijele boje AJAX-FP-WH FireProtect","date":"4. svibnja 2020.","format":false,"excerpt":"Model: AJAX FireProtect WH Be\u017ei\u010dni detektor dima, fiksne temperature i naglog pov\u0107anja temperature sa ugra\u0111enom piezzo sirenom 85dB@1m. Crne boje, Be\u017ei\u010dna frekvencija 868MHz, Dvosmjerna be\u017ei\u010dna komunikacija, Dimenzije 132 x 132 x 31 mm, Napajanje baterijsko 2 x CR2 (backup CR2032), 3V, Unutra\u0161nja ugradnja, Detekcija dima, temperature ili nagli porast temperature,\u2026","rel":"","context":"Srodne objave","img":{"alt_text":"","src":"https:\/\/i2.wp.com\/astehshop.com\/wp-content\/uploads\/2020\/05\/AJAX-FP-WH-1.png?fit=864%2C520&resize=350%2C200","width":350,"height":200},"classes":[]},{"id":4535,"url":"http:\/\/astehshop.com\/index.php\/product\/detektor-izljeva-vode-bijele-boje-ajax-lp-wh\/","url_meta":{"origin":4539,"position":3},"title":"Detektor izljeva vode bijele boje AJAX-LP-WH LeakProtect","date":"4. svibnja 2020.","format":false,"excerpt":"Model: AJAX LeaksProtect WH Be\u017ei\u010dna tehnologija, Be\u017ei\u010dna frekvencija 868MHz, Dvosmjerna be\u017ei\u010dna komunikacija, Unutra\u0161nja ugradnja, Detekcija poplave, Metoda detekcije - otpor kruga. IP65 Za\u0161tita, LED i zvu\u010dna signalizacija, Dimenzije 60 x 60 x 14 mm, Napajanje Baterijsko 2 x AAA","rel":"","context":"Srodne objave","img":{"alt_text":"","src":"https:\/\/i1.wp.com\/astehshop.com\/wp-content\/uploads\/2020\/05\/AJAX-LP-WH.png?fit=731%2C680&resize=350%2C200","width":350,"height":200},"classes":[]},{"id":4533,"url":"http:\/\/astehshop.com\/index.php\/product\/bezicni-detektor-dima-fiksne-temperature-ajax-fp-bl\/","url_meta":{"origin":4539,"position":4},"title":"Be\u017ei\u010dni detektor dima fiksne temperature AJAX-FP-BL FireProtect","date":"4. svibnja 2020.","format":false,"excerpt":"Model: AJAX FireProtect BL Be\u017ei\u010dni detektor dima, fiksne temperature i naglog pov\u0107anja temperature sa ugra\u0111enom piezzo sirenom 85dB@1m. Crne boje, Be\u017ei\u010dna frekvencija 868MHz, Dvosmjerna be\u017ei\u010dna komunikacija, Dimenzije 132 x 132 x 31 mm, Napajanje baterijsko 2 x CR2 (backup CR2032), 3V, Unutra\u0161nja ugradnja, Detekcija dima, temperature ili nagli porast temperature,\u2026","rel":"","context":"Srodne objave","img":{"alt_text":"","src":"https:\/\/i1.wp.com\/astehshop.com\/wp-content\/uploads\/2020\/05\/AJAX-FP-BL.png?fit=1200%2C630&resize=350%2C200","width":350,"height":200},"classes":[]},{"id":6398,"url":"http:\/\/astehshop.com\/index.php\/product\/ajax-doorprotectplus-bl-ili-wh-bijeli-i-crni\/","url_meta":{"origin":4539,"position":5},"title":"AJAX DoorProtectPlus BL ili WH ( bijeli i crni )","date":"6. listopada 2022.","format":false,"excerpt":"Proizvo\u0111a\u010d AJAX Tehnologija Be\u017ei\u010dna Be\u017ei\u010dna frekvencija 868 MHz Be\u017ei\u010dna komunikacija Dvosmjerna Dimenzije \u00d820 x 90 mm Stupanj sigurnosti Grade 2 Napajanje Baterijsko 1 x 3V, tip CR123A Ugradnja Unutra\u0161nja Detekcija Vibracija \/ Otvaranje - Zatvaranje Metoda detekcije detektor vibracija \/ Reed Monta\u017ea Nadgradni Domet detekcije 20 mm LED signalizacija DA\u2026","rel":"","context":"Srodne objave","img":{"alt_text":"","src":"https:\/\/i1.wp.com\/astehshop.com\/wp-content\/uploads\/2022\/10\/magnetic-detector-and-wireless-vibration-detector-ajax-doorprotect-plus-black-1.jpg?fit=1050%2C1200&resize=350%2C200","width":350,"height":200},"classes":[]}],"_links":{"self":[{"href":"http:\/\/astehshop.com\/index.php\/wp-json\/wp\/v2\/product\/4539"}],"collection":[{"href":"http:\/\/astehshop.com\/index.php\/wp-json\/wp\/v2\/product"}],"about":[{"href":"http:\/\/astehshop.com\/index.php\/wp-json\/wp\/v2\/types\/product"}],"replies":[{"embeddable":true,"href":"http:\/\/astehshop.com\/index.php\/wp-json\/wp\/v2\/comments?post=4539"}],"wp:featuredmedia":[{"embeddable":true,"href":"http:\/\/astehshop.com\/index.php\/wp-json\/wp\/v2\/media\/4540"}],"wp:attachment":[{"href":"http:\/\/astehshop.com\/index.php\/wp-json\/wp\/v2\/media?parent=4539"}],"wp:term":[{"taxonomy":"product_cat","embeddable":true,"href":"http:\/\/astehshop.com\/index.php\/wp-json\/wp\/v2\/product_cat?post=4539"},{"taxonomy":"product_tag","embeddable":true,"href":"http:\/\/astehshop.com\/index.php\/wp-json\/wp\/v2\/product_tag?post=4539"}],"curies":[{"name":"wp","href":"https:\/\/api.w.org\/{rel}","templated":true}]}}