{"id":4537,"date":"2020-05-04T20:54:37","date_gmt":"2020-05-04T18:54:37","guid":{"rendered":"http:\/\/astehshop.com\/?post_type=product&#038;p=4537"},"modified":"2024-02-18T09:37:09","modified_gmt":"2024-02-18T08:37:09","slug":"detektor-vatre-bijele-boje-ajax-fp-wh","status":"publish","type":"product","link":"http:\/\/astehshop.com\/index.php\/product\/detektor-vatre-bijele-boje-ajax-fp-wh\/","title":{"rendered":"Detektor vatre bijele boje AJAX-FP-WH FireProtect"},"content":{"rendered":"<p>Model: AJAX FireProtect WH<br \/>\nBe\u017ei\u010dni detektor dima, fiksne temperature i naglog pov\u0107anja temperature sa ugra\u0111enom piezzo sirenom 85dB@1m. Crne boje, Be\u017ei\u010dna frekvencija 868MHz, Dvosmjerna be\u017ei\u010dna komunikacija,<br \/>\nDimenzije 132 x 132 x 31 mm, Napajanje baterijsko 2 x CR2 (backup CR2032), 3V, Unutra\u0161nja ugradnja, Detekcija dima, temperature ili nagli porast temperature, Opti\u010dka metoda detekcije, Stropna<br \/>\nmonta\u017ea, Radna temperatura 0\u00b0C do +65\u00b0C, LED i zvu\u010dna signalizacija, Ugra\u0111ena sirena \/ zujalica 85 dB @ 1m<\/p>\n","protected":false},"excerpt":{"rendered":"<p>Model: AJAX FireProtect WH<br \/>\nBe\u017ei\u010dni detektor dima, fiksne temperature i naglog pov\u0107anja temperature sa ugra\u0111enom piezzo sirenom 85dB@1m. Crne boje, Be\u017ei\u010dna frekvencija 868MHz, Dvosmjerna be\u017ei\u010dna komunikacija,<br \/>\nDimenzije 132 x 132 x 31 mm, Napajanje baterijsko 2 x CR2 (backup CR2032), 3V, Unutra\u0161nja ugradnja, Detekcija dima, temperature ili nagli porast temperature, Opti\u010dka metoda detekcije, Stropna<br \/>\nmonta\u017ea, Radna temperatura 0\u00b0C do +65\u00b0C, LED i zvu\u010dna signalizacija, Ugra\u0111ena sirena \/ zujalica 85 dB @ 1m<\/p>\n","protected":false},"featured_media":4538,"comment_status":"open","ping_status":"closed","template":"","meta":{"_mi_skip_tracking":false,"_exactmetrics_sitenote_active":false,"_exactmetrics_sitenote_note":"","_exactmetrics_sitenote_category":0,"spay_email":""},"product_cat":[4415,143],"product_tag":[2499,2501,2500],"brands":[{"id":2473,"name":"AJAX","slug":"ajax"}],"df_price":169,"df_sale_price":"","df_regular_price":169,"df_image_link":"https:\/\/i2.wp.com\/astehshop.com\/wp-content\/uploads\/2020\/05\/AJAX-FP-WH-1.png?fit=450%2C271","jetpack_publicize_connections":[],"jetpack_sharing_enabled":true,"jetpack_likes_enabled":true,"jetpack-related-posts":[{"id":4533,"url":"http:\/\/astehshop.com\/index.php\/product\/bezicni-detektor-dima-fiksne-temperature-ajax-fp-bl\/","url_meta":{"origin":4537,"position":0},"title":"Be\u017ei\u010dni detektor dima fiksne temperature AJAX-FP-BL FireProtect","date":"4. svibnja 2020.","format":false,"excerpt":"Model: AJAX FireProtect BL Be\u017ei\u010dni detektor dima, fiksne temperature i naglog pov\u0107anja temperature sa ugra\u0111enom piezzo sirenom 85dB@1m. Crne boje, Be\u017ei\u010dna frekvencija 868MHz, Dvosmjerna be\u017ei\u010dna komunikacija, Dimenzije 132 x 132 x 31 mm, Napajanje baterijsko 2 x CR2 (backup CR2032), 3V, Unutra\u0161nja ugradnja, Detekcija dima, temperature ili nagli porast temperature,\u2026","rel":"","context":"Srodne objave","img":{"alt_text":"","src":"https:\/\/i1.wp.com\/astehshop.com\/wp-content\/uploads\/2020\/05\/AJAX-FP-BL.png?fit=1200%2C630&resize=350%2C200","width":350,"height":200},"classes":[]},{"id":4535,"url":"http:\/\/astehshop.com\/index.php\/product\/detektor-izljeva-vode-bijele-boje-ajax-lp-wh\/","url_meta":{"origin":4537,"position":1},"title":"Detektor izljeva vode bijele boje AJAX-LP-WH LeakProtect","date":"4. svibnja 2020.","format":false,"excerpt":"Model: AJAX LeaksProtect WH Be\u017ei\u010dna tehnologija, Be\u017ei\u010dna frekvencija 868MHz, Dvosmjerna be\u017ei\u010dna komunikacija, Unutra\u0161nja ugradnja, Detekcija poplave, Metoda detekcije - otpor kruga. IP65 Za\u0161tita, LED i zvu\u010dna signalizacija, Dimenzije 60 x 60 x 14 mm, Napajanje Baterijsko 2 x AAA","rel":"","context":"Srodne objave","img":{"alt_text":"","src":"https:\/\/i1.wp.com\/astehshop.com\/wp-content\/uploads\/2020\/05\/AJAX-LP-WH.png?fit=731%2C680&resize=350%2C200","width":350,"height":200},"classes":[]},{"id":4542,"url":"http:\/\/astehshop.com\/index.php\/product\/bezicna-unutarnja-sirena-bijele-boje-ajax-hs-wh\/","url_meta":{"origin":4537,"position":2},"title":"Be\u017ei\u010dna unutarnja sirena bijele boje AJAX-HS-WH homesiren","date":"4. svibnja 2020.","format":false,"excerpt":"Model: AJAX HomeSiren WH Be\u017ei\u010dna unutarnja sirena podesive glasno\u0107e od 81 do 105 dB@1m sa LED signalizacijom. Crne boje, Be\u017ei\u010dna frekvencija 868 MHz, Be\u017ei\u010dna dvosmjerna komunikacija, Baterijsko napajanje 2 x CR123A, Unutra\u0161nja ugradnja, Ugra\u0111en tamper, LED bljeskalica, Isklju\u010denje zvu\u010dne signalizacije pra\u0107enjem alarmnog izlaza, Be\u017ei\u010dni Aktivacijski signal, Stupanj za\u0161tite Grade 2,\u2026","rel":"","context":"Srodne objave","img":{"alt_text":"","src":"https:\/\/i1.wp.com\/astehshop.com\/wp-content\/uploads\/2020\/05\/AJAX-HS-WH-2.jpg?fit=993%2C544&resize=350%2C200","width":350,"height":200},"classes":[]},{"id":4524,"url":"http:\/\/astehshop.com\/index.php\/product\/bezicni-detektor-loma-stakla-dometa-9m-crni-ajax-gp-bl\/","url_meta":{"origin":4537,"position":3},"title":"Be\u017ei\u010dni detektor loma stakla dometa 9m Crni AJAX-GP-BL GlassProtect","date":"4. svibnja 2020.","format":false,"excerpt":"Model: AJAX GlassProtect BL Be\u017ei\u010dni detektor loma stakla dometa 9m Crne boje, Be\u017ei\u010dna frekvencija 868Mhz, Dvosmjerna be\u017ei\u010dna komunikacija, Dimenzije O20 x 90 mm, Stupanj sigurnosti Grade 2, Baterijsko napajanje, 1x3V, tip CR123A, Unutra\u0161nja ugradnja, GB Metoda detekcije, Zidna ili stropna monta\u017ea, Visina monta\u017ee 2,2m Pode\u0161avanje osjetljivosti putem centrale, LED signalizacija,\u2026","rel":"","context":"Srodne objave","img":{"alt_text":"","src":"https:\/\/i0.wp.com\/astehshop.com\/wp-content\/uploads\/2020\/05\/AJAX-GP-BL-11.jpg?fit=1200%2C650&resize=350%2C200","width":350,"height":200},"classes":[]},{"id":4539,"url":"http:\/\/astehshop.com\/index.php\/product\/bezicna-vanjska-sirena-bijele-boje-85-113db-ajax-ss-wh\/","url_meta":{"origin":4537,"position":4},"title":"Be\u017ei\u010dna vanjska sirena bijele boje 85-113dB AJAX-SS-WH StreetSiren","date":"4. svibnja 2020.","format":false,"excerpt":"Model: AJAX StreetSiren WH Be\u017ei\u010dna vanjska sirena podesive glasno\u0107e od 81 do 105 dB@1m sa LED signalizacijom. Crne boje, Be\u017ei\u010dna frekvencija 868 MHz, Be\u017ei\u010dna dvosmjerna komunikacija, Baterijsko napajanje 4 x CR123A (opcija 12VDC), Unutra\u0161nja ugradnja, Ugra\u0111en tamper, LED bljeskalica, Isklju\u010denje zvu\u010dne signalizacije pra\u0107enjem alarmnog izlaza, Be\u017ei\u010dni Aktivacijski signal, Stupanj za\u0161tite\u2026","rel":"","context":"Srodne objave","img":{"alt_text":"","src":"https:\/\/i1.wp.com\/astehshop.com\/wp-content\/uploads\/2020\/05\/AJAX-SS-WH-1.jpg?fit=1200%2C650&resize=350%2C200","width":350,"height":200},"classes":[]},{"id":4528,"url":"http:\/\/astehshop.com\/index.php\/product\/bezicni-kombinirani-pir-i-mw-detektor-ajax-mpp-wh\/","url_meta":{"origin":4537,"position":5},"title":"Be\u017ei\u010dni kombinirani PIR i MW detektor AJAX-MPP-WH CombiProtect","date":"4. svibnja 2020.","format":false,"excerpt":"Model: AJAX MotionProtect Plus WH Be\u017ei\u010dni detektor pokreta dometa 12m neosjetljiv na ku\u0107ne ljubimce i loma stakla dometa 9m. Crne boje, Be\u017ei\u010dna frekvencija 868Mhz, Dvosmjerna be\u017ei\u010dna komunikacija, Dimenzije 110 x 65 x 50mm, Stupanj sigurnosti Grade 2, Baterijsko napajanje, 1x3V, tip CR123A, Unutra\u0161nja ugradnja PIR \/MW Metoda detekcije, Zidna Monta\u017ea,\u2026","rel":"","context":"Srodne objave","img":{"alt_text":"","src":"https:\/\/i2.wp.com\/astehshop.com\/wp-content\/uploads\/2020\/05\/AJAX-MP-WH.jpg?fit=1200%2C650&resize=350%2C200","width":350,"height":200},"classes":[]}],"_links":{"self":[{"href":"http:\/\/astehshop.com\/index.php\/wp-json\/wp\/v2\/product\/4537"}],"collection":[{"href":"http:\/\/astehshop.com\/index.php\/wp-json\/wp\/v2\/product"}],"about":[{"href":"http:\/\/astehshop.com\/index.php\/wp-json\/wp\/v2\/types\/product"}],"replies":[{"embeddable":true,"href":"http:\/\/astehshop.com\/index.php\/wp-json\/wp\/v2\/comments?post=4537"}],"wp:featuredmedia":[{"embeddable":true,"href":"http:\/\/astehshop.com\/index.php\/wp-json\/wp\/v2\/media\/4538"}],"wp:attachment":[{"href":"http:\/\/astehshop.com\/index.php\/wp-json\/wp\/v2\/media?parent=4537"}],"wp:term":[{"taxonomy":"product_cat","embeddable":true,"href":"http:\/\/astehshop.com\/index.php\/wp-json\/wp\/v2\/product_cat?post=4537"},{"taxonomy":"product_tag","embeddable":true,"href":"http:\/\/astehshop.com\/index.php\/wp-json\/wp\/v2\/product_tag?post=4537"}],"curies":[{"name":"wp","href":"https:\/\/api.w.org\/{rel}","templated":true}]}}