{"id":4535,"date":"2020-05-04T20:47:11","date_gmt":"2020-05-04T18:47:11","guid":{"rendered":"http:\/\/astehshop.com\/?post_type=product&#038;p=4535"},"modified":"2024-02-18T09:37:21","modified_gmt":"2024-02-18T08:37:21","slug":"detektor-izljeva-vode-bijele-boje-ajax-lp-wh","status":"publish","type":"product","link":"http:\/\/astehshop.com\/index.php\/product\/detektor-izljeva-vode-bijele-boje-ajax-lp-wh\/","title":{"rendered":"Detektor izljeva vode bijele boje AJAX-LP-WH LeakProtect"},"content":{"rendered":"<p>Model: AJAX LeaksProtect WH<br \/>\nBe\u017ei\u010dna tehnologija, Be\u017ei\u010dna frekvencija 868MHz, Dvosmjerna be\u017ei\u010dna komunikacija, Unutra\u0161nja ugradnja, Detekcija poplave, Metoda detekcije &#8211; otpor kruga. IP65 Za\u0161tita, LED i zvu\u010dna signalizacija,<br \/>\nDimenzije 60 x 60 x 14 mm, Napajanje Baterijsko 2 x AAA<\/p>\n","protected":false},"excerpt":{"rendered":"<p>Model: AJAX LeaksProtect WH<br \/>\nBe\u017ei\u010dna tehnologija, Be\u017ei\u010dna frekvencija 868MHz, Dvosmjerna be\u017ei\u010dna komunikacija, Unutra\u0161nja ugradnja, Detekcija poplave, Metoda detekcije &#8211; otpor kruga. IP65 Za\u0161tita, LED i zvu\u010dna signalizacija,<br \/>\nDimenzije 60 x 60 x 14 mm, Napajanje Baterijsko 2 x AAA<\/p>\n","protected":false},"featured_media":4536,"comment_status":"open","ping_status":"closed","template":"","meta":{"_mi_skip_tracking":false,"_exactmetrics_sitenote_active":false,"_exactmetrics_sitenote_note":"","_exactmetrics_sitenote_category":0,"spay_email":""},"product_cat":[4415,143],"product_tag":[2498,2497],"brands":[{"id":2473,"name":"AJAX","slug":"ajax"}],"df_price":115,"df_sale_price":"","df_regular_price":115,"df_image_link":"https:\/\/i1.wp.com\/astehshop.com\/wp-content\/uploads\/2020\/05\/AJAX-LP-WH.png?fit=450%2C419","jetpack_publicize_connections":[],"jetpack_sharing_enabled":true,"jetpack_likes_enabled":true,"jetpack-related-posts":[{"id":6400,"url":"http:\/\/astehshop.com\/index.php\/product\/ajax-doublebutton\/","url_meta":{"origin":4535,"position":0},"title":"AJAX DoubleButton","date":"6. listopada 2022.","format":false,"excerpt":"roizvo\u0111a\u010d AJAX Tehnologija Be\u017ei\u010dna Be\u017ei\u010dna frekvencija 868 MHz Be\u017ei\u010dna komunikacija Dvosmjerna Dimenzije 47 x 35 x 13 mm Napajanje baterijsko 1 x 3V, tip CR2032 Ugradnja Unutra\u0161nja Detekcija Hitnosti Metoda detekcije Tipka Monta\u017ea privjesak ili nadgradni LED signalizacija Da Te\u017eina 16 g Tip \/ ku\u0107i\u0161te Plasti\u010dno \u00a0","rel":"","context":"Srodne objave","img":{"alt_text":"","src":"","width":0,"height":0},"classes":[]},{"id":6398,"url":"http:\/\/astehshop.com\/index.php\/product\/ajax-doorprotectplus-bl-ili-wh-bijeli-i-crni\/","url_meta":{"origin":4535,"position":1},"title":"AJAX DoorProtectPlus BL ili WH ( bijeli i crni )","date":"6. listopada 2022.","format":false,"excerpt":"Proizvo\u0111a\u010d AJAX Tehnologija Be\u017ei\u010dna Be\u017ei\u010dna frekvencija 868 MHz Be\u017ei\u010dna komunikacija Dvosmjerna Dimenzije \u00d820 x 90 mm Stupanj sigurnosti Grade 2 Napajanje Baterijsko 1 x 3V, tip CR123A Ugradnja Unutra\u0161nja Detekcija Vibracija \/ Otvaranje - Zatvaranje Metoda detekcije detektor vibracija \/ Reed Monta\u017ea Nadgradni Domet detekcije 20 mm LED signalizacija DA\u2026","rel":"","context":"Srodne objave","img":{"alt_text":"","src":"https:\/\/i1.wp.com\/astehshop.com\/wp-content\/uploads\/2022\/10\/magnetic-detector-and-wireless-vibration-detector-ajax-doorprotect-plus-black-1.jpg?fit=1050%2C1200&resize=350%2C200","width":350,"height":200},"classes":[]},{"id":4954,"url":"http:\/\/astehshop.com\/index.php\/product\/ajax-button\/","url_meta":{"origin":4535,"position":2},"title":"AJAX Button","date":"6. studenoga 2020.","format":false,"excerpt":"Wireless panic button - black \u00a0 Proizvo\u0111a\u010d AJAX Tehnologija Be\u017ei\u010dni Be\u017ei\u010dna frekvencija 868 MHz Be\u017ei\u010dna komunikacija Dvosmjerna Dimenzije 47 x 35 x 13 mm Napajanje baterijsko 1 x 3V, tip CR2032 Ugradnja Unutra\u0161nja Detekcija Hitnosti Metoda detekcije Tipka Monta\u017ea privjesak ili nadgradni LED signalizacija Da Te\u017eina 16 g Tip \/\u2026","rel":"","context":"Srodne objave","img":{"alt_text":"","src":"https:\/\/i1.wp.com\/astehshop.com\/wp-content\/uploads\/2020\/11\/ajax-button.png?fit=900%2C900&resize=350%2C200","width":350,"height":200},"classes":[]},{"id":4537,"url":"http:\/\/astehshop.com\/index.php\/product\/detektor-vatre-bijele-boje-ajax-fp-wh\/","url_meta":{"origin":4535,"position":3},"title":"Detektor vatre bijele boje AJAX-FP-WH FireProtect","date":"4. svibnja 2020.","format":false,"excerpt":"Model: AJAX FireProtect WH Be\u017ei\u010dni detektor dima, fiksne temperature i naglog pov\u0107anja temperature sa ugra\u0111enom piezzo sirenom 85dB@1m. Crne boje, Be\u017ei\u010dna frekvencija 868MHz, Dvosmjerna be\u017ei\u010dna komunikacija, Dimenzije 132 x 132 x 31 mm, Napajanje baterijsko 2 x CR2 (backup CR2032), 3V, Unutra\u0161nja ugradnja, Detekcija dima, temperature ili nagli porast temperature,\u2026","rel":"","context":"Srodne objave","img":{"alt_text":"","src":"https:\/\/i2.wp.com\/astehshop.com\/wp-content\/uploads\/2020\/05\/AJAX-FP-WH-1.png?fit=864%2C520&resize=350%2C200","width":350,"height":200},"classes":[]},{"id":6396,"url":"http:\/\/astehshop.com\/index.php\/product\/ajax-doorprotect-bl\/","url_meta":{"origin":4535,"position":4},"title":"AJAX DoorProtect BL","date":"6. listopada 2022.","format":false,"excerpt":"Proizvo\u0111a\u010d AJAX Tehnologija Be\u017ei\u010dna Be\u017ei\u010dna frekvencija 868 MHz Be\u017ei\u010dna komunikacija Dvosmjerna Dimenzije \u00d820 x 90 mm Stupanj sigurnosti Grade 2 Napajanje Baterijsko 1 x 3V, tip CR123A Ugradnja Unutra\u0161nja Detekcija Otvaranje - Zatvaranje Metoda detekcije 1 x REED \/ 1 x AUX Monta\u017ea Nadgradni Domet detekcije 20 mm LED signalizacija\u2026","rel":"","context":"Srodne objave","img":{"alt_text":"","src":"https:\/\/i2.wp.com\/astehshop.com\/wp-content\/uploads\/2022\/10\/magnetic-detector-and-wireless-vibration-detector-ajax-doorprotect-plus-black.jpg?fit=1050%2C1200&resize=350%2C200","width":350,"height":200},"classes":[]},{"id":4952,"url":"http:\/\/astehshop.com\/index.php\/product\/ajax-motionprotect-curtain-wh\/","url_meta":{"origin":4535,"position":5},"title":"AJAX MotionProtect Curtain WH","date":"6. studenoga 2020.","format":false,"excerpt":"Be\u017ei\u010dni detektor pokreta \u2013 zavjesa detekcije 11m@6\u00b0sa namjenjen za unutarnju ugradnju. Visina ugradnje 2.4m - bijele boje Proizvo\u0111a\u010d AJAX Tehnologija Be\u017ei\u010dna Be\u017ei\u010dna frekvencija 868Mhz Be\u017ei\u010dna komunikacija Dvosmjerna Dimenzije 134 x 44 x 36 mm Napajanje Baterijsko, 1 x 3V, tipCR123A Ugradnja Vanjska Metoda detekcije PIR \/ AM Monta\u017ea Stropna \/\u2026","rel":"","context":"Srodne objave","img":{"alt_text":"","src":"https:\/\/i0.wp.com\/astehshop.com\/wp-content\/uploads\/2020\/11\/AJAX-MotionProtect-Curtain-WH.png?fit=700%2C700&resize=350%2C200","width":350,"height":200},"classes":[]}],"_links":{"self":[{"href":"http:\/\/astehshop.com\/index.php\/wp-json\/wp\/v2\/product\/4535"}],"collection":[{"href":"http:\/\/astehshop.com\/index.php\/wp-json\/wp\/v2\/product"}],"about":[{"href":"http:\/\/astehshop.com\/index.php\/wp-json\/wp\/v2\/types\/product"}],"replies":[{"embeddable":true,"href":"http:\/\/astehshop.com\/index.php\/wp-json\/wp\/v2\/comments?post=4535"}],"wp:featuredmedia":[{"embeddable":true,"href":"http:\/\/astehshop.com\/index.php\/wp-json\/wp\/v2\/media\/4536"}],"wp:attachment":[{"href":"http:\/\/astehshop.com\/index.php\/wp-json\/wp\/v2\/media?parent=4535"}],"wp:term":[{"taxonomy":"product_cat","embeddable":true,"href":"http:\/\/astehshop.com\/index.php\/wp-json\/wp\/v2\/product_cat?post=4535"},{"taxonomy":"product_tag","embeddable":true,"href":"http:\/\/astehshop.com\/index.php\/wp-json\/wp\/v2\/product_tag?post=4535"}],"curies":[{"name":"wp","href":"https:\/\/api.w.org\/{rel}","templated":true}]}}