{"id":4272,"date":"2020-03-31T19:48:42","date_gmt":"2020-03-31T17:48:42","guid":{"rendered":"http:\/\/astehshop.com\/?post_type=product&#038;p=4272"},"modified":"2025-09-17T22:05:02","modified_gmt":"2025-09-17T20:05:02","slug":"dahua-set-video-nadzor-4-mpx","status":"publish","type":"product","link":"http:\/\/astehshop.com\/index.php\/product\/dahua-set-video-nadzor-4-mpx\/","title":{"rendered":"Dahua set video nadzor 4 MPX"},"content":{"rendered":"<div id=\"detaljni-opis\" class=\"artikal_detaljniopis_tekst\">\n<p>&#x1f4a5;Kada Vam treba stra\u0161no dobar VIDEO NADZOR !<\/p>\n<p>&#x2705;Dahua set 4 kamere 4 MPX sa svom prate\u0107om opremom<br \/>\n699 KM<\/p>\n<p>1 x 4 kanalni snima\u010d dahua<br \/>\n4 x bullet kamera 4 MPX ( 2560 x 1440 ) SMART IR dometa do \u010dak 80 metara &#8211; IP67<br \/>\n1 x 500 GB HDD<br \/>\n1 x napajanje 12v 5 ampera<br \/>\n4 x dc konektora<br \/>\n8 x bnc konektora<br \/>\n100 metara kabla ( signal + struja )<\/p>\n<p>&#x26a1;&#xfe0f;Prevedeno na na\u0161 jezik<br \/>\nMogu\u0107nost pode\u0161avanja prije slanja tako da na Vama ostane samo da sve to pove\u017eete po instrukcijama i postavite na \u017eeljena mjesta<\/p>\n<p>&#x1f525;Podr\u0161ka pri pu\u0161tanju u rad i pomo\u0107 za pode\u0161avanje da pratite putem telefona<\/p>\n<p>www.technoshopbn.com<br \/>\nNikole Tesle 31a<br \/>\nBijeljina<br \/>\n055 422 599<\/p>\n<\/div>\n","protected":false},"excerpt":{"rendered":"<div id=\"detaljni-opis\" class=\"artikal_detaljniopis_tekst\">\n<p>&#x1f4a5;Kada Vam treba stra\u0161no dobar VIDEO NADZOR !<\/p>\n<p>&#x2705;Dahua set 4 kamere 4 MPX sa svom prate\u0107om opremom<br \/>\n699 KM<\/p>\n<p>1 x 4 kanalni snima\u010d dahua<br \/>\n4 x bullet kamera 4 MPX ( 2560 x 1440 ) SMART IR dometa do \u010dak 80 metara &#8211; IP67<br \/>\n1 x 500 GB HDD<br \/>\n1 x napajanje 12v 5 ampera<br \/>\n4 x dc konektora<br \/>\n8 x bnc konektora<br \/>\n100 metara kabla ( signal + struja )<\/p>\n<p>&#x26a1;&#xfe0f;Prevedeno na na\u0161 jezik<br \/>\nMogu\u0107nost pode\u0161avanja prije slanja tako da na Vama ostane samo da sve to pove\u017eete po instrukcijama i postavite na \u017eeljena mjesta<\/p>\n<p>&#x1f525;Podr\u0161ka pri pu\u0161tanju u rad i pomo\u0107 za pode\u0161avanje da pratite putem telefona<\/p>\n<p>www.technoshopbn.com<br \/>\nNikole Tesle 31a<br \/>\nBijeljina<br \/>\n055 422 599<\/p>\n<\/div>\n","protected":false},"featured_media":4273,"comment_status":"open","ping_status":"closed","template":"","meta":{"_mi_skip_tracking":false,"_exactmetrics_sitenote_active":false,"_exactmetrics_sitenote_note":"","_exactmetrics_sitenote_category":0,"spay_email":""},"product_cat":[2298,4415],"product_tag":[2029,2312],"brands":[{"id":2045,"name":"Dahua","slug":"dahua"}],"df_price":"","df_sale_price":"","df_regular_price":"","df_image_link":"https:\/\/i2.wp.com\/astehshop.com\/wp-content\/uploads\/2020\/03\/Dahua-set-video-nadzor-4-MPX.jpg?fit=450%2C308","jetpack_publicize_connections":[],"jetpack_sharing_enabled":true,"jetpack_likes_enabled":true,"jetpack-related-posts":[{"id":4276,"url":"http:\/\/astehshop.com\/index.php\/product\/kompletan-set-dahua-2-mp-4-kanala-dome\/","url_meta":{"origin":4272,"position":0},"title":"Kompletan set DAHUA 2 MP 4 kanala dome","date":"31. o\u017eujka 2020.","format":false,"excerpt":"\u26a1\ufe0fKompletan set kamera Dahua 2 MP dome verzija \ud83d\udc49499 KM U kompletu dolazi : \ud83d\udca51 x DVR ( 4 kanalni, snima\u010d podr\u017eava kamere do 5 MPX ) \u26a1\ufe0f4 x unutra\u0161nja dome kamera 2 MP ( 1080p 20M IR ) \ud83d\udca51 x 500 GB HDD \u26a1\ufe0f1 x stabilisano napajanje 12v 5\u2026","rel":"","context":"Srodne objave","img":{"alt_text":"","src":"https:\/\/i1.wp.com\/astehshop.com\/wp-content\/uploads\/2020\/03\/Kompletan-set-DAHUA-2-MP-4-kanala-dome.jpg?fit=800%2C546&resize=350%2C200","width":350,"height":200},"classes":[]},{"id":4697,"url":"http:\/\/astehshop.com\/index.php\/product\/dahua-kompletan-set-5-mpx-80m-ir\/","url_meta":{"origin":4272,"position":1},"title":"Dahua kompletan set 5 MPX 80M IR","date":"23. rujna 2020.","format":false,"excerpt":"1 x 4 kanalni snimac DAHUA 4 x 5 MP bullet vanjske kamere 80m IR 1 x HDD 500 GB 1 x 100 M RG59 + struja kabal 4 x DC 8 x BNC 1 x stabilisano napajanje 12v 5a www.technoshopbn.com 066 123 234","rel":"","context":"Srodne objave","img":{"alt_text":"","src":"https:\/\/i0.wp.com\/astehshop.com\/wp-content\/uploads\/2020\/09\/119785939_777882179718444_8127263308417976220_o.jpg?fit=1200%2C816&resize=350%2C200","width":350,"height":200},"classes":[]},{"id":5478,"url":"http:\/\/astehshop.com\/index.php\/product\/dahua-5-mpx-starlight-80m-nocni-domet-video-nadzor-set\/","url_meta":{"origin":4272,"position":2},"title":"Dahua 5 MPX StarLight 80M no\u0107ni domet video nadzor set","date":"17. listopada 2021.","format":false,"excerpt":"1 x XVR 4 kanalni Dahua 4 x StarLight Dahua kamere 5 MP HAC-HFW1500TH-I8 1 x 500 GB HDD 100m rg59 + struja 1 x stabilisano napajanje 4 x dc konektora 8 x bnc konektora 066 123 234","rel":"","context":"Srodne objave","img":{"alt_text":"","src":"https:\/\/i0.wp.com\/astehshop.com\/wp-content\/uploads\/2021\/10\/Dahua-5-MPX-StarLight-80M-nocni-domet-video-nadzor-set.jpg?fit=800%2C477&resize=350%2C200","width":350,"height":200},"classes":[]},{"id":3799,"url":"http:\/\/astehshop.com\/index.php\/product\/kompletan-dahua-set-za-video-nadzor-2-mp\/","url_meta":{"origin":4272,"position":3},"title":"Kompletan Dahua set za video nadzor 2 MP","date":"15. velja\u010de 2020.","format":false,"excerpt":"\u2705Dahua komplet set 2 MP \ud83d\udca5659 KM \u27a1\ufe0fU setu dolazi : \u26a1\ufe0f1 x 4 kanalni DVR \u26a1\ufe0f4 x Dahua kamere 2 MP HAC-HFW1200DP \u26a1\ufe0f1 x 500 GB HDD \u26a1\ufe0f1 x napajanje 12v 5a \u26a1\ufe0f100 metara kabla ( signal + struja ) \u26a1\ufe0f8 bnc konektora \u26a1\ufe0f4 x dc konektora \u27a1\ufe0fGarancija na\u2026","rel":"","context":"Srodne objave","img":{"alt_text":"","src":"https:\/\/i2.wp.com\/astehshop.com\/wp-content\/uploads\/2020\/02\/kompletan-set-659-KM.jpg?fit=1200%2C814&resize=350%2C200","width":350,"height":200},"classes":[]},{"id":4774,"url":"http:\/\/astehshop.com\/index.php\/product\/kompletan-set-dahua-dome-kamera-2-mp\/","url_meta":{"origin":4272,"position":4},"title":"Kompletan set Dahua dome kamera 2 MP","date":"27. rujna 2020.","format":false,"excerpt":"1 x snima\u010d dahua do 5 MPX 4 x dome kamere Dahua 2 MP 1 x stabilisano napajanje 4 x dc konektora 8 x bnc konektora 100 M KABAL RG59 + struja 1 x HDD 500 GB","rel":"","context":"Srodne objave","img":{"alt_text":"","src":"https:\/\/i2.wp.com\/astehshop.com\/wp-content\/uploads\/2020\/09\/dahua-dom-set-2-mp-dome.jpg?fit=1200%2C814&resize=350%2C200","width":350,"height":200},"classes":[]},{"id":7865,"url":"http:\/\/astehshop.com\/index.php\/product\/full-color-dahua-ip-set-komplet-4-mpx\/","url_meta":{"origin":4272,"position":5},"title":"Full Color DAHUA IP SET komplet 4 MPX","date":"1. lipnja 2023.","format":false,"excerpt":"U setu dobijate 4 x 4 MPX IP KAMERE FULL COLOR Dual Light wizsense sa detekcijom ljudi i vozila mo\u017ee da snima i na mikro sd karticu 4 kanalni POE snimac 1 TB HDD www.technoshopbn.com","rel":"","context":"Srodne objave","img":{"alt_text":"","src":"https:\/\/i2.wp.com\/astehshop.com\/wp-content\/uploads\/2023\/06\/dahua-full-color-set-1199-scaled.jpg?fit=1200%2C685&resize=350%2C200","width":350,"height":200},"classes":[]}],"_links":{"self":[{"href":"http:\/\/astehshop.com\/index.php\/wp-json\/wp\/v2\/product\/4272"}],"collection":[{"href":"http:\/\/astehshop.com\/index.php\/wp-json\/wp\/v2\/product"}],"about":[{"href":"http:\/\/astehshop.com\/index.php\/wp-json\/wp\/v2\/types\/product"}],"replies":[{"embeddable":true,"href":"http:\/\/astehshop.com\/index.php\/wp-json\/wp\/v2\/comments?post=4272"}],"wp:featuredmedia":[{"embeddable":true,"href":"http:\/\/astehshop.com\/index.php\/wp-json\/wp\/v2\/media\/4273"}],"wp:attachment":[{"href":"http:\/\/astehshop.com\/index.php\/wp-json\/wp\/v2\/media?parent=4272"}],"wp:term":[{"taxonomy":"product_cat","embeddable":true,"href":"http:\/\/astehshop.com\/index.php\/wp-json\/wp\/v2\/product_cat?post=4272"},{"taxonomy":"product_tag","embeddable":true,"href":"http:\/\/astehshop.com\/index.php\/wp-json\/wp\/v2\/product_tag?post=4272"}],"curies":[{"name":"wp","href":"https:\/\/api.w.org\/{rel}","templated":true}]}}