{"id":4264,"date":"2020-03-31T19:43:55","date_gmt":"2020-03-31T17:43:55","guid":{"rendered":"http:\/\/astehshop.com\/?post_type=product&#038;p=4264"},"modified":"2025-09-17T22:05:03","modified_gmt":"2025-09-17T20:05:03","slug":"dahua-set-4-mp-sa-motorizovanim-zoom-om-komplet","status":"publish","type":"product","link":"http:\/\/astehshop.com\/index.php\/product\/dahua-set-4-mp-sa-motorizovanim-zoom-om-komplet\/","title":{"rendered":"Dahua set 4 MP sa motorizovanim zoom-om komplet"},"content":{"rendered":"<div id=\"detaljni-opis\" class=\"artikal_detaljniopis_tekst\">\n<p>&#x1f525;Dahua akcija&#x1f525;<br \/>\n&#x1f680;Kompletan set 4 kamere 4 MP sa motorizovanim zoom-om.<\/p>\n<p>&#x1f44c;1 x Dahua 4 kanalni snima\u010d<br \/>\n&#x1f449;4 x Dahua kamere 4 MP ( 2.7 &#8211; 13.5mm + 60M IR )<br \/>\n&#x1f44c;1 x 1 TB HDD<br \/>\n&#x1f449;1 x stabilisano napajanje<br \/>\n&#x1f44c;1 x 100 m kabla ( struja + signal )<br \/>\n&#x1f449;8 x BNC konektora<br \/>\n&#x1f44c;4 x dc konektora<\/p>\n<p>&#x1f947;i jo\u0161 :<br \/>\nBesplatna dostava<br \/>\nmo\u017eemo Vam sve podesiti prije slanja<br \/>\nbesplatno gledanje putem telefona ili ra\u010dunara ( ZAUVJEK )<br \/>\nrazna uputstva i video snimci na na\u0161oj stranici<\/p>\n<p>www.technoshopbn.com<br \/>\nNikole Tesle 31a<br \/>\nBijeljina<br \/>\n055 422 599<\/p>\n<\/div>\n","protected":false},"excerpt":{"rendered":"<div id=\"detaljni-opis\" class=\"artikal_detaljniopis_tekst\">\n<p>&#x1f525;Dahua akcija&#x1f525;<br \/>\n&#x1f680;Kompletan set 4 kamere 4 MP sa motorizovanim zoom-om.<\/p>\n<p>&#x1f44c;1 x Dahua 4 kanalni snima\u010d<br \/>\n&#x1f449;4 x Dahua kamere 4 MP ( 2.7 &#8211; 13.5mm + 60M IR )<br \/>\n&#x1f44c;1 x 1 TB HDD<br \/>\n&#x1f449;1 x stabilisano napajanje<br \/>\n&#x1f44c;1 x 100 m kabla ( struja + signal )<br \/>\n&#x1f449;8 x BNC konektora<br \/>\n&#x1f44c;4 x dc konektora<\/p>\n<p>&#x1f947;i jo\u0161 :<br \/>\nBesplatna dostava<br \/>\nmo\u017eemo Vam sve podesiti prije slanja<br \/>\nbesplatno gledanje putem telefona ili ra\u010dunara ( ZAUVJEK )<br \/>\nrazna uputstva i video snimci na na\u0161oj stranici<\/p>\n<p>www.technoshopbn.com<br \/>\nNikole Tesle 31a<br \/>\nBijeljina<br \/>\n055 422 599<\/p>\n<\/div>\n","protected":false},"featured_media":4265,"comment_status":"open","ping_status":"closed","template":"","meta":{"_mi_skip_tracking":false,"_exactmetrics_sitenote_active":false,"_exactmetrics_sitenote_note":"","_exactmetrics_sitenote_category":0,"spay_email":""},"product_cat":[2298,4415],"product_tag":[2029,2308],"brands":[{"id":2045,"name":"Dahua","slug":"dahua"}],"df_price":"","df_sale_price":"","df_regular_price":"","df_image_link":"https:\/\/i2.wp.com\/astehshop.com\/wp-content\/uploads\/2020\/03\/Dahua-set-4-MP-sa-motorizovanim-zoom-om-komplet.jpg?fit=450%2C306","jetpack_publicize_connections":[],"jetpack_sharing_enabled":true,"jetpack_likes_enabled":true,"jetpack-related-posts":[{"id":4276,"url":"http:\/\/astehshop.com\/index.php\/product\/kompletan-set-dahua-2-mp-4-kanala-dome\/","url_meta":{"origin":4264,"position":0},"title":"Kompletan set DAHUA 2 MP 4 kanala dome","date":"31. o\u017eujka 2020.","format":false,"excerpt":"\u26a1\ufe0fKompletan set kamera Dahua 2 MP dome verzija \ud83d\udc49499 KM U kompletu dolazi : \ud83d\udca51 x DVR ( 4 kanalni, snima\u010d podr\u017eava kamere do 5 MPX ) \u26a1\ufe0f4 x unutra\u0161nja dome kamera 2 MP ( 1080p 20M IR ) \ud83d\udca51 x 500 GB HDD \u26a1\ufe0f1 x stabilisano napajanje 12v 5\u2026","rel":"","context":"Srodne objave","img":{"alt_text":"","src":"https:\/\/i1.wp.com\/astehshop.com\/wp-content\/uploads\/2020\/03\/Kompletan-set-DAHUA-2-MP-4-kanala-dome.jpg?fit=800%2C546&resize=350%2C200","width":350,"height":200},"classes":[]},{"id":5585,"url":"http:\/\/astehshop.com\/index.php\/product\/dahua-set-kamera-video-nadzor-2-mp-komplet\/","url_meta":{"origin":4264,"position":1},"title":"Dahua set kamera video nadzor 2 MP komplet","date":"31. listopada 2021.","format":false,"excerpt":"2 x bullet kamera dahua 2 MP 1 x 4 kanalni snima\u010d dahua 1 x 500 GB HDD 1 x kabal 100m ( struja + signal ) 1 x napajanje stabilisano 4 x bnc konektora 2 x dc konektora Mogucnost pode\u0161avanja opreme prije slanja","rel":"","context":"Srodne objave","img":{"alt_text":"","src":"https:\/\/i2.wp.com\/astehshop.com\/wp-content\/uploads\/2021\/10\/slika-1854472-603b5a3c17eec-velika.jpg?fit=800%2C450&resize=350%2C200","width":350,"height":200},"classes":[]},{"id":5063,"url":"http:\/\/astehshop.com\/index.php\/product\/kompletan-set-4-kamere-dvc-full-hd\/","url_meta":{"origin":4264,"position":2},"title":"Kompletan SET 4 kamere DVC FULL HD","date":"21. studenoga 2020.","format":false,"excerpt":"\ud83d\udc49 Kompletan SET 4 kamere DVC FULL HD \ud83d\udd25 489 KM \ud83d\udd25 1 x snimac 4 kanalni DVC ( 4 + 1 ip kamera ) 4 x kamera DVC 2 MP ( bullet vanjska ) 1 x hard disk 500 GB 8 x bnc konektora 4 x dc konektora 1\u2026","rel":"","context":"Srodne objave","img":{"alt_text":"","src":"https:\/\/i2.wp.com\/astehshop.com\/wp-content\/uploads\/2020\/11\/dvc-479-km.jpg?fit=999%2C597&resize=350%2C200","width":350,"height":200},"classes":[]},{"id":4774,"url":"http:\/\/astehshop.com\/index.php\/product\/kompletan-set-dahua-dome-kamera-2-mp\/","url_meta":{"origin":4264,"position":3},"title":"Kompletan set Dahua dome kamera 2 MP","date":"27. rujna 2020.","format":false,"excerpt":"1 x snima\u010d dahua do 5 MPX 4 x dome kamere Dahua 2 MP 1 x stabilisano napajanje 4 x dc konektora 8 x bnc konektora 100 M KABAL RG59 + struja 1 x HDD 500 GB","rel":"","context":"Srodne objave","img":{"alt_text":"","src":"https:\/\/i2.wp.com\/astehshop.com\/wp-content\/uploads\/2020\/09\/dahua-dom-set-2-mp-dome.jpg?fit=1200%2C814&resize=350%2C200","width":350,"height":200},"classes":[]},{"id":4266,"url":"http:\/\/astehshop.com\/index.php\/product\/16-kanalni-set-full-hd-dahua-sa-305-m-rg59-kabla\/","url_meta":{"origin":4264,"position":4},"title":"16 kanalni set FULL HD Dahua sa 305 M RG59 kabla","date":"31. o\u017eujka 2020.","format":false,"excerpt":"\u27a1\ufe0fImamo HIT ! Promo ponuda ! \ud83d\udd251986 KM \ud83d\udc4cDahua i to kakva ponuda 16 kanalni snima\u010d Dahua 16 x 2 MP kamera 40M smart IR 1 x 1 TB HDD 1 x napajanje 12v 20a 32 BNC konektora 16 dc konektora 305 M kabal ( struja + signal ) Mo\u017ee\u2026","rel":"","context":"Srodne objave","img":{"alt_text":"","src":"https:\/\/i1.wp.com\/astehshop.com\/wp-content\/uploads\/2020\/03\/16-kanalni-set-FULL-HD-Dahua-sa-305-M-RG59-kabla.jpg?fit=800%2C542&resize=350%2C200","width":350,"height":200},"classes":[]},{"id":4992,"url":"http:\/\/astehshop.com\/index.php\/product\/video-nadzor-set-5-mp-full-color-24-7-slika-u-boji\/","url_meta":{"origin":4264,"position":5},"title":"Video nadzor set 5 MP FULL COLOR 24\/7 slika u boji","date":"11. studenoga 2020.","format":false,"excerpt":"Sada svi mogu da priu\u0161te da imaju sliku u boji \u010dak i no\u0107u o to i rezoluciji od 5 MP ! Dahua Super Akcija 1 x 4 kanalni snima\u010d Dahua 4 x FULL COLOR 5 MP DAHUA kamere ( slika u boji i no\u0107u 24 \/ 7 ) 1 x\u2026","rel":"","context":"Srodne objave","img":{"alt_text":"","src":"https:\/\/i2.wp.com\/astehshop.com\/wp-content\/uploads\/2020\/11\/set-4-kamere-full-color.jpg?fit=799%2C445&resize=350%2C200","width":350,"height":200},"classes":[]}],"_links":{"self":[{"href":"http:\/\/astehshop.com\/index.php\/wp-json\/wp\/v2\/product\/4264"}],"collection":[{"href":"http:\/\/astehshop.com\/index.php\/wp-json\/wp\/v2\/product"}],"about":[{"href":"http:\/\/astehshop.com\/index.php\/wp-json\/wp\/v2\/types\/product"}],"replies":[{"embeddable":true,"href":"http:\/\/astehshop.com\/index.php\/wp-json\/wp\/v2\/comments?post=4264"}],"wp:featuredmedia":[{"embeddable":true,"href":"http:\/\/astehshop.com\/index.php\/wp-json\/wp\/v2\/media\/4265"}],"wp:attachment":[{"href":"http:\/\/astehshop.com\/index.php\/wp-json\/wp\/v2\/media?parent=4264"}],"wp:term":[{"taxonomy":"product_cat","embeddable":true,"href":"http:\/\/astehshop.com\/index.php\/wp-json\/wp\/v2\/product_cat?post=4264"},{"taxonomy":"product_tag","embeddable":true,"href":"http:\/\/astehshop.com\/index.php\/wp-json\/wp\/v2\/product_tag?post=4264"}],"curies":[{"name":"wp","href":"https:\/\/api.w.org\/{rel}","templated":true}]}}