{"id":4258,"date":"2020-03-31T19:39:51","date_gmt":"2020-03-31T17:39:51","guid":{"rendered":"http:\/\/astehshop.com\/?post_type=product&#038;p=4258"},"modified":"2025-09-17T22:05:04","modified_gmt":"2025-09-17T20:05:04","slug":"dahua-komplet-set-2-mp","status":"publish","type":"product","link":"http:\/\/astehshop.com\/index.php\/product\/dahua-komplet-set-2-mp\/","title":{"rendered":"Dahua komplet set 2 MP"},"content":{"rendered":"<p>&#x2705;Dahua komplet set 2 MP<br \/>\n&#x1f4a5;659 KM<\/p>\n<p>&#x27a1;&#xfe0f;U setu dolazi :<\/p>\n<p>&#x26a1;&#xfe0f;1 x 4 kanalni DVR<br \/>\n&#x26a1;&#xfe0f;4 x Dahua kamere 2 MP HAC-HFW1200DP<br \/>\n&#x26a1;&#xfe0f;1 x 500 GB HDD<br \/>\n&#x26a1;&#xfe0f;1 x napajanje 12v 5a<br \/>\n&#x26a1;&#xfe0f;100 metara kabla ( signal + struja )<br \/>\n&#x26a1;&#xfe0f;8 bnc konektora<br \/>\n&#x26a1;&#xfe0f;4 x dc konektora<\/p>\n<p>&#x27a1;&#xfe0f;Garancija na opremu je 24 mjeseca !<\/p>\n<p>Mogu\u0107nost pode\u0161avanja prije slanja i pomo\u0107 pri pu\u0161tanju u rad<\/p>\n<p>Nikole Tesle 31a<br \/>\nBijeljina<br \/>\nwww.technoshopbn.com<br \/>\n055 422 599<\/p>\n","protected":false},"excerpt":{"rendered":"<p>&#x2705;Dahua komplet set 2 MP<br \/>\n&#x1f4a5;659 KM<\/p>\n<p>&#x27a1;&#xfe0f;U setu dolazi :<\/p>\n<p>&#x26a1;&#xfe0f;1 x 4 kanalni DVR<br \/>\n&#x26a1;&#xfe0f;4 x Dahua kamere 2 MP HAC-HFW1200DP<br \/>\n&#x26a1;&#xfe0f;1 x 500 GB HDD<br \/>\n&#x26a1;&#xfe0f;1 x napajanje 12v 5a<br \/>\n&#x26a1;&#xfe0f;100 metara kabla ( signal + struja )<br \/>\n&#x26a1;&#xfe0f;8 bnc konektora<br \/>\n&#x26a1;&#xfe0f;4 x dc konektora<\/p>\n<p>&#x27a1;&#xfe0f;Garancija na opremu je 24 mjeseca !<\/p>\n<p>Mogu\u0107nost pode\u0161avanja prije slanja i pomo\u0107 pri pu\u0161tanju u rad<\/p>\n<p>Nikole Tesle 31a<br \/>\nBijeljina<br \/>\nwww.technoshopbn.com<br \/>\n055 422 599<\/p>\n","protected":false},"featured_media":4259,"comment_status":"open","ping_status":"closed","template":"","meta":{"_mi_skip_tracking":false,"_exactmetrics_sitenote_active":false,"_exactmetrics_sitenote_note":"","_exactmetrics_sitenote_category":0,"spay_email":""},"product_cat":[2298,4415],"product_tag":[2029,2032,2303,1205],"brands":[{"id":2045,"name":"Dahua","slug":"dahua"}],"df_price":"","df_sale_price":"","df_regular_price":"","df_image_link":"https:\/\/i1.wp.com\/astehshop.com\/wp-content\/uploads\/2020\/03\/Dahua-komplet-set-2-MP.jpg?fit=450%2C305","jetpack_publicize_connections":[],"jetpack_sharing_enabled":true,"jetpack_likes_enabled":true,"jetpack-related-posts":[{"id":3799,"url":"http:\/\/astehshop.com\/index.php\/product\/kompletan-dahua-set-za-video-nadzor-2-mp\/","url_meta":{"origin":4258,"position":0},"title":"Kompletan Dahua set za video nadzor 2 MP","date":"15. velja\u010de 2020.","format":false,"excerpt":"\u2705Dahua komplet set 2 MP \ud83d\udca5659 KM \u27a1\ufe0fU setu dolazi : \u26a1\ufe0f1 x 4 kanalni DVR \u26a1\ufe0f4 x Dahua kamere 2 MP HAC-HFW1200DP \u26a1\ufe0f1 x 500 GB HDD \u26a1\ufe0f1 x napajanje 12v 5a \u26a1\ufe0f100 metara kabla ( signal + struja ) \u26a1\ufe0f8 bnc konektora \u26a1\ufe0f4 x dc konektora \u27a1\ufe0fGarancija na\u2026","rel":"","context":"Srodne objave","img":{"alt_text":"","src":"https:\/\/i2.wp.com\/astehshop.com\/wp-content\/uploads\/2020\/02\/kompletan-set-659-KM.jpg?fit=1200%2C814&resize=350%2C200","width":350,"height":200},"classes":[]},{"id":4262,"url":"http:\/\/astehshop.com\/index.php\/product\/dahua-komplet-set-2-mp-1080p-4-kanalni\/","url_meta":{"origin":4258,"position":1},"title":"Dahua komplet set 2 MP 1080p 4 kanalni","date":"31. o\u017eujka 2020.","format":false,"excerpt":"\ud83d\udc49Kompletan set Dahua 2 MP \ud83d\udd25499 KM \u26a1\ufe0f4 x 1080p dahua kamere bullet vanjske \u26a1\ufe0f1 x XVR ( moze do 5 MPX ) 4 izlaza \u26a1\ufe0f1 x HDD 500 GB \u26a1\ufe0f1 x stabilisano napajanje 12v 5Ah \u26a1\ufe0f8 x bnc konektora \u26a1\ufe0f4 x dc konektora \u26a1\ufe0f\u26a1\ufe0fUz ovaj set mozete da kupite\u2026","rel":"","context":"Srodne objave","img":{"alt_text":"","src":"https:\/\/i2.wp.com\/astehshop.com\/wp-content\/uploads\/2020\/03\/dahua-499.jpg?fit=800%2C545&resize=350%2C200","width":350,"height":200},"classes":[]},{"id":4276,"url":"http:\/\/astehshop.com\/index.php\/product\/kompletan-set-dahua-2-mp-4-kanala-dome\/","url_meta":{"origin":4258,"position":2},"title":"Kompletan set DAHUA 2 MP 4 kanala dome","date":"31. o\u017eujka 2020.","format":false,"excerpt":"\u26a1\ufe0fKompletan set kamera Dahua 2 MP dome verzija \ud83d\udc49499 KM U kompletu dolazi : \ud83d\udca51 x DVR ( 4 kanalni, snima\u010d podr\u017eava kamere do 5 MPX ) \u26a1\ufe0f4 x unutra\u0161nja dome kamera 2 MP ( 1080p 20M IR ) \ud83d\udca51 x 500 GB HDD \u26a1\ufe0f1 x stabilisano napajanje 12v 5\u2026","rel":"","context":"Srodne objave","img":{"alt_text":"","src":"https:\/\/i1.wp.com\/astehshop.com\/wp-content\/uploads\/2020\/03\/Kompletan-set-DAHUA-2-MP-4-kanala-dome.jpg?fit=800%2C546&resize=350%2C200","width":350,"height":200},"classes":[]},{"id":5585,"url":"http:\/\/astehshop.com\/index.php\/product\/dahua-set-kamera-video-nadzor-2-mp-komplet\/","url_meta":{"origin":4258,"position":3},"title":"Dahua set kamera video nadzor 2 MP komplet","date":"31. listopada 2021.","format":false,"excerpt":"2 x bullet kamera dahua 2 MP 1 x 4 kanalni snima\u010d dahua 1 x 500 GB HDD 1 x kabal 100m ( struja + signal ) 1 x napajanje stabilisano 4 x bnc konektora 2 x dc konektora Mogucnost pode\u0161avanja opreme prije slanja","rel":"","context":"Srodne objave","img":{"alt_text":"","src":"https:\/\/i2.wp.com\/astehshop.com\/wp-content\/uploads\/2021\/10\/slika-1854472-603b5a3c17eec-velika.jpg?fit=800%2C450&resize=350%2C200","width":350,"height":200},"classes":[]},{"id":4298,"url":"http:\/\/astehshop.com\/index.php\/product\/dahua-profesionalni-8-kanalni-set-kamera-2-mp-full-hd\/","url_meta":{"origin":4258,"position":4},"title":"Dahua profesionalni 8 kanalni set kamera 2 MP FULL HD","date":"31. o\u017eujka 2020.","format":false,"excerpt":"\ud83d\udd25Dahua profesionalni set kamera 2 MP FULL HD \u26a1\ufe0fGARANCIJA 2 GODINE \ud83d\udc4d799 KM 8 x dahua bullet vanjskih kamera 2 MP 1080P 1 x 8 kanalni dahua snima\u010d 8 x dc konektora 16 x bnc konektora 500 GB HDD Stabilisano napajanje 100 M kabla ( signal + struja ) Besplatno\u2026","rel":"","context":"Srodne objave","img":{"alt_text":"","src":"https:\/\/i1.wp.com\/astehshop.com\/wp-content\/uploads\/2020\/03\/Dahua-profesionalni-8-kanalni-set-kamera-2-MP-FULL-HD.jpg?fit=800%2C535&resize=350%2C200","width":350,"height":200},"classes":[]},{"id":4272,"url":"http:\/\/astehshop.com\/index.php\/product\/dahua-set-video-nadzor-4-mpx\/","url_meta":{"origin":4258,"position":5},"title":"Dahua set video nadzor 4 MPX","date":"31. o\u017eujka 2020.","format":false,"excerpt":"\ud83d\udca5Kada Vam treba stra\u0161no dobar VIDEO NADZOR ! \u2705Dahua set 4 kamere 4 MPX sa svom prate\u0107om opremom 699 KM 1 x 4 kanalni snima\u010d dahua 4 x bullet kamera 4 MPX ( 2560 x 1440 ) SMART IR dometa do \u010dak 80 metara - IP67 1 x 500 GB\u2026","rel":"","context":"Srodne objave","img":{"alt_text":"","src":"https:\/\/i2.wp.com\/astehshop.com\/wp-content\/uploads\/2020\/03\/Dahua-set-video-nadzor-4-MPX.jpg?fit=800%2C547&resize=350%2C200","width":350,"height":200},"classes":[]}],"_links":{"self":[{"href":"http:\/\/astehshop.com\/index.php\/wp-json\/wp\/v2\/product\/4258"}],"collection":[{"href":"http:\/\/astehshop.com\/index.php\/wp-json\/wp\/v2\/product"}],"about":[{"href":"http:\/\/astehshop.com\/index.php\/wp-json\/wp\/v2\/types\/product"}],"replies":[{"embeddable":true,"href":"http:\/\/astehshop.com\/index.php\/wp-json\/wp\/v2\/comments?post=4258"}],"wp:featuredmedia":[{"embeddable":true,"href":"http:\/\/astehshop.com\/index.php\/wp-json\/wp\/v2\/media\/4259"}],"wp:attachment":[{"href":"http:\/\/astehshop.com\/index.php\/wp-json\/wp\/v2\/media?parent=4258"}],"wp:term":[{"taxonomy":"product_cat","embeddable":true,"href":"http:\/\/astehshop.com\/index.php\/wp-json\/wp\/v2\/product_cat?post=4258"},{"taxonomy":"product_tag","embeddable":true,"href":"http:\/\/astehshop.com\/index.php\/wp-json\/wp\/v2\/product_tag?post=4258"}],"curies":[{"name":"wp","href":"https:\/\/api.w.org\/{rel}","templated":true}]}}