{"id":4128,"date":"2020-02-22T22:28:04","date_gmt":"2020-02-22T21:28:04","guid":{"rendered":"http:\/\/astehshop.com\/?post_type=product&#038;p=4128"},"modified":"2023-09-24T11:00:11","modified_gmt":"2023-09-24T09:00:11","slug":"longse-bezicni-wifi-set-2-mpx-sa-monitorom-12","status":"publish","type":"product","link":"http:\/\/astehshop.com\/index.php\/product\/longse-bezicni-wifi-set-2-mpx-sa-monitorom-12\/","title":{"rendered":"Longse Be\u017ei\u010dni WiFi set 2 MPX sa monitorom 12&#8221;"},"content":{"rendered":"<div id=\"product-description-short-233\">\n<p>WIFI3604M4SW200<\/p>\n<p>2MP 4CH WIFI Kit Distance 300m Max.<\/p>\n<p>\u2022 1x 4CH WIFI NVR H.265\/H.265+<\/p>\n<p>\u2022 4x 2MP Outdoor Bullet IP Camera IR 25m<\/p>\n<p>\u2022 4x DC12V\/0.5A Power Adapter for WIFI IP Camera<\/p>\n<p>\u2022 1x DC12V\/2A Power Adapter for WIFI NVR<\/p>\n<p>\u2022 1x USB Mouse<\/p>\n<p>U cijenu nije uklju\u010den hard disk! Garancija 24 mjeseca!<\/p>\n<\/div>\n","protected":false},"excerpt":{"rendered":"<div id=\"product-description-short-233\">\n<p>WIFI3604M4SW200<\/p>\n<p>2MP 4CH WIFI Kit Distance 300m Max.<\/p>\n<p>\u2022 1x 4CH WIFI NVR H.265\/H.265+<\/p>\n<p>\u2022 4x 2MP Outdoor Bullet IP Camera IR 25m<\/p>\n<p>\u2022 4x DC12V\/0.5A Power Adapter for WIFI IP Camera<\/p>\n<p>\u2022 1x DC12V\/2A Power Adapter for WIFI NVR<\/p>\n<p>\u2022 1x USB Mouse<\/p>\n<p>U cijenu nije uklju\u010den hard disk! Garancija 24 mjeseca!<\/p>\n<\/div>\n","protected":false},"featured_media":4130,"comment_status":"open","ping_status":"closed","template":"","meta":{"_mi_skip_tracking":false,"_exactmetrics_sitenote_active":false,"_exactmetrics_sitenote_note":"","_exactmetrics_sitenote_category":0,"spay_email":""},"product_cat":[136],"product_tag":[2288,2289,435,1042,1383,1384,251,540,2978,394,462],"brands":[{"id":2220,"name":"Longse","slug":"longse"}],"df_price":930,"df_sale_price":"","df_regular_price":930,"df_image_link":"https:\/\/i1.wp.com\/astehshop.com\/wp-content\/uploads\/2020\/02\/1.png?fit=450%2C441","jetpack_publicize_connections":[],"jetpack_sharing_enabled":true,"jetpack_likes_enabled":true,"jetpack-related-posts":[{"id":4126,"url":"http:\/\/astehshop.com\/index.php\/product\/longse-bezicni-wifi-set-5-mpx-sa-monitorom-12\/","url_meta":{"origin":4128,"position":0},"title":"Longse Be\u017ei\u010dni WiFi set 5 MPX sa monitorom 12&#8221;","date":"22. velja\u010de 2020.","format":false,"excerpt":"Model: WIFI3604M4FK500 5MP 4CH WIFI Kit Distance 300m Max. \u2022 1x 4CH WIFI NVR + Monitor 12\" (All-in-one) \u2022 4x 5MP Outdoor Bullet IP Camera IR 25m \u2022 4x DC12V\/0.5A Power Adapter for WIFI IP Camera \u2022 1x DC12V\/2A Power Adapter for WIFI NVR \u2022 1x USB Mouse U cijenu\u2026","rel":"","context":"Srodne objave","img":{"alt_text":"","src":"https:\/\/i0.wp.com\/astehshop.com\/wp-content\/uploads\/2020\/02\/bezicni-set-1x-snimac-4x-ip-wi-fi-kamera-50mpx-1x-monitor-12.jpg.png?fit=800%2C800&resize=350%2C200","width":350,"height":200},"classes":[]},{"id":3029,"url":"http:\/\/astehshop.com\/index.php\/product\/bezicni-set-4-kamere-snimac-hd-720p\/","url_meta":{"origin":4128,"position":1},"title":"BE\u017dI\u010cNI SET 4 KAMERE + SNIMA\u010c HD 720P","date":"6. velja\u010de 2019.","format":false,"excerpt":"WIFI2004PGE1S100 \u2022 1x KT-NVR2004PGE1W (Hi3520D) \u2022 4 x LBH30S100W4 (OV9732+Hi3518E) \u2022 4CH WIFI NVR & WIFI IP Camera Kit \u2022 IP Camera LBH30S100W: 720P Hisilicon, Outdoor Metal Bullet Case, 30m Night Vision, Support WIFI \u2022 Video Output: 1xHDMI\/ 1xVGA \u2022 Compression Method: H.264 \u2022 Recording Resolution: 1280*720 \u2022 WIFI Range:\u2026","rel":"","context":"Srodne objave","img":{"alt_text":"","src":"https:\/\/i1.wp.com\/astehshop.com\/wp-content\/uploads\/2019\/02\/bezicni-set-4-kamere-snimac-720p.png?fit=800%2C800&resize=350%2C200","width":350,"height":200},"classes":[]},{"id":4118,"url":"http:\/\/astehshop.com\/index.php\/product\/longse-wifi-kamera-2-mp-lbf30s200w\/","url_meta":{"origin":4128,"position":2},"title":"Longse WiFi kamera 2 MP LBF30S200W","date":"22. velja\u010de 2020.","format":false,"excerpt":"LBF30S200W 2MP vanjska IP kamera bullet \u2022 1 \/ 2,9 \"SONY CMOS senzor sa slabim osvetljenjem\u2022 Metoda kompresije H.264 \/ H.264 + \/ H.265 \/ H.265 +\u2022 Sa utorom za SD karticu (Max. 128GB) \u2022 Fiksni objektiv 3,6 mm \u2022 IR udaljenost 30m Max. \u2022 IP66 vanjska metalna futrola U\u2026","rel":"","context":"Srodne objave","img":{"alt_text":"","src":"https:\/\/i2.wp.com\/astehshop.com\/wp-content\/uploads\/2020\/02\/LBF30S200W.jpg?fit=774%2C714&resize=350%2C200","width":350,"height":200},"classes":[]},{"id":6897,"url":"http:\/\/astehshop.com\/index.php\/product\/vivotek-4ch-nvr-4x-poe-port-nd9213p\/","url_meta":{"origin":4128,"position":3},"title":"Vivotek 4ch NVR, 4x PoE port ND9213P","date":"2. prosinca 2022.","format":false,"excerpt":"- 4-kanalni mre\u017eni snima\u010d sa 4x PoE 802.3 at\/af port- mogu\u0107nost dodavanja kamera rezolucije do 8 MP na 30 fps- HDMI & VGA izlaz sa 4K rezolucijom prikaza- 4x Alarm In, 2x Alarm Out- 2x USB 3.0 port- 1x 10\/100Mbps Ethernet (RJ-45)- 1x Audio In, 1x Audio Out- H.265, H.264\u2026","rel":"","context":"Srodne objave","img":{"alt_text":"","src":"https:\/\/i2.wp.com\/astehshop.com\/wp-content\/uploads\/2022\/12\/nd9213p.png?fit=807%2C719&resize=350%2C200","width":350,"height":200},"classes":[]},{"id":4683,"url":"http:\/\/astehshop.com\/index.php\/product\/ip-snimac-9ch-4ch-poe-h-265-h-264-4k-lite-nvr3604dp\/","url_meta":{"origin":4128,"position":4},"title":"IP Snima\u010d 9ch \/ 4ch POE H.265+\/H.264+ 4K Lite NVR3604DP","date":"20. rujna 2020.","format":false,"excerpt":"NVR3604DP IP9CH - 4CH POE H.265+ POE NVR \u2022 Third-party Network Cameras Supported \u2022 Up to 5MP Resolution Recording and Playback \u2022 HD and VGA Output,HD Port up to 1920*1080 \u2022 Support H.265+\/H.265\/H.264+\/H.264 Video Format \u2022 Support 1 SATA up to 8TB Capacity \u2022 Support 4 Independent PoE Network Interfaces\u2026","rel":"","context":"Srodne objave","img":{"alt_text":"","src":"https:\/\/i2.wp.com\/astehshop.com\/wp-content\/uploads\/2020\/09\/NVR3608DP.jpg?fit=480%2C350&resize=350%2C200","width":350,"height":200},"classes":[]},{"id":4120,"url":"http:\/\/astehshop.com\/index.php\/product\/longse-wifi-kamera-2-mp-lirdqs200w\/","url_meta":{"origin":4128,"position":5},"title":"Longse WiFi kamera 2 MP LIRDQS200W","date":"22. velja\u010de 2020.","format":false,"excerpt":"2MP Vanjski Varifocal Dome Wifi IP Udaljenost 300m Maks. \u2022 1 \/ 2,9 \"SONY CMOS senzor sa slabim osvetljenjem \u2022 Metoda kompresije H.264 \/ H.264 + \/ H.265 \/ H.265 + \u2022 Sa utorom za SD karticu (Max. 128GB) \u2022 Varifokalne le\u0107e od 2,8 do 12 mm \u2022 IR udaljenost\u2026","rel":"","context":"Srodne objave","img":{"alt_text":"","src":"https:\/\/i1.wp.com\/astehshop.com\/wp-content\/uploads\/2020\/02\/LIRDQS200W.jpg?fit=682%2C538&resize=350%2C200","width":350,"height":200},"classes":[]}],"_links":{"self":[{"href":"http:\/\/astehshop.com\/index.php\/wp-json\/wp\/v2\/product\/4128"}],"collection":[{"href":"http:\/\/astehshop.com\/index.php\/wp-json\/wp\/v2\/product"}],"about":[{"href":"http:\/\/astehshop.com\/index.php\/wp-json\/wp\/v2\/types\/product"}],"replies":[{"embeddable":true,"href":"http:\/\/astehshop.com\/index.php\/wp-json\/wp\/v2\/comments?post=4128"}],"wp:featuredmedia":[{"embeddable":true,"href":"http:\/\/astehshop.com\/index.php\/wp-json\/wp\/v2\/media\/4130"}],"wp:attachment":[{"href":"http:\/\/astehshop.com\/index.php\/wp-json\/wp\/v2\/media?parent=4128"}],"wp:term":[{"taxonomy":"product_cat","embeddable":true,"href":"http:\/\/astehshop.com\/index.php\/wp-json\/wp\/v2\/product_cat?post=4128"},{"taxonomy":"product_tag","embeddable":true,"href":"http:\/\/astehshop.com\/index.php\/wp-json\/wp\/v2\/product_tag?post=4128"}],"curies":[{"name":"wp","href":"https:\/\/api.w.org\/{rel}","templated":true}]}}