{"id":4126,"date":"2020-02-22T22:24:14","date_gmt":"2020-02-22T21:24:14","guid":{"rendered":"http:\/\/astehshop.com\/?post_type=product&#038;p=4126"},"modified":"2023-09-24T11:00:12","modified_gmt":"2023-09-24T09:00:12","slug":"longse-bezicni-wifi-set-5-mpx-sa-monitorom-12","status":"publish","type":"product","link":"http:\/\/astehshop.com\/index.php\/product\/longse-bezicni-wifi-set-5-mpx-sa-monitorom-12\/","title":{"rendered":"Longse Be\u017ei\u010dni WiFi set 5 MPX sa monitorom 12&#8221;"},"content":{"rendered":"<div id=\"product-description-short-235\">\n<p>Model: WIFI3604M4FK500<\/p>\n<p>5MP 4CH WIFI Kit Distance 300m Max.<\/p>\n<p>\u2022 1x 4CH WIFI NVR + Monitor 12&#8243; (All-in-one)<\/p>\n<p>\u2022 4x 5MP Outdoor Bullet IP Camera IR 25m<\/p>\n<p>\u2022 4x DC12V\/0.5A Power Adapter for WIFI IP Camera<\/p>\n<p>\u2022 1x DC12V\/2A Power Adapter for WIFI NVR<\/p>\n<p>\u2022 1x USB Mouse<\/p>\n<p>U cijenu nije uklju\u010den hard disk! Garancija 24 mjeseca!<\/p>\n<\/div>\n","protected":false},"excerpt":{"rendered":"<div id=\"product-description-short-235\">\n<p>Model: WIFI3604M4FK500<\/p>\n<p>5MP 4CH WIFI Kit Distance 300m Max.<\/p>\n<p>\u2022 1x 4CH WIFI NVR + Monitor 12&#8243; (All-in-one)<\/p>\n<p>\u2022 4x 5MP Outdoor Bullet IP Camera IR 25m<\/p>\n<p>\u2022 4x DC12V\/0.5A Power Adapter for WIFI IP Camera<\/p>\n<p>\u2022 1x DC12V\/2A Power Adapter for WIFI NVR<\/p>\n<p>\u2022 1x USB Mouse<\/p>\n<p>U cijenu nije uklju\u010den hard disk! Garancija 24 mjeseca!<\/p>\n<\/div>\n","protected":false},"featured_media":4127,"comment_status":"open","ping_status":"closed","template":"","meta":{"_mi_skip_tracking":false,"_exactmetrics_sitenote_active":false,"_exactmetrics_sitenote_note":"","_exactmetrics_sitenote_category":0,"spay_email":""},"product_cat":[136],"product_tag":[2286,2287,435,477,1042,1383,1384,540,2978,394,462,1031],"brands":[{"id":2220,"name":"Longse","slug":"longse"}],"df_price":1099,"df_sale_price":"","df_regular_price":1099,"df_image_link":"https:\/\/i0.wp.com\/astehshop.com\/wp-content\/uploads\/2020\/02\/bezicni-set-1x-snimac-4x-ip-wi-fi-kamera-50mpx-1x-monitor-12.jpg.png?fit=450%2C450","jetpack_publicize_connections":[],"jetpack_sharing_enabled":true,"jetpack_likes_enabled":true,"jetpack-related-posts":[{"id":4128,"url":"http:\/\/astehshop.com\/index.php\/product\/longse-bezicni-wifi-set-2-mpx-sa-monitorom-12\/","url_meta":{"origin":4126,"position":0},"title":"Longse Be\u017ei\u010dni WiFi set 2 MPX sa monitorom 12&#8221;","date":"22. velja\u010de 2020.","format":false,"excerpt":"WIFI3604M4SW200 2MP 4CH WIFI Kit Distance 300m Max. \u2022 1x 4CH WIFI NVR H.265\/H.265+ \u2022 4x 2MP Outdoor Bullet IP Camera IR 25m \u2022 4x DC12V\/0.5A Power Adapter for WIFI IP Camera \u2022 1x DC12V\/2A Power Adapter for WIFI NVR \u2022 1x USB Mouse U cijenu nije uklju\u010den hard disk!\u2026","rel":"","context":"Srodne objave","img":{"alt_text":"","src":"https:\/\/i1.wp.com\/astehshop.com\/wp-content\/uploads\/2020\/02\/1.png?fit=840%2C824&resize=350%2C200","width":350,"height":200},"classes":[]},{"id":3029,"url":"http:\/\/astehshop.com\/index.php\/product\/bezicni-set-4-kamere-snimac-hd-720p\/","url_meta":{"origin":4126,"position":1},"title":"BE\u017dI\u010cNI SET 4 KAMERE + SNIMA\u010c HD 720P","date":"6. velja\u010de 2019.","format":false,"excerpt":"WIFI2004PGE1S100 \u2022 1x KT-NVR2004PGE1W (Hi3520D) \u2022 4 x LBH30S100W4 (OV9732+Hi3518E) \u2022 4CH WIFI NVR & WIFI IP Camera Kit \u2022 IP Camera LBH30S100W: 720P Hisilicon, Outdoor Metal Bullet Case, 30m Night Vision, Support WIFI \u2022 Video Output: 1xHDMI\/ 1xVGA \u2022 Compression Method: H.264 \u2022 Recording Resolution: 1280*720 \u2022 WIFI Range:\u2026","rel":"","context":"Srodne objave","img":{"alt_text":"","src":"https:\/\/i1.wp.com\/astehshop.com\/wp-content\/uploads\/2019\/02\/bezicni-set-4-kamere-snimac-720p.png?fit=800%2C800&resize=350%2C200","width":350,"height":200},"classes":[]},{"id":4984,"url":"http:\/\/astehshop.com\/index.php\/product\/wi-fi-bullet-ip-kamera-5mp-3-6mm-25m-ir-micro-sd-slot-lbf30fk500w-sd\/","url_meta":{"origin":4126,"position":2},"title":"WI-FI Bullet IP kamera 5MP 3.6mm 25m IR + Micro SD Slot LBF30FK500W-SD","date":"7. studenoga 2020.","format":false,"excerpt":"LBF30FK500W-SD 5MP Outdoor Fixed Bullet Wifi IP \u2022 1\/2.5\"High-resolution CMOS Sensor \u2022 H.265\/H.264 Compression Method \u2022 3.6mm Fixed Lens \u2022 With SD Card Slot (Max. 256GB) \u2022 IR Distance 25m Max. \u2022 IP67 Outdoor Metal Case Garancija 24 mjeseca","rel":"","context":"Srodne objave","img":{"alt_text":"","src":"https:\/\/i0.wp.com\/astehshop.com\/wp-content\/uploads\/2020\/11\/LBF30FK500W-SD.jpg?fit=480%2C350&resize=350%2C200","width":350,"height":200},"classes":[]},{"id":4689,"url":"http:\/\/astehshop.com\/index.php\/product\/snimac-xvr-4ch-5-in-1-ahd-cvi-tvi-5mp-ip-8mp-xvrda2004hd\/","url_meta":{"origin":4126,"position":3},"title":"Snima\u010d XVR 4CH 5-IN-1 AHD \/ CVI \/ TVI 5MP \/ IP 8MP XVRDA2004HD","date":"20. rujna 2020.","format":false,"excerpt":"XVRDA2004HD 4CH H.265 5IN1 XVR 5MP \/ IP 8MP \u2022 Support AHD\/CVI\/TVI\/IP\/Analog Camera Input \u2022 Up to HD 8MP and IP 5MP Resolution Recording \u2022 Support HD Output, VGA and CVBS Video Output \u2022 Support Max. 4CH HD or 16CH IP Camera Input \u2022 Support 1 SATA up to 8TB\u2026","rel":"","context":"Srodne objave","img":{"alt_text":"","src":"https:\/\/i2.wp.com\/astehshop.com\/wp-content\/uploads\/2020\/09\/NVR3608DP-1.jpg?fit=480%2C350&resize=350%2C200","width":350,"height":200},"classes":[]},{"id":6897,"url":"http:\/\/astehshop.com\/index.php\/product\/vivotek-4ch-nvr-4x-poe-port-nd9213p\/","url_meta":{"origin":4126,"position":4},"title":"Vivotek 4ch NVR, 4x PoE port ND9213P","date":"2. prosinca 2022.","format":false,"excerpt":"- 4-kanalni mre\u017eni snima\u010d sa 4x PoE 802.3 at\/af port- mogu\u0107nost dodavanja kamera rezolucije do 8 MP na 30 fps- HDMI & VGA izlaz sa 4K rezolucijom prikaza- 4x Alarm In, 2x Alarm Out- 2x USB 3.0 port- 1x 10\/100Mbps Ethernet (RJ-45)- 1x Audio In, 1x Audio Out- H.265, H.264\u2026","rel":"","context":"Srodne objave","img":{"alt_text":"","src":"https:\/\/i2.wp.com\/astehshop.com\/wp-content\/uploads\/2022\/12\/nd9213p.png?fit=807%2C719&resize=350%2C200","width":350,"height":200},"classes":[]},{"id":4118,"url":"http:\/\/astehshop.com\/index.php\/product\/longse-wifi-kamera-2-mp-lbf30s200w\/","url_meta":{"origin":4126,"position":5},"title":"Longse WiFi kamera 2 MP LBF30S200W","date":"22. velja\u010de 2020.","format":false,"excerpt":"LBF30S200W 2MP vanjska IP kamera bullet \u2022 1 \/ 2,9 \"SONY CMOS senzor sa slabim osvetljenjem\u2022 Metoda kompresije H.264 \/ H.264 + \/ H.265 \/ H.265 +\u2022 Sa utorom za SD karticu (Max. 128GB) \u2022 Fiksni objektiv 3,6 mm \u2022 IR udaljenost 30m Max. \u2022 IP66 vanjska metalna futrola U\u2026","rel":"","context":"Srodne objave","img":{"alt_text":"","src":"https:\/\/i2.wp.com\/astehshop.com\/wp-content\/uploads\/2020\/02\/LBF30S200W.jpg?fit=774%2C714&resize=350%2C200","width":350,"height":200},"classes":[]}],"_links":{"self":[{"href":"http:\/\/astehshop.com\/index.php\/wp-json\/wp\/v2\/product\/4126"}],"collection":[{"href":"http:\/\/astehshop.com\/index.php\/wp-json\/wp\/v2\/product"}],"about":[{"href":"http:\/\/astehshop.com\/index.php\/wp-json\/wp\/v2\/types\/product"}],"replies":[{"embeddable":true,"href":"http:\/\/astehshop.com\/index.php\/wp-json\/wp\/v2\/comments?post=4126"}],"wp:featuredmedia":[{"embeddable":true,"href":"http:\/\/astehshop.com\/index.php\/wp-json\/wp\/v2\/media\/4127"}],"wp:attachment":[{"href":"http:\/\/astehshop.com\/index.php\/wp-json\/wp\/v2\/media?parent=4126"}],"wp:term":[{"taxonomy":"product_cat","embeddable":true,"href":"http:\/\/astehshop.com\/index.php\/wp-json\/wp\/v2\/product_cat?post=4126"},{"taxonomy":"product_tag","embeddable":true,"href":"http:\/\/astehshop.com\/index.php\/wp-json\/wp\/v2\/product_tag?post=4126"}],"curies":[{"name":"wp","href":"https:\/\/api.w.org\/{rel}","templated":true}]}}