{"id":3980,"date":"2020-02-18T22:44:49","date_gmt":"2020-02-18T21:44:49","guid":{"rendered":"http:\/\/astehshop.com\/?post_type=product&#038;p=3980"},"modified":"2024-02-18T09:23:18","modified_gmt":"2024-02-18T08:23:18","slug":"paradox-k656-lcd-tastatura-sifrator-na-dodir","status":"publish","type":"product","link":"http:\/\/astehshop.com\/index.php\/product\/paradox-k656-lcd-tastatura-sifrator-na-dodir\/","title":{"rendered":"Paradox K656 LCD tastatura \u0161ifrator na dodir"},"content":{"rendered":"<p>\u2022 LCD tipkovnica osjetljiva na dodir<br \/>\n\u2022 Povezivanje na vi\u0161estruku sabirnicu: 4-\u017ei\u010dna enkriptirana komunikacijska sabirnica na 500 bps (13,8 Vdc)<br \/>\n\u2022 Prikaz statusa do 4 particije i 384 zone<br \/>\n\u2022 Prikaz alarma zone: prikazuje zone koje su u alarmu do prestanka alarm<\/p>\n","protected":false},"excerpt":{"rendered":"<p>\u2022 LCD tipkovnica osjetljiva na dodir<br \/>\n\u2022 Povezivanje na vi\u0161estruku sabirnicu: 4-\u017ei\u010dna enkriptirana komunikacijska sabirnica na 500 bps (13,8 Vdc)<br \/>\n\u2022 Prikaz statusa do 4 particije i 384 zone<br \/>\n\u2022 Prikaz alarma zone: prikazuje zone koje su u alarmu do prestanka alarm<\/p>\n","protected":false},"featured_media":3981,"comment_status":"open","ping_status":"closed","template":"","meta":{"_mi_skip_tracking":false,"_exactmetrics_sitenote_active":false,"_exactmetrics_sitenote_note":"","_exactmetrics_sitenote_category":0,"spay_email":""},"product_cat":[144],"product_tag":[2158,2159,275,778],"brands":[{"id":2046,"name":"paradox","slug":"paradox"}],"df_price":279,"df_sale_price":"","df_regular_price":279,"df_image_link":"https:\/\/i2.wp.com\/astehshop.com\/wp-content\/uploads\/2020\/02\/K656.jpg?fit=450%2C440","jetpack_publicize_connections":[],"jetpack_sharing_enabled":true,"jetpack_likes_enabled":true,"jetpack-related-posts":[{"id":12209,"url":"http:\/\/astehshop.com\/index.php\/product\/paradox-tastatura-k38m\/","url_meta":{"origin":3980,"position":0},"title":"Paradox Tastatura K38M","date":"28. sije\u010dnja 2026.","format":false,"excerpt":"Be\u017ei\u010dna LCD tastatura za 32 zone i 2 particije Integrisan be\u017ei\u010dni primopredajnik na frekvenciji 868MHz, koristi auto learn funkciju \u0161to zna\u010di da se automatski registruje na centralu M serije, bez potrebe za ru\u010dnim unosom iste u sistem, funkcijski tasteri (DISARM, STAY, SLEEP, ARM), tasteri za kontrolu izlaza PGM1 do PGM4,\u2026","rel":"","context":"Srodne objave","img":{"alt_text":"","src":"https:\/\/i2.wp.com\/astehshop.com\/wp-content\/uploads\/2026\/01\/Tastatura-K38M.png?fit=994%2C994&resize=350%2C200","width":350,"height":200},"classes":[]},{"id":10121,"url":"http:\/\/astehshop.com\/index.php\/product\/wsdt17sd7videointerfonskimonitor\/","url_meta":{"origin":3980,"position":1},"title":"WS\u2010DT17S D7 Videointerfonski  monitor","date":"30. o\u017eujka 2025.","format":false,"excerpt":"TFT-LCD monitor dijagonale 7\" Dvosmjerna audio komunikacija, mogu\u0107nost me\u0111usobne komunikacije, pode\u0161avanje adrese preko DIP prekida\u010da, tasteri osjetljivi na dodir, povezivanje na 2 \u017eice.","rel":"","context":"Srodne objave","img":{"alt_text":"","src":"https:\/\/i1.wp.com\/astehshop.com\/wp-content\/uploads\/2025\/03\/westernsecurity-wsdt17sd7-videointerfonski-monitor_0.jpg?fit=1200%2C675&resize=350%2C200","width":350,"height":200},"classes":[]},{"id":10113,"url":"http:\/\/astehshop.com\/index.php\/product\/ws-dt437-videointerfonski-monitor-dt437-d4-4-3-tft\/","url_meta":{"origin":3980,"position":2},"title":"WS-DT437 Videointerfonski  monitor DT437\/D4 4.3&#8243; TFT","date":"30. o\u017eujka 2025.","format":false,"excerpt":"TFT-LCD monitor dijagonale 4,3\" Rezolucija 480x272 piksela, dvosmerna audio komunikacija, mogu\u0107nost me\u0111usobne komunikacije, pode\u0161avanje adrese preko DIP prekida\u010da, tasteri osetljivi na dodir, povezivanje na 2 \u017eice.","rel":"","context":"Srodne objave","img":{"alt_text":"","src":"https:\/\/i0.wp.com\/astehshop.com\/wp-content\/uploads\/2025\/03\/westernsecurity-ws-dt437-videointerfonski-monitor-dt437d4-43-tft_0.jpg?fit=1200%2C675&resize=350%2C200","width":350,"height":200},"classes":[]},{"id":3970,"url":"http:\/\/astehshop.com\/index.php\/product\/kontrolni-panel-model-tm70-na-dodir-7\/","url_meta":{"origin":3980,"position":3},"title":"KONTROLNI PANEL MODEL TM70 na dodir 7&#8221;","date":"18. velja\u010de 2020.","format":false,"excerpt":"MODEL: TM70 LCD UPRAVLJA\u010cKO \/ KONTROLNI PANEL, 7\" OSJETLJIV NA DODIR SPOTON LOCATOR OMOGU\u0106UJE DO 32 PROSTORNA NACRTA UZ MOGU\u0106NOST URE\u0110IVANJA I PRILAGODBE NACRTA SA PRIKAZOM ZONA","rel":"","context":"Srodne objave","img":{"alt_text":"","src":"https:\/\/i1.wp.com\/astehshop.com\/wp-content\/uploads\/2020\/02\/KONTROLNI-PANEL-MODEL-TM70.jpg?fit=1200%2C1038&resize=350%2C200","width":350,"height":200},"classes":[]},{"id":2491,"url":"http:\/\/astehshop.com\/index.php\/product\/bezicna-paradox-alarmna-centrala-mg5500\/","url_meta":{"origin":3980,"position":4},"title":"Be\u017ei\u010dna paradox alarmna centrala MG5050+","date":"27. velja\u010de 2018.","format":false,"excerpt":"Be\u017ei\u010dna alarmna centrala, 32 zone, 2 particije, max.16 PGMova, ugra\u0111en be\u017ei\u010dni primo-predajnik, 5 \u017ei\u010danih ulaza za zone na plo\u010d","rel":"","context":"Srodne objave","img":{"alt_text":"","src":"https:\/\/i1.wp.com\/astehshop.com\/wp-content\/uploads\/2018\/02\/mg5500paradox.jpg?fit=500%2C500&resize=350%2C200","width":350,"height":200},"classes":[]},{"id":11382,"url":"http:\/\/astehshop.com\/index.php\/product\/pametni-sat-djeciji-modio-mk05-pink\/","url_meta":{"origin":3980,"position":5},"title":"Pametni sat dje\u010diji Modio MK05 Pink","date":"23. srpnja 2025.","format":false,"excerpt":"Displej:\u00a01.44\" u boji, osjetljiv na dodir Otpornost:\u00a0Izdr\u017eljiv i otporan na pad (anti-drop dizajn) SIM kartica:\u00a0Podr\u017ean ulaz za SIM \u2014 omogu\u0107ava funkcije poziva i GPS-a Prikaz vremena:\u00a0Standardni digitalni prikaz Mapa:\u00a0Prikaz lokacije sata u stvarnom vremenu SOS tipka:\u00a0Za hitne situacije \u2014 brzo obavje\u0161tava roditelja Daljinsko nadgledanje:\u00a0Roditelj mo\u017ee pratiti djetetovu okolinu putem zvuka\u2026","rel":"","context":"Srodne objave","img":{"alt_text":"","src":"https:\/\/i1.wp.com\/astehshop.com\/wp-content\/uploads\/2025\/07\/0125175_pametni-sat-djeciji-modio-mk05-pink.jpeg?fit=900%2C900&resize=350%2C200","width":350,"height":200},"classes":[]}],"_links":{"self":[{"href":"http:\/\/astehshop.com\/index.php\/wp-json\/wp\/v2\/product\/3980"}],"collection":[{"href":"http:\/\/astehshop.com\/index.php\/wp-json\/wp\/v2\/product"}],"about":[{"href":"http:\/\/astehshop.com\/index.php\/wp-json\/wp\/v2\/types\/product"}],"replies":[{"embeddable":true,"href":"http:\/\/astehshop.com\/index.php\/wp-json\/wp\/v2\/comments?post=3980"}],"wp:featuredmedia":[{"embeddable":true,"href":"http:\/\/astehshop.com\/index.php\/wp-json\/wp\/v2\/media\/3981"}],"wp:attachment":[{"href":"http:\/\/astehshop.com\/index.php\/wp-json\/wp\/v2\/media?parent=3980"}],"wp:term":[{"taxonomy":"product_cat","embeddable":true,"href":"http:\/\/astehshop.com\/index.php\/wp-json\/wp\/v2\/product_cat?post=3980"},{"taxonomy":"product_tag","embeddable":true,"href":"http:\/\/astehshop.com\/index.php\/wp-json\/wp\/v2\/product_tag?post=3980"}],"curies":[{"name":"wp","href":"https:\/\/api.w.org\/{rel}","templated":true}]}}