{"id":3972,"date":"2020-02-18T22:24:07","date_gmt":"2020-02-18T21:24:07","guid":{"rendered":"http:\/\/astehshop.com\/?post_type=product&#038;p=3972"},"modified":"2024-02-18T09:23:51","modified_gmt":"2024-02-18T08:23:51","slug":"touchscreen-sifrator-tm50-touch","status":"publish","type":"product","link":"http:\/\/astehshop.com\/index.php\/product\/touchscreen-sifrator-tm50-touch\/","title":{"rendered":"Touchscreen \u0161ifrator &#8211; TM50 Touch"},"content":{"rendered":"<p>\u2022 5 \u2013 in\u010dni (12.7cm) kolor ekran (rezolucije 480 \u00d7 272 piksela)<br \/>\n\u2022 Tanak, ugladjen dizajn.<br \/>\n\u2022 Intuitivni, ikono-orijentisani meniji, bez potrebe za uputstvom.<br \/>\n\u2022 Mogu\u0107nost kontrole do 8 <span class=\"caps\">PGM<\/span> izlaza.<br \/>\n\u2022 Nadogradnja firmvera putem softvera In-field na micro SD kartici.<br \/>\n\u2022 Mo\u0107an, napredni procesor<br \/>\n\u2022 1 zonski\/temperaturni ulaz za povezivanje detektora ili TEMP07 (eksternog temperaturnog senzora)<br \/>\n\u2022 Pode\u0161avanje prevoda preko web aplikacije<br \/>\n\u2022 Nazidna instalacija: 14.4 \u00d7 9.6 \u00d7 1.4 cm<\/p>\n<p>Korisni\u010dki re\u017eim:<br \/>\nTM50 Touch korisniku olak\u0161ava kori\u0161\u0107enje. Intuitivni ikonoorijentisani meniji (bez potrebe za uputstvom), veoma brz vremenski odziv prilikom skrolovanja strana, i jasna i precizna aktivacija preko menija odlikuju TM50 Touch \u0161ifrator \u2013 novu generaciju u kontroli sistema.<\/p>\n<p>SpotOn alarm Lokator &#x2122; (opciono):<br \/>\nDoo 32 slike je mogu\u0107e upload-ovati na TM50 Touch \u0161ifrator \u010dime se dobija grafi\u010dka predstava lokacija zona. Pode\u0161avanje podloga, fotografija ili slika sistema.<\/p>\n<p>OneScreen Pra\u0107enje &#x2122; (opciono):<br \/>\nOva funkcija prikazuje status naoru\u017eavanja svih particija i zona. Takodje, u Solo Test&#x2122; re\u017eimu, instalateri i korisnici mogu sa lako\u0107om testirati sve zone sistema preko TM50 Touch \u0161ifratora.<\/p>\n<p>Le\u017ei\u0161te za SD karticu:<br \/>\nOva funkcija omogu\u0107ava otpremanje fotografija, projekciju slajdova ili a\u017euriranje firmvera.<\/p>\n<p>Podesivi nazivi:<br \/>\nDozvoljava korisniku da podesi i prika\u017ee zone, oblasti, korisnike i <span class=\"caps\">PGM<\/span> nazive.<\/p>\n","protected":false},"excerpt":{"rendered":"<p>\u2022 5 \u2013 in\u010dni (12.7cm) kolor ekran (rezolucije 480 \u00d7 272 piksela)<br \/>\n\u2022 Tanak, ugladjen dizajn.<br \/>\n\u2022 Intuitivni, ikono-orijentisani meniji, bez potrebe za uputstvom.<br \/>\n\u2022 Mogu\u0107nost kontrole do 8 <span class=\"caps\">PGM<\/span> izlaza.<br \/>\n\u2022 Nadogradnja firmvera putem softvera In-field na micro SD kartici.<br \/>\n\u2022 Mo\u0107an, napredni procesor<br \/>\n\u2022 1 zonski\/temperaturni ulaz za povezivanje detektora ili TEMP07 (eksternog temperaturnog senzora)<br \/>\n\u2022 Pode\u0161avanje prevoda preko web aplikacije<br \/>\n\u2022 Nazidna instalacija: 14.4 \u00d7 9.6 \u00d7 1.4 cm<\/p>\n<p>Korisni\u010dki re\u017eim:<br \/>\nTM50 Touch korisniku olak\u0161ava kori\u0161\u0107enje. Intuitivni ikonoorijentisani meniji (bez potrebe za uputstvom), veoma brz vremenski odziv prilikom skrolovanja strana, i jasna i precizna aktivacija preko menija odlikuju TM50 Touch \u0161ifrator \u2013 novu generaciju u kontroli sistema.<\/p>\n<p>SpotOn alarm Lokator &#x2122; (opciono):<br \/>\nDoo 32 slike je mogu\u0107e upload-ovati na TM50 Touch \u0161ifrator \u010dime se dobija grafi\u010dka predstava lokacija zona. Pode\u0161avanje podloga, fotografija ili slika sistema.<\/p>\n<p>OneScreen Pra\u0107enje &#x2122; (opciono):<br \/>\nOva funkcija prikazuje status naoru\u017eavanja svih particija i zona. Takodje, u Solo Test&#x2122; re\u017eimu, instalateri i korisnici mogu sa lako\u0107om testirati sve zone sistema preko TM50 Touch \u0161ifratora.<\/p>\n<p>Le\u017ei\u0161te za SD karticu:<br \/>\nOva funkcija omogu\u0107ava otpremanje fotografija, projekciju slajdova ili a\u017euriranje firmvera.<\/p>\n<p>Podesivi nazivi:<br \/>\nDozvoljava korisniku da podesi i prika\u017ee zone, oblasti, korisnike i <span class=\"caps\">PGM<\/span> nazive.<\/p>\n","protected":false},"featured_media":3973,"comment_status":"open","ping_status":"closed","template":"","meta":{"_mi_skip_tracking":false,"_exactmetrics_sitenote_active":false,"_exactmetrics_sitenote_note":"","_exactmetrics_sitenote_category":0,"spay_email":""},"product_cat":[144],"product_tag":[254,245,275,2150,2151],"brands":[{"id":2046,"name":"paradox","slug":"paradox"}],"df_price":430,"df_sale_price":"","df_regular_price":430,"df_image_link":"https:\/\/i2.wp.com\/astehshop.com\/wp-content\/uploads\/2020\/02\/TM50.jpg?fit=450%2C437","jetpack_publicize_connections":[],"jetpack_sharing_enabled":true,"jetpack_likes_enabled":true,"jetpack-related-posts":[{"id":2518,"url":"http:\/\/astehshop.com\/index.php\/product\/zicni-sifrator-k10v\/","url_meta":{"origin":3972,"position":0},"title":"\u017di\u010dni \u0161ifrator K10 LED","date":"27. velja\u010de 2018.","format":false,"excerpt":"LED \u0161ifrator za 10 zona (za MG5000, MG5050 i Spectra SP)","rel":"","context":"Srodne objave","img":{"alt_text":"","src":"https:\/\/i1.wp.com\/astehshop.com\/wp-content\/uploads\/2018\/02\/k10v.jpg?fit=500%2C421&resize=350%2C200","width":350,"height":200},"classes":[]},{"id":2521,"url":"http:\/\/astehshop.com\/index.php\/product\/zicni-sifrator-k32\/","url_meta":{"origin":3972,"position":1},"title":"\u017di\u010dni \u0161ifrator K32+","date":"27. velja\u010de 2018.","format":false,"excerpt":"LED \u0161ifrator za 32 zone (za centrale serije Spectra SP i Magellan) 1 ulaz za zonu, 3 panik tastera","rel":"","context":"Srodne objave","img":{"alt_text":"","src":"https:\/\/i2.wp.com\/astehshop.com\/wp-content\/uploads\/2018\/02\/k32plus.jpg?fit=500%2C459&resize=350%2C200","width":350,"height":200},"classes":[]},{"id":2511,"url":"http:\/\/astehshop.com\/index.php\/product\/bezicni-sifrator-k32rf\/","url_meta":{"origin":3972,"position":2},"title":"Be\u017ei\u010dni \u0161ifrator K32RF","date":"27. velja\u010de 2018.","format":false,"excerpt":"LED \u0161ifrator za 32 zone - be\u017ei\u010dni (za MG5000, MG5050 i za Spectra SP sa RTX3 ili K32LX)","rel":"","context":"Srodne objave","img":{"alt_text":"","src":"https:\/\/i1.wp.com\/astehshop.com\/wp-content\/uploads\/2018\/02\/k32rf.jpg?fit=500%2C406&resize=350%2C200","width":350,"height":200},"classes":[]},{"id":2524,"url":"http:\/\/astehshop.com\/index.php\/product\/zicni-sifrator-k32lcd\/","url_meta":{"origin":3972,"position":3},"title":"\u017di\u010dni \u0161ifrator K32LCD+","date":"27. velja\u010de 2018.","format":false,"excerpt":"LCD \u0161ifrator - \u017ei\u010dni (za MG5000, MG5050 i Spectra SP) 1 zona, 3 panik tastera","rel":"","context":"Srodne objave","img":{"alt_text":"","src":"https:\/\/i0.wp.com\/astehshop.com\/wp-content\/uploads\/2018\/02\/k32lcdplus.jpg?fit=500%2C459&resize=350%2C200","width":350,"height":200},"classes":[]},{"id":2514,"url":"http:\/\/astehshop.com\/index.php\/product\/bezicni-sifrator-k32wk\/","url_meta":{"origin":3972,"position":4},"title":"Be\u017ei\u010dni \u0161ifrator K32WK","date":"27. velja\u010de 2018.","format":false,"excerpt":"LED \u0161ifrator za 32 zone - be\u017ei\u010dni (za MG-6130\/MG-6160) ugra\u0111en be\u017ei\u010dni primo-predajnik, 3 panik tastera, sa akumulatorom, zahtjeva dodatno napajanje - ispravlja\u010d 6Vdc - PA6-EU","rel":"","context":"Srodne objave","img":{"alt_text":"","src":"https:\/\/i2.wp.com\/astehshop.com\/wp-content\/uploads\/2018\/02\/K32WKparadox.jpg?fit=500%2C406&resize=350%2C200","width":350,"height":200},"classes":[]},{"id":2838,"url":"http:\/\/astehshop.com\/index.php\/product\/tastatura-sifrator-1555rkw\/","url_meta":{"origin":3972,"position":5},"title":"Tastatura \u0161ifrator 1555RKW","date":"22. srpnja 2018.","format":false,"excerpt":"Tastatura sa LED statusnim lampicama i jednim ulazom za zonu.","rel":"","context":"Srodne objave","img":{"alt_text":"","src":"https:\/\/i1.wp.com\/astehshop.com\/wp-content\/uploads\/2018\/07\/1555RKW-1.jpg?fit=454%2C445&resize=350%2C200","width":350,"height":200},"classes":[]}],"_links":{"self":[{"href":"http:\/\/astehshop.com\/index.php\/wp-json\/wp\/v2\/product\/3972"}],"collection":[{"href":"http:\/\/astehshop.com\/index.php\/wp-json\/wp\/v2\/product"}],"about":[{"href":"http:\/\/astehshop.com\/index.php\/wp-json\/wp\/v2\/types\/product"}],"replies":[{"embeddable":true,"href":"http:\/\/astehshop.com\/index.php\/wp-json\/wp\/v2\/comments?post=3972"}],"wp:featuredmedia":[{"embeddable":true,"href":"http:\/\/astehshop.com\/index.php\/wp-json\/wp\/v2\/media\/3973"}],"wp:attachment":[{"href":"http:\/\/astehshop.com\/index.php\/wp-json\/wp\/v2\/media?parent=3972"}],"wp:term":[{"taxonomy":"product_cat","embeddable":true,"href":"http:\/\/astehshop.com\/index.php\/wp-json\/wp\/v2\/product_cat?post=3972"},{"taxonomy":"product_tag","embeddable":true,"href":"http:\/\/astehshop.com\/index.php\/wp-json\/wp\/v2\/product_tag?post=3972"}],"curies":[{"name":"wp","href":"https:\/\/api.w.org\/{rel}","templated":true}]}}