{"id":3959,"date":"2020-02-17T22:26:21","date_gmt":"2020-02-17T21:26:21","guid":{"rendered":"http:\/\/astehshop.com\/?post_type=product&#038;p=3959"},"modified":"2025-09-17T21:32:50","modified_gmt":"2025-09-17T19:32:50","slug":"hikvision-colorvu-kamera-5-mp-ds-2ce72hft-f28","status":"publish","type":"product","link":"http:\/\/astehshop.com\/index.php\/product\/hikvision-colorvu-kamera-5-mp-ds-2ce72hft-f28\/","title":{"rendered":"HikVision ColorVu kamera 5 MP DS-2CE72HFT-F28 *"},"content":{"rendered":"<p>ColorVu 5MP dan\/no\u0107 TVI kamera u dome ku\u0107i\u0161tu, 5 megapiksela, 4 u 1 (TVI, AHD, CVI ili analogna) sa IC diodama Slika u boji 24 sata, 5 megapiksela CMOS \u010dip, rezolucija 2560\u00d71944 piksela, fiksni objektiv 2.8mm, TVI video izlaz rezolucije 5MP (mogu\u0107e prebacivanje u TVI\/AHD\/CVI,CVBS re\u017eim), emitovanje 5MP u 20fps, emitovanje 4MP i 1080p u25fps, dan\/no\u0107, ICR filter, 3D DNR, True WDR 130dB, smart IC diode dometa do 20 metara, IP67, 12VDC. Odgovaraju\u0107a nazidna dozna je DS-1280ZJ-S. Zidni nosa\u010d je DS-1280ZJ-110-TRS.<\/p>\n","protected":false},"excerpt":{"rendered":"<p>ColorVu 5MP dan\/no\u0107 TVI kamera u dome ku\u0107i\u0161tu, 5 megapiksela, 4 u 1 (TVI, AHD, CVI ili analogna) sa IC diodama Slika u boji 24 sata, 5 megapiksela CMOS \u010dip, rezolucija 2560\u00d71944 piksela, fiksni objektiv 2.8mm, TVI video izlaz rezolucije 5MP (mogu\u0107e prebacivanje u TVI\/AHD\/CVI,CVBS re\u017eim), emitovanje 5MP u 20fps, emitovanje 4MP i 1080p u25fps, dan\/no\u0107, ICR filter, 3D DNR, True WDR 130dB, smart IC diode dometa do 20 metara, IP67, 12VDC. Odgovaraju\u0107a nazidna dozna je DS-1280ZJ-S. Zidni nosa\u010d je DS-1280ZJ-110-TRS.<\/p>\n","protected":false},"featured_media":3960,"comment_status":"open","ping_status":"closed","template":"","meta":{"_mi_skip_tracking":false,"_exactmetrics_sitenote_active":false,"_exactmetrics_sitenote_note":"","_exactmetrics_sitenote_category":0,"spay_email":""},"product_cat":[131],"product_tag":[435,2138,2137,2139,377,394,462],"brands":[{"id":2044,"name":"HikVision","slug":"hikvision"}],"df_price":"","df_sale_price":"","df_regular_price":"","df_image_link":"https:\/\/i2.wp.com\/astehshop.com\/wp-content\/uploads\/2020\/02\/DS-2CE72HFT-F28.png?fit=450%2C390","jetpack_publicize_connections":[],"jetpack_sharing_enabled":true,"jetpack_likes_enabled":true,"jetpack-related-posts":[{"id":3957,"url":"http:\/\/astehshop.com\/index.php\/product\/hikvision-colorvu-kamera-5-mp-ds-2ce10hft-f28\/","url_meta":{"origin":3959,"position":0},"title":"HikVision ColorVu kamera 5 MP DS-2CE10HFT-F28 *","date":"17. velja\u010de 2020.","format":false,"excerpt":"ColorVu 5MP dan\/no\u0107 TVI kamera u bullet ku\u0107i\u0161tu, 5 megapiksela, 4 u 1 (TVI, AHD, CVI ili analogna) sa IC diodama Slika u boji 24 sata, 5 megapiksela CMOS \u010dip, rezolucija 2560\u00d71944 piksela, fiksni objektiv 2.8mm, TVI video izlaz rezolucije 5MP (mogu\u0107e prebacivanje u TVI\/AHD\/CVI,CVBS re\u017eim), emitovanje 5MP u 20fps,\u2026","rel":"","context":"Srodne objave","img":{"alt_text":"","src":"https:\/\/i2.wp.com\/astehshop.com\/wp-content\/uploads\/2020\/02\/DS-2CE10HFT-F28.png?fit=984%2C888&resize=350%2C200","width":350,"height":200},"classes":[]},{"id":5373,"url":"http:\/\/astehshop.com\/index.php\/product\/hikvision-kamera-5-mpx-ds-2ce12hft-f28\/","url_meta":{"origin":3959,"position":1},"title":"HikVision kamera 5 MPX ds-2ce12hft-f28","date":"11. listopada 2021.","format":false,"excerpt":"BULLET HD-TVI ColorVu kamera sa signalnim prekida\u010dem (TVI\/AHD\/CVI\/CVBS), 5MP (2560X1944) CMOS visokih performansi, dan\/no\u0107 u boji, fiksna optika 2,8mm, bijelo svijetlo dometa do 40m, WDR 130dB, 3D DNR, AGC, HLC, BLC, minimalno osvjetljenje 0,0005 Lux@F1,0, podr\u017eava protokol HIKVISION-C (Coaxitron), stepen za\u0161tite IP67, radna temperatura od -40\u00b0C do +60\u00b0C, napajanje 12Vdc,\u2026","rel":"","context":"Srodne objave","img":{"alt_text":"","src":"https:\/\/i0.wp.com\/astehshop.com\/wp-content\/uploads\/2021\/10\/DS-2CE12HFT-F28.png?fit=1200%2C999&resize=350%2C200","width":350,"height":200},"classes":[]},{"id":5230,"url":"http:\/\/astehshop.com\/index.php\/product\/hikvision-analogna-kamera-5-mpx-ds-2ce17h0t-it3f-novi-model\/","url_meta":{"origin":3959,"position":2},"title":"HikVision Analogna kamera 5 MPX DS-2CE17H0T-IT3F novi model","date":"9. listopada 2021.","format":false,"excerpt":"5MP TVI kamera u bullet ku\u0107i\u0161tu 4 u 1 TVI\/AHD\/CVI\/CVBS re\u017eim. 0.01 Lux@(F1.2, AGC ON), 0 Lux with IR. Maksimalna rezolucija 2560x1944. Fiksna optika 3.6mm. Nivo za\u0161tite IP67. DWDR. Domet IC dioda 40 metara. 12v napajanje. Odgovaraju\u0107a dozna je DS-1280ZJ-XS. Slika s prednje strane : DS-2CE17H0T-IT3F dimenzija DS-2CE17H0T-IT3F HikVision kamere","rel":"","context":"Srodne objave","img":{"alt_text":"","src":"https:\/\/i1.wp.com\/astehshop.com\/wp-content\/uploads\/2021\/10\/hikvision-a-kamera-ds-2ce17h0t-it3f-3-6mm.jpg?fit=800%2C800&resize=350%2C200","width":350,"height":200},"classes":[]},{"id":3851,"url":"http:\/\/astehshop.com\/index.php\/product\/kamera-za-video-nadzor-hikvision-ds-2ce16h0t-it3zf-motorizovana\/","url_meta":{"origin":3959,"position":3},"title":"Kamera za video nadzor HikVision DS-2CE16H0T-IT3ZF motorizovana","date":"15. velja\u010de 2020.","format":false,"excerpt":"5MP@20fps EXIR motorizirani promjenjivi objektiv 40m domet IR-a napajanje 12 VDC, za\u0161tita ku\u0107i\u0161ta IP67 prebacivanje na TVI\/AHD\/CVI\/CVBS signal nosa\u010d ku\u0107i\u0161ta: DS-1280ZJ-S","rel":"","context":"Srodne objave","img":{"alt_text":"","src":"https:\/\/i2.wp.com\/astehshop.com\/wp-content\/uploads\/2020\/02\/DS-2CE16H0T-IT3ZF-1.jpeg?fit=810%2C822&resize=350%2C200","width":350,"height":200},"classes":[]},{"id":5187,"url":"http:\/\/astehshop.com\/index.php\/product\/longse-4-kanalni-snimac-xvr-xvrt3004d\/","url_meta":{"origin":3959,"position":4},"title":"Longse 4 kanalni snima\u010d XVR XVRT3004D","date":"8. rujna 2021.","format":false,"excerpt":"Model: XVRT3004D \u2022 Support AHD\/CVI\/TVI\/IP\/Analog Camera Input \u2022 Up to HD 5MP and IP 5MP Resolution Recording \u2022 Support HD and VGA Video Output \u2022 Support Max. 4CH HD or 9CH IP Camera Input \u2022 Support 1 SATA up to 8TB Capacity Normal Mode: Analog: 4*(TVI\/AHD: 5M@12fps; AHD\/TVI\/CVI: 4M@15fps; AHD\/TVI:\u2026","rel":"","context":"Srodne objave","img":{"alt_text":"","src":"https:\/\/i1.wp.com\/astehshop.com\/wp-content\/uploads\/2021\/09\/XVRT3004D-1.jpg?fit=960%2C700&resize=350%2C200","width":350,"height":200},"classes":[]},{"id":8860,"url":"http:\/\/astehshop.com\/index.php\/product\/longse-8-kanala-hibridni-snimac-5in1-xvrt3008c\/","url_meta":{"origin":3959,"position":5},"title":"Longse 8 kanala Hibridni snima\u010d 5in1 XVRT3008C","date":"13. sije\u010dnja 2024.","format":false,"excerpt":"Model: XVRT3008C 8CH H.265 5IN1 XVR 5M-N \u2022 Support AHD\/CVI\/TVI\/IP\/Analog Camera Input \u2022 Up to HD 5MP and IP 5MP Resolution Recording \u2022 Support HD Output, VGA and CVBS Video Output \u2022 Support Max. 8CH HD or 16CH IP Camera Input \u2022 Support 1 SATA up to 8TB Capacity, Normal\u2026","rel":"","context":"Srodne objave","img":{"alt_text":"","src":"https:\/\/i2.wp.com\/astehshop.com\/wp-content\/uploads\/2024\/01\/NVR3016D1.jpg?fit=510%2C348&resize=350%2C200","width":350,"height":200},"classes":[]}],"_links":{"self":[{"href":"http:\/\/astehshop.com\/index.php\/wp-json\/wp\/v2\/product\/3959"}],"collection":[{"href":"http:\/\/astehshop.com\/index.php\/wp-json\/wp\/v2\/product"}],"about":[{"href":"http:\/\/astehshop.com\/index.php\/wp-json\/wp\/v2\/types\/product"}],"replies":[{"embeddable":true,"href":"http:\/\/astehshop.com\/index.php\/wp-json\/wp\/v2\/comments?post=3959"}],"wp:featuredmedia":[{"embeddable":true,"href":"http:\/\/astehshop.com\/index.php\/wp-json\/wp\/v2\/media\/3960"}],"wp:attachment":[{"href":"http:\/\/astehshop.com\/index.php\/wp-json\/wp\/v2\/media?parent=3959"}],"wp:term":[{"taxonomy":"product_cat","embeddable":true,"href":"http:\/\/astehshop.com\/index.php\/wp-json\/wp\/v2\/product_cat?post=3959"},{"taxonomy":"product_tag","embeddable":true,"href":"http:\/\/astehshop.com\/index.php\/wp-json\/wp\/v2\/product_tag?post=3959"}],"curies":[{"name":"wp","href":"https:\/\/api.w.org\/{rel}","templated":true}]}}